{"id":6305,"date":"2025-12-09T08:41:31","date_gmt":"2025-12-09T07:41:31","guid":{"rendered":"https:\/\/kermos.stark.aliaz.net\/?page_id=6305"},"modified":"2026-03-16T11:30:35","modified_gmt":"2026-03-16T10:30:35","slug":"project","status":"publish","type":"page","link":"https:\/\/kermos.com\/da\/produkter\/fliser\/project\/","title":{"rendered":"Project"},"content":{"rendered":"\n<div style=\"height:0px\" aria-hidden=\"true\" class=\"wp-block-spacer is-style-tiny\"><\/div>\n\n\n\n<div class=\"wp-block-group is-style-width-50\"><div class=\"wp-block-group__inner-container is-layout-constrained wp-block-group-is-layout-constrained\">\n<h2 class=\"wp-block-heading\"><strong>N\u00e5r indretning er udtryksfuld<\/strong><\/h2>\n\n\n\n<p>Med sine intense, sanselige m\u00f8nstre der minder om skyer, giver Project-fliseserien dig masser af muligheder for at skabe en udtryksfuld indretning. Det samme g\u00f8r den brede farvepalet med en kombination af kolde farver og varme nuancer.<\/p>\n\n\n\n<p>De mange forskellige formater og det omfattende udvalg af tilbeh\u00f8r betyder masser af indretningsfrihed. P\u00e5 den m\u00e5de er serien en sand allrounder. Og s\u00e5 har den endda fremragende tekniske egenskaber og en l\u00e6kker silkebl\u00f8d overflade.<\/p>\n\n\n\n<p>V\u00e6lg mellem 6 farver og 4 st\u00f8rrelser op til 60 x 120 cm. Serien her er velegnet til b\u00e5de gulv og v\u00e6g. Fliserne er frostsikre, skridsikre og godkendt til barfodsomr\u00e5der.<\/p>\n<\/div><\/div>\n\n\n\n<div style=\"height:100px\" aria-hidden=\"true\" class=\"wp-block-spacer is-style-tiny\"><\/div>\n\n\n\n<div class=\"wp-block-group is-style-width-50\"><div class=\"wp-block-group__inner-container is-layout-constrained wp-block-group-is-layout-constrained\">\n<div class=\"wp-block-columns is-layout-flex wp-container-core-columns-is-layout-9d6595d7 wp-block-columns-is-layout-flex\">\n<div class=\"wp-block-column is-layout-flow wp-block-column-is-layout-flow\">\n<div class=\"wp-block-columns is-layout-flex wp-container-core-columns-is-layout-9d6595d7 wp-block-columns-is-layout-flex\">\n<div class=\"wp-block-column is-layout-flow wp-block-column-is-layout-flow\">\n<figure class=\"wp-block-image size-S_QUAD\"><img alt=\"\" loading=\"lazy\" decoding=\"async\" width=\"480\" height=\"480\" src=\"http:\/\/kermos.com\/wp-content\/uploads\/2025\/11\/KERMOS_Project_product_cream-480x480.jpg\" alt=\"\" class=\"wp-image-3686\" srcset=\"https:\/\/kermos.com\/wp-content\/uploads\/2025\/11\/KERMOS_Project_product_cream-480x480.jpg 480w, https:\/\/kermos.com\/wp-content\/uploads\/2025\/11\/KERMOS_Project_product_cream-150x150.jpg 150w\" sizes=\"auto, (max-width: 480px) 100vw, 480px\" \/><figcaption class=\"wp-element-caption\">Cream<\/figcaption><\/figure>\n<\/div>\n\n\n\n<div class=\"wp-block-column is-layout-flow wp-block-column-is-layout-flow\">\n<figure class=\"wp-block-image size-S_QUAD\"><img alt=\"\" loading=\"lazy\" decoding=\"async\" width=\"480\" height=\"480\" src=\"http:\/\/kermos.com\/wp-content\/uploads\/2025\/11\/KERMOS_Project_product_mud-480x480.jpg\" alt=\"\" class=\"wp-image-3740\" srcset=\"https:\/\/kermos.com\/wp-content\/uploads\/2025\/11\/KERMOS_Project_product_mud-480x480.jpg 480w, https:\/\/kermos.com\/wp-content\/uploads\/2025\/11\/KERMOS_Project_product_mud-150x150.jpg 150w\" sizes=\"auto, (max-width: 480px) 100vw, 480px\" \/><figcaption class=\"wp-element-caption\">Mud<\/figcaption><\/figure>\n<\/div>\n<\/div>\n<\/div>\n\n\n\n<div class=\"wp-block-column is-layout-flow wp-block-column-is-layout-flow\">\n<div class=\"wp-block-columns is-layout-flex wp-container-core-columns-is-layout-9d6595d7 wp-block-columns-is-layout-flex\">\n<div class=\"wp-block-column is-layout-flow wp-block-column-is-layout-flow\">\n<figure class=\"wp-block-image size-S_QUAD\"><img alt=\"\" loading=\"lazy\" decoding=\"async\" width=\"480\" height=\"480\" src=\"http:\/\/kermos.com\/wp-content\/uploads\/2025\/11\/KERMOS_Project_product_grey-480x480.jpg\" alt=\"\" class=\"wp-image-3704\" srcset=\"https:\/\/kermos.com\/wp-content\/uploads\/2025\/11\/KERMOS_Project_product_grey-480x480.jpg 480w, https:\/\/kermos.com\/wp-content\/uploads\/2025\/11\/KERMOS_Project_product_grey-150x150.jpg 150w\" sizes=\"auto, (max-width: 480px) 100vw, 480px\" \/><figcaption class=\"wp-element-caption\">Grey<\/figcaption><\/figure>\n<\/div>\n\n\n\n<div class=\"wp-block-column is-layout-flow wp-block-column-is-layout-flow\">\n<figure class=\"wp-block-image size-S_QUAD\"><img alt=\"\" loading=\"lazy\" decoding=\"async\" width=\"480\" height=\"480\" src=\"http:\/\/kermos.com\/wp-content\/uploads\/2025\/11\/KERMOS_Project_product_light-grey-480x480.jpg\" alt=\"\" class=\"wp-image-3722\" srcset=\"https:\/\/kermos.com\/wp-content\/uploads\/2025\/11\/KERMOS_Project_product_light-grey-480x480.jpg 480w, https:\/\/kermos.com\/wp-content\/uploads\/2025\/11\/KERMOS_Project_product_light-grey-150x150.jpg 150w\" sizes=\"auto, (max-width: 480px) 100vw, 480px\" \/><figcaption class=\"wp-element-caption\">Light-Grey<\/figcaption><\/figure>\n<\/div>\n<\/div>\n<\/div>\n<\/div>\n<\/div><\/div>\n\n\n\n<div class=\"wp-block-group is-style-width-50\"><div class=\"wp-block-group__inner-container is-layout-constrained wp-block-group-is-layout-constrained\">\n<div class=\"wp-block-columns is-layout-flex wp-container-core-columns-is-layout-9d6595d7 wp-block-columns-is-layout-flex\">\n<div class=\"wp-block-column is-layout-flow wp-block-column-is-layout-flow\">\n<div class=\"wp-block-columns is-layout-flex wp-container-core-columns-is-layout-9d6595d7 wp-block-columns-is-layout-flex\">\n<div class=\"wp-block-column is-layout-flow wp-block-column-is-layout-flow\">\n<figure class=\"wp-block-image size-S_QUAD\"><img alt=\"\" loading=\"lazy\" decoding=\"async\" width=\"480\" height=\"480\" src=\"https:\/\/kermos.com\/wp-content\/uploads\/2025\/11\/KERMOS_Project_product_light-grey-mosaic-480x480.jpg\" alt=\"\" class=\"wp-image-3710\" srcset=\"https:\/\/kermos.com\/wp-content\/uploads\/2025\/11\/KERMOS_Project_product_light-grey-mosaic-480x480.jpg 480w, https:\/\/kermos.com\/wp-content\/uploads\/2025\/11\/KERMOS_Project_product_light-grey-mosaic-300x300.jpg 300w, https:\/\/kermos.com\/wp-content\/uploads\/2025\/11\/KERMOS_Project_product_light-grey-mosaic-1024x1024.jpg 1024w, https:\/\/kermos.com\/wp-content\/uploads\/2025\/11\/KERMOS_Project_product_light-grey-mosaic-150x150.jpg 150w, https:\/\/kermos.com\/wp-content\/uploads\/2025\/11\/KERMOS_Project_product_light-grey-mosaic-768x768.jpg 768w, https:\/\/kermos.com\/wp-content\/uploads\/2025\/11\/KERMOS_Project_product_light-grey-mosaic-960x960.jpg 960w, https:\/\/kermos.com\/wp-content\/uploads\/2025\/11\/KERMOS_Project_product_light-grey-mosaic-720x720.jpg 720w, https:\/\/kermos.com\/wp-content\/uploads\/2025\/11\/KERMOS_Project_product_light-grey-mosaic.jpg 1200w\" sizes=\"auto, (max-width: 480px) 100vw, 480px\" \/><figcaption class=\"wp-element-caption\">Cream-Mosaic<\/figcaption><\/figure>\n<\/div>\n\n\n\n<div class=\"wp-block-column is-layout-flow wp-block-column-is-layout-flow\">\n<figure class=\"wp-block-image size-S_QUAD\"><img alt=\"\" loading=\"lazy\" decoding=\"async\" width=\"480\" height=\"480\" src=\"https:\/\/kermos.com\/wp-content\/uploads\/2025\/11\/KERMOS_Project_product_mud-mosaic-480x480.jpg\" alt=\"\" class=\"wp-image-3728\" srcset=\"https:\/\/kermos.com\/wp-content\/uploads\/2025\/11\/KERMOS_Project_product_mud-mosaic-480x480.jpg 480w, https:\/\/kermos.com\/wp-content\/uploads\/2025\/11\/KERMOS_Project_product_mud-mosaic-300x300.jpg 300w, https:\/\/kermos.com\/wp-content\/uploads\/2025\/11\/KERMOS_Project_product_mud-mosaic-1024x1024.jpg 1024w, https:\/\/kermos.com\/wp-content\/uploads\/2025\/11\/KERMOS_Project_product_mud-mosaic-150x150.jpg 150w, https:\/\/kermos.com\/wp-content\/uploads\/2025\/11\/KERMOS_Project_product_mud-mosaic-768x768.jpg 768w, https:\/\/kermos.com\/wp-content\/uploads\/2025\/11\/KERMOS_Project_product_mud-mosaic-960x960.jpg 960w, https:\/\/kermos.com\/wp-content\/uploads\/2025\/11\/KERMOS_Project_product_mud-mosaic-720x720.jpg 720w, https:\/\/kermos.com\/wp-content\/uploads\/2025\/11\/KERMOS_Project_product_mud-mosaic.jpg 1200w\" sizes=\"auto, (max-width: 480px) 100vw, 480px\" \/><figcaption class=\"wp-element-caption\">Mud-Mosaic<\/figcaption><\/figure>\n<\/div>\n<\/div>\n<\/div>\n\n\n\n<div class=\"wp-block-column is-layout-flow wp-block-column-is-layout-flow\">\n<div class=\"wp-block-columns is-layout-flex wp-container-core-columns-is-layout-9d6595d7 wp-block-columns-is-layout-flex\">\n<div class=\"wp-block-column is-layout-flow wp-block-column-is-layout-flow\">\n<figure class=\"wp-block-image size-S_QUAD\"><img alt=\"\" loading=\"lazy\" decoding=\"async\" width=\"480\" height=\"480\" src=\"https:\/\/kermos.com\/wp-content\/uploads\/2025\/11\/KERMOS_Project_product_grey-mosaic-480x480.jpg\" alt=\"\" class=\"wp-image-3692\" srcset=\"https:\/\/kermos.com\/wp-content\/uploads\/2025\/11\/KERMOS_Project_product_grey-mosaic-480x480.jpg 480w, https:\/\/kermos.com\/wp-content\/uploads\/2025\/11\/KERMOS_Project_product_grey-mosaic-300x300.jpg 300w, https:\/\/kermos.com\/wp-content\/uploads\/2025\/11\/KERMOS_Project_product_grey-mosaic-1024x1024.jpg 1024w, https:\/\/kermos.com\/wp-content\/uploads\/2025\/11\/KERMOS_Project_product_grey-mosaic-150x150.jpg 150w, https:\/\/kermos.com\/wp-content\/uploads\/2025\/11\/KERMOS_Project_product_grey-mosaic-768x768.jpg 768w, https:\/\/kermos.com\/wp-content\/uploads\/2025\/11\/KERMOS_Project_product_grey-mosaic-960x960.jpg 960w, https:\/\/kermos.com\/wp-content\/uploads\/2025\/11\/KERMOS_Project_product_grey-mosaic-720x720.jpg 720w, https:\/\/kermos.com\/wp-content\/uploads\/2025\/11\/KERMOS_Project_product_grey-mosaic.jpg 1200w\" sizes=\"auto, (max-width: 480px) 100vw, 480px\" \/><figcaption class=\"wp-element-caption\">Grey-Mosaic<\/figcaption><\/figure>\n<\/div>\n\n\n\n<div class=\"wp-block-column is-layout-flow wp-block-column-is-layout-flow\">\n<figure class=\"wp-block-image size-S_QUAD\"><img alt=\"\" loading=\"lazy\" decoding=\"async\" width=\"480\" height=\"480\" src=\"https:\/\/kermos.com\/wp-content\/uploads\/2025\/11\/KERMOS_Project_product_light-grey-mosaic-480x480.jpg\" alt=\"\" class=\"wp-image-3710\" srcset=\"https:\/\/kermos.com\/wp-content\/uploads\/2025\/11\/KERMOS_Project_product_light-grey-mosaic-480x480.jpg 480w, https:\/\/kermos.com\/wp-content\/uploads\/2025\/11\/KERMOS_Project_product_light-grey-mosaic-300x300.jpg 300w, https:\/\/kermos.com\/wp-content\/uploads\/2025\/11\/KERMOS_Project_product_light-grey-mosaic-1024x1024.jpg 1024w, https:\/\/kermos.com\/wp-content\/uploads\/2025\/11\/KERMOS_Project_product_light-grey-mosaic-150x150.jpg 150w, https:\/\/kermos.com\/wp-content\/uploads\/2025\/11\/KERMOS_Project_product_light-grey-mosaic-768x768.jpg 768w, https:\/\/kermos.com\/wp-content\/uploads\/2025\/11\/KERMOS_Project_product_light-grey-mosaic-960x960.jpg 960w, https:\/\/kermos.com\/wp-content\/uploads\/2025\/11\/KERMOS_Project_product_light-grey-mosaic-720x720.jpg 720w, https:\/\/kermos.com\/wp-content\/uploads\/2025\/11\/KERMOS_Project_product_light-grey-mosaic.jpg 1200w\" sizes=\"auto, (max-width: 480px) 100vw, 480px\" \/><figcaption class=\"wp-element-caption\">Light-Grey-Mosaic<\/figcaption><\/figure>\n<\/div>\n<\/div>\n<\/div>\n<\/div>\n<\/div><\/div>\n\n\n\n<div class=\"wp-block-group is-style-width-50\"><div class=\"wp-block-group__inner-container is-layout-constrained wp-block-group-is-layout-constrained\">\n<div class=\"wp-block-columns is-layout-flex wp-container-core-columns-is-layout-9d6595d7 wp-block-columns-is-layout-flex\">\n<div class=\"wp-block-column is-layout-flow wp-block-column-is-layout-flow\">\n<div class=\"wp-block-columns is-layout-flex wp-container-core-columns-is-layout-9d6595d7 wp-block-columns-is-layout-flex\">\n<div class=\"wp-block-column is-layout-flow wp-block-column-is-layout-flow\">\n<figure class=\"wp-block-image size-S_QUAD\"><img alt=\"\" loading=\"lazy\" decoding=\"async\" width=\"480\" height=\"480\" src=\"http:\/\/kermos.com\/wp-content\/uploads\/2025\/11\/KERMOS_Project_product_cotto-480x480.jpg\" alt=\"\" class=\"wp-image-3656\" srcset=\"https:\/\/kermos.com\/wp-content\/uploads\/2025\/11\/KERMOS_Project_product_cotto-480x480.jpg 480w, https:\/\/kermos.com\/wp-content\/uploads\/2025\/11\/KERMOS_Project_product_cotto-150x150.jpg 150w\" sizes=\"auto, (max-width: 480px) 100vw, 480px\" \/><figcaption class=\"wp-element-caption\">Cotto<\/figcaption><\/figure>\n<\/div>\n\n\n\n<div class=\"wp-block-column is-layout-flow wp-block-column-is-layout-flow\">\n<figure class=\"wp-block-image size-S_QUAD\"><img alt=\"\" loading=\"lazy\" decoding=\"async\" width=\"480\" height=\"480\" src=\"http:\/\/kermos.com\/wp-content\/uploads\/2025\/11\/KERMOS_Project_product_cotto-mosaic-480x480.jpg\" alt=\"\" class=\"wp-image-3644\" srcset=\"https:\/\/kermos.com\/wp-content\/uploads\/2025\/11\/KERMOS_Project_product_cotto-mosaic-480x480.jpg 480w, https:\/\/kermos.com\/wp-content\/uploads\/2025\/11\/KERMOS_Project_product_cotto-mosaic-300x300.jpg 300w, https:\/\/kermos.com\/wp-content\/uploads\/2025\/11\/KERMOS_Project_product_cotto-mosaic-1024x1024.jpg 1024w, https:\/\/kermos.com\/wp-content\/uploads\/2025\/11\/KERMOS_Project_product_cotto-mosaic-150x150.jpg 150w, https:\/\/kermos.com\/wp-content\/uploads\/2025\/11\/KERMOS_Project_product_cotto-mosaic-768x768.jpg 768w, https:\/\/kermos.com\/wp-content\/uploads\/2025\/11\/KERMOS_Project_product_cotto-mosaic-960x960.jpg 960w, https:\/\/kermos.com\/wp-content\/uploads\/2025\/11\/KERMOS_Project_product_cotto-mosaic-720x720.jpg 720w, https:\/\/kermos.com\/wp-content\/uploads\/2025\/11\/KERMOS_Project_product_cotto-mosaic.jpg 1200w\" sizes=\"auto, (max-width: 480px) 100vw, 480px\" \/><figcaption class=\"wp-element-caption\">Cotto-Mosaic<\/figcaption><\/figure>\n<\/div>\n<\/div>\n<\/div>\n\n\n\n<div class=\"wp-block-column is-layout-flow wp-block-column-is-layout-flow\">\n<div class=\"wp-block-columns is-layout-flex wp-container-core-columns-is-layout-9d6595d7 wp-block-columns-is-layout-flex\">\n<div class=\"wp-block-column is-layout-flow wp-block-column-is-layout-flow\">\n<figure class=\"wp-block-image size-S_QUAD\"><img alt=\"\" loading=\"lazy\" decoding=\"async\" width=\"480\" height=\"480\" src=\"http:\/\/kermos.com\/wp-content\/uploads\/2025\/11\/KERMOS_Project_product_anthracite-480x480.jpg\" alt=\"\" class=\"wp-image-3638\" srcset=\"https:\/\/kermos.com\/wp-content\/uploads\/2025\/11\/KERMOS_Project_product_anthracite-480x480.jpg 480w, https:\/\/kermos.com\/wp-content\/uploads\/2025\/11\/KERMOS_Project_product_anthracite-150x150.jpg 150w\" sizes=\"auto, (max-width: 480px) 100vw, 480px\" \/><figcaption class=\"wp-element-caption\">Anthracite<\/figcaption><\/figure>\n<\/div>\n\n\n\n<div class=\"wp-block-column is-layout-flow wp-block-column-is-layout-flow\">\n<figure class=\"wp-block-image size-S_QUAD\"><img alt=\"\" loading=\"lazy\" decoding=\"async\" width=\"480\" height=\"480\" src=\"http:\/\/kermos.com\/wp-content\/uploads\/2025\/11\/KERMOS_Project_product_anthracite-mosaic-480x480.jpg\" alt=\"\" class=\"wp-image-3626\" srcset=\"https:\/\/kermos.com\/wp-content\/uploads\/2025\/11\/KERMOS_Project_product_anthracite-mosaic-480x480.jpg 480w, https:\/\/kermos.com\/wp-content\/uploads\/2025\/11\/KERMOS_Project_product_anthracite-mosaic-300x300.jpg 300w, https:\/\/kermos.com\/wp-content\/uploads\/2025\/11\/KERMOS_Project_product_anthracite-mosaic-1024x1024.jpg 1024w, https:\/\/kermos.com\/wp-content\/uploads\/2025\/11\/KERMOS_Project_product_anthracite-mosaic-150x150.jpg 150w, https:\/\/kermos.com\/wp-content\/uploads\/2025\/11\/KERMOS_Project_product_anthracite-mosaic-768x768.jpg 768w, https:\/\/kermos.com\/wp-content\/uploads\/2025\/11\/KERMOS_Project_product_anthracite-mosaic-960x960.jpg 960w, https:\/\/kermos.com\/wp-content\/uploads\/2025\/11\/KERMOS_Project_product_anthracite-mosaic-720x720.jpg 720w, https:\/\/kermos.com\/wp-content\/uploads\/2025\/11\/KERMOS_Project_product_anthracite-mosaic.jpg 1200w\" sizes=\"auto, (max-width: 480px) 100vw, 480px\" \/><figcaption class=\"wp-element-caption\">Anthracite-Mosaic<\/figcaption><\/figure>\n<\/div>\n<\/div>\n<\/div>\n<\/div>\n<\/div><\/div>\n\n\n\n<div style=\"height:100px\" aria-hidden=\"true\" class=\"wp-block-spacer is-style-tiny\"><\/div>\n\n\n\n<div class=\"wp-block-group is-style-width-50\"><div class=\"wp-block-group__inner-container is-layout-constrained wp-block-group-is-layout-constrained\"><div class='custom-block-accordion' data-first-is-open='false' ><div class='accordion-title '><span class='label'>Overflade<\/span><\/div><div class='accordion-content'><div class='text-wrap'><p>Mat R10 B<\/p>\n<\/div><\/div><div class='accordion-title '><span class='label'>Formater<\/span><\/div><div class='accordion-content'><div class='text-wrap'><p>60\u00d7120, 60\u00d760, 30\u00d760 og 30\u00d730 cm<\/p>\n<\/div><\/div><div class='accordion-title '><span class='label'>Farver<\/span><\/div><div class='accordion-content'><div class='text-wrap'><p>Anthracite, Grey, Light grey, Cotto, Mud og Cream<\/p>\n<\/div><\/div><div class='accordion-title  last-element'><span class='label'>Tilbeh\u00f8r<\/span><\/div><div class='accordion-content'><div class='text-wrap'><p>Mosaik, trin og sokkel<\/p>\n<\/div><\/div><\/div><\/div><\/div>\n\n\n\n<div style=\"height:100px\" aria-hidden=\"true\" class=\"wp-block-spacer is-style-small\"><\/div>\n\n\n\n<div class=\"wp-block-group is-style-width-75\"><div class=\"wp-block-group__inner-container is-layout-constrained wp-block-group-is-layout-constrained\"><div class='custom-block-slider'><div class='custom-block-slider'>\r\n\t\t\t<div class=\"swiper-element\">\r\n\r\n\t\t\t\t\t\t\t\t\t<div class=\"slider-prev slider-button\" id=\"block_slider_69de2f36844aa-prev\">\r\n\t\t\t\t\t\t<span class=\"fal fa-angle-left\"><\/span>\r\n\t\t\t\t\t<\/div>\r\n\t\t\t\t\t<div class=\"slider-next slider-button\" id=\"block_slider_69de2f36844aa-next\">\r\n\t\t\t\t\t\t<span class=\"fal fa-angle-right\"><\/span>\r\n\t\t\t\t\t<\/div>\r\n\t\t\t\t\r\n\t\t\t\t<div class=\"swiper has-navigation\" id=\"block_slider_69de2f36844aa\">\r\n\t\t\t\t\t<div class=\"swiper-wrapper\">\r\n\t\t\t\t\t\t<div class=\"swiper-slide\"><a href='https:\/\/kermos.com\/wp-content\/uploads\/2025\/11\/KERMOS_Project_ambience_grey.jpg' data-fancybox='block_slider_69de2f36844aa' data-caption=''><img src='https:\/\/kermos.com\/wp-content\/uploads\/2025\/11\/KERMOS_Project_ambience_grey.jpg' alt='' class='default src-acf type-img size-default width-33 max-width' srcset='https:\/\/kermos.com\/wp-content\/uploads\/2025\/11\/KERMOS_Project_ambience_grey-480x360.jpg 480w,https:\/\/kermos.com\/wp-content\/uploads\/2025\/11\/KERMOS_Project_ambience_grey-720x540.jpg 720w,https:\/\/kermos.com\/wp-content\/uploads\/2025\/11\/KERMOS_Project_ambience_grey-1200x960.jpg 1280w,'  sizes='(max-width: 768px) 100vw, 33vw' \/><\/a><\/div><div class=\"swiper-slide\"><a href='https:\/\/kermos.com\/wp-content\/uploads\/2025\/11\/KERMOS_Project_ambience_grey_3.jpg' data-fancybox='block_slider_69de2f36844aa' data-caption=''><img src='https:\/\/kermos.com\/wp-content\/uploads\/2025\/11\/KERMOS_Project_ambience_grey_3.jpg' alt='' class='default src-acf type-img size-default width-33 max-width' srcset='https:\/\/kermos.com\/wp-content\/uploads\/2025\/11\/KERMOS_Project_ambience_grey_3-480x360.jpg 480w,https:\/\/kermos.com\/wp-content\/uploads\/2025\/11\/KERMOS_Project_ambience_grey_3-720x540.jpg 720w,https:\/\/kermos.com\/wp-content\/uploads\/2025\/11\/KERMOS_Project_ambience_grey_3-1200x960.jpg 1280w,'  sizes='(max-width: 768px) 100vw, 33vw' \/><\/a><\/div><div class=\"swiper-slide\"><a href='https:\/\/kermos.com\/wp-content\/uploads\/2025\/11\/KERMOS_Project_ambience_grey_2.jpg' data-fancybox='block_slider_69de2f36844aa' data-caption=''><img src='https:\/\/kermos.com\/wp-content\/uploads\/2025\/11\/KERMOS_Project_ambience_grey_2.jpg' alt='' class='default src-acf type-img size-default width-33 max-width' srcset='https:\/\/kermos.com\/wp-content\/uploads\/2025\/11\/KERMOS_Project_ambience_grey_2-480x360.jpg 480w,https:\/\/kermos.com\/wp-content\/uploads\/2025\/11\/KERMOS_Project_ambience_grey_2-720x540.jpg 720w,https:\/\/kermos.com\/wp-content\/uploads\/2025\/11\/KERMOS_Project_ambience_grey_2-1200x960.jpg 1280w,'  sizes='(max-width: 768px) 100vw, 33vw' \/><\/a><\/div>\t\t\t\t\t<\/div>\r\n\t\t\t\t<\/div>\r\n\r\n\t\t\t\t\r\n\t\t\t\t\r\n\t\t\t\t<script type=\"text\/javascript\" async defer>\r\n                  \/* <![CDATA[ *\/\r\n\r\n\t\t\t\t  \r\n                  let block_slider_69de2f36844aa = {\"id\":\"block_slider_69de2f36844aa\",\"type\":\"slider\",\"name\":\"slider_block_slider_69de2f36844aa\",\"options\":{\"speed\":400,\"effect\":\"slide\",\"slidesPerView\":3,\"spaceBetween\":30,\"autoHeight\":false,\"loop\":false,\"grabCursor\":true,\"navigation\":{\"nextEl\":\"#block_slider_69de2f36844aa-next\",\"prevEl\":\"#block_slider_69de2f36844aa-prev\"}}};\r\n\r\n                  window.addEventListener('DOMContentLoaded', (event) => {\r\n                    createNewSlider(block_slider_69de2f36844aa.id, block_slider_69de2f36844aa.type, block_slider_69de2f36844aa.name, block_slider_69de2f36844aa.options);\r\n                  });\r\n\r\n\t\t\t\t  \r\n                  \/* ]]> *\/\r\n\t\t\t\t<\/script>\r\n\r\n\t\t\t<\/div>\r\n\r\n\t\t<\/div><\/div><\/div><\/div>\n\n\n\n<div style=\"height:100px\" aria-hidden=\"true\" class=\"wp-block-spacer is-style-small\"><\/div>\n\n\n\n<div class=\"wp-block-group is-style-width-60\"><div class=\"wp-block-group__inner-container is-layout-constrained wp-block-group-is-layout-constrained\">\n<p>Du finder det komplette Project-sortiment i vores onlinebutik:<\/p>\n\n\n\n<div class=\"wp-block-columns is-layout-flex wp-container-core-columns-is-layout-9d6595d7 wp-block-columns-is-layout-flex\">\n<div class=\"wp-block-column is-layout-flow wp-block-column-is-layout-flow\">\r\n<div class=\"custom-block-image-card-link\" id=\"image-card-link-block_237c9075845b0b18fd054ffbc47da7d1\">\r\n\t<a href=\"https:\/\/www.stark.dk\/byggematerialer\/fliserklinker\/gulv-og-vaegfliser?Facets=brand:KERMOS&#038;PageNo=2%20\"\r\n\t   class=\"image-card-link__link css-hover\"\r\n\t   target=\"_blank\"\r\n\t   title=\"STARK Denmark\">\r\n\r\n\t\t\t\t\t<img decoding=\"async\" src=\"https:\/\/kermos.com\/wp-content\/uploads\/2025\/12\/1200x400px-DK-STARK.png\" alt=\"\" class=\"image-card-link__image\" \/>\r\n\t\t\r\n\t\t\r\n\t<\/a>\r\n<\/div>\r\n<\/div>\n\n\n\n<div class=\"wp-block-column is-layout-flow wp-block-column-is-layout-flow\"><\/div>\n<\/div>\n<\/div><\/div>\n\n\n\n<div style=\"height:100px\" aria-hidden=\"true\" class=\"wp-block-spacer is-style-small\"><\/div>\n","protected":false},"excerpt":{"rendered":"<p>KERMOS-fliser er det oplagte valg til stilfuld og funktionel indretning. Vores brede udvalg byder p\u00e5 et v\u00e6ld af design og materialer, der passer til ethvert rum. Med h\u00f8j kvalitet og slidstyrke f\u00e5r du ikke kun et \u00e6stetisk smukt udtryk \u2013 du f\u00e5r ogs\u00e5 en l\u00f8sning, der er nem at vedligeholde i en travl hverdag. Uanset om det g\u00e6lder badev\u00e6relset, k\u00f8kkenet, stuen eller terrassen, finder du i KERMOS\u2019 alsidige flisekollektion netop det design, der matcher dine \u00f8nsker og din stil.<\/p>\n","protected":false},"author":2,"featured_media":3789,"parent":6552,"menu_order":51,"comment_status":"closed","ping_status":"closed","template":"","meta":{"_acf_changed":false,"_seopress_robots_primary_cat":"","_seopress_titles_title":"","_seopress_titles_desc":"","_seopress_robots_index":"","footnotes":""},"class_list":["post-6305","page","type-page","status-publish","has-post-thumbnail","hentry"],"acf":[],"_links":{"self":[{"href":"https:\/\/kermos.com\/da\/wp-json\/wp\/v2\/pages\/6305","targetHints":{"allow":["GET"]}}],"collection":[{"href":"https:\/\/kermos.com\/da\/wp-json\/wp\/v2\/pages"}],"about":[{"href":"https:\/\/kermos.com\/da\/wp-json\/wp\/v2\/types\/page"}],"author":[{"embeddable":true,"href":"https:\/\/kermos.com\/da\/wp-json\/wp\/v2\/users\/2"}],"replies":[{"embeddable":true,"href":"https:\/\/kermos.com\/da\/wp-json\/wp\/v2\/comments?post=6305"}],"version-history":[{"count":9,"href":"https:\/\/kermos.com\/da\/wp-json\/wp\/v2\/pages\/6305\/revisions"}],"predecessor-version":[{"id":10157,"href":"https:\/\/kermos.com\/da\/wp-json\/wp\/v2\/pages\/6305\/revisions\/10157"}],"up":[{"embeddable":true,"href":"https:\/\/kermos.com\/da\/wp-json\/wp\/v2\/pages\/6552"}],"wp:featuredmedia":[{"embeddable":true,"href":"https:\/\/kermos.com\/da\/wp-json\/wp\/v2\/media\/3789"}],"wp:attachment":[{"href":"https:\/\/kermos.com\/da\/wp-json\/wp\/v2\/media?parent=6305"}],"curies":[{"name":"wp","href":"https:\/\/api.w.org\/{rel}","templated":true}]}}