{"id":8950,"date":"2025-08-07T12:43:34","date_gmt":"2025-08-07T10:43:34","guid":{"rendered":"https:\/\/kermos.stark.aliaz.net\/?page_id=8950"},"modified":"2026-02-09T14:51:45","modified_gmt":"2026-02-09T13:51:45","slug":"om-kermos","status":"publish","type":"page","link":"https:\/\/kermos.com\/da\/om-kermos\/","title":{"rendered":"Om KERMOS"},"content":{"rendered":"\n<div style=\"height:100px\" aria-hidden=\"true\" class=\"wp-block-spacer is-style-tiny\"><\/div>\n\n\n\n<div class=\"wp-block-group is-style-width-50\"><div class=\"wp-block-group__inner-container is-layout-constrained wp-block-group-is-layout-constrained\">\n<h2 class=\"wp-block-heading\"><strong>P\u00e5lidelige l\u00f8sninger til for\u00e6dling af ethvert rum<\/strong><\/h2>\n\n\n\n<p>Hvis du vil s\u00e6tte det sidste, afg\u00f8rende pr\u00e6g p\u00e5 et byggeprojekt, er KERMOS er et godt sted at starte \u2013 og altid et klogt valg. Vi f\u00f8lger nemlig med tiden, i takt med at trends udvikles, \u00e6ndres eller opst\u00e5r.<\/p>\n\n\n\n<p>Vores inspirerende designs, intelligente l\u00f8sninger og produkter g\u00f8r det lettere for beslutningstagere at tr\u00e6ffe det kvalificerede valg. Og det brede sortiment af kvalitets-fliser, -gulve, -d\u00f8re, -k\u00f8kkener og badev\u00e6relser g\u00f8r det nemmere at v\u00e6lge og endnu nemmere at g\u00f8re projekterne f\u00e6rdige \u2013 hurtigt.<\/p>\n\n\n\n<p>I KERMOS betyder vores produkter lige s\u00e5 meget for os, som dem der v\u00e6lger dem. Derfor udvikler, optimerer og forbedrer vi konstant sortimentet, s\u00e5 det passer til tidens behov, designid\u00e9er og trends. <\/p>\n\n\n\n<p>Alt i alt er KERMOS linket mellem h\u00e5ndv\u00e6rkere og beslutningstagere, der g\u00f8r det nemmere for alle at: skabe rum, der g\u00f8r en forskel.<\/p>\n<\/div><\/div>\n\n\n\n<div style=\"height:100px\" aria-hidden=\"true\" class=\"wp-block-spacer is-style-small\"><\/div>\n\n\n\n<div class=\"wp-block-group is-style-width-70\"><div class=\"wp-block-group__inner-container is-layout-constrained wp-block-group-is-layout-constrained\">\r\n\r\n<div id=\"content-flip-block_a6f6b6b3517bbdf934fd1a2824e25dfd\" class=\"custom-block-content-flip\">\r\n\t<div class=\"content-flip__inner\">\r\n\t\t<div class=\"content-wrapper taupe flip__front\"><div class=\"content front-content\"><p>KERMOS blev grundlagt i 1993 og er blevet synonymt med fliser af h\u00f8j kvalitet i Tyskland med en st\u00f8ttet kendskabsgrad p\u00e5 85 %. Siden da har KERMOS udvidet sit produktsortiment og er tr\u00e5dt ind p\u00e5 yderligere markeder inden for STARK-gruppen.<\/p>\n<\/div><div class=\"flip-indicator\"><span class=\"fa-sharp fa-thin fa-plus\"><\/span><\/div><\/div><div class=\"content-wrapper dark flip__back\"><div class=\"content back-content\"><p>I dag er KERMOS en betroet partner for h\u00e5ndv\u00e6rkere og beslutningstagere, der tilbyder p\u00e5lidelige l\u00f8sninger til f\u00e6rdigg\u00f8relse af byggeprojekter. KERMOS fokuserer is\u00e6r p\u00e5 synlige l\u00f8sninger inden for bygninger og tilbyder kunderne et omfattende udvalg af produkter af h\u00f8j kvalitet.<\/p>\n<\/div><div class=\"flip-indicator\"><span class=\"fa-sharp fa-thin fa-plus\"><\/span><\/div><\/div>\t<\/div>\r\n<\/div>\r\n\r\n\r\n\t<script>\r\n\tjQuery(function($) {\r\n\t\tfunction setContentFlipEqualHeight() {\r\n\t\t\t$('.content-flip__inner').each(function() {\r\n\t\t\t\tlet $wrappers = $(this).find('.content-wrapper');\r\n\t\t\t\t$wrappers.css('height', ''); \/\/ Reset H\u00f6he\r\n\t\t\t\tlet maxHeight = 0;\r\n\r\n\t\t\t\t$wrappers.each(function() {\r\n\t\t\t\t\tlet h = $(this).outerHeight();\r\n\t\t\t\t\tif (h > maxHeight) maxHeight = h;\r\n\t\t\t\t});\r\n\t\t\t\t$wrappers.css('height', maxHeight + 'px');\r\n\t\t\t});\r\n\t\t}\r\n\t\tsetContentFlipEqualHeight();\r\n\t\t$(window).on('resize', setContentFlipEqualHeight);\r\n\t});\r\n\t<\/script>\r\n\r\n\n\n\n<div style=\"height:30px\" aria-hidden=\"true\" class=\"wp-block-spacer is-style-small\"><\/div>\n<\/div><\/div>\n\n\n\n<div style=\"height:100px\" aria-hidden=\"true\" class=\"wp-block-spacer is-style-small\"><\/div>\n\n\n\n<div class=\"wp-block-group is-style-width-50\"><div class=\"wp-block-group__inner-container is-layout-constrained wp-block-group-is-layout-constrained\">\n<h2 class=\"wp-block-heading has-text-align-center\"><strong><strong><strong>Historien om vores v\u00e6kst<\/strong><\/strong><\/strong><\/h2>\n\n\n\r\n\r\n\r\n\r\n<div id=\"timeline-block_2579f4620b7d2146cf4bdf7d0a4e3118\" class=\"custom-timeline style-two\">\r\n\t<div class=\"timeline__inner\">\r\n\t\t<div class=\"timeline__line\"><\/div>\r\n\t\t\t\t\t\t<div class=\"timeline__item timeline__item--right\">\r\n\t\t\t\t\t<div class=\"timeline__marker timeline__marker--right\">\r\n\t\t\t\t\t\t\t\t\t\t\t<span class=\"timeline__marker-inner\"><\/span>\r\n\t\t\t\t\t\t\t\t\t\t<\/div>\r\n\t\t\t\t\t<div class=\"timeline__content\">\r\n\t\t\t\t\t\t<div class=\"timeline__title has-large-font-size\">2025<\/div>\r\n\t\t\t\t\t\t<div class=\"timeline__text\">Rebranding: Udvidelse af produktsortimentet og positionering som leverand\u00f8r af komplette indretningskoncepter. Et friskt, nyt logo supplerer KERMOS&#8217; opdaterede brandidentitet og understreger virksomhedens moderne retning.<\/div>\r\n\t\t\t\t\t<\/div>\r\n\t\t\t\t<\/div>\r\n\t\t\t\t\t\t\t<div class=\"timeline__item timeline__item--left\">\r\n\t\t\t\t\t<div class=\"timeline__marker timeline__marker--left\">\r\n\t\t\t\t\t\t\t\t\t\t\t<span class=\"timeline__marker-inner\"><\/span>\r\n\t\t\t\t\t\t\t\t\t\t<\/div>\r\n\t\t\t\t\t<div class=\"timeline__content\">\r\n\t\t\t\t\t\t<div class=\"timeline__title has-large-font-size\">2024<\/div>\r\n\t\t\t\t\t\t<div class=\"timeline__text\">Lancering af d\u00f8re i Storbritannien<\/div>\r\n\t\t\t\t\t<\/div>\r\n\t\t\t\t<\/div>\r\n\t\t\t\t\t\t\t<div class=\"timeline__item timeline__item--right\">\r\n\t\t\t\t\t<div class=\"timeline__marker timeline__marker--right\">\r\n\t\t\t\t\t\t\t\t\t\t\t<span class=\"timeline__marker-inner\"><\/span>\r\n\t\t\t\t\t\t\t\t\t\t<\/div>\r\n\t\t\t\t\t<div class=\"timeline__content\">\r\n\t\t\t\t\t\t<div class=\"timeline__title has-large-font-size\">2023<\/div>\r\n\t\t\t\t\t\t<div class=\"timeline__text\">Introduktion af fliser og gulvbel\u00e6gning i Norden<\/div>\r\n\t\t\t\t\t<\/div>\r\n\t\t\t\t<\/div>\r\n\t\t\t\t\t\t\t<div class=\"timeline__item timeline__item--left\">\r\n\t\t\t\t\t<div class=\"timeline__marker timeline__marker--left\">\r\n\t\t\t\t\t\t\t\t\t\t\t<span class=\"timeline__marker-inner\"><\/span>\r\n\t\t\t\t\t\t\t\t\t\t<\/div>\r\n\t\t\t\t\t<div class=\"timeline__content\">\r\n\t\t\t\t\t\t<div class=\"timeline__title has-large-font-size\">2021<\/div>\r\n\t\t\t\t\t\t<div class=\"timeline__text\">Opdatering af produktsortimentet ved at introducere tynde fliser i stort format<\/div>\r\n\t\t\t\t\t<\/div>\r\n\t\t\t\t<\/div>\r\n\t\t\t\t\t\t\t<div class=\"timeline__item timeline__item--right\">\r\n\t\t\t\t\t<div class=\"timeline__marker timeline__marker--right\">\r\n\t\t\t\t\t\t\t\t\t\t\t<span class=\"timeline__marker-inner\"><\/span>\r\n\t\t\t\t\t\t\t\t\t\t<\/div>\r\n\t\t\t\t\t<div class=\"timeline__content\">\r\n\t\t\t\t\t\t<div class=\"timeline__title has-large-font-size\">1999<\/div>\r\n\t\t\t\t\t\t<div class=\"timeline__text\">Topm\u00f8de i Garmisch-Partenkirchen p\u00e5 Zugspitze: Her blev hele vores produktsortiment pr\u00e6senteret for vores kunder for f\u00f8rste gang.<\/div>\r\n\t\t\t\t\t<\/div>\r\n\t\t\t\t<\/div>\r\n\t\t\t\t\t\t\t<div class=\"timeline__item timeline__item--left\">\r\n\t\t\t\t\t<div class=\"timeline__marker timeline__marker--left\">\r\n\t\t\t\t\t\t\t\t\t\t\t<span class=\"timeline__marker-inner\"><\/span>\r\n\t\t\t\t\t\t\t\t\t\t<\/div>\r\n\t\t\t\t\t<div class=\"timeline__content\">\r\n\t\t\t\t\t\t<div class=\"timeline__title has-large-font-size\">1993<\/div>\r\n\t\t\t\t\t\t<div class=\"timeline__text\">Etablering af m\u00e6rket i Tyskland<\/div>\r\n\t\t\t\t\t<\/div>\r\n\t\t\t\t<\/div>\r\n\t\t\t\t<\/div>\r\n<\/div><\/div><\/div>\n\n\n\n<div style=\"height:100px\" aria-hidden=\"true\" class=\"wp-block-spacer is-style-small\"><\/div>\n\n\n\n<p><\/p>\n","protected":false},"excerpt":{"rendered":"<p>KERMOS is a contemporary brand with a wide range of quality products, matching decision makers\u2019 individual preferences with available products.<\/p>\n","protected":false},"author":2,"featured_media":0,"parent":0,"menu_order":1,"comment_status":"closed","ping_status":"closed","template":"","meta":{"_acf_changed":false,"_seopress_robots_primary_cat":"","_seopress_titles_title":"","_seopress_titles_desc":"","_seopress_robots_index":"","footnotes":""},"class_list":["post-8950","page","type-page","status-publish","hentry"],"acf":[],"_links":{"self":[{"href":"https:\/\/kermos.com\/da\/wp-json\/wp\/v2\/pages\/8950","targetHints":{"allow":["GET"]}}],"collection":[{"href":"https:\/\/kermos.com\/da\/wp-json\/wp\/v2\/pages"}],"about":[{"href":"https:\/\/kermos.com\/da\/wp-json\/wp\/v2\/types\/page"}],"author":[{"embeddable":true,"href":"https:\/\/kermos.com\/da\/wp-json\/wp\/v2\/users\/2"}],"replies":[{"embeddable":true,"href":"https:\/\/kermos.com\/da\/wp-json\/wp\/v2\/comments?post=8950"}],"version-history":[{"count":8,"href":"https:\/\/kermos.com\/da\/wp-json\/wp\/v2\/pages\/8950\/revisions"}],"predecessor-version":[{"id":9506,"href":"https:\/\/kermos.com\/da\/wp-json\/wp\/v2\/pages\/8950\/revisions\/9506"}],"wp:attachment":[{"href":"https:\/\/kermos.com\/da\/wp-json\/wp\/v2\/media?parent=8950"}],"curies":[{"name":"wp","href":"https:\/\/api.w.org\/{rel}","templated":true}]}}