{"id":8971,"date":"2025-08-07T12:43:34","date_gmt":"2025-08-07T10:43:34","guid":{"rendered":"https:\/\/kermos.stark.aliaz.net\/?page_id=8971"},"modified":"2026-03-04T14:56:17","modified_gmt":"2026-03-04T13:56:17","slug":"dokumentation","status":"publish","type":"page","link":"https:\/\/kermos.com\/da\/dokumentation\/","title":{"rendered":"Dokumentation"},"content":{"rendered":"\n<div style=\"height:100px\" aria-hidden=\"true\" class=\"wp-block-spacer is-style-tiny\"><\/div>\n\n\n\n<div class=\"wp-block-group is-style-width-60\"><div class=\"wp-block-group__inner-container is-layout-constrained wp-block-group-is-layout-constrained\">\n<h2 class=\"wp-block-heading\"><strong><strong><strong>CE-m\u00e6rkede produkter, der s\u00e6lges i EU og Nordirland<\/strong><\/strong><\/strong><\/h2>\n\n\n\n<p>CE-m\u00e6rkningen, du ser p\u00e5 mange produkter, der s\u00e6lges i Den Europ\u00e6iske Union (EU), betyder, at den opfylder sikkerheds-, sundheds- og milj\u00f8standarder. Hvis et produkt er CE-m\u00e6rket, er der en ydeevneerkl\u00e6ring (byggevarer) eller en overensstemmelseserkl\u00e6ring for produktet. Disse dokumenter kan findes ved at s\u00f8ge efter produktnummeret eller navnet p\u00e5 din lokale forhandlers hjemmeside (se nedenfor) eller ved at kontakte dem direkte.&nbsp;<\/p>\n\n\n\n<div class=\"wp-block-group hide-on-desktop hide-on-tablet\"><div class=\"wp-block-group__inner-container is-layout-constrained wp-block-group-is-layout-constrained\">\n<p><strong>Austria<\/strong>: <a href=\"https:\/\/www.schilowsky.at\" target=\"_blank\" rel=\"noreferrer noopener\">https:\/\/www.schilowsky.at<\/a><\/p>\n\n\n\n<p><strong>Denmark<\/strong>: <a href=\"https:\/\/www.stark.dk\" target=\"_blank\" rel=\"noreferrer noopener\">https:\/\/www.stark.dk<\/a><\/p>\n\n\n\n<p><strong>Finland<\/strong>: <a href=\"https:\/\/www.stark-suomi.fi\" target=\"_blank\" rel=\"noreferrer noopener\">https:\/\/www.stark-suomi.fi<\/a><\/p>\n\n\n\n<p><strong>Germany<\/strong>: <a href=\"https:\/\/shop.keramundo.de\/leistungserklaerungen\/a\/leistungserklaerungen\" target=\"_blank\" rel=\"noreferrer noopener\">https:\/\/shop.keramundo.de\/leistungserklaerungen<\/a><\/p>\n\n\n\n<p><strong>Greenland<\/strong>: <a href=\"https:\/\/www.stark.gl\" target=\"_blank\" rel=\"noreferrer noopener\">https:\/\/www.stark.gl<\/a><\/p>\n\n\n\n<p><strong>Norway<\/strong>: <a href=\"https:\/\/www.neumann.no\" target=\"_blank\" rel=\"noreferrer noopener\">https:\/\/www.neumann.no<\/a><\/p>\n\n\n\n<p><strong>Northern Ireland<\/strong>: <a href=\"https:\/\/www.jewson.co.uk\" target=\"_blank\" rel=\"noreferrer noopener\">https:\/\/www.jewson.co.uk<\/a><\/p>\n\n\n\n<p><strong>Sweden<\/strong>: <a href=\"https:\/\/www.beijerbygg.se\/priva\" target=\"_blank\" rel=\"noreferrer noopener\">https:\/\/www.beijerbygg.se\/priva<\/a><\/p>\n<\/div><\/div>\n\n\n\n<div class=\"wp-block-columns hide-on-phone is-layout-flex wp-container-core-columns-is-layout-9d6595d7 wp-block-columns-is-layout-flex\">\n<div class=\"wp-block-column is-layout-flow wp-block-column-is-layout-flow\" style=\"flex-basis:20%\">\n<p><strong>Austria<\/strong><\/p>\n\n\n\n<p><strong>Denmark<\/strong><\/p>\n\n\n\n<p><strong>Finland<\/strong><\/p>\n\n\n\n<p><strong>Germany<\/strong><\/p>\n\n\n\n<p><strong>Greenland<\/strong><\/p>\n\n\n\n<p><strong>Norway<\/strong><\/p>\n\n\n\n<p><strong>Northern Ireland<\/strong><\/p>\n\n\n\n<p><strong>Sweden<\/strong><\/p>\n<\/div>\n\n\n\n<div class=\"wp-block-column is-layout-flow wp-block-column-is-layout-flow\">\n<p><a href=\"https:\/\/www.schilowsky.at\/\" target=\"_blank\" rel=\"noreferrer noopener\">https:\/\/www.schilowsky.at<\/a><\/p>\n\n\n\n<p><a href=\"https:\/\/www.stark.dk\/\" target=\"_blank\" rel=\"noreferrer noopener\">https:\/\/www.stark.dk<\/a><\/p>\n\n\n\n<p><a href=\"https:\/\/www.stark-suomi.fi\/\" target=\"_blank\" rel=\"noreferrer noopener\">https:\/\/www.stark-suomi.fi<\/a><\/p>\n\n\n\n<p><a href=\"https:\/\/shop.keramundo.de\/leistungserklaerungen\/a\/leistungserklaerungen\" target=\"_blank\" rel=\"noreferrer noopener\">https:\/\/shop.keramundo.de\/leistungserklaerungen<\/a><\/p>\n\n\n\n<p><a href=\"https:\/\/www.stark.gl\/\" target=\"_blank\" rel=\"noreferrer noopener\">https:\/\/www.stark.gl<\/a><\/p>\n\n\n\n<p><a href=\"https:\/\/www.neumann.no\/\" target=\"_blank\" rel=\"noreferrer noopener\">https:\/\/www.neumann.no<\/a><\/p>\n\n\n\n<p><a href=\"https:\/\/www.jewson.co.uk\/\" target=\"_blank\" rel=\"noreferrer noopener\">https:\/\/www.jewson.co.uk<\/a><\/p>\n\n\n\n<p><a href=\"https:\/\/www.beijerbygg.se\/privat\" target=\"_blank\" rel=\"noreferrer noopener\">https:\/\/www.beijerbygg.se\/priva<\/a><\/p>\n<\/div>\n<\/div>\n\n\n\n<div style=\"height:100px\" aria-hidden=\"true\" class=\"wp-block-spacer is-style-tiny\"><\/div>\n\n\n\n<h2 class=\"wp-block-heading\"><strong>UKCA-m\u00e6rkede produkter, der s\u00e6lges i Storbritannien (England, Skotland og Wales)<\/strong>&nbsp;<\/h2>\n\n\n\n<p>UKCA-m\u00e6rket st\u00e5r for United Kingdom&nbsp;Conformity&nbsp;Assessed&nbsp;og er nu den p\u00e5kr\u00e6vede m\u00e6rkning for visse varer, der s\u00e6lges i Storbritannien (England, Skotland og Wales). Det betyder, at produktet opfylder britiske sikkerheds-, sundheds- og milj\u00f8standarder.&nbsp;<\/p>\n\n\n\n<div style=\"height:100px\" aria-hidden=\"true\" class=\"wp-block-spacer is-style-tiny\"><\/div>\n\n\n\n<h2 class=\"wp-block-heading\"><strong>CE-m\u00e6rkede produkter, der s\u00e6lges i Storbritannien (England, Skotland og Wales)<\/strong>&nbsp;<\/h2>\n\n\n\n<p>Storbritannien accepterer CE-m\u00e6rkning af visse produkter, og derfor m\u00e5 disse ikke m\u00e6rkes med UKCA, kun CE.&nbsp;<\/p>\n\n\n\n<p>Du kan finde produktet og tilh\u00f8rende dokumenter ved at bes\u00f8ge jewson.co.uk og s\u00f8ge ved hj\u00e6lp af produktnummeret eller navnet.&nbsp;<\/p>\n\n\n\n<div class=\"wp-block-group hide-on-desktop hide-on-tablet\"><div class=\"wp-block-group__inner-container is-layout-constrained wp-block-group-is-layout-constrained\">\n<p><strong><strong>England<\/strong><\/strong>: <a href=\"https:\/\/www.jewson.co.uk\" target=\"_blank\" rel=\"noreferrer noopener\">https:\/\/www.jewson.co.uk<\/a><\/p>\n\n\n\n<p><strong><strong>Scotland<\/strong><\/strong>: <a href=\"https:\/\/www.jewson.co.uk\" target=\"_blank\" rel=\"noreferrer noopener\">https:\/\/www.jewson.co.uk<\/a><\/p>\n\n\n\n<p><strong><strong>Wales<\/strong><\/strong>: <a href=\"https:\/\/www.jewson.co.uk\" target=\"_blank\" rel=\"noreferrer noopener\">https:\/\/www.jewson.co.uk<\/a><\/p>\n<\/div><\/div>\n\n\n\n<div class=\"wp-block-columns hide-on-phone is-layout-flex wp-container-core-columns-is-layout-9d6595d7 wp-block-columns-is-layout-flex\">\n<div class=\"wp-block-column is-layout-flow wp-block-column-is-layout-flow\" style=\"flex-basis:20%\">\n<p><strong>England<\/strong><\/p>\n\n\n\n<p><strong>Scotland<\/strong><\/p>\n\n\n\n<p><strong>Wales<\/strong><\/p>\n<\/div>\n\n\n\n<div class=\"wp-block-column is-layout-flow wp-block-column-is-layout-flow\">\n<p><a href=\"https:\/\/www.jewson.co.uk\/\" target=\"_blank\" rel=\"noreferrer noopener\">https:\/\/www.jewson.co.uk<\/a><\/p>\n\n\n\n<p><a href=\"https:\/\/www.jewson.co.uk\/\" target=\"_blank\" rel=\"noreferrer noopener\">https:\/\/www.jewson.co.uk<\/a><\/p>\n\n\n\n<p><a href=\"https:\/\/www.jewson.co.uk\/\" target=\"_blank\" rel=\"noreferrer noopener\">https:\/\/www.jewson.co.uk<\/a><\/p>\n<\/div>\n<\/div>\n<\/div><\/div>\n\n\n\n<div style=\"height:100px\" aria-hidden=\"true\" class=\"wp-block-spacer is-style-small\"><\/div>\n","protected":false},"excerpt":{"rendered":"<p>S\u00e5dan finder du de n\u00f8dvendige dokumenter til dit KERMOS produkt<\/p>\n","protected":false},"author":2,"featured_media":0,"parent":0,"menu_order":218,"comment_status":"closed","ping_status":"closed","template":"","meta":{"_acf_changed":false,"_seopress_robots_primary_cat":"","_seopress_titles_title":"","_seopress_titles_desc":"","_seopress_robots_index":"","footnotes":""},"class_list":["post-8971","page","type-page","status-publish","hentry"],"acf":[],"_links":{"self":[{"href":"https:\/\/kermos.com\/da\/wp-json\/wp\/v2\/pages\/8971","targetHints":{"allow":["GET"]}}],"collection":[{"href":"https:\/\/kermos.com\/da\/wp-json\/wp\/v2\/pages"}],"about":[{"href":"https:\/\/kermos.com\/da\/wp-json\/wp\/v2\/types\/page"}],"author":[{"embeddable":true,"href":"https:\/\/kermos.com\/da\/wp-json\/wp\/v2\/users\/2"}],"replies":[{"embeddable":true,"href":"https:\/\/kermos.com\/da\/wp-json\/wp\/v2\/comments?post=8971"}],"version-history":[{"count":9,"href":"https:\/\/kermos.com\/da\/wp-json\/wp\/v2\/pages\/8971\/revisions"}],"predecessor-version":[{"id":9964,"href":"https:\/\/kermos.com\/da\/wp-json\/wp\/v2\/pages\/8971\/revisions\/9964"}],"wp:attachment":[{"href":"https:\/\/kermos.com\/da\/wp-json\/wp\/v2\/media?parent=8971"}],"curies":[{"name":"wp","href":"https:\/\/api.w.org\/{rel}","templated":true}]}}