{"id":964,"date":"2025-08-07T10:27:03","date_gmt":"2025-08-07T08:27:03","guid":{"rendered":"https:\/\/kermos.stark.aliaz.net\/?page_id=964"},"modified":"2026-02-13T16:12:14","modified_gmt":"2026-02-13T15:12:14","slug":"home","status":"publish","type":"page","link":"https:\/\/kermos.com\/da\/","title":{"rendered":"Home (Denmark)"},"content":{"rendered":"\n<div style=\"height:100px\" aria-hidden=\"true\" class=\"wp-block-spacer is-style-large\"><\/div>\n\n\n\n<div class=\"wp-block-group is-style-width-50\"><div class=\"wp-block-group__inner-container is-layout-constrained wp-block-group-is-layout-constrained\">\n<h2 class=\"wp-block-heading has-3-xl-font-size\"><strong>P\u00e5lidelige l\u00f8sninger til for\u00e6dling af ethvert rum<\/strong><\/h2>\n\n\n\n<p class=\"lh-180 has-lg-font-size\">N\u00e5r du v\u00e6lger KERMOS, v\u00e6lger du ikke blot et sortiment af produkter \u2013 du v\u00e6lger muligheder. Fra elegante gulve til karakterfulde fliser er hvert design skabt til at forfine dit rum. Uanset hvad du s\u00f8ger, g\u00f8r vores brede udvalg det nemt at skabe indbydende omgivelser. Kort sagt: KERMOS er tidl\u00f8s kvalitet, der l\u00f8fter ethvert rum \u2013 hvad enten det er i hjemmet, p\u00e5 kontoret eller i butikken.&nbsp;<\/p>\n\n\n\n<p class=\"lh-180 has-lg-font-size\">For hos KERMOS handler det ikke blot om at udfylde rum \u2013 det handler om at forvandle dem og g\u00f8re dem til dine egne.<\/p>\n<\/div><\/div>\n\n\n\n<div style=\"height:100px\" aria-hidden=\"true\" class=\"wp-block-spacer is-style-small\"><\/div>\n\n\n\n<div class=\"wp-block-group is-style-width-50\"><div class=\"wp-block-group__inner-container is-layout-constrained wp-block-group-is-layout-constrained\"><div class='custom-block-cta-button cta-block' id='cta-block_4ad6c218fcc331b4fa65e9fe8e6f0596'><div class='button-wrap  align-center'><a href='https:\/\/kermos.com\/da\/om-kermos\/' target='' class='style-positive'>L\u00e6r mere<\/a><\/div><\/div><\/div><\/div>\n\n\n\n<div style=\"height:100px\" aria-hidden=\"true\" class=\"wp-block-spacer is-style-small\"><\/div>\n\n\n\n<div class=\"wp-block-group is-style-width-80\"><div class=\"wp-block-group__inner-container is-layout-constrained wp-block-group-is-layout-constrained\"><div class='element-heading-wrapper products-widget flex align-center justify-space-between mb-4'><h2 class=\"has-4-xl-font-size m-0\">Produkter<\/h2><div class=\"ml-auto\"><a class=\"link\" href=\"https:\/\/kermos.com\/da\/produkter\/\" target=\"\">Se komplet oversigt <span class=\"fa-light fa-arrow-right-long\"><\/span><\/a><\/div><\/div><p>Error in parent or market code not found<\/p>\n\n\n<div style=\"height:30px\" aria-hidden=\"true\" class=\"wp-block-spacer is-style-large\"><\/div>\n<\/div><\/div>\n","protected":false},"excerpt":{"rendered":"<p>P\u00e5lidelige l\u00f8sninger til for\u00e6dling af ethvert rum N\u00e5r du v\u00e6lger KERMOS, v\u00e6lger du ikke blot et sortiment af produkter \u2013 du v\u00e6lger muligheder. Fra elegante gulve til karakterfulde fliser er hvert design skabt til at forfine dit rum. Uanset hvad&hellip;<\/p>\n","protected":false},"author":2,"featured_media":0,"parent":0,"menu_order":0,"comment_status":"closed","ping_status":"closed","template":"templates\/tpl.frontpage.php","meta":{"_acf_changed":false,"_seopress_robots_primary_cat":"","_seopress_titles_title":"","_seopress_titles_desc":"","_seopress_robots_index":"","footnotes":""},"class_list":["post-964","page","type-page","status-publish","hentry"],"acf":[],"_links":{"self":[{"href":"https:\/\/kermos.com\/da\/wp-json\/wp\/v2\/pages\/964","targetHints":{"allow":["GET"]}}],"collection":[{"href":"https:\/\/kermos.com\/da\/wp-json\/wp\/v2\/pages"}],"about":[{"href":"https:\/\/kermos.com\/da\/wp-json\/wp\/v2\/types\/page"}],"author":[{"embeddable":true,"href":"https:\/\/kermos.com\/da\/wp-json\/wp\/v2\/users\/2"}],"replies":[{"embeddable":true,"href":"https:\/\/kermos.com\/da\/wp-json\/wp\/v2\/comments?post=964"}],"version-history":[{"count":16,"href":"https:\/\/kermos.com\/da\/wp-json\/wp\/v2\/pages\/964\/revisions"}],"predecessor-version":[{"id":9914,"href":"https:\/\/kermos.com\/da\/wp-json\/wp\/v2\/pages\/964\/revisions\/9914"}],"wp:attachment":[{"href":"https:\/\/kermos.com\/da\/wp-json\/wp\/v2\/media?parent=964"}],"curies":[{"name":"wp","href":"https:\/\/api.w.org\/{rel}","templated":true}]}}