{"id":200,"date":"2025-08-07T10:27:03","date_gmt":"2025-08-07T08:27:03","guid":{"rendered":"https:\/\/kermos.stark.aliaz.net\/?page_id=200"},"modified":"2026-02-13T16:10:20","modified_gmt":"2026-02-13T15:10:20","slug":"home","status":"publish","type":"page","link":"https:\/\/kermos.com\/de\/","title":{"rendered":"Home (Germany)"},"content":{"rendered":"\n<div style=\"height:100px\" aria-hidden=\"true\" class=\"wp-block-spacer is-style-large\"><\/div>\n\n\n\n<div class=\"wp-block-group is-style-width-50\"><div class=\"wp-block-group__inner-container is-layout-constrained wp-block-group-is-layout-constrained\">\n<h2 class=\"wp-block-heading has-3-xl-font-size\">Zuverl\u00e4ssige L\u00f6sungen f\u00fcr jeden Raum<\/h2>\n\n\n\n<p class=\"lh-180 has-lg-font-size\">Mit KERMOS entscheiden Sie sich f\u00fcr mehr als nur eine Produktpalette: Sie entscheiden sich f\u00fcr eine Vielzahl an M\u00f6glichkeiten. Von eleganten Vinyl- und Laminatb\u00f6den \u00fcber innovative Aluverbundplatten und Akustikpaneele bis hin zu stilvollen Fliesen und Mosaiken \u2013 jedes Design ist darauf ausgerichtet, Ihren Raum zu vollenden. Wonach Sie auch suchen, unser umfassendes Angebot hilft Ihnen dabei, einladende R\u00e4ume zu schaffen. Kurz gesagt: KERMOS steht f\u00fcr zeitlose Qualit\u00e4t, die jeden Raum, jedes Haus und jedes B\u00fcro aufwertet. Mit KERMOS schaffen Sie R\u00e4ume, die begeistern.&nbsp;<\/p>\n<\/div><\/div>\n\n\n\n<div style=\"height:100px\" aria-hidden=\"true\" class=\"wp-block-spacer is-style-small\"><\/div>\n\n\n\n<div class=\"wp-block-group is-style-width-50\"><div class=\"wp-block-group__inner-container is-layout-constrained wp-block-group-is-layout-constrained\"><div class='custom-block-cta-button cta-block' id='cta-block_5387e8d0780f97ae285d885cba35f0ac'><div class='button-wrap  align-center'><a href='https:\/\/kermos.com\/de\/ueber-kermos\/' target='' class='style-positive'>Mehr erfahren<\/a><\/div><\/div><\/div><\/div>\n\n\n\n<div class=\"wp-block-group is-style-width-70\"><div class=\"wp-block-group__inner-container is-layout-constrained wp-block-group-is-layout-constrained\">\r\n<div class=\"custom-block-callout co-callout image-pos--right\" id=\"callout-block_89d9beddc4478e47f625b221cc53f4b0\">\r\n  <div class=\"co-callout__inner\">\r\n    <div class=\"co-callout__content\">\r\n              <div class=\"co-callout__text\">\r\n          Der neue KERMOS Katalog 2026\/27 ist ab sofort erh\u00e4ltlich.        <\/div>\r\n            <a href='https:\/\/downloads.kermos.de\/kermos-katalog\/' target='_blank' class='co-callout__button'>Katalog herunterladen<\/a>    <\/div>\r\n          <div class=\"co-callout__image-wrapper\">\r\n        <div class=\"co-callout__image\">\r\n          <img decoding=\"async\" src=\"https:\/\/kermos.com\/wp-content\/uploads\/2026\/02\/KERMOS_Catalog-2026_Mockup.png\" alt=\"\" loading=\"lazy\" \/>\r\n        <\/div>\r\n      <\/div>\r\n      <\/div>\r\n<\/div>\r\n<\/div><\/div>\n\n\n\n<div class=\"wp-block-group is-style-width-80\"><div class=\"wp-block-group__inner-container is-layout-constrained wp-block-group-is-layout-constrained\"><div class='element-heading-wrapper products-widget flex align-center justify-space-between mb-4'><h2 class=\"has-4-xl-font-size m-0\">Produkte<\/h2><\/div><p>Error in parent or market code not found<\/p>\n\n\n<div style=\"height:30px\" aria-hidden=\"true\" class=\"wp-block-spacer is-style-large\"><\/div>\n<\/div><\/div>\n","protected":false},"excerpt":{"rendered":"<p>Zuverl\u00e4ssige L\u00f6sungen f\u00fcr jeden Raum Mit KERMOS entscheiden Sie sich f\u00fcr mehr als nur eine Produktpalette: Sie entscheiden sich f\u00fcr eine Vielzahl an M\u00f6glichkeiten. Von eleganten Vinyl- und Laminatb\u00f6den \u00fcber innovative Aluverbundplatten und Akustikpaneele bis hin zu stilvollen Fliesen und&hellip;<\/p>\n","protected":false},"author":2,"featured_media":0,"parent":0,"menu_order":0,"comment_status":"closed","ping_status":"closed","template":"templates\/tpl.frontpage.php","meta":{"_acf_changed":false,"_seopress_robots_primary_cat":"","_seopress_titles_title":"","_seopress_titles_desc":"","_seopress_robots_index":"","footnotes":""},"class_list":["post-200","page","type-page","status-publish","hentry"],"acf":[],"_links":{"self":[{"href":"https:\/\/kermos.com\/de\/wp-json\/wp\/v2\/pages\/200","targetHints":{"allow":["GET"]}}],"collection":[{"href":"https:\/\/kermos.com\/de\/wp-json\/wp\/v2\/pages"}],"about":[{"href":"https:\/\/kermos.com\/de\/wp-json\/wp\/v2\/types\/page"}],"author":[{"embeddable":true,"href":"https:\/\/kermos.com\/de\/wp-json\/wp\/v2\/users\/2"}],"replies":[{"embeddable":true,"href":"https:\/\/kermos.com\/de\/wp-json\/wp\/v2\/comments?post=200"}],"version-history":[{"count":27,"href":"https:\/\/kermos.com\/de\/wp-json\/wp\/v2\/pages\/200\/revisions"}],"predecessor-version":[{"id":9913,"href":"https:\/\/kermos.com\/de\/wp-json\/wp\/v2\/pages\/200\/revisions\/9913"}],"wp:attachment":[{"href":"https:\/\/kermos.com\/de\/wp-json\/wp\/v2\/media?parent=200"}],"curies":[{"name":"wp","href":"https:\/\/api.w.org\/{rel}","templated":true}]}}