{"id":395,"date":"2025-10-09T14:29:57","date_gmt":"2025-10-09T12:29:57","guid":{"rendered":"https:\/\/kermos.stark.aliaz.net\/?page_id=395"},"modified":"2026-03-09T13:34:46","modified_gmt":"2026-03-09T12:34:46","slug":"aspen-de","status":"publish","type":"page","link":"https:\/\/kermos.com\/de\/produkte\/fliesen\/aspen-de\/","title":{"rendered":"Aspen"},"content":{"rendered":"\n<div style=\"height:100px\" aria-hidden=\"true\" class=\"wp-block-spacer is-style-tiny\"><\/div>\n\n\n\n<div class=\"wp-block-group is-style-width-50\"><div class=\"wp-block-group__inner-container is-layout-constrained wp-block-group-is-layout-constrained\">\n<h2 class=\"wp-block-heading\"><strong><strong>Nat\u00fcrliche \u00c4sthetik trifft moderne Designtrends<\/strong><\/strong><\/h2>\n\n\n\n<p>Inspiriert von einer in Nordamerika beheimateten, besonders weichen, cremewei\u00dfen Holzsorte, kombiniert die Fliesenserie Aspen nat\u00fcrliche \u00c4sthetik mit aktuellen Designtrends. Sie bietet sieben detailreich gestaltete Farbt\u00f6ne, wobei sich traditionelle warme Farben ebenso wie moderne, softe Grau- und Beiget\u00f6ne wiederfinden. Eine Farbvielfalt, welche die Serie f\u00fcr die verschiedensten Wohnstile besonders attraktiv macht. Zudem verleihen eine leicht strukturierte Oberfl\u00e4che und die vielen verschiedenen Oberfl\u00e4chenmasserungen einen naturgetreuen Look.<\/p>\n<\/div><\/div>\n\n\n\n<div style=\"height:100px\" aria-hidden=\"true\" class=\"wp-block-spacer is-style-tiny\"><\/div>\n\n\n\n<div class=\"wp-block-group is-style-width-50\"><div class=\"wp-block-group__inner-container is-layout-constrained wp-block-group-is-layout-constrained\">\n<div class=\"wp-block-columns is-layout-flex wp-container-core-columns-is-layout-9d6595d7 wp-block-columns-is-layout-flex\">\n<div class=\"wp-block-column is-layout-flow wp-block-column-is-layout-flow\">\n<div class=\"wp-block-columns is-layout-flex wp-container-core-columns-is-layout-9d6595d7 wp-block-columns-is-layout-flex\">\n<div class=\"wp-block-column is-layout-flow wp-block-column-is-layout-flow\">\n<figure class=\"wp-block-image size-S_QUAD\"><img alt=\"\" loading=\"lazy\" decoding=\"async\" width=\"480\" height=\"480\" src=\"http:\/\/kermos.com\/wp-content\/uploads\/2025\/11\/KERMOS_Aspen_product_dark-greige-480x480.jpg\" alt=\"\" class=\"wp-image-1023\" srcset=\"https:\/\/kermos.com\/wp-content\/uploads\/2025\/11\/KERMOS_Aspen_product_dark-greige-480x480.jpg 480w, https:\/\/kermos.com\/wp-content\/uploads\/2025\/11\/KERMOS_Aspen_product_dark-greige-150x150.jpg 150w\" sizes=\"auto, (max-width: 480px) 100vw, 480px\" \/><figcaption class=\"wp-element-caption\">Dunkelgreige<\/figcaption><\/figure>\n<\/div>\n\n\n\n<div class=\"wp-block-column is-layout-flow wp-block-column-is-layout-flow\">\n<figure class=\"wp-block-image size-S_QUAD\"><img alt=\"\" loading=\"lazy\" decoding=\"async\" width=\"480\" height=\"480\" src=\"http:\/\/kermos.com\/wp-content\/uploads\/2025\/11\/KERMOS_Aspen_product_dark-grey-480x480.jpg\" alt=\"\" class=\"wp-image-1029\" srcset=\"https:\/\/kermos.com\/wp-content\/uploads\/2025\/11\/KERMOS_Aspen_product_dark-grey-480x480.jpg 480w, https:\/\/kermos.com\/wp-content\/uploads\/2025\/11\/KERMOS_Aspen_product_dark-grey-150x150.jpg 150w\" sizes=\"auto, (max-width: 480px) 100vw, 480px\" \/><figcaption class=\"wp-element-caption\">Dunkelgrau<\/figcaption><\/figure>\n<\/div>\n<\/div>\n<\/div>\n\n\n\n<div class=\"wp-block-column is-layout-flow wp-block-column-is-layout-flow\">\n<div class=\"wp-block-columns is-layout-flex wp-container-core-columns-is-layout-9d6595d7 wp-block-columns-is-layout-flex\">\n<div class=\"wp-block-column is-layout-flow wp-block-column-is-layout-flow\">\n<figure class=\"wp-block-image size-S_QUAD\"><img alt=\"\" loading=\"lazy\" decoding=\"async\" width=\"480\" height=\"480\" src=\"http:\/\/kermos.com\/wp-content\/uploads\/2025\/11\/KERMOS_Aspen_product_beige-480x480.jpg\" alt=\"\" class=\"wp-image-1017\" srcset=\"https:\/\/kermos.com\/wp-content\/uploads\/2025\/11\/KERMOS_Aspen_product_beige-480x480.jpg 480w, https:\/\/kermos.com\/wp-content\/uploads\/2025\/11\/KERMOS_Aspen_product_beige-150x150.jpg 150w\" sizes=\"auto, (max-width: 480px) 100vw, 480px\" \/><figcaption class=\"wp-element-caption\">Beige<\/figcaption><\/figure>\n<\/div>\n\n\n\n<div class=\"wp-block-column is-layout-flow wp-block-column-is-layout-flow\">\n<figure class=\"wp-block-image size-S_QUAD\"><img alt=\"\" loading=\"lazy\" decoding=\"async\" width=\"480\" height=\"480\" src=\"http:\/\/kermos.com\/wp-content\/uploads\/2025\/11\/KERMOS_Aspen_product_reddish-brown-480x480.jpg\" alt=\"\" class=\"wp-image-1053\" srcset=\"https:\/\/kermos.com\/wp-content\/uploads\/2025\/11\/KERMOS_Aspen_product_reddish-brown-480x480.jpg 480w, https:\/\/kermos.com\/wp-content\/uploads\/2025\/11\/KERMOS_Aspen_product_reddish-brown-150x150.jpg 150w\" sizes=\"auto, (max-width: 480px) 100vw, 480px\" \/><figcaption class=\"wp-element-caption\">Rotbraun<\/figcaption><\/figure>\n<\/div>\n<\/div>\n<\/div>\n<\/div>\n<\/div><\/div>\n\n\n\n<div class=\"wp-block-group is-style-width-50\"><div class=\"wp-block-group__inner-container is-layout-constrained wp-block-group-is-layout-constrained\">\n<div class=\"wp-block-columns is-layout-flex wp-container-core-columns-is-layout-9d6595d7 wp-block-columns-is-layout-flex\">\n<div class=\"wp-block-column is-layout-flow wp-block-column-is-layout-flow\">\n<div class=\"wp-block-columns is-layout-flex wp-container-core-columns-is-layout-9d6595d7 wp-block-columns-is-layout-flex\">\n<div class=\"wp-block-column is-layout-flow wp-block-column-is-layout-flow\">\n<figure class=\"wp-block-image size-S_QUAD\"><img alt=\"\" loading=\"lazy\" decoding=\"async\" width=\"480\" height=\"480\" src=\"https:\/\/kermos.com\/wp-content\/uploads\/2025\/11\/KERMOS_Aspen_product_dark-wenge-480x480.jpg\" alt=\"\" class=\"wp-image-1035\" srcset=\"https:\/\/kermos.com\/wp-content\/uploads\/2025\/11\/KERMOS_Aspen_product_dark-wenge-480x480.jpg 480w, https:\/\/kermos.com\/wp-content\/uploads\/2025\/11\/KERMOS_Aspen_product_dark-wenge-150x150.jpg 150w\" sizes=\"auto, (max-width: 480px) 100vw, 480px\" \/><figcaption class=\"wp-element-caption\">Dunkelwenge<\/figcaption><\/figure>\n<\/div>\n\n\n\n<div class=\"wp-block-column is-layout-flow wp-block-column-is-layout-flow\">\n<figure class=\"wp-block-image size-S_QUAD\"><img alt=\"\" loading=\"lazy\" decoding=\"async\" width=\"480\" height=\"480\" src=\"https:\/\/kermos.com\/wp-content\/uploads\/2025\/11\/KERMOS_Aspen_product_greige-480x480.jpg\" alt=\"\" class=\"wp-image-1041\" srcset=\"https:\/\/kermos.com\/wp-content\/uploads\/2025\/11\/KERMOS_Aspen_product_greige-480x480.jpg 480w, https:\/\/kermos.com\/wp-content\/uploads\/2025\/11\/KERMOS_Aspen_product_greige-150x150.jpg 150w\" sizes=\"auto, (max-width: 480px) 100vw, 480px\" \/><figcaption class=\"wp-element-caption\">Greige<\/figcaption><\/figure>\n<\/div>\n<\/div>\n<\/div>\n\n\n\n<div class=\"wp-block-column is-layout-flow wp-block-column-is-layout-flow\">\n<div class=\"wp-block-columns is-layout-flex wp-container-core-columns-is-layout-9d6595d7 wp-block-columns-is-layout-flex\">\n<div class=\"wp-block-column is-layout-flow wp-block-column-is-layout-flow\">\n<figure class=\"wp-block-image size-S_QUAD\"><img alt=\"\" loading=\"lazy\" decoding=\"async\" width=\"480\" height=\"480\" src=\"https:\/\/kermos.com\/wp-content\/uploads\/2025\/11\/KERMOS_Aspen_product_light-greige-480x480.jpg\" alt=\"\" class=\"wp-image-1047\" srcset=\"https:\/\/kermos.com\/wp-content\/uploads\/2025\/11\/KERMOS_Aspen_product_light-greige-480x480.jpg 480w, https:\/\/kermos.com\/wp-content\/uploads\/2025\/11\/KERMOS_Aspen_product_light-greige-150x150.jpg 150w\" sizes=\"auto, (max-width: 480px) 100vw, 480px\" \/><figcaption class=\"wp-element-caption\">Hellgreige<\/figcaption><\/figure>\n<\/div>\n\n\n\n<div class=\"wp-block-column is-layout-flow wp-block-column-is-layout-flow\"><\/div>\n<\/div>\n<\/div>\n<\/div>\n<\/div><\/div>\n\n\n\n<div style=\"height:100px\" aria-hidden=\"true\" class=\"wp-block-spacer is-style-tiny\"><\/div>\n\n\n\n<div class=\"wp-block-group is-style-width-50\"><div class=\"wp-block-group__inner-container is-layout-constrained wp-block-group-is-layout-constrained\"><\/div><\/div>\n\n\n\n<div style=\"height:100px\" aria-hidden=\"true\" class=\"wp-block-spacer is-style-small\"><\/div>\n\n\n\n<div class=\"wp-block-group is-style-width-75\"><div class=\"wp-block-group__inner-container is-layout-constrained wp-block-group-is-layout-constrained\"><div class='custom-block-slider'><div class='custom-block-slider'>\r\n\t\t\t<div class=\"swiper-element\">\r\n\r\n\t\t\t\t\t\t\t\t\t<div class=\"slider-prev slider-button\" id=\"block_slider_69e0487691a53-prev\">\r\n\t\t\t\t\t\t<span class=\"fal fa-angle-left\"><\/span>\r\n\t\t\t\t\t<\/div>\r\n\t\t\t\t\t<div class=\"slider-next slider-button\" id=\"block_slider_69e0487691a53-next\">\r\n\t\t\t\t\t\t<span class=\"fal fa-angle-right\"><\/span>\r\n\t\t\t\t\t<\/div>\r\n\t\t\t\t\r\n\t\t\t\t<div class=\"swiper has-navigation\" id=\"block_slider_69e0487691a53\">\r\n\t\t\t\t\t<div class=\"swiper-wrapper\">\r\n\t\t\t\t\t\t<div class=\"swiper-slide\"><a href='https:\/\/kermos.com\/wp-content\/uploads\/2025\/11\/KERMOS_Aspen_ambient_reddish-brown.jpg' data-fancybox='block_slider_69e0487691a53' data-caption=''><img src='https:\/\/kermos.com\/wp-content\/uploads\/2025\/11\/KERMOS_Aspen_ambient_reddish-brown.jpg' alt='' class='default src-acf type-img size-default width-33 max-width' srcset='https:\/\/kermos.com\/wp-content\/uploads\/2025\/11\/KERMOS_Aspen_ambient_reddish-brown-480x360.jpg 480w,https:\/\/kermos.com\/wp-content\/uploads\/2025\/11\/KERMOS_Aspen_ambient_reddish-brown-720x540.jpg 720w,https:\/\/kermos.com\/wp-content\/uploads\/2025\/11\/KERMOS_Aspen_ambient_reddish-brown-1200x960.jpg 1280w,'  sizes='(max-width: 768px) 100vw, 33vw' \/><\/a><\/div><div class=\"swiper-slide\"><a href='https:\/\/kermos.com\/wp-content\/uploads\/2025\/11\/KERMOS_Aspen_ambient_dark-wenge.jpg' data-fancybox='block_slider_69e0487691a53' data-caption=''><img src='https:\/\/kermos.com\/wp-content\/uploads\/2025\/11\/KERMOS_Aspen_ambient_dark-wenge.jpg' alt='' class='default src-acf type-img size-default width-33 max-width' srcset='https:\/\/kermos.com\/wp-content\/uploads\/2025\/11\/KERMOS_Aspen_ambient_dark-wenge-480x360.jpg 480w,https:\/\/kermos.com\/wp-content\/uploads\/2025\/11\/KERMOS_Aspen_ambient_dark-wenge-720x540.jpg 720w,https:\/\/kermos.com\/wp-content\/uploads\/2025\/11\/KERMOS_Aspen_ambient_dark-wenge-1200x960.jpg 1280w,'  sizes='(max-width: 768px) 100vw, 33vw' \/><\/a><\/div><div class=\"swiper-slide\"><a href='https:\/\/kermos.com\/wp-content\/uploads\/2025\/11\/KERMOS_Aspen_ambient_dark-grey_2.jpg' data-fancybox='block_slider_69e0487691a53' data-caption=''><img src='https:\/\/kermos.com\/wp-content\/uploads\/2025\/11\/KERMOS_Aspen_ambient_dark-grey_2.jpg' alt='' class='default src-acf type-img size-default width-33 max-width' srcset='https:\/\/kermos.com\/wp-content\/uploads\/2025\/11\/KERMOS_Aspen_ambient_dark-grey_2-480x360.jpg 480w,https:\/\/kermos.com\/wp-content\/uploads\/2025\/11\/KERMOS_Aspen_ambient_dark-grey_2-720x540.jpg 720w,https:\/\/kermos.com\/wp-content\/uploads\/2025\/11\/KERMOS_Aspen_ambient_dark-grey_2-1200x960.jpg 1280w,'  sizes='(max-width: 768px) 100vw, 33vw' \/><\/a><\/div><div class=\"swiper-slide\"><a href='https:\/\/kermos.com\/wp-content\/uploads\/2025\/11\/KERMOS_Aspen_ambient_dark-grey.jpg' data-fancybox='block_slider_69e0487691a53' data-caption=''><img src='https:\/\/kermos.com\/wp-content\/uploads\/2025\/11\/KERMOS_Aspen_ambient_dark-grey.jpg' alt='' class='default src-acf type-img size-default width-33 max-width' srcset='https:\/\/kermos.com\/wp-content\/uploads\/2025\/11\/KERMOS_Aspen_ambient_dark-grey-480x360.jpg 480w,https:\/\/kermos.com\/wp-content\/uploads\/2025\/11\/KERMOS_Aspen_ambient_dark-grey-720x540.jpg 720w,https:\/\/kermos.com\/wp-content\/uploads\/2025\/11\/KERMOS_Aspen_ambient_dark-grey-1200x960.jpg 1280w,'  sizes='(max-width: 768px) 100vw, 33vw' \/><\/a><\/div><div class=\"swiper-slide\"><a href='https:\/\/kermos.com\/wp-content\/uploads\/2025\/11\/KERMOS_Aspen_ambient_light-greige.jpg' data-fancybox='block_slider_69e0487691a53' data-caption=''><img src='https:\/\/kermos.com\/wp-content\/uploads\/2025\/11\/KERMOS_Aspen_ambient_light-greige.jpg' alt='' class='default src-acf type-img size-default width-33 max-width' srcset='https:\/\/kermos.com\/wp-content\/uploads\/2025\/11\/KERMOS_Aspen_ambient_light-greige-480x360.jpg 480w,https:\/\/kermos.com\/wp-content\/uploads\/2025\/11\/KERMOS_Aspen_ambient_light-greige-720x540.jpg 720w,https:\/\/kermos.com\/wp-content\/uploads\/2025\/11\/KERMOS_Aspen_ambient_light-greige-1200x960.jpg 1280w,'  sizes='(max-width: 768px) 100vw, 33vw' \/><\/a><\/div>\t\t\t\t\t<\/div>\r\n\t\t\t\t<\/div>\r\n\r\n\t\t\t\t\r\n\t\t\t\t\r\n\t\t\t\t<script type=\"text\/javascript\" async defer>\r\n                  \/* <![CDATA[ *\/\r\n\r\n\t\t\t\t  \r\n                  let block_slider_69e0487691a53 = {\"id\":\"block_slider_69e0487691a53\",\"type\":\"slider\",\"name\":\"slider_block_slider_69e0487691a53\",\"options\":{\"speed\":400,\"effect\":\"slide\",\"slidesPerView\":3,\"spaceBetween\":30,\"autoHeight\":false,\"loop\":false,\"grabCursor\":true,\"navigation\":{\"nextEl\":\"#block_slider_69e0487691a53-next\",\"prevEl\":\"#block_slider_69e0487691a53-prev\"}}};\r\n\r\n                  window.addEventListener('DOMContentLoaded', (event) => {\r\n                    createNewSlider(block_slider_69e0487691a53.id, block_slider_69e0487691a53.type, block_slider_69e0487691a53.name, block_slider_69e0487691a53.options);\r\n                  });\r\n\r\n\t\t\t\t  \r\n                  \/* ]]> *\/\r\n\t\t\t\t<\/script>\r\n\r\n\t\t\t<\/div>\r\n\r\n\t\t<\/div><\/div><\/div><\/div>\n\n\n\n<div style=\"height:100px\" aria-hidden=\"true\" class=\"wp-block-spacer is-style-tiny\"><\/div>\n\n\n\n<div class=\"wp-block-group is-style-width-70\"><div class=\"wp-block-group__inner-container is-layout-constrained wp-block-group-is-layout-constrained\">\r\n<div class=\"custom-block-callout co-callout image-pos--right\" id=\"callout-block_f572503eccbebd05d8bdfb07919bc4fe\">\r\n  <div class=\"co-callout__inner\">\r\n    <div class=\"co-callout__content\">\r\n              <div class=\"co-callout__text\">\r\n          Sie m\u00f6chten wissen, wie die Aspen Fliesen in Ihren R\u00e4umen wirken?        <\/div>\r\n            <a href='https:\/\/www.raabkarcher.de\/a\/virtueller-raumplaner' target='_blank' class='co-callout__button'>Dann testen Sie jetzt den virtuellen Raumplaner<\/a>    <\/div>\r\n          <div class=\"co-callout__image-wrapper\">\r\n        <div class=\"co-callout__image\">\r\n          <img decoding=\"async\" src=\"https:\/\/kermos.com\/wp-content\/uploads\/2025\/11\/Laptop_Raumplaner-small2.png\" alt=\"\" loading=\"lazy\" \/>\r\n        <\/div>\r\n      <\/div>\r\n      <\/div>\r\n<\/div>\r\n<\/div><\/div>\n\n\n\n<div class=\"wp-block-group is-style-width-60\"><div class=\"wp-block-group__inner-container is-layout-constrained wp-block-group-is-layout-constrained\">\n<p>Das komplette Aspen-Sortiment finden Sie in unserem Onlineshop:<\/p>\n\n\n\n<div class=\"wp-block-columns is-layout-flex wp-container-core-columns-is-layout-9d6595d7 wp-block-columns-is-layout-flex\">\n<div class=\"wp-block-column is-layout-flow wp-block-column-is-layout-flow\">\r\n<div class=\"custom-block-image-card-link\" id=\"image-card-link-block_08cb11d2ea9d59edb15fb755f449c72b\">\r\n\t<a href=\"https:\/\/www.raabkarcher.de\/produkte\/aspen\/c\/rk3_3589260%20\"\r\n\t   class=\"image-card-link__link css-hover\"\r\n\t   target=\"_blank\"\r\n\t   title=\"Raab Karcher\">\r\n\r\n\t\t\t\t\t<img decoding=\"async\" src=\"https:\/\/kermos.com\/wp-content\/uploads\/2025\/12\/1200x400px-DE-Raab-Karcher.png\" alt=\"\" class=\"image-card-link__image\" \/>\r\n\t\t\r\n\t\t\r\n\t<\/a>\r\n<\/div>\r\n<\/div>\n\n\n\n<div class=\"wp-block-column is-layout-flow wp-block-column-is-layout-flow\">\r\n<div class=\"custom-block-image-card-link\" id=\"image-card-link-block_168b6290d68d985c8ade38aba195ef44\">\r\n\t<a href=\"https:\/\/shop.keramundo.de\/produkte\/aspen\/c\/km3_3589260\"\r\n\t   class=\"image-card-link__link css-hover\"\r\n\t   target=\"_blank\"\r\n\t   title=\"Keramundo\">\r\n\r\n\t\t\t\t\t<img decoding=\"async\" src=\"https:\/\/kermos.com\/wp-content\/uploads\/2025\/12\/1200x400px-DE-Keramundo.png\" alt=\"\" class=\"image-card-link__image\" \/>\r\n\t\t\r\n\t\t\r\n\t<\/a>\r\n<\/div>\r\n<\/div>\n<\/div>\n<\/div><\/div>\n\n\n\n<div style=\"height:100px\" aria-hidden=\"true\" class=\"wp-block-spacer is-style-small\"><\/div>\n","protected":false},"excerpt":{"rendered":"<p>KERMOS Aspen kombiniert nat\u00fcrliche \u00c4sthetik mit aktuellen Designtrends. <\/p>\n","protected":false},"author":2,"featured_media":1068,"parent":6536,"menu_order":6,"comment_status":"closed","ping_status":"closed","template":"","meta":{"_acf_changed":false,"_seopress_robots_primary_cat":"","_seopress_titles_title":"","_seopress_titles_desc":"","_seopress_robots_index":"","footnotes":""},"class_list":["post-395","page","type-page","status-publish","has-post-thumbnail","hentry"],"acf":[],"_links":{"self":[{"href":"https:\/\/kermos.com\/de\/wp-json\/wp\/v2\/pages\/395","targetHints":{"allow":["GET"]}}],"collection":[{"href":"https:\/\/kermos.com\/de\/wp-json\/wp\/v2\/pages"}],"about":[{"href":"https:\/\/kermos.com\/de\/wp-json\/wp\/v2\/types\/page"}],"author":[{"embeddable":true,"href":"https:\/\/kermos.com\/de\/wp-json\/wp\/v2\/users\/2"}],"replies":[{"embeddable":true,"href":"https:\/\/kermos.com\/de\/wp-json\/wp\/v2\/comments?post=395"}],"version-history":[{"count":12,"href":"https:\/\/kermos.com\/de\/wp-json\/wp\/v2\/pages\/395\/revisions"}],"predecessor-version":[{"id":10055,"href":"https:\/\/kermos.com\/de\/wp-json\/wp\/v2\/pages\/395\/revisions\/10055"}],"up":[{"embeddable":true,"href":"https:\/\/kermos.com\/de\/wp-json\/wp\/v2\/pages\/6536"}],"wp:featuredmedia":[{"embeddable":true,"href":"https:\/\/kermos.com\/de\/wp-json\/wp\/v2\/media\/1068"}],"wp:attachment":[{"href":"https:\/\/kermos.com\/de\/wp-json\/wp\/v2\/media?parent=395"}],"curies":[{"name":"wp","href":"https:\/\/api.w.org\/{rel}","templated":true}]}}