{"id":6384,"date":"2025-10-10T09:59:45","date_gmt":"2025-10-10T07:59:45","guid":{"rendered":"https:\/\/kermos.stark.aliaz.net\/?page_id=6384"},"modified":"2026-03-06T14:06:14","modified_gmt":"2026-03-06T13:06:14","slug":"cement-wall","status":"publish","type":"page","link":"https:\/\/kermos.com\/de\/produkte\/fliesen\/cement-wall\/","title":{"rendered":"Cement Wall"},"content":{"rendered":"\n<div style=\"height:100px\" aria-hidden=\"true\" class=\"wp-block-spacer is-style-tiny\"><\/div>\n\n\n\n<div class=\"wp-block-group is-style-width-50\"><div class=\"wp-block-group__inner-container is-layout-constrained wp-block-group-is-layout-constrained\">\n<h2 class=\"wp-block-heading\"><strong>Moderne Betonoptik<\/strong><\/h2>\n\n\n\n<p>KERMOS Cement Wall vereint urbane Schlichtheit mit stilvoller Zur\u00fcckhaltung. Inspiriert von der zeitlosen \u00c4sthetik von Zement, schaffen diese Fliesen eine subtile, aber beeindruckende Atmosph\u00e4re in jedem Raum. Erh\u00e4ltlich in zwei k\u00fchlen sowie einem warmen Farbton, bietet die Serie vielseitige Gestaltungsm\u00f6glichkeiten \u2013 von puristisch-modern bis hin zu wohnlich-elegant. <\/p>\n\n\n\n<p>Die fein abgestimmte, universelle Dekoration erg\u00e4nzt das Design und setzt dezente Akzente, ohne den minimalistischen Charakter zu verlieren. KERMOS Cement Wall verwandelt Ihr Zuhause in eine stilvolle Oase, die Ruhe, Klarheit und zeitlose Eleganz ausstrahlt.<\/p>\n<\/div><\/div>\n\n\n\n<div style=\"height:100px\" aria-hidden=\"true\" class=\"wp-block-spacer is-style-tiny\"><\/div>\n\n\n\n<div class=\"wp-block-group is-style-width-50\"><div class=\"wp-block-group__inner-container is-layout-constrained wp-block-group-is-layout-constrained\">\n<div class=\"wp-block-columns is-layout-flex wp-container-core-columns-is-layout-9d6595d7 wp-block-columns-is-layout-flex\">\n<div class=\"wp-block-column is-layout-flow wp-block-column-is-layout-flow\">\n<div class=\"wp-block-columns is-layout-flex wp-container-core-columns-is-layout-9d6595d7 wp-block-columns-is-layout-flex\">\n<div class=\"wp-block-column is-layout-flow wp-block-column-is-layout-flow\">\n<figure class=\"wp-block-image size-S_QUAD\"><img alt=\"\" loading=\"lazy\" decoding=\"async\" width=\"480\" height=\"480\" src=\"http:\/\/kermos.com\/wp-content\/uploads\/2025\/11\/KERMOS_Cement-Wall_product_cream-480x480.jpg\" alt=\"\" class=\"wp-image-1587\" srcset=\"https:\/\/kermos.com\/wp-content\/uploads\/2025\/11\/KERMOS_Cement-Wall_product_cream-480x480.jpg 480w, https:\/\/kermos.com\/wp-content\/uploads\/2025\/11\/KERMOS_Cement-Wall_product_cream-150x150.jpg 150w\" sizes=\"auto, (max-width: 480px) 100vw, 480px\" \/><figcaption class=\"wp-element-caption\">Cream<\/figcaption><\/figure>\n<\/div>\n\n\n\n<div class=\"wp-block-column is-layout-flow wp-block-column-is-layout-flow\">\n<figure class=\"wp-block-image size-S_QUAD\"><img alt=\"\" loading=\"lazy\" decoding=\"async\" width=\"480\" height=\"480\" src=\"http:\/\/kermos.com\/wp-content\/uploads\/2025\/11\/KERMOS_Cement-Wall_product_grey-480x480.jpg\" alt=\"\" class=\"wp-image-1605\" srcset=\"https:\/\/kermos.com\/wp-content\/uploads\/2025\/11\/KERMOS_Cement-Wall_product_grey-480x480.jpg 480w, https:\/\/kermos.com\/wp-content\/uploads\/2025\/11\/KERMOS_Cement-Wall_product_grey-150x150.jpg 150w\" sizes=\"auto, (max-width: 480px) 100vw, 480px\" \/><figcaption class=\"wp-element-caption\">Grey<\/figcaption><\/figure>\n<\/div>\n<\/div>\n<\/div>\n\n\n\n<div class=\"wp-block-column is-layout-flow wp-block-column-is-layout-flow\">\n<div class=\"wp-block-columns is-layout-flex wp-container-core-columns-is-layout-9d6595d7 wp-block-columns-is-layout-flex\">\n<div class=\"wp-block-column is-layout-flow wp-block-column-is-layout-flow\">\n<figure class=\"wp-block-image size-S_QUAD\"><img alt=\"\" loading=\"lazy\" decoding=\"async\" width=\"480\" height=\"480\" src=\"http:\/\/kermos.com\/wp-content\/uploads\/2025\/11\/KERMOS_Cement-Wall_product_dark-grey-480x480.jpg\" alt=\"\" class=\"wp-image-1593\" srcset=\"https:\/\/kermos.com\/wp-content\/uploads\/2025\/11\/KERMOS_Cement-Wall_product_dark-grey-480x480.jpg 480w, https:\/\/kermos.com\/wp-content\/uploads\/2025\/11\/KERMOS_Cement-Wall_product_dark-grey-150x150.jpg 150w\" sizes=\"auto, (max-width: 480px) 100vw, 480px\" \/><figcaption class=\"wp-element-caption\">Dark grey<\/figcaption><\/figure>\n<\/div>\n\n\n\n<div class=\"wp-block-column is-layout-flow wp-block-column-is-layout-flow\">\n<figure class=\"wp-block-image size-S_QUAD\"><img alt=\"\" loading=\"lazy\" decoding=\"async\" width=\"480\" height=\"480\" src=\"http:\/\/kermos.com\/wp-content\/uploads\/2025\/11\/KERMOS_Cement-Wall_product_decor-grey-480x480.jpg\" alt=\"\" class=\"wp-image-1599\" srcset=\"https:\/\/kermos.com\/wp-content\/uploads\/2025\/11\/KERMOS_Cement-Wall_product_decor-grey-480x480.jpg 480w, https:\/\/kermos.com\/wp-content\/uploads\/2025\/11\/KERMOS_Cement-Wall_product_decor-grey-150x150.jpg 150w\" sizes=\"auto, (max-width: 480px) 100vw, 480px\" \/><figcaption class=\"wp-element-caption\">Grey Dekor<\/figcaption><\/figure>\n<\/div>\n<\/div>\n<\/div>\n<\/div>\n<\/div><\/div>\n\n\n\n<div style=\"height:100px\" aria-hidden=\"true\" class=\"wp-block-spacer is-style-tiny\"><\/div>\n\n\n\n<div class=\"wp-block-group is-style-width-50\"><div class=\"wp-block-group__inner-container is-layout-constrained wp-block-group-is-layout-constrained\"><div class='custom-block-accordion' data-first-is-open='false' ><div class='accordion-title '><span class='label'>Oberfl\u00e4chen<\/span><\/div><div class='accordion-content'><div class='text-wrap'><p>Matt<\/p>\n<\/div><\/div><div class='accordion-title '><span class='label'>Formate<\/span><\/div><div class='accordion-content'><div class='text-wrap'><p>30 \u00d7 60 cm<\/p>\n<\/div><\/div><div class='accordion-title '><span class='label'>Farben<\/span><\/div><div class='accordion-content'><div class='text-wrap'><p>Cream, Grey und Dark Grey<\/p>\n<\/div><\/div><div class='accordion-title  last-element'><span class='label'>Zubeh\u00f6r<\/span><\/div><div class='accordion-content'><div class='text-wrap'><p>Dekor<\/p>\n<\/div><\/div><\/div><\/div><\/div>\n\n\n\n<div style=\"height:100px\" aria-hidden=\"true\" class=\"wp-block-spacer is-style-tiny\"><\/div>\n\n\n\n<div class=\"wp-block-columns is-layout-flex wp-container-core-columns-is-layout-9d6595d7 wp-block-columns-is-layout-flex\">\n<div class=\"wp-block-column is-layout-flow wp-block-column-is-layout-flow\">\n<div class=\"wp-block-buttons is-content-justification-center is-layout-flex wp-container-core-buttons-is-layout-16018d1d wp-block-buttons-is-layout-flex\">\n<div class=\"wp-block-button\"><a class=\"wp-block-button__link wp-element-button\" href=\"https:\/\/shop.keramundo.de\/medias\/DOK-SP-3610836.pdf?context=bWFzdGVyfGRvY3VtZW50c3wzOTUxNTl8YXBwbGljYXRpb24vcGRmfGFEQXdMMmc1TVM4NU1UazBNemt3TWprd05EWXlMMFJQUzE5VFVGOHpOakV3T0RNMkxuQmtaZ3wyNjE2ZmY1YjM2MjZkNzU3ODMyZjI5OGM0NDBmY2UxNWI0MWU4ZmE2NGUzNDUzMGIxZTZkODQwOWE3ZmMwMTE0\" target=\"_blank\" rel=\"noreferrer noopener\">Serienprospekt herunterladen<\/a><\/div>\n<\/div>\n<\/div>\n<\/div>\n\n\n\n<div style=\"height:100px\" aria-hidden=\"true\" class=\"wp-block-spacer is-style-small\"><\/div>\n\n\n\n<div class=\"wp-block-group is-style-width-75\"><div class=\"wp-block-group__inner-container is-layout-constrained wp-block-group-is-layout-constrained\"><div class='custom-block-slider'><div class='custom-block-slider'>\r\n\t\t\t<div class=\"swiper-element\">\r\n\r\n\t\t\t\t\t\t\t\t\t<div class=\"slider-prev slider-button\" id=\"block_slider_69de267263bec-prev\">\r\n\t\t\t\t\t\t<span class=\"fal fa-angle-left\"><\/span>\r\n\t\t\t\t\t<\/div>\r\n\t\t\t\t\t<div class=\"slider-next slider-button\" id=\"block_slider_69de267263bec-next\">\r\n\t\t\t\t\t\t<span class=\"fal fa-angle-right\"><\/span>\r\n\t\t\t\t\t<\/div>\r\n\t\t\t\t\r\n\t\t\t\t<div class=\"swiper has-navigation\" id=\"block_slider_69de267263bec\">\r\n\t\t\t\t\t<div class=\"swiper-wrapper\">\r\n\t\t\t\t\t\t<div class=\"swiper-slide\"><a href='https:\/\/kermos.com\/wp-content\/uploads\/2025\/11\/KERMOS_Cement-Wall_dark-grey.jpg' data-fancybox='block_slider_69de267263bec' data-caption=''><img src='https:\/\/kermos.com\/wp-content\/uploads\/2025\/11\/KERMOS_Cement-Wall_dark-grey.jpg' alt='' class='default src-acf type-img size-default width-33 max-width' srcset='https:\/\/kermos.com\/wp-content\/uploads\/2025\/11\/KERMOS_Cement-Wall_dark-grey-480x360.jpg 480w,https:\/\/kermos.com\/wp-content\/uploads\/2025\/11\/KERMOS_Cement-Wall_dark-grey-720x540.jpg 720w,https:\/\/kermos.com\/wp-content\/uploads\/2025\/11\/KERMOS_Cement-Wall_dark-grey-1200x960.jpg 1280w,'  sizes='(max-width: 768px) 100vw, 33vw' \/><\/a><\/div><div class=\"swiper-slide\"><a href='https:\/\/kermos.com\/wp-content\/uploads\/2025\/11\/KERMOS_Cement-Wall_dark-grey_3.jpg' data-fancybox='block_slider_69de267263bec' data-caption=''><img src='https:\/\/kermos.com\/wp-content\/uploads\/2025\/11\/KERMOS_Cement-Wall_dark-grey_3.jpg' alt='' class='default src-acf type-img size-default width-33 max-width' srcset='https:\/\/kermos.com\/wp-content\/uploads\/2025\/11\/KERMOS_Cement-Wall_dark-grey_3-480x360.jpg 480w,https:\/\/kermos.com\/wp-content\/uploads\/2025\/11\/KERMOS_Cement-Wall_dark-grey_3-720x540.jpg 720w,https:\/\/kermos.com\/wp-content\/uploads\/2025\/11\/KERMOS_Cement-Wall_dark-grey_3-1200x960.jpg 1280w,'  sizes='(max-width: 768px) 100vw, 33vw' \/><\/a><\/div><div class=\"swiper-slide\"><a href='https:\/\/kermos.com\/wp-content\/uploads\/2025\/11\/KERMOS_Cement-Wall_dark-grey_2.jpg' data-fancybox='block_slider_69de267263bec' data-caption=''><img src='https:\/\/kermos.com\/wp-content\/uploads\/2025\/11\/KERMOS_Cement-Wall_dark-grey_2.jpg' alt='' class='default src-acf type-img size-default width-33 max-width' srcset='https:\/\/kermos.com\/wp-content\/uploads\/2025\/11\/KERMOS_Cement-Wall_dark-grey_2-480x360.jpg 480w,https:\/\/kermos.com\/wp-content\/uploads\/2025\/11\/KERMOS_Cement-Wall_dark-grey_2-720x540.jpg 720w,https:\/\/kermos.com\/wp-content\/uploads\/2025\/11\/KERMOS_Cement-Wall_dark-grey_2-1200x960.jpg 1280w,'  sizes='(max-width: 768px) 100vw, 33vw' \/><\/a><\/div><div class=\"swiper-slide\"><a href='https:\/\/kermos.com\/wp-content\/uploads\/2025\/11\/KERMOS_Cement-Wall_cream.jpg' data-fancybox='block_slider_69de267263bec' data-caption=''><img src='https:\/\/kermos.com\/wp-content\/uploads\/2025\/11\/KERMOS_Cement-Wall_cream.jpg' alt='' class='default src-acf type-img size-default width-33 max-width' srcset='https:\/\/kermos.com\/wp-content\/uploads\/2025\/11\/KERMOS_Cement-Wall_cream-480x360.jpg 480w,https:\/\/kermos.com\/wp-content\/uploads\/2025\/11\/KERMOS_Cement-Wall_cream-720x540.jpg 720w,https:\/\/kermos.com\/wp-content\/uploads\/2025\/11\/KERMOS_Cement-Wall_cream-1200x960.jpg 1280w,'  sizes='(max-width: 768px) 100vw, 33vw' \/><\/a><\/div><div class=\"swiper-slide\"><a href='https:\/\/kermos.com\/wp-content\/uploads\/2025\/11\/KERMOS_Cement-Wall_cream_2.jpg' data-fancybox='block_slider_69de267263bec' data-caption=''><img src='https:\/\/kermos.com\/wp-content\/uploads\/2025\/11\/KERMOS_Cement-Wall_cream_2.jpg' alt='' class='default src-acf type-img size-default width-33 max-width' srcset='https:\/\/kermos.com\/wp-content\/uploads\/2025\/11\/KERMOS_Cement-Wall_cream_2-480x360.jpg 480w,https:\/\/kermos.com\/wp-content\/uploads\/2025\/11\/KERMOS_Cement-Wall_cream_2-720x540.jpg 720w,https:\/\/kermos.com\/wp-content\/uploads\/2025\/11\/KERMOS_Cement-Wall_cream_2-1200x960.jpg 1280w,'  sizes='(max-width: 768px) 100vw, 33vw' \/><\/a><\/div><div class=\"swiper-slide\"><a href='https:\/\/kermos.com\/wp-content\/uploads\/2025\/11\/KERMOS_Cement-Wall_cream_3.jpg' data-fancybox='block_slider_69de267263bec' data-caption=''><img src='https:\/\/kermos.com\/wp-content\/uploads\/2025\/11\/KERMOS_Cement-Wall_cream_3.jpg' alt='' class='default src-acf type-img size-default width-33 max-width' srcset='https:\/\/kermos.com\/wp-content\/uploads\/2025\/11\/KERMOS_Cement-Wall_cream_3-480x360.jpg 480w,https:\/\/kermos.com\/wp-content\/uploads\/2025\/11\/KERMOS_Cement-Wall_cream_3-720x540.jpg 720w,https:\/\/kermos.com\/wp-content\/uploads\/2025\/11\/KERMOS_Cement-Wall_cream_3-1200x960.jpg 1280w,'  sizes='(max-width: 768px) 100vw, 33vw' \/><\/a><\/div>\t\t\t\t\t<\/div>\r\n\t\t\t\t<\/div>\r\n\r\n\t\t\t\t\r\n\t\t\t\t\r\n\t\t\t\t<script type=\"text\/javascript\" async defer>\r\n                  \/* <![CDATA[ *\/\r\n\r\n\t\t\t\t  \r\n                  let block_slider_69de267263bec = {\"id\":\"block_slider_69de267263bec\",\"type\":\"slider\",\"name\":\"slider_block_slider_69de267263bec\",\"options\":{\"speed\":400,\"effect\":\"slide\",\"slidesPerView\":3,\"spaceBetween\":30,\"autoHeight\":false,\"loop\":false,\"grabCursor\":true,\"navigation\":{\"nextEl\":\"#block_slider_69de267263bec-next\",\"prevEl\":\"#block_slider_69de267263bec-prev\"}}};\r\n\r\n                  window.addEventListener('DOMContentLoaded', (event) => {\r\n                    createNewSlider(block_slider_69de267263bec.id, block_slider_69de267263bec.type, block_slider_69de267263bec.name, block_slider_69de267263bec.options);\r\n                  });\r\n\r\n\t\t\t\t  \r\n                  \/* ]]> *\/\r\n\t\t\t\t<\/script>\r\n\r\n\t\t\t<\/div>\r\n\r\n\t\t<\/div><\/div><\/div><\/div>\n\n\n\n<div style=\"height:100px\" aria-hidden=\"true\" class=\"wp-block-spacer is-style-tiny\"><\/div>\n\n\n\n<div class=\"wp-block-group is-style-width-70\"><div class=\"wp-block-group__inner-container is-layout-constrained wp-block-group-is-layout-constrained\">\r\n<div class=\"custom-block-callout co-callout image-pos--right\" id=\"callout-block_e90d6e97da4dfc305e5a2f590946f1e1\">\r\n  <div class=\"co-callout__inner\">\r\n    <div class=\"co-callout__content\">\r\n              <div class=\"co-callout__text\">\r\n          Sie m\u00f6chten wissen, wie die Cement Wall Fliesen in Ihren R\u00e4umen wirken?        <\/div>\r\n            <a href='https:\/\/www.raabkarcher.de\/a\/virtueller-raumplaner' target='_blank' class='co-callout__button'>Dann testen Sie jetzt den virtuellen Raumplaner<\/a>    <\/div>\r\n          <div class=\"co-callout__image-wrapper\">\r\n        <div class=\"co-callout__image\">\r\n          <img decoding=\"async\" src=\"https:\/\/kermos.com\/wp-content\/uploads\/2025\/11\/Laptop_Raumplaner-small2.png\" alt=\"\" loading=\"lazy\" \/>\r\n        <\/div>\r\n      <\/div>\r\n      <\/div>\r\n<\/div>\r\n<\/div><\/div>\n\n\n\n<div class=\"wp-block-group is-style-width-60\"><div class=\"wp-block-group__inner-container is-layout-constrained wp-block-group-is-layout-constrained\">\n<p>Das komplette Cement Wall-Sortiment finden Sie in unserem Onlineshop:<\/p>\n\n\n\n<div class=\"wp-block-columns is-layout-flex wp-container-core-columns-is-layout-9d6595d7 wp-block-columns-is-layout-flex\">\n<div class=\"wp-block-column is-layout-flow wp-block-column-is-layout-flow\">\r\n<div class=\"custom-block-image-card-link\" id=\"image-card-link-block_2c1aa1b246a34e44601c4fd27d606f12\">\r\n\t<a href=\"https:\/\/www.raabkarcher.de\/produkte\/cement-wall\/c\/rk3_3596515\"\r\n\t   class=\"image-card-link__link css-hover\"\r\n\t   target=\"_blank\"\r\n\t   title=\"Raab Karcher\">\r\n\r\n\t\t\t\t\t<img decoding=\"async\" src=\"https:\/\/kermos.com\/wp-content\/uploads\/2025\/12\/1200x400px-DE-Raab-Karcher.png\" alt=\"\" class=\"image-card-link__image\" \/>\r\n\t\t\r\n\t\t\r\n\t<\/a>\r\n<\/div>\r\n<\/div>\n\n\n\n<div class=\"wp-block-column is-layout-flow wp-block-column-is-layout-flow\">\r\n<div class=\"custom-block-image-card-link\" id=\"image-card-link-block_6b8ae3b52292341a196fdbb3ae59b379\">\r\n\t<a href=\"https:\/\/shop.keramundo.de\/produkte\/cement-wall\/c\/km3_3596515%20\"\r\n\t   class=\"image-card-link__link css-hover\"\r\n\t   target=\"_blank\"\r\n\t   title=\"Keramundo\">\r\n\r\n\t\t\t\t\t<img decoding=\"async\" src=\"https:\/\/kermos.com\/wp-content\/uploads\/2025\/12\/1200x400px-DE-Keramundo.png\" alt=\"\" class=\"image-card-link__image\" \/>\r\n\t\t\r\n\t\t\r\n\t<\/a>\r\n<\/div>\r\n<\/div>\n<\/div>\n<\/div><\/div>\n\n\n\n<div style=\"height:100px\" aria-hidden=\"true\" class=\"wp-block-spacer is-style-small\"><\/div>\n","protected":false},"excerpt":{"rendered":"<p>Urbane Schlichtheit trifft auf stilvolle Zur\u00fcckhaltung: KERMOS Cement Wall bringt die zeitlose \u00c4sthetik von Zement in Ihr Zuhause und schafft eine au\u00dfergew\u00f6hnliche Atmosph\u00e4re in jedem Raum.<\/p>\n","protected":false},"author":2,"featured_media":1644,"parent":6536,"menu_order":38,"comment_status":"closed","ping_status":"closed","template":"","meta":{"_acf_changed":false,"_seopress_robots_primary_cat":"","_seopress_titles_title":"","_seopress_titles_desc":"","_seopress_robots_index":"","footnotes":""},"class_list":["post-6384","page","type-page","status-publish","has-post-thumbnail","hentry"],"acf":[],"_links":{"self":[{"href":"https:\/\/kermos.com\/de\/wp-json\/wp\/v2\/pages\/6384","targetHints":{"allow":["GET"]}}],"collection":[{"href":"https:\/\/kermos.com\/de\/wp-json\/wp\/v2\/pages"}],"about":[{"href":"https:\/\/kermos.com\/de\/wp-json\/wp\/v2\/types\/page"}],"author":[{"embeddable":true,"href":"https:\/\/kermos.com\/de\/wp-json\/wp\/v2\/users\/2"}],"replies":[{"embeddable":true,"href":"https:\/\/kermos.com\/de\/wp-json\/wp\/v2\/comments?post=6384"}],"version-history":[{"count":5,"href":"https:\/\/kermos.com\/de\/wp-json\/wp\/v2\/pages\/6384\/revisions"}],"predecessor-version":[{"id":9993,"href":"https:\/\/kermos.com\/de\/wp-json\/wp\/v2\/pages\/6384\/revisions\/9993"}],"up":[{"embeddable":true,"href":"https:\/\/kermos.com\/de\/wp-json\/wp\/v2\/pages\/6536"}],"wp:featuredmedia":[{"embeddable":true,"href":"https:\/\/kermos.com\/de\/wp-json\/wp\/v2\/media\/1644"}],"wp:attachment":[{"href":"https:\/\/kermos.com\/de\/wp-json\/wp\/v2\/media?parent=6384"}],"curies":[{"name":"wp","href":"https:\/\/api.w.org\/{rel}","templated":true}]}}