{"id":6613,"date":"2025-11-04T09:35:38","date_gmt":"2025-11-04T08:35:38","guid":{"rendered":"https:\/\/kermos.stark.aliaz.net\/?page_id=6613"},"modified":"2025-12-15T13:08:16","modified_gmt":"2025-12-15T12:08:16","slug":"vinyl","status":"publish","type":"page","link":"https:\/\/kermos.com\/de\/produkte\/vinyl\/","title":{"rendered":"Vinyl"},"content":{"rendered":"\n<div class=\"wp-block-group is-style-width-70\"><div class=\"wp-block-group__inner-container is-layout-constrained wp-block-group-is-layout-constrained\"><div class='element-heading-wrapper products-widget flex align-center justify-space-between mb-4'><h2 class=\"has-4-xl-font-size m-0\">Serien<\/h2><\/div><p>Error in parent or market code not found<\/p><\/div><\/div>\n","protected":false},"excerpt":{"rendered":"<p>Vinylb\u00f6den von KERMOS vereinen modernes Design mit praktischer Funktionalit\u00e4t. Sie sind wasserfest, pflegeleicht und angenehm fu\u00dfwarm \u2013 ideal f\u00fcr jeden Raum.<\/p>\n","protected":false},"author":2,"featured_media":4218,"parent":6579,"menu_order":205,"comment_status":"closed","ping_status":"closed","template":"","meta":{"_acf_changed":false,"_seopress_robots_primary_cat":"","_seopress_titles_title":"","_seopress_titles_desc":"","_seopress_robots_index":"","footnotes":""},"class_list":["post-6613","page","type-page","status-publish","has-post-thumbnail","hentry"],"acf":[],"_links":{"self":[{"href":"https:\/\/kermos.com\/de\/wp-json\/wp\/v2\/pages\/6613","targetHints":{"allow":["GET"]}}],"collection":[{"href":"https:\/\/kermos.com\/de\/wp-json\/wp\/v2\/pages"}],"about":[{"href":"https:\/\/kermos.com\/de\/wp-json\/wp\/v2\/types\/page"}],"author":[{"embeddable":true,"href":"https:\/\/kermos.com\/de\/wp-json\/wp\/v2\/users\/2"}],"replies":[{"embeddable":true,"href":"https:\/\/kermos.com\/de\/wp-json\/wp\/v2\/comments?post=6613"}],"version-history":[{"count":4,"href":"https:\/\/kermos.com\/de\/wp-json\/wp\/v2\/pages\/6613\/revisions"}],"predecessor-version":[{"id":7018,"href":"https:\/\/kermos.com\/de\/wp-json\/wp\/v2\/pages\/6613\/revisions\/7018"}],"up":[{"embeddable":true,"href":"https:\/\/kermos.com\/de\/wp-json\/wp\/v2\/pages\/6579"}],"wp:featuredmedia":[{"embeddable":true,"href":"https:\/\/kermos.com\/de\/wp-json\/wp\/v2\/media\/4218"}],"wp:attachment":[{"href":"https:\/\/kermos.com\/de\/wp-json\/wp\/v2\/media?parent=6613"}],"curies":[{"name":"wp","href":"https:\/\/api.w.org\/{rel}","templated":true}]}}