{"id":6635,"date":"2025-11-04T15:31:08","date_gmt":"2025-11-04T14:31:08","guid":{"rendered":"https:\/\/kermos.stark.aliaz.net\/?page_id=6635"},"modified":"2026-03-06T14:24:41","modified_gmt":"2026-03-06T13:24:41","slug":"feinkorn","status":"publish","type":"page","link":"https:\/\/kermos.com\/de\/produkte\/fliesen\/feinkorn\/","title":{"rendered":"Feinkorn"},"content":{"rendered":"\n<div style=\"height:15px\" aria-hidden=\"true\" class=\"wp-block-spacer is-style-tiny\"><\/div>\n\n\n\n<div class=\"wp-block-group is-style-width-50\"><div class=\"wp-block-group__inner-container is-layout-constrained wp-block-group-is-layout-constrained\">\n<h2 class=\"wp-block-heading\"><strong>Qualit\u00e4t trifft auf Funktionalit\u00e4t<\/strong><\/h2>\n\n\n\n<p>KERMOS Feinkorn ist die ideale Wahl f\u00fcr alle, die unglasiertes Feinsteinzeug mit hoher technischer Leistung suchen. Die Fliesenserie ist so konzipiert, dass sie mit ihren verschiedenen Trittsicherheitsgruppen eine Vielzahl von Anforderungen erf\u00fcllt, wodurch sie besonders f\u00fcr technisch anspruchsvolle Umgebungen geeignet ist. <\/p>\n\n\n\n<p>Dank der Reliefoberfl\u00e4che und dem Modulformat von 30 x 60 cm bietet KERMOS Feinkorn eine innovative Systeml\u00f6sung, die sowohl funktional als auch \u00e4sthetisch ansprechend ist.<\/p>\n<\/div><\/div>\n\n\n\n<div style=\"height:100px\" aria-hidden=\"true\" class=\"wp-block-spacer is-style-tiny\"><\/div>\n\n\n\n<div class=\"wp-block-group is-style-width-50\"><div class=\"wp-block-group__inner-container is-layout-constrained wp-block-group-is-layout-constrained\">\n<div class=\"wp-block-columns is-layout-flex wp-container-core-columns-is-layout-9d6595d7 wp-block-columns-is-layout-flex\">\n<div class=\"wp-block-column is-layout-flow wp-block-column-is-layout-flow\">\n<div class=\"wp-block-columns is-layout-flex wp-container-core-columns-is-layout-9d6595d7 wp-block-columns-is-layout-flex\">\n<div class=\"wp-block-column is-layout-flow wp-block-column-is-layout-flow\">\n<figure class=\"wp-block-image size-S_QUAD is-resized\"><img alt=\"\" loading=\"lazy\" decoding=\"async\" width=\"480\" height=\"480\" src=\"http:\/\/kermos.com\/wp-content\/uploads\/2025\/11\/KERMOS_Feinkorn_product_light-grey-smooth-480x480.jpg\" alt=\"\" class=\"wp-image-2105\" style=\"width:265px;height:auto\" srcset=\"https:\/\/kermos.com\/wp-content\/uploads\/2025\/11\/KERMOS_Feinkorn_product_light-grey-smooth-480x480.jpg 480w, https:\/\/kermos.com\/wp-content\/uploads\/2025\/11\/KERMOS_Feinkorn_product_light-grey-smooth-300x300.jpg 300w, https:\/\/kermos.com\/wp-content\/uploads\/2025\/11\/KERMOS_Feinkorn_product_light-grey-smooth-1024x1024.jpg 1024w, https:\/\/kermos.com\/wp-content\/uploads\/2025\/11\/KERMOS_Feinkorn_product_light-grey-smooth-150x150.jpg 150w, https:\/\/kermos.com\/wp-content\/uploads\/2025\/11\/KERMOS_Feinkorn_product_light-grey-smooth-768x768.jpg 768w, https:\/\/kermos.com\/wp-content\/uploads\/2025\/11\/KERMOS_Feinkorn_product_light-grey-smooth-960x960.jpg 960w, https:\/\/kermos.com\/wp-content\/uploads\/2025\/11\/KERMOS_Feinkorn_product_light-grey-smooth-720x720.jpg 720w, https:\/\/kermos.com\/wp-content\/uploads\/2025\/11\/KERMOS_Feinkorn_product_light-grey-smooth.jpg 1200w\" sizes=\"auto, (max-width: 480px) 100vw, 480px\" \/><figcaption class=\"wp-element-caption\">Hellgrau glatt<\/figcaption><\/figure>\n<\/div>\n\n\n\n<div class=\"wp-block-column is-layout-flow wp-block-column-is-layout-flow\">\n<figure class=\"wp-block-image size-S_QUAD\"><img alt=\"\" loading=\"lazy\" decoding=\"async\" width=\"480\" height=\"480\" src=\"http:\/\/kermos.com\/wp-content\/uploads\/2025\/11\/KERMOS_Feinkorn_product_light-grey-slated-480x480.jpg\" alt=\"\" class=\"wp-image-2099\" srcset=\"https:\/\/kermos.com\/wp-content\/uploads\/2025\/11\/KERMOS_Feinkorn_product_light-grey-slated-480x480.jpg 480w, https:\/\/kermos.com\/wp-content\/uploads\/2025\/11\/KERMOS_Feinkorn_product_light-grey-slated-300x300.jpg 300w, https:\/\/kermos.com\/wp-content\/uploads\/2025\/11\/KERMOS_Feinkorn_product_light-grey-slated-1024x1024.jpg 1024w, https:\/\/kermos.com\/wp-content\/uploads\/2025\/11\/KERMOS_Feinkorn_product_light-grey-slated-150x150.jpg 150w, https:\/\/kermos.com\/wp-content\/uploads\/2025\/11\/KERMOS_Feinkorn_product_light-grey-slated-768x768.jpg 768w, https:\/\/kermos.com\/wp-content\/uploads\/2025\/11\/KERMOS_Feinkorn_product_light-grey-slated-960x960.jpg 960w, https:\/\/kermos.com\/wp-content\/uploads\/2025\/11\/KERMOS_Feinkorn_product_light-grey-slated-720x720.jpg 720w, https:\/\/kermos.com\/wp-content\/uploads\/2025\/11\/KERMOS_Feinkorn_product_light-grey-slated.jpg 1200w\" sizes=\"auto, (max-width: 480px) 100vw, 480px\" \/><figcaption class=\"wp-element-caption\">Hellgrau geschiefert<\/figcaption><\/figure>\n<\/div>\n<\/div>\n<\/div>\n\n\n\n<div class=\"wp-block-column is-layout-flow wp-block-column-is-layout-flow\">\n<div class=\"wp-block-columns is-layout-flex wp-container-core-columns-is-layout-9d6595d7 wp-block-columns-is-layout-flex\">\n<div class=\"wp-block-column is-layout-flow wp-block-column-is-layout-flow\">\n<figure class=\"wp-block-image size-S_QUAD is-resized\"><img alt=\"\" loading=\"lazy\" decoding=\"async\" width=\"480\" height=\"480\" src=\"http:\/\/kermos.com\/wp-content\/uploads\/2025\/11\/KERMOS_Feinkorn_product_light-grey-star-cam-480x480.jpg\" alt=\"\" class=\"wp-image-2111\" style=\"width:265px;height:auto\" srcset=\"https:\/\/kermos.com\/wp-content\/uploads\/2025\/11\/KERMOS_Feinkorn_product_light-grey-star-cam-480x480.jpg 480w, https:\/\/kermos.com\/wp-content\/uploads\/2025\/11\/KERMOS_Feinkorn_product_light-grey-star-cam-300x300.jpg 300w, https:\/\/kermos.com\/wp-content\/uploads\/2025\/11\/KERMOS_Feinkorn_product_light-grey-star-cam-1024x1024.jpg 1024w, https:\/\/kermos.com\/wp-content\/uploads\/2025\/11\/KERMOS_Feinkorn_product_light-grey-star-cam-150x150.jpg 150w, https:\/\/kermos.com\/wp-content\/uploads\/2025\/11\/KERMOS_Feinkorn_product_light-grey-star-cam-768x768.jpg 768w, https:\/\/kermos.com\/wp-content\/uploads\/2025\/11\/KERMOS_Feinkorn_product_light-grey-star-cam-960x960.jpg 960w, https:\/\/kermos.com\/wp-content\/uploads\/2025\/11\/KERMOS_Feinkorn_product_light-grey-star-cam-720x720.jpg 720w, https:\/\/kermos.com\/wp-content\/uploads\/2025\/11\/KERMOS_Feinkorn_product_light-grey-star-cam.jpg 1200w\" sizes=\"auto, (max-width: 480px) 100vw, 480px\" \/><figcaption class=\"wp-element-caption\">Hellgrau mit Sternnocken<\/figcaption><\/figure>\n<\/div>\n\n\n\n<div class=\"wp-block-column is-layout-flow wp-block-column-is-layout-flow\"><\/div>\n<\/div>\n<\/div>\n<\/div>\n<\/div><\/div>\n\n\n\n<div class=\"wp-block-group is-style-width-50\"><div class=\"wp-block-group__inner-container is-layout-constrained wp-block-group-is-layout-constrained\">\n<div class=\"wp-block-columns is-layout-flex wp-container-core-columns-is-layout-9d6595d7 wp-block-columns-is-layout-flex\">\n<div class=\"wp-block-column is-layout-flow wp-block-column-is-layout-flow\">\n<div class=\"wp-block-columns is-layout-flex wp-container-core-columns-is-layout-9d6595d7 wp-block-columns-is-layout-flex\">\n<div class=\"wp-block-column is-layout-flow wp-block-column-is-layout-flow\">\n<figure class=\"wp-block-image size-S_QUAD is-resized\"><img alt=\"\" loading=\"lazy\" decoding=\"async\" width=\"480\" height=\"480\" src=\"http:\/\/kermos.com\/wp-content\/uploads\/2025\/11\/KERMOS_Feinkorn_product_dark-grey-smooth-480x480.jpg\" alt=\"\" class=\"wp-image-2081\" style=\"width:265px;height:auto\" srcset=\"https:\/\/kermos.com\/wp-content\/uploads\/2025\/11\/KERMOS_Feinkorn_product_dark-grey-smooth-480x480.jpg 480w, https:\/\/kermos.com\/wp-content\/uploads\/2025\/11\/KERMOS_Feinkorn_product_dark-grey-smooth-300x300.jpg 300w, https:\/\/kermos.com\/wp-content\/uploads\/2025\/11\/KERMOS_Feinkorn_product_dark-grey-smooth-1024x1024.jpg 1024w, https:\/\/kermos.com\/wp-content\/uploads\/2025\/11\/KERMOS_Feinkorn_product_dark-grey-smooth-150x150.jpg 150w, https:\/\/kermos.com\/wp-content\/uploads\/2025\/11\/KERMOS_Feinkorn_product_dark-grey-smooth-768x768.jpg 768w, https:\/\/kermos.com\/wp-content\/uploads\/2025\/11\/KERMOS_Feinkorn_product_dark-grey-smooth-960x960.jpg 960w, https:\/\/kermos.com\/wp-content\/uploads\/2025\/11\/KERMOS_Feinkorn_product_dark-grey-smooth-720x720.jpg 720w, https:\/\/kermos.com\/wp-content\/uploads\/2025\/11\/KERMOS_Feinkorn_product_dark-grey-smooth.jpg 1200w\" sizes=\"auto, (max-width: 480px) 100vw, 480px\" \/><figcaption class=\"wp-element-caption\">Dunkelgrau glatt<\/figcaption><\/figure>\n<\/div>\n\n\n\n<div class=\"wp-block-column is-layout-flow wp-block-column-is-layout-flow\">\n<figure class=\"wp-block-image size-S_QUAD\"><img alt=\"\" loading=\"lazy\" decoding=\"async\" width=\"480\" height=\"480\" src=\"http:\/\/kermos.com\/wp-content\/uploads\/2025\/11\/KERMOS_Feinkorn_product_dark-grey-slated-480x480.jpg\" alt=\"\" class=\"wp-image-2075\" srcset=\"https:\/\/kermos.com\/wp-content\/uploads\/2025\/11\/KERMOS_Feinkorn_product_dark-grey-slated-480x480.jpg 480w, https:\/\/kermos.com\/wp-content\/uploads\/2025\/11\/KERMOS_Feinkorn_product_dark-grey-slated-300x300.jpg 300w, https:\/\/kermos.com\/wp-content\/uploads\/2025\/11\/KERMOS_Feinkorn_product_dark-grey-slated-1024x1024.jpg 1024w, https:\/\/kermos.com\/wp-content\/uploads\/2025\/11\/KERMOS_Feinkorn_product_dark-grey-slated-150x150.jpg 150w, https:\/\/kermos.com\/wp-content\/uploads\/2025\/11\/KERMOS_Feinkorn_product_dark-grey-slated-768x768.jpg 768w, https:\/\/kermos.com\/wp-content\/uploads\/2025\/11\/KERMOS_Feinkorn_product_dark-grey-slated-960x960.jpg 960w, https:\/\/kermos.com\/wp-content\/uploads\/2025\/11\/KERMOS_Feinkorn_product_dark-grey-slated-720x720.jpg 720w, https:\/\/kermos.com\/wp-content\/uploads\/2025\/11\/KERMOS_Feinkorn_product_dark-grey-slated.jpg 1200w\" sizes=\"auto, (max-width: 480px) 100vw, 480px\" \/><figcaption class=\"wp-element-caption\">Dunkelgrau geschiefert<\/figcaption><\/figure>\n<\/div>\n<\/div>\n<\/div>\n\n\n\n<div class=\"wp-block-column is-layout-flow wp-block-column-is-layout-flow\">\n<div class=\"wp-block-columns is-layout-flex wp-container-core-columns-is-layout-9d6595d7 wp-block-columns-is-layout-flex\">\n<div class=\"wp-block-column is-layout-flow wp-block-column-is-layout-flow\">\n<figure class=\"wp-block-image size-S_QUAD is-resized\"><img alt=\"\" loading=\"lazy\" decoding=\"async\" width=\"480\" height=\"480\" src=\"http:\/\/kermos.com\/wp-content\/uploads\/2025\/11\/KERMOS_Feinkorn_product_dark-grey-star-cam-480x480.jpg\" alt=\"\" class=\"wp-image-2087\" style=\"width:265px;height:auto\" srcset=\"https:\/\/kermos.com\/wp-content\/uploads\/2025\/11\/KERMOS_Feinkorn_product_dark-grey-star-cam-480x480.jpg 480w, https:\/\/kermos.com\/wp-content\/uploads\/2025\/11\/KERMOS_Feinkorn_product_dark-grey-star-cam-300x300.jpg 300w, https:\/\/kermos.com\/wp-content\/uploads\/2025\/11\/KERMOS_Feinkorn_product_dark-grey-star-cam-1024x1024.jpg 1024w, https:\/\/kermos.com\/wp-content\/uploads\/2025\/11\/KERMOS_Feinkorn_product_dark-grey-star-cam-150x150.jpg 150w, https:\/\/kermos.com\/wp-content\/uploads\/2025\/11\/KERMOS_Feinkorn_product_dark-grey-star-cam-768x768.jpg 768w, https:\/\/kermos.com\/wp-content\/uploads\/2025\/11\/KERMOS_Feinkorn_product_dark-grey-star-cam-960x960.jpg 960w, https:\/\/kermos.com\/wp-content\/uploads\/2025\/11\/KERMOS_Feinkorn_product_dark-grey-star-cam-720x720.jpg 720w, https:\/\/kermos.com\/wp-content\/uploads\/2025\/11\/KERMOS_Feinkorn_product_dark-grey-star-cam.jpg 1200w\" sizes=\"auto, (max-width: 480px) 100vw, 480px\" \/><figcaption class=\"wp-element-caption\">Dunkelgrau mit Sternnocken<\/figcaption><\/figure>\n<\/div>\n\n\n\n<div class=\"wp-block-column is-layout-flow wp-block-column-is-layout-flow\"><\/div>\n<\/div>\n<\/div>\n<\/div>\n<\/div><\/div>\n\n\n\n<div style=\"height:100px\" aria-hidden=\"true\" class=\"wp-block-spacer is-style-tiny\"><\/div>\n\n\n\n<div class=\"wp-block-group is-style-width-50\"><div class=\"wp-block-group__inner-container is-layout-constrained wp-block-group-is-layout-constrained\"><div class='custom-block-accordion' data-first-is-open='false' ><div class='accordion-title '><span class='label'>Oberfl\u00e4chen<\/span><\/div><div class='accordion-content'><div class='text-wrap'><p>Matt R10 B, R11 B und R12 C V4<\/p>\n<\/div><\/div><div class='accordion-title '><span class='label'>Struktur<\/span><\/div><div class='accordion-content'><div class='text-wrap'><p>Glatt, geschiefert und Sternnocken<\/p>\n<\/div><\/div><div class='accordion-title '><span class='label'>Formate<\/span><\/div><div class='accordion-content'><div class='text-wrap'><p>20 x 20, 30 x 30 und 30 x 60 cm<\/p>\n<\/div><\/div><div class='accordion-title '><span class='label'>Farben<\/span><\/div><div class='accordion-content'><div class='text-wrap'><p>Hellgrau und Dunkelgrau<\/p>\n<\/div><\/div><div class='accordion-title  last-element'><span class='label'>Zubeh\u00f6r<\/span><\/div><div class='accordion-content'><div class='text-wrap'><p>Mosaike, Stufen, Sockel, Hohlkehlsockel, Innenecken und Au\u00dfenecken<\/p>\n<\/div><\/div><\/div><\/div><\/div>\n\n\n\n<div style=\"height:100px\" aria-hidden=\"true\" class=\"wp-block-spacer is-style-tiny\"><\/div>\n\n\n\n<div class=\"wp-block-columns is-layout-flex wp-container-core-columns-is-layout-9d6595d7 wp-block-columns-is-layout-flex\">\n<div class=\"wp-block-column is-layout-flow wp-block-column-is-layout-flow\">\n<div class=\"wp-block-buttons is-content-justification-center is-layout-flex wp-container-core-buttons-is-layout-16018d1d wp-block-buttons-is-layout-flex\">\n<div class=\"wp-block-button\"><a class=\"wp-block-button__link wp-element-button\" href=\"https:\/\/shop.keramundo.de\/medias\/DOK-SP-103836.pdf?context=bWFzdGVyfGRvY3VtZW50c3w3NDkyNDF8YXBwbGljYXRpb24vcGRmfGFHTXlMMmcxWkM4NU1qQXpNRFEwTWpJd09UVTRMMFJQUzE5VFVGOHhNRE00TXpZdWNHUm18ZTUyOTZjZjJjNDZlMDliOTA1OTUxYzI3MzE5MjJmMzAwZWY2NjczOWE5YjE2ZjU0Y2Q0NDRmZmRiNDM1YWQxZQ\" target=\"_blank\" rel=\"noreferrer noopener\">Serienprospekt herunterladen<\/a><\/div>\n<\/div>\n<\/div>\n<\/div>\n\n\n\n<div style=\"height:100px\" aria-hidden=\"true\" class=\"wp-block-spacer is-style-small\"><\/div>\n\n\n\n<div class=\"wp-block-group is-style-width-75\"><div class=\"wp-block-group__inner-container is-layout-constrained wp-block-group-is-layout-constrained\"><div class='custom-block-slider'><div class='custom-block-slider'>\r\n\t\t\t<div class=\"swiper-element\">\r\n\r\n\t\t\t\t\t\t\t\t\t<div class=\"slider-prev slider-button\" id=\"block_slider_69e1fa4c5c1ab-prev\">\r\n\t\t\t\t\t\t<span class=\"fal fa-angle-left\"><\/span>\r\n\t\t\t\t\t<\/div>\r\n\t\t\t\t\t<div class=\"slider-next slider-button\" id=\"block_slider_69e1fa4c5c1ab-next\">\r\n\t\t\t\t\t\t<span class=\"fal fa-angle-right\"><\/span>\r\n\t\t\t\t\t<\/div>\r\n\t\t\t\t\r\n\t\t\t\t<div class=\"swiper has-navigation\" id=\"block_slider_69e1fa4c5c1ab\">\r\n\t\t\t\t\t<div class=\"swiper-wrapper\">\r\n\t\t\t\t\t\t<div class=\"swiper-slide\"><a href='https:\/\/kermos.com\/wp-content\/uploads\/2025\/11\/KERMOS_Feinkorn_ambient_light-grey.jpg' data-fancybox='block_slider_69e1fa4c5c1ab' data-caption=''><img src='https:\/\/kermos.com\/wp-content\/uploads\/2025\/11\/KERMOS_Feinkorn_ambient_light-grey.jpg' alt='' class='default src-acf type-img size-default width-33 max-width' srcset='https:\/\/kermos.com\/wp-content\/uploads\/2025\/11\/KERMOS_Feinkorn_ambient_light-grey-480x360.jpg 480w,https:\/\/kermos.com\/wp-content\/uploads\/2025\/11\/KERMOS_Feinkorn_ambient_light-grey-720x540.jpg 720w,https:\/\/kermos.com\/wp-content\/uploads\/2025\/11\/KERMOS_Feinkorn_ambient_light-grey-1200x960.jpg 1280w,'  sizes='(max-width: 768px) 100vw, 33vw' \/><\/a><\/div><div class=\"swiper-slide\"><a href='https:\/\/kermos.com\/wp-content\/uploads\/2025\/11\/KERMOS_Feinkorn_ambient_light-grey_3.jpg' data-fancybox='block_slider_69e1fa4c5c1ab' data-caption=''><img src='https:\/\/kermos.com\/wp-content\/uploads\/2025\/11\/KERMOS_Feinkorn_ambient_light-grey_3.jpg' alt='' class='default src-acf type-img size-default width-33 max-width' srcset='https:\/\/kermos.com\/wp-content\/uploads\/2025\/11\/KERMOS_Feinkorn_ambient_light-grey_3-480x360.jpg 480w,https:\/\/kermos.com\/wp-content\/uploads\/2025\/11\/KERMOS_Feinkorn_ambient_light-grey_3-720x540.jpg 720w,https:\/\/kermos.com\/wp-content\/uploads\/2025\/11\/KERMOS_Feinkorn_ambient_light-grey_3-1200x960.jpg 1280w,'  sizes='(max-width: 768px) 100vw, 33vw' \/><\/a><\/div><div class=\"swiper-slide\"><a href='https:\/\/kermos.com\/wp-content\/uploads\/2025\/11\/KERMOS_Feinkorn_ambient_light-grey_2.jpg' data-fancybox='block_slider_69e1fa4c5c1ab' data-caption=''><img src='https:\/\/kermos.com\/wp-content\/uploads\/2025\/11\/KERMOS_Feinkorn_ambient_light-grey_2.jpg' alt='' class='default src-acf type-img size-default width-33 max-width' srcset='https:\/\/kermos.com\/wp-content\/uploads\/2025\/11\/KERMOS_Feinkorn_ambient_light-grey_2-480x360.jpg 480w,https:\/\/kermos.com\/wp-content\/uploads\/2025\/11\/KERMOS_Feinkorn_ambient_light-grey_2-720x540.jpg 720w,https:\/\/kermos.com\/wp-content\/uploads\/2025\/11\/KERMOS_Feinkorn_ambient_light-grey_2-1200x960.jpg 1280w,'  sizes='(max-width: 768px) 100vw, 33vw' \/><\/a><\/div><div class=\"swiper-slide\"><a href='https:\/\/kermos.com\/wp-content\/uploads\/2025\/11\/KERMOS_Feinkorn_ambient_dark-grey.jpg' data-fancybox='block_slider_69e1fa4c5c1ab' data-caption=''><img src='https:\/\/kermos.com\/wp-content\/uploads\/2025\/11\/KERMOS_Feinkorn_ambient_dark-grey.jpg' alt='' class='default src-acf type-img size-default width-33 max-width' srcset='https:\/\/kermos.com\/wp-content\/uploads\/2025\/11\/KERMOS_Feinkorn_ambient_dark-grey-480x360.jpg 480w,https:\/\/kermos.com\/wp-content\/uploads\/2025\/11\/KERMOS_Feinkorn_ambient_dark-grey-720x540.jpg 720w,https:\/\/kermos.com\/wp-content\/uploads\/2025\/11\/KERMOS_Feinkorn_ambient_dark-grey-1200x960.jpg 1280w,'  sizes='(max-width: 768px) 100vw, 33vw' \/><\/a><\/div>\t\t\t\t\t<\/div>\r\n\t\t\t\t<\/div>\r\n\r\n\t\t\t\t\r\n\t\t\t\t\r\n\t\t\t\t<script type=\"text\/javascript\" async defer>\r\n                  \/* <![CDATA[ *\/\r\n\r\n\t\t\t\t  \r\n                  let block_slider_69e1fa4c5c1ab = {\"id\":\"block_slider_69e1fa4c5c1ab\",\"type\":\"slider\",\"name\":\"slider_block_slider_69e1fa4c5c1ab\",\"options\":{\"speed\":400,\"effect\":\"slide\",\"slidesPerView\":3,\"spaceBetween\":30,\"autoHeight\":false,\"loop\":false,\"grabCursor\":true,\"navigation\":{\"nextEl\":\"#block_slider_69e1fa4c5c1ab-next\",\"prevEl\":\"#block_slider_69e1fa4c5c1ab-prev\"}}};\r\n\r\n                  window.addEventListener('DOMContentLoaded', (event) => {\r\n                    createNewSlider(block_slider_69e1fa4c5c1ab.id, block_slider_69e1fa4c5c1ab.type, block_slider_69e1fa4c5c1ab.name, block_slider_69e1fa4c5c1ab.options);\r\n                  });\r\n\r\n\t\t\t\t  \r\n                  \/* ]]> *\/\r\n\t\t\t\t<\/script>\r\n\r\n\t\t\t<\/div>\r\n\r\n\t\t<\/div><\/div><\/div><\/div>\n\n\n\n<div style=\"height:100px\" aria-hidden=\"true\" class=\"wp-block-spacer is-style-tiny\"><\/div>\n\n\n\n<div class=\"wp-block-group is-style-width-70\"><div class=\"wp-block-group__inner-container is-layout-constrained wp-block-group-is-layout-constrained\">\r\n<div class=\"custom-block-callout co-callout image-pos--right\" id=\"callout-block_ed98b80fd181febf244b950e932cda8a\">\r\n  <div class=\"co-callout__inner\">\r\n    <div class=\"co-callout__content\">\r\n              <div class=\"co-callout__text\">\r\n          Sie m\u00f6chten wissen, wie die Feinkorn Fliesen in Ihren R\u00e4umen wirken?        <\/div>\r\n            <a href='https:\/\/www.raabkarcher.de\/a\/virtueller-raumplaner' target='_blank' class='co-callout__button'>Dann testen Sie jetzt den virtuellen Raumplaner<\/a>    <\/div>\r\n          <div class=\"co-callout__image-wrapper\">\r\n        <div class=\"co-callout__image\">\r\n          <img decoding=\"async\" src=\"https:\/\/kermos.com\/wp-content\/uploads\/2025\/11\/Laptop_Raumplaner-small2.png\" alt=\"\" loading=\"lazy\" \/>\r\n        <\/div>\r\n      <\/div>\r\n      <\/div>\r\n<\/div>\r\n<\/div><\/div>\n\n\n\n<div class=\"wp-block-group is-style-width-60\"><div class=\"wp-block-group__inner-container is-layout-constrained wp-block-group-is-layout-constrained\">\n<p>Das komplette Feinkorn-Sortiment finden Sie in unserem Onlineshop:<\/p>\n\n\n\n<div class=\"wp-block-columns is-layout-flex wp-container-core-columns-is-layout-9d6595d7 wp-block-columns-is-layout-flex\">\n<div class=\"wp-block-column is-layout-flow wp-block-column-is-layout-flow\">\r\n<div class=\"custom-block-image-card-link\" id=\"image-card-link-block_d8348b7fa1a15b35ea6fa41234218cd6\">\r\n\t<a href=\"https:\/\/www.raabkarcher.de\/produkte\/feinkorn\/c\/rk3_3589265\"\r\n\t   class=\"image-card-link__link css-hover\"\r\n\t   target=\"_blank\"\r\n\t   title=\"Raab Karcher\">\r\n\r\n\t\t\t\t\t<img decoding=\"async\" src=\"https:\/\/kermos.com\/wp-content\/uploads\/2025\/12\/1200x400px-DE-Raab-Karcher.png\" alt=\"\" class=\"image-card-link__image\" \/>\r\n\t\t\r\n\t\t\r\n\t<\/a>\r\n<\/div>\r\n<\/div>\n\n\n\n<div class=\"wp-block-column is-layout-flow wp-block-column-is-layout-flow\">\r\n<div class=\"custom-block-image-card-link\" id=\"image-card-link-block_52becc5c90ebd0b562d40b268c04f0b6\">\r\n\t<a href=\"https:\/\/shop.keramundo.de\/produkte\/feinkorn\/c\/km3_3589265\"\r\n\t   class=\"image-card-link__link css-hover\"\r\n\t   target=\"_blank\"\r\n\t   title=\"Keramundo\">\r\n\r\n\t\t\t\t\t<img decoding=\"async\" src=\"https:\/\/kermos.com\/wp-content\/uploads\/2025\/12\/1200x400px-DE-Keramundo.png\" alt=\"\" class=\"image-card-link__image\" \/>\r\n\t\t\r\n\t\t\r\n\t<\/a>\r\n<\/div>\r\n<\/div>\n<\/div>\n<\/div><\/div>\n\n\n\n<div style=\"height:100px\" aria-hidden=\"true\" class=\"wp-block-spacer is-style-small\"><\/div>\n","protected":false},"excerpt":{"rendered":"<p>Das unglasierte Feinsteinzeug f\u00fcr hohe technische Anspr\u00fcche. Dank unterschiedlicher Trittsicherheitsgruppen erf\u00fcllt es verschiedenste Anforderungen. <\/p>\n","protected":false},"author":2,"featured_media":2138,"parent":6536,"menu_order":47,"comment_status":"closed","ping_status":"closed","template":"","meta":{"_acf_changed":false,"_seopress_robots_primary_cat":"","_seopress_titles_title":"","_seopress_titles_desc":"","_seopress_robots_index":"","footnotes":""},"class_list":["post-6635","page","type-page","status-publish","has-post-thumbnail","hentry"],"acf":[],"_links":{"self":[{"href":"https:\/\/kermos.com\/de\/wp-json\/wp\/v2\/pages\/6635","targetHints":{"allow":["GET"]}}],"collection":[{"href":"https:\/\/kermos.com\/de\/wp-json\/wp\/v2\/pages"}],"about":[{"href":"https:\/\/kermos.com\/de\/wp-json\/wp\/v2\/types\/page"}],"author":[{"embeddable":true,"href":"https:\/\/kermos.com\/de\/wp-json\/wp\/v2\/users\/2"}],"replies":[{"embeddable":true,"href":"https:\/\/kermos.com\/de\/wp-json\/wp\/v2\/comments?post=6635"}],"version-history":[{"count":6,"href":"https:\/\/kermos.com\/de\/wp-json\/wp\/v2\/pages\/6635\/revisions"}],"predecessor-version":[{"id":10002,"href":"https:\/\/kermos.com\/de\/wp-json\/wp\/v2\/pages\/6635\/revisions\/10002"}],"up":[{"embeddable":true,"href":"https:\/\/kermos.com\/de\/wp-json\/wp\/v2\/pages\/6536"}],"wp:featuredmedia":[{"embeddable":true,"href":"https:\/\/kermos.com\/de\/wp-json\/wp\/v2\/media\/2138"}],"wp:attachment":[{"href":"https:\/\/kermos.com\/de\/wp-json\/wp\/v2\/media?parent=6635"}],"curies":[{"name":"wp","href":"https:\/\/api.w.org\/{rel}","templated":true}]}}