{"id":6731,"date":"2025-11-04T15:31:08","date_gmt":"2025-11-04T14:31:08","guid":{"rendered":"https:\/\/kermos.stark.aliaz.net\/?page_id=6731"},"modified":"2026-03-09T13:47:05","modified_gmt":"2026-03-09T12:47:05","slug":"home-design","status":"publish","type":"page","link":"https:\/\/kermos.com\/de\/produkte\/fliesen\/home-design\/","title":{"rendered":"Home Design"},"content":{"rendered":"\n<div style=\"height:100px\" aria-hidden=\"true\" class=\"wp-block-spacer is-style-tiny\"><\/div>\n\n\n\n<div class=\"wp-block-group is-style-width-50\"><div class=\"wp-block-group__inner-container is-layout-constrained wp-block-group-is-layout-constrained\">\n<h2 class=\"wp-block-heading\"><strong>Vielf\u00e4ltige Betonoptik<\/strong><\/h2>\n\n\n\n<p>Die Serie KERMOS Home Design \u00fcberzeugt durch moderne Betonoptik, die sich in jeden Wohnbereich, aber auch in den unterschiedlichsten Objektbereichen harmonisch einf\u00fcgt. Die rektifizierte Feinsteinzeugserie vereint keramisches Handwerk und schlichte Eleganz \u2013 und schafft so eine angenehme Ruhe und Weite in R\u00e4umen. <\/p>\n\n\n\n<p>Home Design in den Formaten 60 x 120 cm, 60 x 60 cm und 30 x 60 cm bietet eine Vielzahl von Farboptionen \u2013 von Wei\u00df \u00fcber Hellgrau, Grau, Anthrazit bis hin zu Taupe und Braun. Durch die trittsichere, aber softe R10B-Oberfl\u00e4che ist auch ein Einsatz im Nassbereich m\u00f6glich.<\/p>\n<\/div><\/div>\n\n\n\n<div style=\"height:100px\" aria-hidden=\"true\" class=\"wp-block-spacer is-style-tiny\"><\/div>\n\n\n\n<div class=\"wp-block-group is-style-width-50\"><div class=\"wp-block-group__inner-container is-layout-constrained wp-block-group-is-layout-constrained\">\n<div class=\"wp-block-columns is-layout-flex wp-container-core-columns-is-layout-9d6595d7 wp-block-columns-is-layout-flex\">\n<div class=\"wp-block-column is-layout-flow wp-block-column-is-layout-flow\">\n<div class=\"wp-block-columns is-layout-flex wp-container-core-columns-is-layout-9d6595d7 wp-block-columns-is-layout-flex\">\n<div class=\"wp-block-column is-layout-flow wp-block-column-is-layout-flow\">\n<figure class=\"wp-block-image size-S_QUAD\"><img alt=\"\" loading=\"lazy\" decoding=\"async\" width=\"480\" height=\"480\" src=\"http:\/\/kermos.com\/wp-content\/uploads\/2025\/11\/KERMOS_Home-Design_product_white-480x480.jpg\" alt=\"\" class=\"wp-image-2349\" srcset=\"https:\/\/kermos.com\/wp-content\/uploads\/2025\/11\/KERMOS_Home-Design_product_white-480x480.jpg 480w, https:\/\/kermos.com\/wp-content\/uploads\/2025\/11\/KERMOS_Home-Design_product_white-150x150.jpg 150w\" sizes=\"auto, (max-width: 480px) 100vw, 480px\" \/><figcaption class=\"wp-element-caption\">Wei\u00df<\/figcaption><\/figure>\n<\/div>\n\n\n\n<div class=\"wp-block-column is-layout-flow wp-block-column-is-layout-flow\">\n<figure class=\"wp-block-image size-S_QUAD\"><img alt=\"\" loading=\"lazy\" decoding=\"async\" width=\"480\" height=\"480\" src=\"http:\/\/kermos.com\/wp-content\/uploads\/2025\/11\/KERMOS_Home-Design_product_taupe-480x480.jpg\" alt=\"\" class=\"wp-image-2343\" srcset=\"https:\/\/kermos.com\/wp-content\/uploads\/2025\/11\/KERMOS_Home-Design_product_taupe-480x480.jpg 480w, https:\/\/kermos.com\/wp-content\/uploads\/2025\/11\/KERMOS_Home-Design_product_taupe-150x150.jpg 150w\" sizes=\"auto, (max-width: 480px) 100vw, 480px\" \/><figcaption class=\"wp-element-caption\">Taupe<\/figcaption><\/figure>\n<\/div>\n<\/div>\n<\/div>\n\n\n\n<div class=\"wp-block-column is-layout-flow wp-block-column-is-layout-flow\">\n<div class=\"wp-block-columns is-layout-flex wp-container-core-columns-is-layout-9d6595d7 wp-block-columns-is-layout-flex\">\n<div class=\"wp-block-column is-layout-flow wp-block-column-is-layout-flow\">\n<figure class=\"wp-block-image size-S_QUAD\"><img alt=\"\" loading=\"lazy\" decoding=\"async\" width=\"480\" height=\"480\" src=\"http:\/\/kermos.com\/wp-content\/uploads\/2025\/11\/KERMOS_Home-Design_product_light-grey-480x480.jpg\" alt=\"\" class=\"wp-image-2337\" srcset=\"https:\/\/kermos.com\/wp-content\/uploads\/2025\/11\/KERMOS_Home-Design_product_light-grey-480x480.jpg 480w, https:\/\/kermos.com\/wp-content\/uploads\/2025\/11\/KERMOS_Home-Design_product_light-grey-150x150.jpg 150w\" sizes=\"auto, (max-width: 480px) 100vw, 480px\" \/><figcaption class=\"wp-element-caption\">Hellgrau<\/figcaption><\/figure>\n<\/div>\n\n\n\n<div class=\"wp-block-column is-layout-flow wp-block-column-is-layout-flow\">\n<figure class=\"wp-block-image size-S_QUAD is-resized\"><img alt=\"\" loading=\"lazy\" decoding=\"async\" width=\"480\" height=\"480\" src=\"http:\/\/kermos.com\/wp-content\/uploads\/2025\/11\/KERMOS_Home-Design_product_grey-480x480.jpg\" alt=\"\" class=\"wp-image-2331\" style=\"width:265px;height:auto\" srcset=\"https:\/\/kermos.com\/wp-content\/uploads\/2025\/11\/KERMOS_Home-Design_product_grey-480x480.jpg 480w, https:\/\/kermos.com\/wp-content\/uploads\/2025\/11\/KERMOS_Home-Design_product_grey-150x150.jpg 150w\" sizes=\"auto, (max-width: 480px) 100vw, 480px\" \/><figcaption class=\"wp-element-caption\">Grau<\/figcaption><\/figure>\n<\/div>\n<\/div>\n<\/div>\n<\/div>\n<\/div><\/div>\n\n\n\n<div class=\"wp-block-group is-style-width-50\"><div class=\"wp-block-group__inner-container is-layout-constrained wp-block-group-is-layout-constrained\">\n<div class=\"wp-block-columns is-layout-flex wp-container-core-columns-is-layout-9d6595d7 wp-block-columns-is-layout-flex\">\n<div class=\"wp-block-column is-layout-flow wp-block-column-is-layout-flow\">\n<div class=\"wp-block-columns is-layout-flex wp-container-core-columns-is-layout-9d6595d7 wp-block-columns-is-layout-flex\">\n<div class=\"wp-block-column is-layout-flow wp-block-column-is-layout-flow\">\n<figure class=\"wp-block-image size-S_QUAD\"><img alt=\"\" loading=\"lazy\" decoding=\"async\" width=\"480\" height=\"480\" src=\"https:\/\/kermos.com\/wp-content\/uploads\/2025\/11\/KERMOS_Home-Design_product_brown-480x480.jpg\" alt=\"\" class=\"wp-image-2325\" srcset=\"https:\/\/kermos.com\/wp-content\/uploads\/2025\/11\/KERMOS_Home-Design_product_brown-480x480.jpg 480w, https:\/\/kermos.com\/wp-content\/uploads\/2025\/11\/KERMOS_Home-Design_product_brown-150x150.jpg 150w\" sizes=\"auto, (max-width: 480px) 100vw, 480px\" \/><figcaption class=\"wp-element-caption\">Braun&nbsp;<\/figcaption><\/figure>\n<\/div>\n\n\n\n<div class=\"wp-block-column is-layout-flow wp-block-column-is-layout-flow\">\n<figure class=\"wp-block-image size-S_QUAD\"><img alt=\"\" loading=\"lazy\" decoding=\"async\" width=\"480\" height=\"480\" src=\"https:\/\/kermos.com\/wp-content\/uploads\/2025\/11\/KERMOS_Home-Design_product_anthracite-480x480.jpg\" alt=\"\" class=\"wp-image-2319\" srcset=\"https:\/\/kermos.com\/wp-content\/uploads\/2025\/11\/KERMOS_Home-Design_product_anthracite-480x480.jpg 480w, https:\/\/kermos.com\/wp-content\/uploads\/2025\/11\/KERMOS_Home-Design_product_anthracite-150x150.jpg 150w\" sizes=\"auto, (max-width: 480px) 100vw, 480px\" \/><figcaption class=\"wp-element-caption\">Anthrazit<\/figcaption><\/figure>\n<\/div>\n<\/div>\n<\/div>\n\n\n\n<div class=\"wp-block-column is-layout-flow wp-block-column-is-layout-flow\">\n<div class=\"wp-block-columns is-layout-flex wp-container-core-columns-is-layout-9d6595d7 wp-block-columns-is-layout-flex\">\n<div class=\"wp-block-column is-layout-flow wp-block-column-is-layout-flow\"><\/div>\n\n\n\n<div class=\"wp-block-column is-layout-flow wp-block-column-is-layout-flow\"><\/div>\n<\/div>\n<\/div>\n<\/div>\n<\/div><\/div>\n\n\n\n<div style=\"height:100px\" aria-hidden=\"true\" class=\"wp-block-spacer is-style-tiny\"><\/div>\n\n\n\n<div class=\"wp-block-group is-style-width-50\"><div class=\"wp-block-group__inner-container is-layout-constrained wp-block-group-is-layout-constrained\"><div class='custom-block-accordion' data-first-is-open='false' ><div class='accordion-title '><span class='label'>Oberfl\u00e4chen<\/span><\/div><div class='accordion-content'><div class='text-wrap'><p>Matt R10 B<\/p>\n<\/div><\/div><div class='accordion-title '><span class='label'>Formate<\/span><\/div><div class='accordion-content'><div class='text-wrap'><p>30 x 60, 60 x 60 und 60 x 120 cm<\/p>\n<\/div><\/div><div class='accordion-title  last-element'><span class='label'>Farben<\/span><\/div><div class='accordion-content'><div class='text-wrap'><p>Wei\u00df, Taupe, Hellgrau, Grau, Braun und Anthrazit<\/p>\n<\/div><\/div><\/div><\/div><\/div>\n\n\n\n<div style=\"height:100px\" aria-hidden=\"true\" class=\"wp-block-spacer is-style-tiny\"><\/div>\n\n\n\n<div class=\"wp-block-columns is-layout-flex wp-container-core-columns-is-layout-9d6595d7 wp-block-columns-is-layout-flex\">\n<div class=\"wp-block-column is-layout-flow wp-block-column-is-layout-flow\">\n<div class=\"wp-block-buttons is-content-justification-center is-layout-flex wp-container-core-buttons-is-layout-16018d1d wp-block-buttons-is-layout-flex\">\n<div class=\"wp-block-button\"><a class=\"wp-block-button__link wp-element-button\" href=\"https:\/\/shop.keramundo.de\/medias\/DOK-SP-3507495.pdf?context=bWFzdGVyfGRvY3VtZW50c3wxNjQ3ODU0fGFwcGxpY2F0aW9uL3BkZnxhREExTDJnMlppODVNVGd3TURRNE5ESTBPVGt3TDBSUFMxOVRVRjh6TlRBM05EazFMbkJrWmd8MzVmYzBjYWNlODhkNWZiYTMxZjdiZTdjMTFjNDc1YjMyZGZiMzNhOTYzOWRlNTRkNzVjMmY3Yjg3ZmUzZDIxYg\" target=\"_blank\" rel=\"noreferrer noopener\">Serienprospekt herunterladen<\/a><\/div>\n<\/div>\n<\/div>\n<\/div>\n\n\n\n<div style=\"height:100px\" aria-hidden=\"true\" class=\"wp-block-spacer is-style-small\"><\/div>\n\n\n\n<div class=\"wp-block-group is-style-width-75\"><div class=\"wp-block-group__inner-container is-layout-constrained wp-block-group-is-layout-constrained\"><div class='custom-block-slider'><div class='custom-block-slider'>\r\n\t\t\t<div class=\"swiper-element\">\r\n\r\n\t\t\t\t\t\t\t\t\t<div class=\"slider-prev slider-button\" id=\"block_slider_69e04f225baa2-prev\">\r\n\t\t\t\t\t\t<span class=\"fal fa-angle-left\"><\/span>\r\n\t\t\t\t\t<\/div>\r\n\t\t\t\t\t<div class=\"slider-next slider-button\" id=\"block_slider_69e04f225baa2-next\">\r\n\t\t\t\t\t\t<span class=\"fal fa-angle-right\"><\/span>\r\n\t\t\t\t\t<\/div>\r\n\t\t\t\t\r\n\t\t\t\t<div class=\"swiper has-navigation\" id=\"block_slider_69e04f225baa2\">\r\n\t\t\t\t\t<div class=\"swiper-wrapper\">\r\n\t\t\t\t\t\t<div class=\"swiper-slide\"><a href='https:\/\/kermos.com\/wp-content\/uploads\/2025\/11\/KERMOS_Home-Design_ambient_taupe_white.jpg' data-fancybox='block_slider_69e04f225baa2' data-caption=''><img src='https:\/\/kermos.com\/wp-content\/uploads\/2025\/11\/KERMOS_Home-Design_ambient_taupe_white.jpg' alt='' class='default src-acf type-img size-default width-33 max-width' srcset='https:\/\/kermos.com\/wp-content\/uploads\/2025\/11\/KERMOS_Home-Design_ambient_taupe_white-480x360.jpg 480w,https:\/\/kermos.com\/wp-content\/uploads\/2025\/11\/KERMOS_Home-Design_ambient_taupe_white-720x540.jpg 720w,https:\/\/kermos.com\/wp-content\/uploads\/2025\/11\/KERMOS_Home-Design_ambient_taupe_white-1200x960.jpg 1280w,'  sizes='(max-width: 768px) 100vw, 33vw' \/><\/a><\/div><div class=\"swiper-slide\"><a href='https:\/\/kermos.com\/wp-content\/uploads\/2025\/11\/KERMOS_Home-Design_ambient_light-grey_grey.jpg' data-fancybox='block_slider_69e04f225baa2' data-caption=''><img src='https:\/\/kermos.com\/wp-content\/uploads\/2025\/11\/KERMOS_Home-Design_ambient_light-grey_grey.jpg' alt='' class='default src-acf type-img size-default width-33 max-width' srcset='https:\/\/kermos.com\/wp-content\/uploads\/2025\/11\/KERMOS_Home-Design_ambient_light-grey_grey-480x360.jpg 480w,https:\/\/kermos.com\/wp-content\/uploads\/2025\/11\/KERMOS_Home-Design_ambient_light-grey_grey-720x540.jpg 720w,https:\/\/kermos.com\/wp-content\/uploads\/2025\/11\/KERMOS_Home-Design_ambient_light-grey_grey-1200x960.jpg 1280w,'  sizes='(max-width: 768px) 100vw, 33vw' \/><\/a><\/div><div class=\"swiper-slide\"><a href='https:\/\/kermos.com\/wp-content\/uploads\/2025\/11\/KERMOS_Home-Design_ambient_brown.jpg' data-fancybox='block_slider_69e04f225baa2' data-caption=''><img src='https:\/\/kermos.com\/wp-content\/uploads\/2025\/11\/KERMOS_Home-Design_ambient_brown.jpg' alt='' class='default src-acf type-img size-default width-33 max-width' srcset='https:\/\/kermos.com\/wp-content\/uploads\/2025\/11\/KERMOS_Home-Design_ambient_brown-480x360.jpg 480w,https:\/\/kermos.com\/wp-content\/uploads\/2025\/11\/KERMOS_Home-Design_ambient_brown-720x540.jpg 720w,https:\/\/kermos.com\/wp-content\/uploads\/2025\/11\/KERMOS_Home-Design_ambient_brown-1200x960.jpg 1280w,'  sizes='(max-width: 768px) 100vw, 33vw' \/><\/a><\/div>\t\t\t\t\t<\/div>\r\n\t\t\t\t<\/div>\r\n\r\n\t\t\t\t\r\n\t\t\t\t\r\n\t\t\t\t<script type=\"text\/javascript\" async defer>\r\n                  \/* <![CDATA[ *\/\r\n\r\n\t\t\t\t  \r\n                  let block_slider_69e04f225baa2 = {\"id\":\"block_slider_69e04f225baa2\",\"type\":\"slider\",\"name\":\"slider_block_slider_69e04f225baa2\",\"options\":{\"speed\":400,\"effect\":\"slide\",\"slidesPerView\":3,\"spaceBetween\":30,\"autoHeight\":false,\"loop\":false,\"grabCursor\":true,\"navigation\":{\"nextEl\":\"#block_slider_69e04f225baa2-next\",\"prevEl\":\"#block_slider_69e04f225baa2-prev\"}}};\r\n\r\n                  window.addEventListener('DOMContentLoaded', (event) => {\r\n                    createNewSlider(block_slider_69e04f225baa2.id, block_slider_69e04f225baa2.type, block_slider_69e04f225baa2.name, block_slider_69e04f225baa2.options);\r\n                  });\r\n\r\n\t\t\t\t  \r\n                  \/* ]]> *\/\r\n\t\t\t\t<\/script>\r\n\r\n\t\t\t<\/div>\r\n\r\n\t\t<\/div><\/div><\/div><\/div>\n\n\n\n<div style=\"height:100px\" aria-hidden=\"true\" class=\"wp-block-spacer is-style-tiny\"><\/div>\n\n\n\n<div class=\"wp-block-group is-style-width-70\"><div class=\"wp-block-group__inner-container is-layout-constrained wp-block-group-is-layout-constrained\">\r\n<div class=\"custom-block-callout co-callout image-pos--right\" id=\"callout-block_351d658f917a0c209ea1bf3a88f63d8d\">\r\n  <div class=\"co-callout__inner\">\r\n    <div class=\"co-callout__content\">\r\n              <div class=\"co-callout__text\">\r\n          Sie m\u00f6chten wissen, wie die Home Design Fliesen in Ihren R\u00e4umen wirken?        <\/div>\r\n            <a href='https:\/\/www.raabkarcher.de\/a\/virtueller-raumplaner' target='_blank' class='co-callout__button'>Dann testen Sie jetzt den virtuellen Raumplaner<\/a>    <\/div>\r\n          <div class=\"co-callout__image-wrapper\">\r\n        <div class=\"co-callout__image\">\r\n          <img decoding=\"async\" src=\"https:\/\/kermos.com\/wp-content\/uploads\/2025\/11\/Laptop_Raumplaner-small2.png\" alt=\"\" loading=\"lazy\" \/>\r\n        <\/div>\r\n      <\/div>\r\n      <\/div>\r\n<\/div>\r\n<\/div><\/div>\n\n\n\n<div class=\"wp-block-group is-style-width-60\"><div class=\"wp-block-group__inner-container is-layout-constrained wp-block-group-is-layout-constrained\">\n<p>Das komplette Home Design-Sortiment finden Sie in unserem Onlineshop:<\/p>\n\n\n\n<div class=\"wp-block-columns is-layout-flex wp-container-core-columns-is-layout-9d6595d7 wp-block-columns-is-layout-flex\">\n<div class=\"wp-block-column is-layout-flow wp-block-column-is-layout-flow\">\r\n<div class=\"custom-block-image-card-link\" id=\"image-card-link-block_f3fbe562eacc773ce3d21eb05905990a\">\r\n\t<a href=\"https:\/\/www.raabkarcher.de\/produkte\/home-design\/c\/rk3_3568487\"\r\n\t   class=\"image-card-link__link css-hover\"\r\n\t   target=\"_blank\"\r\n\t   title=\"Raab Karcher\">\r\n\r\n\t\t\t\t\t<img decoding=\"async\" src=\"https:\/\/kermos.com\/wp-content\/uploads\/2025\/12\/1200x400px-DE-Raab-Karcher.png\" alt=\"\" class=\"image-card-link__image\" \/>\r\n\t\t\r\n\t\t\r\n\t<\/a>\r\n<\/div>\r\n<\/div>\n\n\n\n<div class=\"wp-block-column is-layout-flow wp-block-column-is-layout-flow\">\r\n<div class=\"custom-block-image-card-link\" id=\"image-card-link-block_68d8e8357ccd5a5df53d499dbb5fa059\">\r\n\t<a href=\"https:\/\/shop.keramundo.de\/produkte\/home-design\/c\/km3_3568487\"\r\n\t   class=\"image-card-link__link css-hover\"\r\n\t   target=\"_blank\"\r\n\t   title=\"Keramundo\">\r\n\r\n\t\t\t\t\t<img decoding=\"async\" src=\"https:\/\/kermos.com\/wp-content\/uploads\/2025\/12\/1200x400px-DE-Keramundo.png\" alt=\"\" class=\"image-card-link__image\" \/>\r\n\t\t\r\n\t\t\r\n\t<\/a>\r\n<\/div>\r\n<\/div>\n<\/div>\n<\/div><\/div>\n\n\n\n<div style=\"height:100px\" aria-hidden=\"true\" class=\"wp-block-spacer is-style-small\"><\/div>\n","protected":false},"excerpt":{"rendered":"<p>Ob im Wohnzimmer, in der K\u00fcche oder in gewerblichen R\u00e4umen \u2013 die KERMOS Home Design Fliesen schaffen ein koh\u00e4rentes und modernes Ambiente, das durch seine zur\u00fcckhaltende Betonoptik besticht.<\/p>\n","protected":false},"author":2,"featured_media":2370,"parent":6536,"menu_order":53,"comment_status":"closed","ping_status":"closed","template":"","meta":{"_acf_changed":false,"_seopress_robots_primary_cat":"","_seopress_titles_title":"","_seopress_titles_desc":"","_seopress_robots_index":"","footnotes":""},"class_list":["post-6731","page","type-page","status-publish","has-post-thumbnail","hentry"],"acf":[],"_links":{"self":[{"href":"https:\/\/kermos.com\/de\/wp-json\/wp\/v2\/pages\/6731","targetHints":{"allow":["GET"]}}],"collection":[{"href":"https:\/\/kermos.com\/de\/wp-json\/wp\/v2\/pages"}],"about":[{"href":"https:\/\/kermos.com\/de\/wp-json\/wp\/v2\/types\/page"}],"author":[{"embeddable":true,"href":"https:\/\/kermos.com\/de\/wp-json\/wp\/v2\/users\/2"}],"replies":[{"embeddable":true,"href":"https:\/\/kermos.com\/de\/wp-json\/wp\/v2\/comments?post=6731"}],"version-history":[{"count":5,"href":"https:\/\/kermos.com\/de\/wp-json\/wp\/v2\/pages\/6731\/revisions"}],"predecessor-version":[{"id":10062,"href":"https:\/\/kermos.com\/de\/wp-json\/wp\/v2\/pages\/6731\/revisions\/10062"}],"up":[{"embeddable":true,"href":"https:\/\/kermos.com\/de\/wp-json\/wp\/v2\/pages\/6536"}],"wp:featuredmedia":[{"embeddable":true,"href":"https:\/\/kermos.com\/de\/wp-json\/wp\/v2\/media\/2370"}],"wp:attachment":[{"href":"https:\/\/kermos.com\/de\/wp-json\/wp\/v2\/media?parent=6731"}],"curies":[{"name":"wp","href":"https:\/\/api.w.org\/{rel}","templated":true}]}}