{"id":7020,"date":"2025-11-05T10:05:51","date_gmt":"2025-11-05T09:05:51","guid":{"rendered":"https:\/\/kermos.stark.aliaz.net\/?page_id=7020"},"modified":"2026-03-09T14:27:56","modified_gmt":"2026-03-09T13:27:56","slug":"vinyl-on-hdf","status":"publish","type":"page","link":"https:\/\/kermos.com\/de\/produkte\/vinyl\/vinyl-on-hdf\/","title":{"rendered":"Vinyl auf HDF"},"content":{"rendered":"\n<div style=\"height:100px\" aria-hidden=\"true\" class=\"wp-block-spacer is-style-tiny\"><\/div>\n\n\n\n<div class=\"wp-block-group is-style-width-50\"><div class=\"wp-block-group__inner-container is-layout-constrained wp-block-group-is-layout-constrained\">\n<h2 class=\"wp-block-heading\">F\u00fcr ein nat\u00fcrliches Gehgef\u00fchl bei jedem Schritt<\/h2>\n\n\n\n<p>Der innovative Design-Vinylboden vereint Design und Funktionalit\u00e4t wie kaum ein anderer Bodenbelag. Er punktet in Sachen Optik genauso wie mit seiner unverw\u00fcstlichen Art und ist die perfekte Kombination aus Langlebigkeit und Formstabilit\u00e4t. Er \u00fcberzeugt durch seine Verschlei\u00dffestigkeit und Chemikalienbest\u00e4ndigkeit, w\u00e4hrend die rutschhemmende Oberfl\u00e4che f\u00fcr Sicherheit sorgt. Zudem ist der Boden umweltfreundlich, da er phthalatfrei, also frei von chemischen Weichmachern, ist.<\/p>\n\n\n\n<p>Die Klickverbindung sorgt f\u00fcr eine einfache und schnelle Installation, w\u00e4hrend die Beanspruchungsklasse h\u00f6chste Belastbarkeit garantiert. Zudem ist der Boden geeignet f\u00fcr Fu\u00dfbodenheizungen und verf\u00fcgt \u00fcber eine integrierte Naturkork-Trittschallunterlage, die f\u00fcr zus\u00e4tzlichen Komfort sorgt. <\/p>\n\n\n\n<p>Die authentischen Holznachbildungen verleihen Ihrem Zuhause eine warme und einladende Atmosph\u00e4re. Vertrauen Sie auf die Qualit\u00e4t unseres Design-Vinylbodens und genie\u00dfen Sie ein Zuhause, das sowohl sch\u00f6n als auch praktisch ist.<\/p>\n<\/div><\/div>\n\n\n\n<div style=\"height:30px\" aria-hidden=\"true\" class=\"wp-block-spacer is-style-small\"><\/div>\n\n\n\n<div class=\"wp-block-group is-style-width-60\"><div class=\"wp-block-group__inner-container is-layout-constrained wp-block-group-is-layout-constrained\">\n<h2 class=\"wp-block-heading has-text-align-center\"><strong><strong><strong><strong>Schmatischer Aufbau<\/strong><\/strong><\/strong><\/strong><\/h2>\n\n\n\n<div class=\"wp-block-group is-content-justification-left is-nowrap is-layout-flex wp-container-core-group-is-layout-f56a869c wp-block-group-is-layout-flex\">\n<figure class=\"wp-block-image size-large\"><img alt=\"\" loading=\"lazy\" decoding=\"async\" width=\"1024\" height=\"568\" src=\"http:\/\/kermos.com\/wp-content\/uploads\/2025\/12\/KERMOS_hdf-vinyl_structure-1024x568.png\" alt=\"\" class=\"wp-image-6936\" style=\"object-fit:cover\" srcset=\"https:\/\/kermos.com\/wp-content\/uploads\/2025\/12\/KERMOS_hdf-vinyl_structure-1024x568.png 1024w, https:\/\/kermos.com\/wp-content\/uploads\/2025\/12\/KERMOS_hdf-vinyl_structure-300x167.png 300w, https:\/\/kermos.com\/wp-content\/uploads\/2025\/12\/KERMOS_hdf-vinyl_structure-768x426.png 768w, https:\/\/kermos.com\/wp-content\/uploads\/2025\/12\/KERMOS_hdf-vinyl_structure-480x266.png 480w, https:\/\/kermos.com\/wp-content\/uploads\/2025\/12\/KERMOS_hdf-vinyl_structure-720x400.png 720w, https:\/\/kermos.com\/wp-content\/uploads\/2025\/12\/KERMOS_hdf-vinyl_structure.png 1200w\" sizes=\"auto, (max-width: 1024px) 100vw, 1024px\" \/><\/figure>\n\n\n\n<div class=\"wp-block-group is-style-default\"><div class=\"wp-block-group__inner-container is-layout-constrained wp-block-group-is-layout-constrained\">\n<ol class=\"wp-block-list\">\n<li>Transparente Overlay Nutzschicht<\/li>\n\n\n\n<li>Strukturierte Vinylauflage (in diversen Dekoren)<\/li>\n\n\n\n<li>HDF (hochverdichtete Holzfaserplatte)<\/li>\n\n\n\n<li>Presskork als Trittschalld\u00e4mmung<\/li>\n<\/ol>\n<\/div><\/div>\n<\/div>\n<\/div><\/div>\n\n\n\n<div style=\"height:100px\" aria-hidden=\"true\" class=\"wp-block-spacer is-style-small\"><\/div>\n\n\n\n<div class=\"wp-block-group is-style-width-50\"><div class=\"wp-block-group__inner-container is-layout-constrained wp-block-group-is-layout-constrained\">\n<div class=\"wp-block-columns is-layout-flex wp-container-core-columns-is-layout-9d6595d7 wp-block-columns-is-layout-flex\">\n<div class=\"wp-block-column is-layout-flow wp-block-column-is-layout-flow\">\n<div class=\"wp-block-columns is-layout-flex wp-container-core-columns-is-layout-9d6595d7 wp-block-columns-is-layout-flex\">\n<div class=\"wp-block-column is-layout-flow wp-block-column-is-layout-flow\">\n<figure class=\"wp-block-image size-S_QUAD\"><img alt=\"\" loading=\"lazy\" decoding=\"async\" width=\"480\" height=\"480\" src=\"http:\/\/kermos.com\/wp-content\/uploads\/2025\/12\/KERMOS_hdf-vinyl_product_whisper-oak-480x480.jpg\" alt=\"\" class=\"wp-image-6930\" srcset=\"https:\/\/kermos.com\/wp-content\/uploads\/2025\/12\/KERMOS_hdf-vinyl_product_whisper-oak-480x480.jpg 480w, https:\/\/kermos.com\/wp-content\/uploads\/2025\/12\/KERMOS_hdf-vinyl_product_whisper-oak-150x150.jpg 150w\" sizes=\"auto, (max-width: 480px) 100vw, 480px\" \/><figcaption class=\"wp-element-caption\">Whisper Oak<\/figcaption><\/figure>\n<\/div>\n\n\n\n<div class=\"wp-block-column is-layout-flow wp-block-column-is-layout-flow\">\n<figure class=\"wp-block-image size-S_QUAD\"><img alt=\"\" loading=\"lazy\" decoding=\"async\" width=\"480\" height=\"480\" src=\"http:\/\/kermos.com\/wp-content\/uploads\/2025\/12\/KERMOS_hdf-vinyl_product_dune-oak-480x480.jpg\" alt=\"\" class=\"wp-image-6888\" srcset=\"https:\/\/kermos.com\/wp-content\/uploads\/2025\/12\/KERMOS_hdf-vinyl_product_dune-oak-480x480.jpg 480w, https:\/\/kermos.com\/wp-content\/uploads\/2025\/12\/KERMOS_hdf-vinyl_product_dune-oak-150x150.jpg 150w\" sizes=\"auto, (max-width: 480px) 100vw, 480px\" \/><figcaption class=\"wp-element-caption\">Dune Oak<\/figcaption><\/figure>\n<\/div>\n<\/div>\n<\/div>\n\n\n\n<div class=\"wp-block-column is-layout-flow wp-block-column-is-layout-flow\">\n<div class=\"wp-block-columns is-layout-flex wp-container-core-columns-is-layout-9d6595d7 wp-block-columns-is-layout-flex\">\n<div class=\"wp-block-column is-layout-flow wp-block-column-is-layout-flow\">\n<figure class=\"wp-block-image size-S_QUAD\"><img alt=\"\" loading=\"lazy\" decoding=\"async\" width=\"480\" height=\"480\" src=\"http:\/\/kermos.com\/wp-content\/uploads\/2025\/12\/KERMOS_hdf-vinyl_product_mountain-oak-480x480.jpg\" alt=\"\" class=\"wp-image-6918\" srcset=\"https:\/\/kermos.com\/wp-content\/uploads\/2025\/12\/KERMOS_hdf-vinyl_product_mountain-oak-480x480.jpg 480w, https:\/\/kermos.com\/wp-content\/uploads\/2025\/12\/KERMOS_hdf-vinyl_product_mountain-oak-150x150.jpg 150w\" sizes=\"auto, (max-width: 480px) 100vw, 480px\" \/><figcaption class=\"wp-element-caption\">Mountain Oak<\/figcaption><\/figure>\n<\/div>\n\n\n\n<div class=\"wp-block-column is-layout-flow wp-block-column-is-layout-flow\">\n<figure class=\"wp-block-image size-S_QUAD\"><img alt=\"\" loading=\"lazy\" decoding=\"async\" width=\"480\" height=\"480\" src=\"http:\/\/kermos.com\/wp-content\/uploads\/2025\/12\/KERMOS_hdf-vinyl_product_coastal-oak-480x480.jpg\" alt=\"\" class=\"wp-image-6882\" srcset=\"https:\/\/kermos.com\/wp-content\/uploads\/2025\/12\/KERMOS_hdf-vinyl_product_coastal-oak-480x480.jpg 480w, https:\/\/kermos.com\/wp-content\/uploads\/2025\/12\/KERMOS_hdf-vinyl_product_coastal-oak-150x150.jpg 150w\" sizes=\"auto, (max-width: 480px) 100vw, 480px\" \/><figcaption class=\"wp-element-caption\">Coastal Oak<\/figcaption><\/figure>\n<\/div>\n<\/div>\n<\/div>\n<\/div>\n<\/div><\/div>\n\n\n\n<div class=\"wp-block-group is-style-width-50\"><div class=\"wp-block-group__inner-container is-layout-constrained wp-block-group-is-layout-constrained\">\n<div class=\"wp-block-columns is-layout-flex wp-container-core-columns-is-layout-9d6595d7 wp-block-columns-is-layout-flex\">\n<div class=\"wp-block-column is-layout-flow wp-block-column-is-layout-flow\">\n<div class=\"wp-block-columns is-layout-flex wp-container-core-columns-is-layout-9d6595d7 wp-block-columns-is-layout-flex\">\n<div class=\"wp-block-column is-layout-flow wp-block-column-is-layout-flow\">\n<figure class=\"wp-block-image size-S_QUAD\"><img alt=\"\" loading=\"lazy\" decoding=\"async\" width=\"480\" height=\"480\" src=\"https:\/\/kermos.com\/wp-content\/uploads\/2025\/12\/KERMOS_hdf-vinyl_product_classic-larch-480x480.jpg\" alt=\"\" class=\"wp-image-6876\" srcset=\"https:\/\/kermos.com\/wp-content\/uploads\/2025\/12\/KERMOS_hdf-vinyl_product_classic-larch-480x480.jpg 480w, https:\/\/kermos.com\/wp-content\/uploads\/2025\/12\/KERMOS_hdf-vinyl_product_classic-larch-150x150.jpg 150w\" sizes=\"auto, (max-width: 480px) 100vw, 480px\" \/><figcaption class=\"wp-element-caption\">Classic Larch<\/figcaption><\/figure>\n<\/div>\n\n\n\n<div class=\"wp-block-column is-layout-flow wp-block-column-is-layout-flow\">\n<figure class=\"wp-block-image size-S_QUAD\"><img alt=\"\" loading=\"lazy\" decoding=\"async\" width=\"480\" height=\"480\" src=\"https:\/\/kermos.com\/wp-content\/uploads\/2025\/12\/KERMOS_hdf-vinyl_product_forest-pine-480x480.jpg\" alt=\"\" class=\"wp-image-6900\" srcset=\"https:\/\/kermos.com\/wp-content\/uploads\/2025\/12\/KERMOS_hdf-vinyl_product_forest-pine-480x480.jpg 480w, https:\/\/kermos.com\/wp-content\/uploads\/2025\/12\/KERMOS_hdf-vinyl_product_forest-pine-150x150.jpg 150w\" sizes=\"auto, (max-width: 480px) 100vw, 480px\" \/><figcaption class=\"wp-element-caption\">Forest Pine<\/figcaption><\/figure>\n<\/div>\n<\/div>\n<\/div>\n\n\n\n<div class=\"wp-block-column is-layout-flow wp-block-column-is-layout-flow\">\n<div class=\"wp-block-columns is-layout-flex wp-container-core-columns-is-layout-9d6595d7 wp-block-columns-is-layout-flex\">\n<div class=\"wp-block-column is-layout-flow wp-block-column-is-layout-flow\">\n<figure class=\"wp-block-image size-S_QUAD\"><img alt=\"\" loading=\"lazy\" decoding=\"async\" width=\"480\" height=\"480\" src=\"https:\/\/kermos.com\/wp-content\/uploads\/2025\/12\/KERMOS_hdf-vinyl_product_golden-oak-480x480.jpg\" alt=\"\" class=\"wp-image-6906\" srcset=\"https:\/\/kermos.com\/wp-content\/uploads\/2025\/12\/KERMOS_hdf-vinyl_product_golden-oak-480x480.jpg 480w, https:\/\/kermos.com\/wp-content\/uploads\/2025\/12\/KERMOS_hdf-vinyl_product_golden-oak-150x150.jpg 150w\" sizes=\"auto, (max-width: 480px) 100vw, 480px\" \/><figcaption class=\"wp-element-caption\">Golden Oak<\/figcaption><\/figure>\n<\/div>\n\n\n\n<div class=\"wp-block-column is-layout-flow wp-block-column-is-layout-flow\">\n<figure class=\"wp-block-image size-S_QUAD\"><img alt=\"\" loading=\"lazy\" decoding=\"async\" width=\"480\" height=\"480\" src=\"https:\/\/kermos.com\/wp-content\/uploads\/2025\/12\/KERMOS_hdf-vinyl_product_earthy-oak-480x480.jpg\" alt=\"\" class=\"wp-image-6894\" srcset=\"https:\/\/kermos.com\/wp-content\/uploads\/2025\/12\/KERMOS_hdf-vinyl_product_earthy-oak-480x480.jpg 480w, https:\/\/kermos.com\/wp-content\/uploads\/2025\/12\/KERMOS_hdf-vinyl_product_earthy-oak-150x150.jpg 150w\" sizes=\"auto, (max-width: 480px) 100vw, 480px\" \/><figcaption class=\"wp-element-caption\">Earthy Oak<\/figcaption><\/figure>\n<\/div>\n<\/div>\n<\/div>\n<\/div>\n<\/div><\/div>\n\n\n\n<div class=\"wp-block-group is-style-width-50\"><div class=\"wp-block-group__inner-container is-layout-constrained wp-block-group-is-layout-constrained\">\n<div class=\"wp-block-columns is-layout-flex wp-container-core-columns-is-layout-9d6595d7 wp-block-columns-is-layout-flex\">\n<div class=\"wp-block-column is-layout-flow wp-block-column-is-layout-flow\">\n<div class=\"wp-block-columns is-layout-flex wp-container-core-columns-is-layout-9d6595d7 wp-block-columns-is-layout-flex\">\n<div class=\"wp-block-column is-layout-flow wp-block-column-is-layout-flow\">\n<figure class=\"wp-block-image size-S_QUAD\"><img alt=\"\" loading=\"lazy\" decoding=\"async\" width=\"480\" height=\"480\" src=\"https:\/\/kermos.com\/wp-content\/uploads\/2025\/12\/KERMOS_hdf-vinyl_product_timberland-oak-480x480.jpg\" alt=\"\" class=\"wp-image-6924\" srcset=\"https:\/\/kermos.com\/wp-content\/uploads\/2025\/12\/KERMOS_hdf-vinyl_product_timberland-oak-480x480.jpg 480w, https:\/\/kermos.com\/wp-content\/uploads\/2025\/12\/KERMOS_hdf-vinyl_product_timberland-oak-150x150.jpg 150w\" sizes=\"auto, (max-width: 480px) 100vw, 480px\" \/><figcaption class=\"wp-element-caption\">Timberland Oak<\/figcaption><\/figure>\n<\/div>\n\n\n\n<div class=\"wp-block-column is-layout-flow wp-block-column-is-layout-flow\">\n<figure class=\"wp-block-image size-S_QUAD\"><img alt=\"\" loading=\"lazy\" decoding=\"async\" width=\"480\" height=\"480\" src=\"https:\/\/kermos.com\/wp-content\/uploads\/2025\/12\/KERMOS_hdf-vinyl_product_kings-oak-480x480.jpg\" alt=\"\" class=\"wp-image-6912\" srcset=\"https:\/\/kermos.com\/wp-content\/uploads\/2025\/12\/KERMOS_hdf-vinyl_product_kings-oak-480x480.jpg 480w, https:\/\/kermos.com\/wp-content\/uploads\/2025\/12\/KERMOS_hdf-vinyl_product_kings-oak-150x150.jpg 150w\" sizes=\"auto, (max-width: 480px) 100vw, 480px\" \/><figcaption class=\"wp-element-caption\">Kings Oak<\/figcaption><\/figure>\n<\/div>\n<\/div>\n<\/div>\n\n\n\n<div class=\"wp-block-column is-layout-flow wp-block-column-is-layout-flow\">\n<div class=\"wp-block-columns is-layout-flex wp-container-core-columns-is-layout-9d6595d7 wp-block-columns-is-layout-flex\">\n<div class=\"wp-block-column is-layout-flow wp-block-column-is-layout-flow\"><\/div>\n\n\n\n<div class=\"wp-block-column is-layout-flow wp-block-column-is-layout-flow\"><\/div>\n<\/div>\n<\/div>\n<\/div>\n<\/div><\/div>\n\n\n\n<div style=\"height:100px\" aria-hidden=\"true\" class=\"wp-block-spacer is-style-tiny\"><\/div>\n\n\n\n<div class=\"wp-block-group is-style-width-50\"><div class=\"wp-block-group__inner-container is-layout-constrained wp-block-group-is-layout-constrained\"><div class='custom-block-accordion' data-first-is-open='false' ><div class='accordion-title '><span class='label'>Verlegearten<\/span><\/div><div class='accordion-content'><div class='text-wrap'><p>schwimmend<\/p>\n<\/div><\/div><div class='accordion-title '><span class='label'>Format<\/span><\/div><div class='accordion-content'><div class='text-wrap'><p>1.235 x 230 cm<\/p>\n<\/div><\/div><div class='accordion-title '><span class='label'>Farben<\/span><\/div><div class='accordion-content'><div class='text-wrap'><p>Whisper Oak, Dune Oak, Mountain Oak, Coastal Oak, Classic Larch, Forest Pine, Golden Oak, Earthy Oak, Timberland Oak, Kings Oak<\/p>\n<\/div><\/div><div class='accordion-title  last-element'><span class='label'>Zubeh\u00f6r<\/span><\/div><div class='accordion-content'><div class='text-wrap'><p>KERMOS Sockelleisten, RAW Schienen und Profile<\/p>\n<\/div><\/div><\/div><\/div><\/div>\n\n\n\n<div style=\"height:100px\" aria-hidden=\"true\" class=\"wp-block-spacer is-style-tiny\"><\/div>\n\n\n\n<div class=\"wp-block-columns is-layout-flex wp-container-core-columns-is-layout-9d6595d7 wp-block-columns-is-layout-flex\">\n<div class=\"wp-block-column is-layout-flow wp-block-column-is-layout-flow\">\n<div class=\"wp-block-buttons is-content-justification-center is-layout-flex wp-container-core-buttons-is-layout-16018d1d wp-block-buttons-is-layout-flex\">\n<div class=\"wp-block-button\"><a class=\"wp-block-button__link wp-element-button\" href=\"https:\/\/downloads.kermos.de\/vinyl-hdf\/\" target=\"_blank\" rel=\"noreferrer noopener\">Brosch\u00fcre herunterladen<\/a><\/div>\n<\/div>\n<\/div>\n<\/div>\n\n\n\n<div style=\"height:100px\" aria-hidden=\"true\" class=\"wp-block-spacer is-style-small\"><\/div>\n\n\n\n<div class=\"wp-block-group is-style-width-75\"><div class=\"wp-block-group__inner-container is-layout-constrained wp-block-group-is-layout-constrained\"><div class='custom-block-slider'><div class='custom-block-slider'>\r\n\t\t\t<div class=\"swiper-element\">\r\n\r\n\t\t\t\t\t\t\t\t\t<div class=\"slider-prev slider-button\" id=\"block_slider_69e085421b5ea-prev\">\r\n\t\t\t\t\t\t<span class=\"fal fa-angle-left\"><\/span>\r\n\t\t\t\t\t<\/div>\r\n\t\t\t\t\t<div class=\"slider-next slider-button\" id=\"block_slider_69e085421b5ea-next\">\r\n\t\t\t\t\t\t<span class=\"fal fa-angle-right\"><\/span>\r\n\t\t\t\t\t<\/div>\r\n\t\t\t\t\r\n\t\t\t\t<div class=\"swiper has-navigation\" id=\"block_slider_69e085421b5ea\">\r\n\t\t\t\t\t<div class=\"swiper-wrapper\">\r\n\t\t\t\t\t\t<div class=\"swiper-slide\"><a href='https:\/\/kermos.com\/wp-content\/uploads\/2025\/12\/KERMOS_hdf-vinyl_ambient_timberland-oak.jpg' data-fancybox='block_slider_69e085421b5ea' data-caption=''><img src='https:\/\/kermos.com\/wp-content\/uploads\/2025\/12\/KERMOS_hdf-vinyl_ambient_timberland-oak.jpg' alt='' class='default src-acf type-img size-default width-33 max-width' srcset='https:\/\/kermos.com\/wp-content\/uploads\/2025\/12\/KERMOS_hdf-vinyl_ambient_timberland-oak-480x360.jpg 480w,https:\/\/kermos.com\/wp-content\/uploads\/2025\/12\/KERMOS_hdf-vinyl_ambient_timberland-oak-720x540.jpg 720w,https:\/\/kermos.com\/wp-content\/uploads\/2025\/12\/KERMOS_hdf-vinyl_ambient_timberland-oak-1200x960.jpg 1280w,'  sizes='(max-width: 768px) 100vw, 33vw' \/><\/a><\/div><div class=\"swiper-slide\"><a href='https:\/\/kermos.com\/wp-content\/uploads\/2025\/12\/KERMOS_hdf-vinyl_ambient_mountain-oak.jpg' data-fancybox='block_slider_69e085421b5ea' data-caption=''><img src='https:\/\/kermos.com\/wp-content\/uploads\/2025\/12\/KERMOS_hdf-vinyl_ambient_mountain-oak.jpg' alt='' class='default src-acf type-img size-default width-33 max-width' srcset='https:\/\/kermos.com\/wp-content\/uploads\/2025\/12\/KERMOS_hdf-vinyl_ambient_mountain-oak-480x360.jpg 480w,https:\/\/kermos.com\/wp-content\/uploads\/2025\/12\/KERMOS_hdf-vinyl_ambient_mountain-oak-720x540.jpg 720w,https:\/\/kermos.com\/wp-content\/uploads\/2025\/12\/KERMOS_hdf-vinyl_ambient_mountain-oak-1200x960.jpg 1280w,'  sizes='(max-width: 768px) 100vw, 33vw' \/><\/a><\/div><div class=\"swiper-slide\"><a href='https:\/\/kermos.com\/wp-content\/uploads\/2025\/12\/KERMOS_hdf-vinyl_ambient_kings-oak.jpg' data-fancybox='block_slider_69e085421b5ea' data-caption=''><img src='https:\/\/kermos.com\/wp-content\/uploads\/2025\/12\/KERMOS_hdf-vinyl_ambient_kings-oak.jpg' alt='' class='default src-acf type-img size-default width-33 max-width' srcset='https:\/\/kermos.com\/wp-content\/uploads\/2025\/12\/KERMOS_hdf-vinyl_ambient_kings-oak-480x360.jpg 480w,https:\/\/kermos.com\/wp-content\/uploads\/2025\/12\/KERMOS_hdf-vinyl_ambient_kings-oak-720x540.jpg 720w,https:\/\/kermos.com\/wp-content\/uploads\/2025\/12\/KERMOS_hdf-vinyl_ambient_kings-oak-1200x960.jpg 1280w,'  sizes='(max-width: 768px) 100vw, 33vw' \/><\/a><\/div><div class=\"swiper-slide\"><a href='https:\/\/kermos.com\/wp-content\/uploads\/2025\/12\/KERMOS_hdf-vinyl_ambient_golden-oak.jpg' data-fancybox='block_slider_69e085421b5ea' data-caption=''><img src='https:\/\/kermos.com\/wp-content\/uploads\/2025\/12\/KERMOS_hdf-vinyl_ambient_golden-oak.jpg' alt='' class='default src-acf type-img size-default width-33 max-width' srcset='https:\/\/kermos.com\/wp-content\/uploads\/2025\/12\/KERMOS_hdf-vinyl_ambient_golden-oak-480x360.jpg 480w,https:\/\/kermos.com\/wp-content\/uploads\/2025\/12\/KERMOS_hdf-vinyl_ambient_golden-oak-720x540.jpg 720w,https:\/\/kermos.com\/wp-content\/uploads\/2025\/12\/KERMOS_hdf-vinyl_ambient_golden-oak-1200x960.jpg 1280w,'  sizes='(max-width: 768px) 100vw, 33vw' \/><\/a><\/div><div class=\"swiper-slide\"><a href='https:\/\/kermos.com\/wp-content\/uploads\/2025\/12\/KERMOS_hdf-vinyl_ambient_dune-oak.jpg' data-fancybox='block_slider_69e085421b5ea' data-caption=''><img src='https:\/\/kermos.com\/wp-content\/uploads\/2025\/12\/KERMOS_hdf-vinyl_ambient_dune-oak.jpg' alt='' class='default src-acf type-img size-default width-33 max-width' srcset='https:\/\/kermos.com\/wp-content\/uploads\/2025\/12\/KERMOS_hdf-vinyl_ambient_dune-oak-480x360.jpg 480w,https:\/\/kermos.com\/wp-content\/uploads\/2025\/12\/KERMOS_hdf-vinyl_ambient_dune-oak-720x540.jpg 720w,https:\/\/kermos.com\/wp-content\/uploads\/2025\/12\/KERMOS_hdf-vinyl_ambient_dune-oak-1200x960.jpg 1280w,'  sizes='(max-width: 768px) 100vw, 33vw' \/><\/a><\/div><div class=\"swiper-slide\"><a href='https:\/\/kermos.com\/wp-content\/uploads\/2025\/12\/KERMOS_hdf-vinyl_ambient_coastal-oak.jpg' data-fancybox='block_slider_69e085421b5ea' data-caption=''><img src='https:\/\/kermos.com\/wp-content\/uploads\/2025\/12\/KERMOS_hdf-vinyl_ambient_coastal-oak.jpg' alt='' class='default src-acf type-img size-default width-33 max-width' srcset='https:\/\/kermos.com\/wp-content\/uploads\/2025\/12\/KERMOS_hdf-vinyl_ambient_coastal-oak-480x360.jpg 480w,https:\/\/kermos.com\/wp-content\/uploads\/2025\/12\/KERMOS_hdf-vinyl_ambient_coastal-oak-720x540.jpg 720w,https:\/\/kermos.com\/wp-content\/uploads\/2025\/12\/KERMOS_hdf-vinyl_ambient_coastal-oak-1200x960.jpg 1280w,'  sizes='(max-width: 768px) 100vw, 33vw' \/><\/a><\/div><div class=\"swiper-slide\"><a href='https:\/\/kermos.com\/wp-content\/uploads\/2025\/12\/KERMOS_hdf-vinyl_ambient_earthy-oak.jpg' data-fancybox='block_slider_69e085421b5ea' data-caption=''><img src='https:\/\/kermos.com\/wp-content\/uploads\/2025\/12\/KERMOS_hdf-vinyl_ambient_earthy-oak.jpg' alt='' class='default src-acf type-img size-default width-33 max-width' srcset='https:\/\/kermos.com\/wp-content\/uploads\/2025\/12\/KERMOS_hdf-vinyl_ambient_earthy-oak-480x360.jpg 480w,https:\/\/kermos.com\/wp-content\/uploads\/2025\/12\/KERMOS_hdf-vinyl_ambient_earthy-oak-720x540.jpg 720w,https:\/\/kermos.com\/wp-content\/uploads\/2025\/12\/KERMOS_hdf-vinyl_ambient_earthy-oak-1200x960.jpg 1280w,'  sizes='(max-width: 768px) 100vw, 33vw' \/><\/a><\/div>\t\t\t\t\t<\/div>\r\n\t\t\t\t<\/div>\r\n\r\n\t\t\t\t\r\n\t\t\t\t\r\n\t\t\t\t<script type=\"text\/javascript\" async defer>\r\n                  \/* <![CDATA[ *\/\r\n\r\n\t\t\t\t  \r\n                  let block_slider_69e085421b5ea = {\"id\":\"block_slider_69e085421b5ea\",\"type\":\"slider\",\"name\":\"slider_block_slider_69e085421b5ea\",\"options\":{\"speed\":400,\"effect\":\"slide\",\"slidesPerView\":3,\"spaceBetween\":30,\"autoHeight\":false,\"loop\":false,\"grabCursor\":true,\"navigation\":{\"nextEl\":\"#block_slider_69e085421b5ea-next\",\"prevEl\":\"#block_slider_69e085421b5ea-prev\"}}};\r\n\r\n                  window.addEventListener('DOMContentLoaded', (event) => {\r\n                    createNewSlider(block_slider_69e085421b5ea.id, block_slider_69e085421b5ea.type, block_slider_69e085421b5ea.name, block_slider_69e085421b5ea.options);\r\n                  });\r\n\r\n\t\t\t\t  \r\n                  \/* ]]> *\/\r\n\t\t\t\t<\/script>\r\n\r\n\t\t\t<\/div>\r\n\r\n\t\t<\/div><\/div><\/div><\/div>\n\n\n\n<div style=\"height:100px\" aria-hidden=\"true\" class=\"wp-block-spacer is-style-tiny\"><\/div>\n\n\n\n<div class=\"wp-block-group is-style-width-70\"><div class=\"wp-block-group__inner-container is-layout-constrained wp-block-group-is-layout-constrained\">\r\n<div class=\"custom-block-callout co-callout image-pos--right\" id=\"callout-block_07ebc883fcb5d0723850318aa9711ab0\">\r\n  <div class=\"co-callout__inner\">\r\n    <div class=\"co-callout__content\">\r\n              <div class=\"co-callout__text\">\r\n          Sie m\u00f6chten wissen, wie unsere KERMOS Design-Vinylb\u00f6den in Ihren R\u00e4umen wirken?        <\/div>\r\n            <a href='https:\/\/www.raabkarcher.de\/a\/virtueller-raumplaner' target='_blank' class='co-callout__button'>Dann testen Sie jetzt den virtuellen Raumplaner<\/a>    <\/div>\r\n          <div class=\"co-callout__image-wrapper\">\r\n        <div class=\"co-callout__image\">\r\n          <img decoding=\"async\" src=\"https:\/\/kermos.com\/wp-content\/uploads\/2025\/11\/Laptop_Raumplaner-small2.png\" alt=\"\" loading=\"lazy\" \/>\r\n        <\/div>\r\n      <\/div>\r\n      <\/div>\r\n<\/div>\r\n<\/div><\/div>\n\n\n\n<div class=\"wp-block-group is-style-width-60\"><div class=\"wp-block-group__inner-container is-layout-constrained wp-block-group-is-layout-constrained\">\n<p>Das komplette Sortiment finden Sie in unserem Onlineshop:<\/p>\n\n\n\n<div class=\"wp-block-columns is-layout-flex wp-container-core-columns-is-layout-9d6595d7 wp-block-columns-is-layout-flex\">\n<div class=\"wp-block-column is-layout-flow wp-block-column-is-layout-flow\">\r\n<div class=\"custom-block-image-card-link\" id=\"image-card-link-block_a15323c28a1622a7c19ee56fc4d4cb77\">\r\n\t<a href=\"https:\/\/www.raabkarcher.de\/produkte\/vinyl-auf-hdf\/c\/rk3_3642465\"\r\n\t   class=\"image-card-link__link css-hover\"\r\n\t   target=\"_blank\"\r\n\t   title=\"Raab Karcher\">\r\n\r\n\t\t\t\t\t<img decoding=\"async\" src=\"https:\/\/kermos.com\/wp-content\/uploads\/2025\/12\/1200x400px-DE-Raab-Karcher.png\" alt=\"\" class=\"image-card-link__image\" \/>\r\n\t\t\r\n\t\t\r\n\t<\/a>\r\n<\/div>\r\n<\/div>\n\n\n\n<div class=\"wp-block-column is-layout-flow wp-block-column-is-layout-flow\">\r\n<div class=\"custom-block-image-card-link\" id=\"image-card-link-block_788dbdaf1289f7078c24d4e8e8e97a19\">\r\n\t<a href=\"https:\/\/shop.keramundo.de\/produkte\/vinyl-auf-hdf\/c\/km3_3642459\"\r\n\t   class=\"image-card-link__link css-hover\"\r\n\t   target=\"_blank\"\r\n\t   title=\"Keramundo\">\r\n\r\n\t\t\t\t\t<img decoding=\"async\" src=\"https:\/\/kermos.com\/wp-content\/uploads\/2025\/12\/1200x400px-DE-Keramundo.png\" alt=\"\" class=\"image-card-link__image\" \/>\r\n\t\t\r\n\t\t\r\n\t<\/a>\r\n<\/div>\r\n<\/div>\n<\/div>\n<\/div><\/div>\n\n\n\n<div style=\"height:100px\" aria-hidden=\"true\" class=\"wp-block-spacer is-style-small\"><\/div>\n","protected":false},"excerpt":{"rendered":"<p>KERMOS Design-Vinyl vereint stilvolles Aussehen mit praktischen Vorteilen. Die authentischen Dekore schaffen ein modernes Wohnambiente, w\u00e4hrend die strapazierf\u00e4hige Oberfl\u00e4che f\u00fcr Langlebigkeit und Pflegeleichtigkeit sorgt. Ideal f\u00fcr alle, die Design und Funktion in Einklang bringen m\u00f6chten.<\/p>\n","protected":false},"author":2,"featured_media":6963,"parent":6613,"menu_order":208,"comment_status":"closed","ping_status":"closed","template":"","meta":{"_acf_changed":false,"_seopress_robots_primary_cat":"","_seopress_titles_title":"","_seopress_titles_desc":"","_seopress_robots_index":"","footnotes":""},"class_list":["post-7020","page","type-page","status-publish","has-post-thumbnail","hentry"],"acf":[],"_links":{"self":[{"href":"https:\/\/kermos.com\/de\/wp-json\/wp\/v2\/pages\/7020","targetHints":{"allow":["GET"]}}],"collection":[{"href":"https:\/\/kermos.com\/de\/wp-json\/wp\/v2\/pages"}],"about":[{"href":"https:\/\/kermos.com\/de\/wp-json\/wp\/v2\/types\/page"}],"author":[{"embeddable":true,"href":"https:\/\/kermos.com\/de\/wp-json\/wp\/v2\/users\/2"}],"replies":[{"embeddable":true,"href":"https:\/\/kermos.com\/de\/wp-json\/wp\/v2\/comments?post=7020"}],"version-history":[{"count":8,"href":"https:\/\/kermos.com\/de\/wp-json\/wp\/v2\/pages\/7020\/revisions"}],"predecessor-version":[{"id":10089,"href":"https:\/\/kermos.com\/de\/wp-json\/wp\/v2\/pages\/7020\/revisions\/10089"}],"up":[{"embeddable":true,"href":"https:\/\/kermos.com\/de\/wp-json\/wp\/v2\/pages\/6613"}],"wp:featuredmedia":[{"embeddable":true,"href":"https:\/\/kermos.com\/de\/wp-json\/wp\/v2\/media\/6963"}],"wp:attachment":[{"href":"https:\/\/kermos.com\/de\/wp-json\/wp\/v2\/media?parent=7020"}],"curies":[{"name":"wp","href":"https:\/\/api.w.org\/{rel}","templated":true}]}}