{"id":7201,"date":"2025-11-04T15:31:08","date_gmt":"2025-11-04T14:31:08","guid":{"rendered":"https:\/\/kermos.stark.aliaz.net\/?page_id=7201"},"modified":"2026-03-06T14:49:57","modified_gmt":"2026-03-06T13:49:57","slug":"murales","status":"publish","type":"page","link":"https:\/\/kermos.com\/de\/produkte\/fliesen\/murales\/","title":{"rendered":"Murales"},"content":{"rendered":"\n<div style=\"height:100px\" aria-hidden=\"true\" class=\"wp-block-spacer is-style-tiny\"><\/div>\n\n\n\n<div class=\"wp-block-group is-style-width-50\"><div class=\"wp-block-group__inner-container is-layout-constrained wp-block-group-is-layout-constrained\">\n<h2 class=\"wp-block-heading\"><strong>Ausdrucksstarker Vintage-Look f\u00fcr einzigartiges Flair<\/strong><\/h2>\n\n\n\n<p>Die Serie Murales besticht mit einer starken Pr\u00e4senz, die durch eine einzigartige Optik erreicht wird. Erinnern die modernen Fliesen doch an Oberfl\u00e4chen in einer sehr alten, mediterranen Villa. Es scheint, als w\u00fcrde Feuchtigkeit die Farbschichten, die sich im Lauf der Jahre angesammelt haben, l\u00f6sen und so diese individuelle Optik entstehen lassen. Dadurch wirken die Fliesen zeitlos ausdrucksstark.<\/p>\n\n\n\n<p>Murales Fliesen sind erh\u00e4ltlich in vier Farben, drei Formaten und zwei St\u00e4rken. Diese Vielfalt erm\u00f6glicht es, designorientierte, moderne Raumkonzepte \u00fcber Wand und Boden zu realisieren. Dank der rektifizierten Kanten lassen sich die Murales Fliesen nahezu fugenlos verlegen, was ein elegantes Gesamtbild erzeugt. Durch ihre Frostbest\u00e4ndigkeit und den Rutschhemmwert R10 sind sie zudem perfekt geeignet f\u00fcr Nassbereiche.<\/p>\n\n\n\n<p> Die Serie Murales ist Teil der KERMOS fineline Kollektion, die durch ihre geringe St\u00e4rke eine moderne Raumgestaltung mit dezenten und filigranen Ecken und Kantenabschl\u00fcssen erm\u00f6glichen.<\/p>\n<\/div><\/div>\n\n\n\n<div style=\"height:100px\" aria-hidden=\"true\" class=\"wp-block-spacer is-style-tiny\"><\/div>\n\n\n\n<div class=\"wp-block-group is-style-width-50\"><div class=\"wp-block-group__inner-container is-layout-constrained wp-block-group-is-layout-constrained\">\n<div class=\"wp-block-columns is-layout-flex wp-container-core-columns-is-layout-9d6595d7 wp-block-columns-is-layout-flex\">\n<div class=\"wp-block-column is-layout-flow wp-block-column-is-layout-flow\">\n<div class=\"wp-block-columns is-layout-flex wp-container-core-columns-is-layout-9d6595d7 wp-block-columns-is-layout-flex\">\n<div class=\"wp-block-column is-layout-flow wp-block-column-is-layout-flow\">\n<figure class=\"wp-block-image size-S_QUAD\"><img alt=\"\" loading=\"lazy\" decoding=\"async\" width=\"480\" height=\"480\" src=\"http:\/\/kermos.com\/wp-content\/uploads\/2025\/11\/KERMOS_Murales_product_white-480x480.jpg\" alt=\"\" class=\"wp-image-3076\" srcset=\"https:\/\/kermos.com\/wp-content\/uploads\/2025\/11\/KERMOS_Murales_product_white-480x480.jpg 480w, https:\/\/kermos.com\/wp-content\/uploads\/2025\/11\/KERMOS_Murales_product_white-150x150.jpg 150w\" sizes=\"auto, (max-width: 480px) 100vw, 480px\" \/><figcaption class=\"wp-element-caption\">Wei\u00df<\/figcaption><\/figure>\n<\/div>\n\n\n\n<div class=\"wp-block-column is-layout-flow wp-block-column-is-layout-flow\">\n<figure class=\"wp-block-image size-S_QUAD\"><img alt=\"\" loading=\"lazy\" decoding=\"async\" width=\"480\" height=\"480\" src=\"http:\/\/kermos.com\/wp-content\/uploads\/2025\/11\/KERMOS_Murales_product_grey-480x480.jpg\" alt=\"\" class=\"wp-image-3070\" srcset=\"https:\/\/kermos.com\/wp-content\/uploads\/2025\/11\/KERMOS_Murales_product_grey-480x480.jpg 480w, https:\/\/kermos.com\/wp-content\/uploads\/2025\/11\/KERMOS_Murales_product_grey-150x150.jpg 150w\" sizes=\"auto, (max-width: 480px) 100vw, 480px\" \/><figcaption class=\"wp-element-caption\">Grau<\/figcaption><\/figure>\n<\/div>\n<\/div>\n<\/div>\n\n\n\n<div class=\"wp-block-column is-layout-flow wp-block-column-is-layout-flow\">\n<div class=\"wp-block-columns is-layout-flex wp-container-core-columns-is-layout-9d6595d7 wp-block-columns-is-layout-flex\">\n<div class=\"wp-block-column is-layout-flow wp-block-column-is-layout-flow\">\n<figure class=\"wp-block-image size-S_QUAD\"><img alt=\"\" loading=\"lazy\" decoding=\"async\" width=\"480\" height=\"480\" src=\"http:\/\/kermos.com\/wp-content\/uploads\/2025\/11\/KERMOS_Murales_product_dark-grey-480x480.jpg\" alt=\"\" class=\"wp-image-3064\" srcset=\"https:\/\/kermos.com\/wp-content\/uploads\/2025\/11\/KERMOS_Murales_product_dark-grey-480x480.jpg 480w, https:\/\/kermos.com\/wp-content\/uploads\/2025\/11\/KERMOS_Murales_product_dark-grey-150x150.jpg 150w\" sizes=\"auto, (max-width: 480px) 100vw, 480px\" \/><figcaption class=\"wp-element-caption\">Dunkelgrau&nbsp;<\/figcaption><\/figure>\n<\/div>\n\n\n\n<div class=\"wp-block-column is-layout-flow wp-block-column-is-layout-flow\">\n<figure class=\"wp-block-image size-S_QUAD\"><img alt=\"\" loading=\"lazy\" decoding=\"async\" width=\"480\" height=\"480\" src=\"http:\/\/kermos.com\/wp-content\/uploads\/2025\/11\/KERMOS_Murales_product_beige-480x480.jpg\" alt=\"\" class=\"wp-image-3058\" srcset=\"https:\/\/kermos.com\/wp-content\/uploads\/2025\/11\/KERMOS_Murales_product_beige-480x480.jpg 480w, https:\/\/kermos.com\/wp-content\/uploads\/2025\/11\/KERMOS_Murales_product_beige-150x150.jpg 150w\" sizes=\"auto, (max-width: 480px) 100vw, 480px\" \/><figcaption class=\"wp-element-caption\">Beige<\/figcaption><\/figure>\n<\/div>\n<\/div>\n<\/div>\n<\/div>\n<\/div><\/div>\n\n\n\n<div style=\"height:100px\" aria-hidden=\"true\" class=\"wp-block-spacer is-style-tiny\"><\/div>\n\n\n\n<div class=\"wp-block-group is-style-width-50\"><div class=\"wp-block-group__inner-container is-layout-constrained wp-block-group-is-layout-constrained\"><div class='custom-block-accordion' data-first-is-open='false' ><div class='accordion-title '><span class='label'>Oberfl\u00e4chen<\/span><\/div><div class='accordion-content'><div class='text-wrap'><p>Matt R10 B, poliert<\/p>\n<\/div><\/div><div class='accordion-title '><span class='label'>Formate<\/span><\/div><div class='accordion-content'><div class='text-wrap'><p>60 \u00d7 120, 120 x 120 und 120 x 280 cm<\/p>\n<\/div><\/div><div class='accordion-title  last-element'><span class='label'>Farben<\/span><\/div><div class='accordion-content'><div class='text-wrap'><p>Wei\u00df, Grau, Dunkelgrau und Beige<\/p>\n<\/div><\/div><\/div><\/div><\/div>\n\n\n\n<div style=\"height:100px\" aria-hidden=\"true\" class=\"wp-block-spacer is-style-tiny\"><\/div>\n\n\n\n<div class=\"wp-block-columns is-layout-flex wp-container-core-columns-is-layout-9d6595d7 wp-block-columns-is-layout-flex\">\n<div class=\"wp-block-column is-layout-flow wp-block-column-is-layout-flow\">\n<div class=\"wp-block-buttons is-content-justification-center is-layout-flex wp-container-core-buttons-is-layout-16018d1d wp-block-buttons-is-layout-flex\">\n<div class=\"wp-block-button\"><a class=\"wp-block-button__link wp-element-button\" href=\"https:\/\/shop.keramundo.de\/medias\/DOK-SP-435617.pdf?context=bWFzdGVyfGRvY3VtZW50c3wxMTQzNjU3fGFwcGxpY2F0aW9uL3BkZnxhR1l3TDJoa05TODVNakl4TmpnNU5EQTVOVFkyTDBSUFMxOVRVRjgwTXpVMk1UY3VjR1JtfGY0MWUyZjUyNmYyOGJkMzdiMWQ2YTE5MzE2ZjU4NDlmZjhjNzc2NWUwODY2N2FhZmEwYzkzM2Y2YWU0MmFjYmU\" target=\"_blank\" rel=\"noreferrer noopener\">Serienprospekt herunterladen<\/a><\/div>\n<\/div>\n<\/div>\n<\/div>\n\n\n\n<div style=\"height:100px\" aria-hidden=\"true\" class=\"wp-block-spacer is-style-small\"><\/div>\n\n\n\n<div class=\"wp-block-group is-style-width-75\"><div class=\"wp-block-group__inner-container is-layout-constrained wp-block-group-is-layout-constrained\"><div class='custom-block-slider'><div class='custom-block-slider'>\r\n\t\t\t<div class=\"swiper-element\">\r\n\r\n\t\t\t\t\t\t\t\t\t<div class=\"slider-prev slider-button\" id=\"block_slider_69df626037b85-prev\">\r\n\t\t\t\t\t\t<span class=\"fal fa-angle-left\"><\/span>\r\n\t\t\t\t\t<\/div>\r\n\t\t\t\t\t<div class=\"slider-next slider-button\" id=\"block_slider_69df626037b85-next\">\r\n\t\t\t\t\t\t<span class=\"fal fa-angle-right\"><\/span>\r\n\t\t\t\t\t<\/div>\r\n\t\t\t\t\r\n\t\t\t\t<div class=\"swiper has-navigation\" id=\"block_slider_69df626037b85\">\r\n\t\t\t\t\t<div class=\"swiper-wrapper\">\r\n\t\t\t\t\t\t<div class=\"swiper-slide\"><a href='https:\/\/kermos.com\/wp-content\/uploads\/2025\/11\/KERMOS_Murales_ambient_white.jpg' data-fancybox='block_slider_69df626037b85' data-caption=''><img src='https:\/\/kermos.com\/wp-content\/uploads\/2025\/11\/KERMOS_Murales_ambient_white.jpg' alt='' class='default src-acf type-img size-default width-33 max-width' srcset='https:\/\/kermos.com\/wp-content\/uploads\/2025\/11\/KERMOS_Murales_ambient_white-480x360.jpg 480w,https:\/\/kermos.com\/wp-content\/uploads\/2025\/11\/KERMOS_Murales_ambient_white-720x540.jpg 720w,https:\/\/kermos.com\/wp-content\/uploads\/2025\/11\/KERMOS_Murales_ambient_white-1200x960.jpg 1280w,'  sizes='(max-width: 768px) 100vw, 33vw' \/><\/a><\/div><div class=\"swiper-slide\"><a href='https:\/\/kermos.com\/wp-content\/uploads\/2025\/11\/KERMOS_Murales_ambient_white_grey.jpg' data-fancybox='block_slider_69df626037b85' data-caption=''><img src='https:\/\/kermos.com\/wp-content\/uploads\/2025\/11\/KERMOS_Murales_ambient_white_grey.jpg' alt='' class='default src-acf type-img size-default width-33 max-width' srcset='https:\/\/kermos.com\/wp-content\/uploads\/2025\/11\/KERMOS_Murales_ambient_white_grey-480x360.jpg 480w,https:\/\/kermos.com\/wp-content\/uploads\/2025\/11\/KERMOS_Murales_ambient_white_grey-720x540.jpg 720w,https:\/\/kermos.com\/wp-content\/uploads\/2025\/11\/KERMOS_Murales_ambient_white_grey-1200x960.jpg 1280w,'  sizes='(max-width: 768px) 100vw, 33vw' \/><\/a><\/div><div class=\"swiper-slide\"><a href='https:\/\/kermos.com\/wp-content\/uploads\/2025\/11\/KERMOS_Murales_ambient_grey.jpg' data-fancybox='block_slider_69df626037b85' data-caption=''><img src='https:\/\/kermos.com\/wp-content\/uploads\/2025\/11\/KERMOS_Murales_ambient_grey.jpg' alt='' class='default src-acf type-img size-default width-33 max-width' srcset='https:\/\/kermos.com\/wp-content\/uploads\/2025\/11\/KERMOS_Murales_ambient_grey-480x360.jpg 480w,https:\/\/kermos.com\/wp-content\/uploads\/2025\/11\/KERMOS_Murales_ambient_grey-720x540.jpg 720w,https:\/\/kermos.com\/wp-content\/uploads\/2025\/11\/KERMOS_Murales_ambient_grey-1200x960.jpg 1280w,'  sizes='(max-width: 768px) 100vw, 33vw' \/><\/a><\/div><div class=\"swiper-slide\"><a href='https:\/\/kermos.com\/wp-content\/uploads\/2025\/11\/KERMOS_Murales_ambient_grey_2.jpg' data-fancybox='block_slider_69df626037b85' data-caption=''><img src='https:\/\/kermos.com\/wp-content\/uploads\/2025\/11\/KERMOS_Murales_ambient_grey_2.jpg' alt='' class='default src-acf type-img size-default width-33 max-width' srcset='https:\/\/kermos.com\/wp-content\/uploads\/2025\/11\/KERMOS_Murales_ambient_grey_2-480x360.jpg 480w,https:\/\/kermos.com\/wp-content\/uploads\/2025\/11\/KERMOS_Murales_ambient_grey_2-720x540.jpg 720w,https:\/\/kermos.com\/wp-content\/uploads\/2025\/11\/KERMOS_Murales_ambient_grey_2-1200x960.jpg 1280w,'  sizes='(max-width: 768px) 100vw, 33vw' \/><\/a><\/div><div class=\"swiper-slide\"><a href='https:\/\/kermos.com\/wp-content\/uploads\/2025\/11\/KERMOS_Murales_ambient_dark-grey.jpg' data-fancybox='block_slider_69df626037b85' data-caption=''><img src='https:\/\/kermos.com\/wp-content\/uploads\/2025\/11\/KERMOS_Murales_ambient_dark-grey.jpg' alt='' class='default src-acf type-img size-default width-33 max-width' srcset='https:\/\/kermos.com\/wp-content\/uploads\/2025\/11\/KERMOS_Murales_ambient_dark-grey-480x360.jpg 480w,https:\/\/kermos.com\/wp-content\/uploads\/2025\/11\/KERMOS_Murales_ambient_dark-grey-720x540.jpg 720w,https:\/\/kermos.com\/wp-content\/uploads\/2025\/11\/KERMOS_Murales_ambient_dark-grey-1200x960.jpg 1280w,'  sizes='(max-width: 768px) 100vw, 33vw' \/><\/a><\/div><div class=\"swiper-slide\"><a href='https:\/\/kermos.com\/wp-content\/uploads\/2025\/11\/KERMOS_Murales_ambient_dark-grey_2.jpg' data-fancybox='block_slider_69df626037b85' data-caption=''><img src='https:\/\/kermos.com\/wp-content\/uploads\/2025\/11\/KERMOS_Murales_ambient_dark-grey_2.jpg' alt='' class='default src-acf type-img size-default width-33 max-width' srcset='https:\/\/kermos.com\/wp-content\/uploads\/2025\/11\/KERMOS_Murales_ambient_dark-grey_2-480x360.jpg 480w,https:\/\/kermos.com\/wp-content\/uploads\/2025\/11\/KERMOS_Murales_ambient_dark-grey_2-720x540.jpg 720w,https:\/\/kermos.com\/wp-content\/uploads\/2025\/11\/KERMOS_Murales_ambient_dark-grey_2-1200x960.jpg 1280w,'  sizes='(max-width: 768px) 100vw, 33vw' \/><\/a><\/div><div class=\"swiper-slide\"><a href='https:\/\/kermos.com\/wp-content\/uploads\/2025\/11\/KERMOS_Murales_ambient_beige.jpg' data-fancybox='block_slider_69df626037b85' data-caption=''><img src='https:\/\/kermos.com\/wp-content\/uploads\/2025\/11\/KERMOS_Murales_ambient_beige.jpg' alt='' class='default src-acf type-img size-default width-33 max-width' srcset='https:\/\/kermos.com\/wp-content\/uploads\/2025\/11\/KERMOS_Murales_ambient_beige-480x360.jpg 480w,https:\/\/kermos.com\/wp-content\/uploads\/2025\/11\/KERMOS_Murales_ambient_beige-720x540.jpg 720w,https:\/\/kermos.com\/wp-content\/uploads\/2025\/11\/KERMOS_Murales_ambient_beige-1200x960.jpg 1280w,'  sizes='(max-width: 768px) 100vw, 33vw' \/><\/a><\/div><div class=\"swiper-slide\"><a href='https:\/\/kermos.com\/wp-content\/uploads\/2025\/11\/KERMOS_Murales_ambient_beige_2.jpg' data-fancybox='block_slider_69df626037b85' data-caption=''><img src='https:\/\/kermos.com\/wp-content\/uploads\/2025\/11\/KERMOS_Murales_ambient_beige_2.jpg' alt='' class='default src-acf type-img size-default width-33 max-width' srcset='https:\/\/kermos.com\/wp-content\/uploads\/2025\/11\/KERMOS_Murales_ambient_beige_2-480x360.jpg 480w,https:\/\/kermos.com\/wp-content\/uploads\/2025\/11\/KERMOS_Murales_ambient_beige_2-720x540.jpg 720w,https:\/\/kermos.com\/wp-content\/uploads\/2025\/11\/KERMOS_Murales_ambient_beige_2-1200x960.jpg 1280w,'  sizes='(max-width: 768px) 100vw, 33vw' \/><\/a><\/div>\t\t\t\t\t<\/div>\r\n\t\t\t\t<\/div>\r\n\r\n\t\t\t\t\r\n\t\t\t\t\r\n\t\t\t\t<script type=\"text\/javascript\" async defer>\r\n                  \/* <![CDATA[ *\/\r\n\r\n\t\t\t\t  \r\n                  let block_slider_69df626037b85 = {\"id\":\"block_slider_69df626037b85\",\"type\":\"slider\",\"name\":\"slider_block_slider_69df626037b85\",\"options\":{\"speed\":400,\"effect\":\"slide\",\"slidesPerView\":3,\"spaceBetween\":30,\"autoHeight\":false,\"loop\":false,\"grabCursor\":true,\"navigation\":{\"nextEl\":\"#block_slider_69df626037b85-next\",\"prevEl\":\"#block_slider_69df626037b85-prev\"}}};\r\n\r\n                  window.addEventListener('DOMContentLoaded', (event) => {\r\n                    createNewSlider(block_slider_69df626037b85.id, block_slider_69df626037b85.type, block_slider_69df626037b85.name, block_slider_69df626037b85.options);\r\n                  });\r\n\r\n\t\t\t\t  \r\n                  \/* ]]> *\/\r\n\t\t\t\t<\/script>\r\n\r\n\t\t\t<\/div>\r\n\r\n\t\t<\/div><\/div><\/div><\/div>\n\n\n\n<div style=\"height:100px\" aria-hidden=\"true\" class=\"wp-block-spacer is-style-tiny\"><\/div>\n\n\n\n<div class=\"wp-block-group is-style-width-70\"><div class=\"wp-block-group__inner-container is-layout-constrained wp-block-group-is-layout-constrained\">\r\n<div class=\"custom-block-callout co-callout image-pos--right\" id=\"callout-block_07bfa3090f71a30d1480b5a18bb8adff\">\r\n  <div class=\"co-callout__inner\">\r\n    <div class=\"co-callout__content\">\r\n              <div class=\"co-callout__text\">\r\n          Sie m\u00f6chten wissen, wie die Murales Fliesen in Ihren R\u00e4umen wirken?        <\/div>\r\n            <a href='https:\/\/www.raabkarcher.de\/a\/virtueller-raumplaner' target='_blank' class='co-callout__button'>Dann testen Sie jetzt den virtuellen Raumplaner<\/a>    <\/div>\r\n          <div class=\"co-callout__image-wrapper\">\r\n        <div class=\"co-callout__image\">\r\n          <img decoding=\"async\" src=\"https:\/\/kermos.com\/wp-content\/uploads\/2025\/11\/Laptop_Raumplaner-small2.png\" alt=\"\" loading=\"lazy\" \/>\r\n        <\/div>\r\n      <\/div>\r\n      <\/div>\r\n<\/div>\r\n<\/div><\/div>\n\n\n\n<div class=\"wp-block-group is-style-width-60\"><div class=\"wp-block-group__inner-container is-layout-constrained wp-block-group-is-layout-constrained\">\n<p>Das komplette Murales-Sortiment finden Sie in unserem Onlineshop:<\/p>\n\n\n\n<div class=\"wp-block-columns is-layout-flex wp-container-core-columns-is-layout-9d6595d7 wp-block-columns-is-layout-flex\">\n<div class=\"wp-block-column is-layout-flow wp-block-column-is-layout-flow\">\r\n<div class=\"custom-block-image-card-link\" id=\"image-card-link-block_9854d662e4c29f763ced02c20dd0f308\">\r\n\t<a href=\"https:\/\/www.raabkarcher.de\/produkte\/murales\/c\/rk3_3173365\"\r\n\t   class=\"image-card-link__link css-hover\"\r\n\t   target=\"_blank\"\r\n\t   title=\"Raab Karcher\">\r\n\r\n\t\t\t\t\t<img decoding=\"async\" src=\"https:\/\/kermos.com\/wp-content\/uploads\/2025\/12\/1200x400px-DE-Raab-Karcher.png\" alt=\"\" class=\"image-card-link__image\" \/>\r\n\t\t\r\n\t\t\r\n\t<\/a>\r\n<\/div>\r\n<\/div>\n\n\n\n<div class=\"wp-block-column is-layout-flow wp-block-column-is-layout-flow\">\r\n<div class=\"custom-block-image-card-link\" id=\"image-card-link-block_174d92e44484cd10a4e3602d1318364e\">\r\n\t<a href=\"https:\/\/shop.keramundo.de\/produkte\/murales\/c\/km3_3173365\"\r\n\t   class=\"image-card-link__link css-hover\"\r\n\t   target=\"_blank\"\r\n\t   title=\"Keramundo\">\r\n\r\n\t\t\t\t\t<img decoding=\"async\" src=\"https:\/\/kermos.com\/wp-content\/uploads\/2025\/12\/1200x400px-DE-Keramundo.png\" alt=\"\" class=\"image-card-link__image\" \/>\r\n\t\t\r\n\t\t\r\n\t<\/a>\r\n<\/div>\r\n<\/div>\n<\/div>\n<\/div><\/div>\n\n\n\n<div style=\"height:100px\" aria-hidden=\"true\" class=\"wp-block-spacer is-style-small\"><\/div>\n","protected":false},"excerpt":{"rendered":"<p>KERMOS Murales beeindruckt mit einer einzigartigen Optik, die an abbl\u00e4tternde Farbschichten erinnert und so ein kunstvolles Retro-Design schafft. Die ausdrucksstarken Fliesen bringen mit ihrem einzigartigen Vintage-Look einen Hauch von Nostalgie und Glamour in jeden Raum.<\/p>\n","protected":false},"author":2,"featured_media":3013,"parent":6536,"menu_order":67,"comment_status":"closed","ping_status":"closed","template":"","meta":{"_acf_changed":false,"_seopress_robots_primary_cat":"","_seopress_titles_title":"","_seopress_titles_desc":"","_seopress_robots_index":"","footnotes":""},"class_list":["post-7201","page","type-page","status-publish","has-post-thumbnail","hentry"],"acf":[],"_links":{"self":[{"href":"https:\/\/kermos.com\/de\/wp-json\/wp\/v2\/pages\/7201","targetHints":{"allow":["GET"]}}],"collection":[{"href":"https:\/\/kermos.com\/de\/wp-json\/wp\/v2\/pages"}],"about":[{"href":"https:\/\/kermos.com\/de\/wp-json\/wp\/v2\/types\/page"}],"author":[{"embeddable":true,"href":"https:\/\/kermos.com\/de\/wp-json\/wp\/v2\/users\/2"}],"replies":[{"embeddable":true,"href":"https:\/\/kermos.com\/de\/wp-json\/wp\/v2\/comments?post=7201"}],"version-history":[{"count":4,"href":"https:\/\/kermos.com\/de\/wp-json\/wp\/v2\/pages\/7201\/revisions"}],"predecessor-version":[{"id":10019,"href":"https:\/\/kermos.com\/de\/wp-json\/wp\/v2\/pages\/7201\/revisions\/10019"}],"up":[{"embeddable":true,"href":"https:\/\/kermos.com\/de\/wp-json\/wp\/v2\/pages\/6536"}],"wp:featuredmedia":[{"embeddable":true,"href":"https:\/\/kermos.com\/de\/wp-json\/wp\/v2\/media\/3013"}],"wp:attachment":[{"href":"https:\/\/kermos.com\/de\/wp-json\/wp\/v2\/media?parent=7201"}],"curies":[{"name":"wp","href":"https:\/\/api.w.org\/{rel}","templated":true}]}}