{"id":7303,"date":"2025-11-04T15:32:59","date_gmt":"2025-11-04T14:32:59","guid":{"rendered":"https:\/\/kermos.stark.aliaz.net\/?page_id=7303"},"modified":"2026-03-09T14:00:43","modified_gmt":"2026-03-09T13:00:43","slug":"plano","status":"publish","type":"page","link":"https:\/\/kermos.com\/de\/produkte\/fliesen\/plano\/","title":{"rendered":"Plano"},"content":{"rendered":"\n<div style=\"height:100px\" aria-hidden=\"true\" class=\"wp-block-spacer is-style-tiny\"><\/div>\n\n\n\n<div class=\"wp-block-group is-style-width-50\"><div class=\"wp-block-group__inner-container is-layout-constrained wp-block-group-is-layout-constrained\">\n<h2 class=\"wp-block-heading\"><strong>Dynamische und individuelle Ausstrahlung<\/strong><\/h2>\n\n\n\n<p>KERMOS Plano ist die ideale L\u00f6sung f\u00fcr eine moderne Gestaltung Ihres Zuhauses. Die Kollektion beeindruckt durch ihre Vielfalt an Formen und Oberfl\u00e4chen und verleiht jedem Raum eine dynamische und individuelle Ausstrahlung. Perfekt geeignet f\u00fcr vielseitige Wand- und Bodenkonzepte.<\/p>\n\n\n\n<p> Die Plano Fliesenserie ist nicht nur optisch ansprechend, sondern auch funktional durchdacht. Die frostsicheren Fliesen mit einem Rutschhemmwert von R10 sind in verschiedenen modularen Formaten erh\u00e4ltlich und ideal f\u00fcr anspruchsvolle Anwendungen wie Badezimmer oder K\u00fcche. Durch ihre robusten Materialeigenschaften bieten diese Fliesen eine langlebige und pflegeleichte L\u00f6sung, die hervorragend in den Alltag integriert werden kann. Die dazu passende Zubeh\u00f6rvielfalt hilft, das Erscheinungsbild harmonisch abzurunden.<\/p>\n<\/div><\/div>\n\n\n\n<div style=\"height:100px\" aria-hidden=\"true\" class=\"wp-block-spacer is-style-tiny\"><\/div>\n\n\n\n<div class=\"wp-block-group is-style-width-50\"><div class=\"wp-block-group__inner-container is-layout-constrained wp-block-group-is-layout-constrained\">\n<div class=\"wp-block-columns is-layout-flex wp-container-core-columns-is-layout-9d6595d7 wp-block-columns-is-layout-flex\">\n<div class=\"wp-block-column is-layout-flow wp-block-column-is-layout-flow\">\n<div class=\"wp-block-columns is-layout-flex wp-container-core-columns-is-layout-9d6595d7 wp-block-columns-is-layout-flex\">\n<div class=\"wp-block-column is-layout-flow wp-block-column-is-layout-flow\">\n<figure class=\"wp-block-image size-S_QUAD\"><img alt=\"\" loading=\"lazy\" decoding=\"async\" width=\"480\" height=\"480\" src=\"http:\/\/kermos.com\/wp-content\/uploads\/2025\/11\/KERMOS_Plano_product_white-480x480.jpg\" alt=\"\" class=\"wp-image-3602\" srcset=\"https:\/\/kermos.com\/wp-content\/uploads\/2025\/11\/KERMOS_Plano_product_white-480x480.jpg 480w, https:\/\/kermos.com\/wp-content\/uploads\/2025\/11\/KERMOS_Plano_product_white-300x300.jpg 300w, https:\/\/kermos.com\/wp-content\/uploads\/2025\/11\/KERMOS_Plano_product_white-1024x1024.jpg 1024w, https:\/\/kermos.com\/wp-content\/uploads\/2025\/11\/KERMOS_Plano_product_white-150x150.jpg 150w, https:\/\/kermos.com\/wp-content\/uploads\/2025\/11\/KERMOS_Plano_product_white-768x768.jpg 768w, https:\/\/kermos.com\/wp-content\/uploads\/2025\/11\/KERMOS_Plano_product_white-960x960.jpg 960w, https:\/\/kermos.com\/wp-content\/uploads\/2025\/11\/KERMOS_Plano_product_white-720x720.jpg 720w, https:\/\/kermos.com\/wp-content\/uploads\/2025\/11\/KERMOS_Plano_product_white.jpg 1200w\" sizes=\"auto, (max-width: 480px) 100vw, 480px\" \/><figcaption class=\"wp-element-caption\">Firnwei\u00df<\/figcaption><\/figure>\n<\/div>\n\n\n\n<div class=\"wp-block-column is-layout-flow wp-block-column-is-layout-flow\">\n<figure class=\"wp-block-image size-S_QUAD\"><img alt=\"\" loading=\"lazy\" decoding=\"async\" width=\"480\" height=\"480\" src=\"http:\/\/kermos.com\/wp-content\/uploads\/2025\/11\/KERMOS_Plano_product_light-grey-480x480.jpg\" alt=\"\" class=\"wp-image-3584\" srcset=\"https:\/\/kermos.com\/wp-content\/uploads\/2025\/11\/KERMOS_Plano_product_light-grey-480x480.jpg 480w, https:\/\/kermos.com\/wp-content\/uploads\/2025\/11\/KERMOS_Plano_product_light-grey-300x300.jpg 300w, https:\/\/kermos.com\/wp-content\/uploads\/2025\/11\/KERMOS_Plano_product_light-grey-1024x1024.jpg 1024w, https:\/\/kermos.com\/wp-content\/uploads\/2025\/11\/KERMOS_Plano_product_light-grey-150x150.jpg 150w, https:\/\/kermos.com\/wp-content\/uploads\/2025\/11\/KERMOS_Plano_product_light-grey-768x768.jpg 768w, https:\/\/kermos.com\/wp-content\/uploads\/2025\/11\/KERMOS_Plano_product_light-grey-960x960.jpg 960w, https:\/\/kermos.com\/wp-content\/uploads\/2025\/11\/KERMOS_Plano_product_light-grey-720x720.jpg 720w, https:\/\/kermos.com\/wp-content\/uploads\/2025\/11\/KERMOS_Plano_product_light-grey.jpg 1200w\" sizes=\"auto, (max-width: 480px) 100vw, 480px\" \/><figcaption class=\"wp-element-caption\">Hellgrau<\/figcaption><\/figure>\n<\/div>\n<\/div>\n<\/div>\n\n\n\n<div class=\"wp-block-column is-layout-flow wp-block-column-is-layout-flow\">\n<div class=\"wp-block-columns is-layout-flex wp-container-core-columns-is-layout-9d6595d7 wp-block-columns-is-layout-flex\">\n<div class=\"wp-block-column is-layout-flow wp-block-column-is-layout-flow\">\n<figure class=\"wp-block-image size-S_QUAD\"><img alt=\"\" loading=\"lazy\" decoding=\"async\" width=\"480\" height=\"480\" src=\"http:\/\/kermos.com\/wp-content\/uploads\/2025\/11\/KERMOS_Plano_product_manhattan-480x480.jpg\" alt=\"\" class=\"wp-image-3590\" srcset=\"https:\/\/kermos.com\/wp-content\/uploads\/2025\/11\/KERMOS_Plano_product_manhattan-480x480.jpg 480w, https:\/\/kermos.com\/wp-content\/uploads\/2025\/11\/KERMOS_Plano_product_manhattan-300x300.jpg 300w, https:\/\/kermos.com\/wp-content\/uploads\/2025\/11\/KERMOS_Plano_product_manhattan-1024x1024.jpg 1024w, https:\/\/kermos.com\/wp-content\/uploads\/2025\/11\/KERMOS_Plano_product_manhattan-150x150.jpg 150w, https:\/\/kermos.com\/wp-content\/uploads\/2025\/11\/KERMOS_Plano_product_manhattan-768x768.jpg 768w, https:\/\/kermos.com\/wp-content\/uploads\/2025\/11\/KERMOS_Plano_product_manhattan-960x960.jpg 960w, https:\/\/kermos.com\/wp-content\/uploads\/2025\/11\/KERMOS_Plano_product_manhattan-720x720.jpg 720w, https:\/\/kermos.com\/wp-content\/uploads\/2025\/11\/KERMOS_Plano_product_manhattan.jpg 1200w\" sizes=\"auto, (max-width: 480px) 100vw, 480px\" \/><figcaption class=\"wp-element-caption\">Manhattan<\/figcaption><\/figure>\n<\/div>\n\n\n\n<div class=\"wp-block-column is-layout-flow wp-block-column-is-layout-flow\">\n<figure class=\"wp-block-image size-S_QUAD\"><img alt=\"\" loading=\"lazy\" decoding=\"async\" width=\"480\" height=\"480\" src=\"http:\/\/kermos.com\/wp-content\/uploads\/2025\/11\/KERMOS_Plano_product_black-480x480.jpg\" alt=\"\" class=\"wp-image-3560\" srcset=\"https:\/\/kermos.com\/wp-content\/uploads\/2025\/11\/KERMOS_Plano_product_black-480x480.jpg 480w, https:\/\/kermos.com\/wp-content\/uploads\/2025\/11\/KERMOS_Plano_product_black-300x300.jpg 300w, https:\/\/kermos.com\/wp-content\/uploads\/2025\/11\/KERMOS_Plano_product_black-1024x1024.jpg 1024w, https:\/\/kermos.com\/wp-content\/uploads\/2025\/11\/KERMOS_Plano_product_black-150x150.jpg 150w, https:\/\/kermos.com\/wp-content\/uploads\/2025\/11\/KERMOS_Plano_product_black-768x768.jpg 768w, https:\/\/kermos.com\/wp-content\/uploads\/2025\/11\/KERMOS_Plano_product_black-960x960.jpg 960w, https:\/\/kermos.com\/wp-content\/uploads\/2025\/11\/KERMOS_Plano_product_black-720x720.jpg 720w, https:\/\/kermos.com\/wp-content\/uploads\/2025\/11\/KERMOS_Plano_product_black.jpg 1200w\" sizes=\"auto, (max-width: 480px) 100vw, 480px\" \/><figcaption class=\"wp-element-caption\">Schwarz<\/figcaption><\/figure>\n<\/div>\n<\/div>\n<\/div>\n<\/div>\n<\/div><\/div>\n\n\n\n<div class=\"wp-block-group is-style-width-50\"><div class=\"wp-block-group__inner-container is-layout-constrained wp-block-group-is-layout-constrained\">\n<div class=\"wp-block-columns is-layout-flex wp-container-core-columns-is-layout-9d6595d7 wp-block-columns-is-layout-flex\">\n<div class=\"wp-block-column is-layout-flow wp-block-column-is-layout-flow\">\n<div class=\"wp-block-columns is-layout-flex wp-container-core-columns-is-layout-9d6595d7 wp-block-columns-is-layout-flex\">\n<div class=\"wp-block-column is-layout-flow wp-block-column-is-layout-flow\">\n<figure class=\"wp-block-image size-S_QUAD\"><img alt=\"\" loading=\"lazy\" decoding=\"async\" width=\"480\" height=\"480\" src=\"https:\/\/kermos.com\/wp-content\/uploads\/2025\/11\/KERMOS_Plano_product_grey-480x480.jpg\" alt=\"\" class=\"wp-image-3572\" srcset=\"https:\/\/kermos.com\/wp-content\/uploads\/2025\/11\/KERMOS_Plano_product_grey-480x480.jpg 480w, https:\/\/kermos.com\/wp-content\/uploads\/2025\/11\/KERMOS_Plano_product_grey-300x300.jpg 300w, https:\/\/kermos.com\/wp-content\/uploads\/2025\/11\/KERMOS_Plano_product_grey-1024x1024.jpg 1024w, https:\/\/kermos.com\/wp-content\/uploads\/2025\/11\/KERMOS_Plano_product_grey-150x150.jpg 150w, https:\/\/kermos.com\/wp-content\/uploads\/2025\/11\/KERMOS_Plano_product_grey-768x768.jpg 768w, https:\/\/kermos.com\/wp-content\/uploads\/2025\/11\/KERMOS_Plano_product_grey-960x960.jpg 960w, https:\/\/kermos.com\/wp-content\/uploads\/2025\/11\/KERMOS_Plano_product_grey-720x720.jpg 720w, https:\/\/kermos.com\/wp-content\/uploads\/2025\/11\/KERMOS_Plano_product_grey.jpg 1200w\" sizes=\"auto, (max-width: 480px) 100vw, 480px\" \/><figcaption class=\"wp-element-caption\">Grau<\/figcaption><\/figure>\n<\/div>\n\n\n\n<div class=\"wp-block-column is-layout-flow wp-block-column-is-layout-flow\">\n<figure class=\"wp-block-image size-S_QUAD\"><img alt=\"\" loading=\"lazy\" decoding=\"async\" width=\"480\" height=\"480\" src=\"https:\/\/kermos.com\/wp-content\/uploads\/2025\/11\/KERMOS_Plano_product_antracite-480x480.jpg\" alt=\"\" class=\"wp-image-3548\" srcset=\"https:\/\/kermos.com\/wp-content\/uploads\/2025\/11\/KERMOS_Plano_product_antracite-480x480.jpg 480w, https:\/\/kermos.com\/wp-content\/uploads\/2025\/11\/KERMOS_Plano_product_antracite-300x300.jpg 300w, https:\/\/kermos.com\/wp-content\/uploads\/2025\/11\/KERMOS_Plano_product_antracite-1024x1024.jpg 1024w, https:\/\/kermos.com\/wp-content\/uploads\/2025\/11\/KERMOS_Plano_product_antracite-150x150.jpg 150w, https:\/\/kermos.com\/wp-content\/uploads\/2025\/11\/KERMOS_Plano_product_antracite-768x768.jpg 768w, https:\/\/kermos.com\/wp-content\/uploads\/2025\/11\/KERMOS_Plano_product_antracite-960x960.jpg 960w, https:\/\/kermos.com\/wp-content\/uploads\/2025\/11\/KERMOS_Plano_product_antracite-720x720.jpg 720w, https:\/\/kermos.com\/wp-content\/uploads\/2025\/11\/KERMOS_Plano_product_antracite.jpg 1200w\" sizes=\"auto, (max-width: 480px) 100vw, 480px\" \/><figcaption class=\"wp-element-caption\">Anthrazit<\/figcaption><\/figure>\n<\/div>\n<\/div>\n<\/div>\n\n\n\n<div class=\"wp-block-column is-layout-flow wp-block-column-is-layout-flow\">\n<div class=\"wp-block-columns is-layout-flex wp-container-core-columns-is-layout-9d6595d7 wp-block-columns-is-layout-flex\">\n<div class=\"wp-block-column is-layout-flow wp-block-column-is-layout-flow\"><\/div>\n\n\n\n<div class=\"wp-block-column is-layout-flow wp-block-column-is-layout-flow\"><\/div>\n<\/div>\n<\/div>\n<\/div>\n<\/div><\/div>\n\n\n\n<div style=\"height:100px\" aria-hidden=\"true\" class=\"wp-block-spacer is-style-tiny\"><\/div>\n\n\n\n<div class=\"wp-block-group is-style-width-50\"><div class=\"wp-block-group__inner-container is-layout-constrained wp-block-group-is-layout-constrained\"><div class='custom-block-accordion' data-first-is-open='false' ><div class='accordion-title '><span class='label'>Oberfl\u00e4chen<\/span><\/div><div class='accordion-content'><div class='text-wrap'><p>Matt, matt R10 B und gl\u00e4nzend<\/p>\n<\/div><\/div><div class='accordion-title '><span class='label'>Formate<\/span><\/div><div class='accordion-content'><div class='text-wrap'><p>5 \u00d7 5, 10 \u00d7 10, 10 \u00d7 20, 15 \u00d7 15, 10 \u00d7 30, 20 \u00d7 20 und 30 \u00d7 30 cm<\/p>\n<\/div><\/div><div class='accordion-title '><span class='label'>Farben<\/span><\/div><div class='accordion-content'><div class='text-wrap'><p>Firnwei\u00df, Hellgrau, Manhattan, Schwarz, Grau und Anthrazit<\/p>\n<\/div><\/div><div class='accordion-title  last-element'><span class='label'>Zubeh\u00f6r<\/span><\/div><div class='accordion-content'><div class='text-wrap'><p>Hohlkehlsockel, Innenecken, Au\u00dfenecken, Duschecke und Duschtassen<\/p>\n<\/div><\/div><\/div><\/div><\/div>\n\n\n\n<div style=\"height:100px\" aria-hidden=\"true\" class=\"wp-block-spacer is-style-tiny\"><\/div>\n\n\n\n<div class=\"wp-block-group is-style-width-70\"><div class=\"wp-block-group__inner-container is-layout-constrained wp-block-group-is-layout-constrained\">\r\n<div class=\"custom-block-callout co-callout image-pos--right\" id=\"callout-block_2ec1b7848e6dfcf4064e2d0c6160d738\">\r\n  <div class=\"co-callout__inner\">\r\n    <div class=\"co-callout__content\">\r\n              <div class=\"co-callout__text\">\r\n          Sie m\u00f6chten wissen, wie die Plano Fliesen in Ihren R\u00e4umen wirken?        <\/div>\r\n            <a href='https:\/\/www.raabkarcher.de\/a\/virtueller-raumplaner' target='_blank' class='co-callout__button'>Dann testen Sie jetzt den virtuellen Raumplaner<\/a>    <\/div>\r\n          <div class=\"co-callout__image-wrapper\">\r\n        <div class=\"co-callout__image\">\r\n          <img decoding=\"async\" src=\"https:\/\/kermos.com\/wp-content\/uploads\/2025\/11\/Laptop_Raumplaner-small2.png\" alt=\"\" loading=\"lazy\" \/>\r\n        <\/div>\r\n      <\/div>\r\n      <\/div>\r\n<\/div>\r\n<\/div><\/div>\n\n\n\n<div class=\"wp-block-group is-style-width-60\"><div class=\"wp-block-group__inner-container is-layout-constrained wp-block-group-is-layout-constrained\">\n<p>Das komplette Plano-Sortiment finden Sie in unserem Onlineshop:<\/p>\n\n\n\n<div class=\"wp-block-columns is-layout-flex wp-container-core-columns-is-layout-9d6595d7 wp-block-columns-is-layout-flex\">\n<div class=\"wp-block-column is-layout-flow wp-block-column-is-layout-flow\">\r\n<div class=\"custom-block-image-card-link\" id=\"image-card-link-block_18aa48115a299e7546ca0ddd87c03af2\">\r\n\t<a href=\"https:\/\/www.raabkarcher.de\/produkte\/plano\/c\/rk3_1129285\"\r\n\t   class=\"image-card-link__link css-hover\"\r\n\t   target=\"_blank\"\r\n\t   title=\"Raab Karcher\">\r\n\r\n\t\t\t\t\t<img decoding=\"async\" src=\"https:\/\/kermos.com\/wp-content\/uploads\/2025\/12\/1200x400px-DE-Raab-Karcher.png\" alt=\"\" class=\"image-card-link__image\" \/>\r\n\t\t\r\n\t\t\r\n\t<\/a>\r\n<\/div>\r\n<\/div>\n\n\n\n<div class=\"wp-block-column is-layout-flow wp-block-column-is-layout-flow\">\r\n<div class=\"custom-block-image-card-link\" id=\"image-card-link-block_e18968dbf2280c9e3cc667639c5a2486\">\r\n\t<a href=\"https:\/\/shop.keramundo.de\/produkte\/plano\/c\/km3_1129285\"\r\n\t   class=\"image-card-link__link css-hover\"\r\n\t   target=\"_blank\"\r\n\t   title=\"Keramundo\">\r\n\r\n\t\t\t\t\t<img decoding=\"async\" src=\"https:\/\/kermos.com\/wp-content\/uploads\/2025\/12\/1200x400px-DE-Keramundo.png\" alt=\"\" class=\"image-card-link__image\" \/>\r\n\t\t\r\n\t\t\r\n\t<\/a>\r\n<\/div>\r\n<\/div>\n<\/div>\n<\/div><\/div>\n\n\n\n<div style=\"height:100px\" aria-hidden=\"true\" class=\"wp-block-spacer is-style-small\"><\/div>\n","protected":false},"excerpt":{"rendered":"<p>KERMOS Pure Stone steht f\u00fcr gro\u00dfe Formate, die Weitl\u00e4ufigkeit und ein Gef\u00fchl von Urbanit\u00e4t vermitteln.<\/p>\n","protected":false},"author":2,"featured_media":3611,"parent":6536,"menu_order":76,"comment_status":"closed","ping_status":"closed","template":"","meta":{"_acf_changed":false,"_seopress_robots_primary_cat":"","_seopress_titles_title":"","_seopress_titles_desc":"","_seopress_robots_index":"","footnotes":""},"class_list":["post-7303","page","type-page","status-publish","has-post-thumbnail","hentry"],"acf":[],"_links":{"self":[{"href":"https:\/\/kermos.com\/de\/wp-json\/wp\/v2\/pages\/7303","targetHints":{"allow":["GET"]}}],"collection":[{"href":"https:\/\/kermos.com\/de\/wp-json\/wp\/v2\/pages"}],"about":[{"href":"https:\/\/kermos.com\/de\/wp-json\/wp\/v2\/types\/page"}],"author":[{"embeddable":true,"href":"https:\/\/kermos.com\/de\/wp-json\/wp\/v2\/users\/2"}],"replies":[{"embeddable":true,"href":"https:\/\/kermos.com\/de\/wp-json\/wp\/v2\/comments?post=7303"}],"version-history":[{"count":9,"href":"https:\/\/kermos.com\/de\/wp-json\/wp\/v2\/pages\/7303\/revisions"}],"predecessor-version":[{"id":10073,"href":"https:\/\/kermos.com\/de\/wp-json\/wp\/v2\/pages\/7303\/revisions\/10073"}],"up":[{"embeddable":true,"href":"https:\/\/kermos.com\/de\/wp-json\/wp\/v2\/pages\/6536"}],"wp:featuredmedia":[{"embeddable":true,"href":"https:\/\/kermos.com\/de\/wp-json\/wp\/v2\/media\/3611"}],"wp:attachment":[{"href":"https:\/\/kermos.com\/de\/wp-json\/wp\/v2\/media?parent=7303"}],"curies":[{"name":"wp","href":"https:\/\/api.w.org\/{rel}","templated":true}]}}