{"id":7304,"date":"2025-11-04T15:32:59","date_gmt":"2025-11-04T14:32:59","guid":{"rendered":"https:\/\/kermos.stark.aliaz.net\/?page_id=7304"},"modified":"2026-03-06T15:05:53","modified_gmt":"2026-03-06T14:05:53","slug":"pure-stone","status":"publish","type":"page","link":"https:\/\/kermos.com\/de\/produkte\/fliesen\/pure-stone\/","title":{"rendered":"Pure Stone"},"content":{"rendered":"\n<div style=\"height:100px\" aria-hidden=\"true\" class=\"wp-block-spacer is-style-tiny\"><\/div>\n\n\n\n<div class=\"wp-block-group is-style-width-50\"><div class=\"wp-block-group__inner-container is-layout-constrained wp-block-group-is-layout-constrained\">\n<h2 class=\"wp-block-heading\"><strong>F\u00fcr zeitgem\u00e4\u00dfe Konzepte<\/strong><\/h2>\n\n\n\n<p>KERMOS Pure Stone bildet mit ihren f\u00fcnf Formatvarianten von 60 x 60 cm bis 120 x 260 cm und einer St\u00e4rke von 6 mm die perfekte Basis f\u00fcr zeitgem\u00e4\u00dfe Wand- und Bodenkonzepte. Rektifiziert und kalibriert ist eine Verlegung mit schmaler Fuge m\u00f6glich, die f\u00fcr optische Weite und ein hochwertiges Erscheinungsbild sorgt. Die Fliesen aus der KERMOS fineline Kollektion erm\u00f6glichen durch ihre geringe St\u00e4rke eine moderne Raumgestaltung mit dezenten und filigranen Ecken und Kantenabschl\u00fcssen. <\/p>\n\n\n\n<p>Die Serie Pure Stone wirkt durch ihre gro\u00dfen Formate weitl\u00e4ufig und urban. Dieser Eindruck wird noch weiter verst\u00e4rkt durch die passenden vier modernen Farben Creme, Taupe, Grau und Anthrazit. So entsteht ein Gesamtkonzept, das zur\u00fcckhaltend, aber dennoch stillbewusst R\u00e4ume positiv ver\u00e4ndert.<\/p>\n<\/div><\/div>\n\n\n\n<div style=\"height:100px\" aria-hidden=\"true\" class=\"wp-block-spacer is-style-tiny\"><\/div>\n\n\n\n<div class=\"wp-block-group is-style-width-50\"><div class=\"wp-block-group__inner-container is-layout-constrained wp-block-group-is-layout-constrained\">\n<h2 class=\"wp-block-heading\"><strong><strong>Stimmige Akzente<\/strong><\/strong><\/h2>\n\n\n\n<p>Idealerweise werden die Pure Stone Boden- und Wandfliesen mit dem exklusiven Zubeh\u00f6r kombiniert. Denn der Einsatz von Mosaik setzt passende Akzente und bietet zahlreiche Gestaltungsm\u00f6glichkeiten. Sockelleisten, ebenfalls mit feinem Design, in 60 und 80 cm L\u00e4nge werten das Sortiment zus\u00e4tzlich auf.<\/p>\n<\/div><\/div>\n\n\n\n<div style=\"height:100px\" aria-hidden=\"true\" class=\"wp-block-spacer is-style-tiny\"><\/div>\n\n\n\n<div class=\"wp-block-group is-style-width-50\"><div class=\"wp-block-group__inner-container is-layout-constrained wp-block-group-is-layout-constrained\">\n<div class=\"wp-block-columns is-layout-flex wp-container-core-columns-is-layout-9d6595d7 wp-block-columns-is-layout-flex\">\n<div class=\"wp-block-column is-layout-flow wp-block-column-is-layout-flow\">\n<div class=\"wp-block-columns is-layout-flex wp-container-core-columns-is-layout-9d6595d7 wp-block-columns-is-layout-flex\">\n<div class=\"wp-block-column is-layout-flow wp-block-column-is-layout-flow\">\n<figure class=\"wp-block-image size-S_QUAD\"><img alt=\"\" loading=\"lazy\" decoding=\"async\" width=\"480\" height=\"480\" src=\"http:\/\/kermos.com\/wp-content\/uploads\/2025\/11\/KERMOS_Pure-Stone_product_cream-480x480.jpg\" alt=\"\" class=\"wp-image-3912\" srcset=\"https:\/\/kermos.com\/wp-content\/uploads\/2025\/11\/KERMOS_Pure-Stone_product_cream-480x480.jpg 480w, https:\/\/kermos.com\/wp-content\/uploads\/2025\/11\/KERMOS_Pure-Stone_product_cream-150x150.jpg 150w\" sizes=\"auto, (max-width: 480px) 100vw, 480px\" \/><figcaption class=\"wp-element-caption\">Creme<\/figcaption><\/figure>\n<\/div>\n\n\n\n<div class=\"wp-block-column is-layout-flow wp-block-column-is-layout-flow\">\n<figure class=\"wp-block-image size-S_QUAD\"><img alt=\"\" loading=\"lazy\" decoding=\"async\" width=\"480\" height=\"480\" src=\"http:\/\/kermos.com\/wp-content\/uploads\/2025\/11\/KERMOS_Pure-Stone_product_taupe-480x480.jpg\" alt=\"\" class=\"wp-image-3936\" srcset=\"https:\/\/kermos.com\/wp-content\/uploads\/2025\/11\/KERMOS_Pure-Stone_product_taupe-480x480.jpg 480w, https:\/\/kermos.com\/wp-content\/uploads\/2025\/11\/KERMOS_Pure-Stone_product_taupe-150x150.jpg 150w\" sizes=\"auto, (max-width: 480px) 100vw, 480px\" \/><figcaption class=\"wp-element-caption\">Taupe<\/figcaption><\/figure>\n<\/div>\n<\/div>\n<\/div>\n\n\n\n<div class=\"wp-block-column is-layout-flow wp-block-column-is-layout-flow\">\n<div class=\"wp-block-columns is-layout-flex wp-container-core-columns-is-layout-9d6595d7 wp-block-columns-is-layout-flex\">\n<div class=\"wp-block-column is-layout-flow wp-block-column-is-layout-flow\">\n<figure class=\"wp-block-image size-S_QUAD\"><img alt=\"\" loading=\"lazy\" decoding=\"async\" width=\"480\" height=\"480\" src=\"http:\/\/kermos.com\/wp-content\/uploads\/2025\/11\/KERMOS_Pure-Stone_product_grey-480x480.jpg\" alt=\"\" class=\"wp-image-3924\" srcset=\"https:\/\/kermos.com\/wp-content\/uploads\/2025\/11\/KERMOS_Pure-Stone_product_grey-480x480.jpg 480w, https:\/\/kermos.com\/wp-content\/uploads\/2025\/11\/KERMOS_Pure-Stone_product_grey-150x150.jpg 150w\" sizes=\"auto, (max-width: 480px) 100vw, 480px\" \/><figcaption class=\"wp-element-caption\">Grau<\/figcaption><\/figure>\n<\/div>\n\n\n\n<div class=\"wp-block-column is-layout-flow wp-block-column-is-layout-flow\">\n<figure class=\"wp-block-image size-S_QUAD\"><img alt=\"\" loading=\"lazy\" decoding=\"async\" width=\"480\" height=\"480\" src=\"http:\/\/kermos.com\/wp-content\/uploads\/2025\/11\/KERMOS_Pure-Stone_product_anthracite-480x480.jpg\" alt=\"\" class=\"wp-image-3900\" srcset=\"https:\/\/kermos.com\/wp-content\/uploads\/2025\/11\/KERMOS_Pure-Stone_product_anthracite-480x480.jpg 480w, https:\/\/kermos.com\/wp-content\/uploads\/2025\/11\/KERMOS_Pure-Stone_product_anthracite-150x150.jpg 150w\" sizes=\"auto, (max-width: 480px) 100vw, 480px\" \/><figcaption class=\"wp-element-caption\">Anthrazit<\/figcaption><\/figure>\n<\/div>\n<\/div>\n<\/div>\n<\/div>\n<\/div><\/div>\n\n\n\n<div style=\"height:100px\" aria-hidden=\"true\" class=\"wp-block-spacer is-style-tiny\"><\/div>\n\n\n\n<div class=\"wp-block-group is-style-width-50\"><div class=\"wp-block-group__inner-container is-layout-constrained wp-block-group-is-layout-constrained\"><div class='custom-block-accordion' data-first-is-open='false' ><div class='accordion-title '><span class='label'>Oberfl\u00e4chen<\/span><\/div><div class='accordion-content'><div class='text-wrap'><p>Matt R10 B<\/p>\n<\/div><\/div><div class='accordion-title '><span class='label'>Formate<\/span><\/div><div class='accordion-content'><div class='text-wrap'><p>120 x 260, 120 x 120, 80 x 80, 60 x 120 und 60 x 60 cm<\/p>\n<\/div><\/div><div class='accordion-title '><span class='label'>Farben<\/span><\/div><div class='accordion-content'><div class='text-wrap'><p>Creme, Taupe, Grau und Anthrazit<\/p>\n<\/div><\/div><div class='accordion-title  last-element'><span class='label'>Accessories<\/span><\/div><div class='accordion-content'><div class='text-wrap'><p>Mosaik und Sockel<\/p>\n<\/div><\/div><\/div><\/div><\/div>\n\n\n\n<div style=\"height:100px\" aria-hidden=\"true\" class=\"wp-block-spacer is-style-tiny\"><\/div>\n\n\n\n<div class=\"wp-block-columns is-layout-flex wp-container-core-columns-is-layout-9d6595d7 wp-block-columns-is-layout-flex\">\n<div class=\"wp-block-column is-layout-flow wp-block-column-is-layout-flow\">\n<div class=\"wp-block-buttons is-content-justification-center is-layout-flex wp-container-core-buttons-is-layout-16018d1d wp-block-buttons-is-layout-flex\">\n<div class=\"wp-block-button\"><a class=\"wp-block-button__link wp-element-button\" href=\"https:\/\/shop.keramundo.de\/medias\/DOK-SP-880265.pdf?context=bWFzdGVyfGRvY3VtZW50c3wxMTk0MzIwfGFwcGxpY2F0aW9uL3BkZnxhR1F6TDJobFl5ODVNVGcwTWpVMU16RXhPVEF5TDBSUFMxOVRVRjg0T0RBeU5qVXVjR1JtfDk2YWI0NjYwZmFlMDU5ZTkyYTUxODc4YTA2NjQyZDZlYTBjYzgxOWFlZTM5ZGZiYjQxZTU4OWE3ZGIwN2FiYWY\" target=\"_blank\" rel=\"noreferrer noopener\">Serienprospekt herunterladen<\/a><\/div>\n<\/div>\n<\/div>\n<\/div>\n\n\n\n<div style=\"height:100px\" aria-hidden=\"true\" class=\"wp-block-spacer is-style-small\"><\/div>\n\n\n\n<div class=\"wp-block-group is-style-width-75\"><div class=\"wp-block-group__inner-container is-layout-constrained wp-block-group-is-layout-constrained\"><div class='custom-block-slider'><div class='custom-block-slider'>\r\n\t\t\t<div class=\"swiper-element\">\r\n\r\n\t\t\t\t\t\t\t\t\t<div class=\"slider-prev slider-button\" id=\"block_slider_69dec2a670e11-prev\">\r\n\t\t\t\t\t\t<span class=\"fal fa-angle-left\"><\/span>\r\n\t\t\t\t\t<\/div>\r\n\t\t\t\t\t<div class=\"slider-next slider-button\" id=\"block_slider_69dec2a670e11-next\">\r\n\t\t\t\t\t\t<span class=\"fal fa-angle-right\"><\/span>\r\n\t\t\t\t\t<\/div>\r\n\t\t\t\t\r\n\t\t\t\t<div class=\"swiper has-navigation\" id=\"block_slider_69dec2a670e11\">\r\n\t\t\t\t\t<div class=\"swiper-wrapper\">\r\n\t\t\t\t\t\t<div class=\"swiper-slide\"><a href='https:\/\/kermos.com\/wp-content\/uploads\/2025\/11\/KERMOS_Pure-Stone_ambience_taupe.jpg' data-fancybox='block_slider_69dec2a670e11' data-caption=''><img src='https:\/\/kermos.com\/wp-content\/uploads\/2025\/11\/KERMOS_Pure-Stone_ambience_taupe.jpg' alt='' class='default src-acf type-img size-default width-33 max-width' srcset='https:\/\/kermos.com\/wp-content\/uploads\/2025\/11\/KERMOS_Pure-Stone_ambience_taupe-480x360.jpg 480w,https:\/\/kermos.com\/wp-content\/uploads\/2025\/11\/KERMOS_Pure-Stone_ambience_taupe-720x540.jpg 720w,https:\/\/kermos.com\/wp-content\/uploads\/2025\/11\/KERMOS_Pure-Stone_ambience_taupe-1200x960.jpg 1280w,'  sizes='(max-width: 768px) 100vw, 33vw' \/><\/a><\/div><div class=\"swiper-slide\"><a href='https:\/\/kermos.com\/wp-content\/uploads\/2025\/11\/KERMOS_Pure-Stone_ambience_taupe_2.jpg' data-fancybox='block_slider_69dec2a670e11' data-caption=''><img src='https:\/\/kermos.com\/wp-content\/uploads\/2025\/11\/KERMOS_Pure-Stone_ambience_taupe_2.jpg' alt='' class='default src-acf type-img size-default width-33 max-width' srcset='https:\/\/kermos.com\/wp-content\/uploads\/2025\/11\/KERMOS_Pure-Stone_ambience_taupe_2-480x360.jpg 480w,https:\/\/kermos.com\/wp-content\/uploads\/2025\/11\/KERMOS_Pure-Stone_ambience_taupe_2-720x540.jpg 720w,https:\/\/kermos.com\/wp-content\/uploads\/2025\/11\/KERMOS_Pure-Stone_ambience_taupe_2-1200x960.jpg 1280w,'  sizes='(max-width: 768px) 100vw, 33vw' \/><\/a><\/div><div class=\"swiper-slide\"><a href='https:\/\/kermos.com\/wp-content\/uploads\/2025\/11\/KERMOS_Pure-Stone_ambience_grey.jpg' data-fancybox='block_slider_69dec2a670e11' data-caption=''><img src='https:\/\/kermos.com\/wp-content\/uploads\/2025\/11\/KERMOS_Pure-Stone_ambience_grey.jpg' alt='' class='default src-acf type-img size-default width-33 max-width' srcset='https:\/\/kermos.com\/wp-content\/uploads\/2025\/11\/KERMOS_Pure-Stone_ambience_grey-480x360.jpg 480w,https:\/\/kermos.com\/wp-content\/uploads\/2025\/11\/KERMOS_Pure-Stone_ambience_grey-720x540.jpg 720w,https:\/\/kermos.com\/wp-content\/uploads\/2025\/11\/KERMOS_Pure-Stone_ambience_grey-1200x960.jpg 1280w,'  sizes='(max-width: 768px) 100vw, 33vw' \/><\/a><\/div><div class=\"swiper-slide\"><a href='https:\/\/kermos.com\/wp-content\/uploads\/2025\/11\/KERMOS_Pure-Stone_ambience_grey_2.jpg' data-fancybox='block_slider_69dec2a670e11' data-caption=''><img src='https:\/\/kermos.com\/wp-content\/uploads\/2025\/11\/KERMOS_Pure-Stone_ambience_grey_2.jpg' alt='' class='default src-acf type-img size-default width-33 max-width' srcset='https:\/\/kermos.com\/wp-content\/uploads\/2025\/11\/KERMOS_Pure-Stone_ambience_grey_2-480x360.jpg 480w,https:\/\/kermos.com\/wp-content\/uploads\/2025\/11\/KERMOS_Pure-Stone_ambience_grey_2-720x540.jpg 720w,https:\/\/kermos.com\/wp-content\/uploads\/2025\/11\/KERMOS_Pure-Stone_ambience_grey_2-1200x960.jpg 1280w,'  sizes='(max-width: 768px) 100vw, 33vw' \/><\/a><\/div><div class=\"swiper-slide\"><a href='https:\/\/kermos.com\/wp-content\/uploads\/2025\/11\/KERMOS_Pure-Stone_ambience_cream.jpg' data-fancybox='block_slider_69dec2a670e11' data-caption=''><img src='https:\/\/kermos.com\/wp-content\/uploads\/2025\/11\/KERMOS_Pure-Stone_ambience_cream.jpg' alt='' class='default src-acf type-img size-default width-33 max-width' srcset='https:\/\/kermos.com\/wp-content\/uploads\/2025\/11\/KERMOS_Pure-Stone_ambience_cream-480x360.jpg 480w,https:\/\/kermos.com\/wp-content\/uploads\/2025\/11\/KERMOS_Pure-Stone_ambience_cream-720x540.jpg 720w,https:\/\/kermos.com\/wp-content\/uploads\/2025\/11\/KERMOS_Pure-Stone_ambience_cream-1200x960.jpg 1280w,'  sizes='(max-width: 768px) 100vw, 33vw' \/><\/a><\/div><div class=\"swiper-slide\"><a href='https:\/\/kermos.com\/wp-content\/uploads\/2025\/11\/KERMOS_Pure-Stone_ambience_anthracite_mosaic.jpg' data-fancybox='block_slider_69dec2a670e11' data-caption=''><img src='https:\/\/kermos.com\/wp-content\/uploads\/2025\/11\/KERMOS_Pure-Stone_ambience_anthracite_mosaic.jpg' alt='' class='default src-acf type-img size-default width-33 max-width' srcset='https:\/\/kermos.com\/wp-content\/uploads\/2025\/11\/KERMOS_Pure-Stone_ambience_anthracite_mosaic-480x360.jpg 480w,https:\/\/kermos.com\/wp-content\/uploads\/2025\/11\/KERMOS_Pure-Stone_ambience_anthracite_mosaic-720x540.jpg 720w,https:\/\/kermos.com\/wp-content\/uploads\/2025\/11\/KERMOS_Pure-Stone_ambience_anthracite_mosaic-1200x960.jpg 1280w,'  sizes='(max-width: 768px) 100vw, 33vw' \/><\/a><\/div>\t\t\t\t\t<\/div>\r\n\t\t\t\t<\/div>\r\n\r\n\t\t\t\t\r\n\t\t\t\t\r\n\t\t\t\t<script type=\"text\/javascript\" async defer>\r\n                  \/* <![CDATA[ *\/\r\n\r\n\t\t\t\t  \r\n                  let block_slider_69dec2a670e11 = {\"id\":\"block_slider_69dec2a670e11\",\"type\":\"slider\",\"name\":\"slider_block_slider_69dec2a670e11\",\"options\":{\"speed\":400,\"effect\":\"slide\",\"slidesPerView\":3,\"spaceBetween\":30,\"autoHeight\":false,\"loop\":false,\"grabCursor\":true,\"navigation\":{\"nextEl\":\"#block_slider_69dec2a670e11-next\",\"prevEl\":\"#block_slider_69dec2a670e11-prev\"}}};\r\n\r\n                  window.addEventListener('DOMContentLoaded', (event) => {\r\n                    createNewSlider(block_slider_69dec2a670e11.id, block_slider_69dec2a670e11.type, block_slider_69dec2a670e11.name, block_slider_69dec2a670e11.options);\r\n                  });\r\n\r\n\t\t\t\t  \r\n                  \/* ]]> *\/\r\n\t\t\t\t<\/script>\r\n\r\n\t\t\t<\/div>\r\n\r\n\t\t<\/div><\/div><\/div><\/div>\n\n\n\n<div style=\"height:100px\" aria-hidden=\"true\" class=\"wp-block-spacer is-style-tiny\"><\/div>\n\n\n\n<div class=\"wp-block-group is-style-width-70\"><div class=\"wp-block-group__inner-container is-layout-constrained wp-block-group-is-layout-constrained\">\r\n<div class=\"custom-block-callout co-callout image-pos--right\" id=\"callout-block_aa4578ade8c3948452ec9a2b7edf80c7\">\r\n  <div class=\"co-callout__inner\">\r\n    <div class=\"co-callout__content\">\r\n              <div class=\"co-callout__text\">\r\n          Sie m\u00f6chten wissen, wie die Pure Stone Fliesen in Ihren R\u00e4umen wirken?        <\/div>\r\n            <a href='https:\/\/www.raabkarcher.de\/a\/virtueller-raumplaner' target='_blank' class='co-callout__button'>Dann testen Sie jetzt den virtuellen Raumplaner<\/a>    <\/div>\r\n          <div class=\"co-callout__image-wrapper\">\r\n        <div class=\"co-callout__image\">\r\n          <img decoding=\"async\" src=\"https:\/\/kermos.com\/wp-content\/uploads\/2025\/11\/Laptop_Raumplaner-small2.png\" alt=\"\" loading=\"lazy\" \/>\r\n        <\/div>\r\n      <\/div>\r\n      <\/div>\r\n<\/div>\r\n<\/div><\/div>\n\n\n\n<div class=\"wp-block-group is-style-width-60\"><div class=\"wp-block-group__inner-container is-layout-constrained wp-block-group-is-layout-constrained\">\n<p>Das komplette Pure Stone-Sortiment finden Sie in unserem Onlineshop:<\/p>\n\n\n\n<div class=\"wp-block-columns is-layout-flex wp-container-core-columns-is-layout-9d6595d7 wp-block-columns-is-layout-flex\">\n<div class=\"wp-block-column is-layout-flow wp-block-column-is-layout-flow\">\r\n<div class=\"custom-block-image-card-link\" id=\"image-card-link-block_bfe40721617e7e5d12991a7d8731343c\">\r\n\t<a href=\"https:\/\/www.raabkarcher.de\/produkte\/pure-stone\/c\/rk3_3568488\"\r\n\t   class=\"image-card-link__link css-hover\"\r\n\t   target=\"_blank\"\r\n\t   title=\"Raab Karcher\">\r\n\r\n\t\t\t\t\t<img decoding=\"async\" src=\"https:\/\/kermos.com\/wp-content\/uploads\/2025\/12\/1200x400px-DE-Raab-Karcher.png\" alt=\"\" class=\"image-card-link__image\" \/>\r\n\t\t\r\n\t\t\r\n\t<\/a>\r\n<\/div>\r\n<\/div>\n\n\n\n<div class=\"wp-block-column is-layout-flow wp-block-column-is-layout-flow\">\r\n<div class=\"custom-block-image-card-link\" id=\"image-card-link-block_7ee957a25caf13625cf5c3b7cd0e35ad\">\r\n\t<a href=\"https:\/\/shop.keramundo.de\/produkte\/pure-stone\/c\/km3_3568488\"\r\n\t   class=\"image-card-link__link css-hover\"\r\n\t   target=\"_blank\"\r\n\t   title=\"Keramundo\">\r\n\r\n\t\t\t\t\t<img decoding=\"async\" src=\"https:\/\/kermos.com\/wp-content\/uploads\/2025\/12\/1200x400px-DE-Keramundo.png\" alt=\"\" class=\"image-card-link__image\" \/>\r\n\t\t\r\n\t\t\r\n\t<\/a>\r\n<\/div>\r\n<\/div>\n<\/div>\n<\/div><\/div>\n\n\n\n<div style=\"height:100px\" aria-hidden=\"true\" class=\"wp-block-spacer is-style-small\"><\/div>\n","protected":false},"excerpt":{"rendered":"<p>KERMOS Pure Stone steht f\u00fcr gro\u00dfe Formate, die Weitl\u00e4ufigkeit und ein Gef\u00fchl von Urbanit\u00e4t vermitteln.<\/p>\n","protected":false},"author":2,"featured_media":3891,"parent":6536,"menu_order":81,"comment_status":"closed","ping_status":"closed","template":"","meta":{"_acf_changed":false,"_seopress_robots_primary_cat":"","_seopress_titles_title":"","_seopress_titles_desc":"","_seopress_robots_index":"","footnotes":""},"class_list":["post-7304","page","type-page","status-publish","has-post-thumbnail","hentry"],"acf":[],"_links":{"self":[{"href":"https:\/\/kermos.com\/de\/wp-json\/wp\/v2\/pages\/7304","targetHints":{"allow":["GET"]}}],"collection":[{"href":"https:\/\/kermos.com\/de\/wp-json\/wp\/v2\/pages"}],"about":[{"href":"https:\/\/kermos.com\/de\/wp-json\/wp\/v2\/types\/page"}],"author":[{"embeddable":true,"href":"https:\/\/kermos.com\/de\/wp-json\/wp\/v2\/users\/2"}],"replies":[{"embeddable":true,"href":"https:\/\/kermos.com\/de\/wp-json\/wp\/v2\/comments?post=7304"}],"version-history":[{"count":4,"href":"https:\/\/kermos.com\/de\/wp-json\/wp\/v2\/pages\/7304\/revisions"}],"predecessor-version":[{"id":10025,"href":"https:\/\/kermos.com\/de\/wp-json\/wp\/v2\/pages\/7304\/revisions\/10025"}],"up":[{"embeddable":true,"href":"https:\/\/kermos.com\/de\/wp-json\/wp\/v2\/pages\/6536"}],"wp:featuredmedia":[{"embeddable":true,"href":"https:\/\/kermos.com\/de\/wp-json\/wp\/v2\/media\/3891"}],"wp:attachment":[{"href":"https:\/\/kermos.com\/de\/wp-json\/wp\/v2\/media?parent=7304"}],"curies":[{"name":"wp","href":"https:\/\/api.w.org\/{rel}","templated":true}]}}