{"id":7347,"date":"2025-11-04T15:32:59","date_gmt":"2025-11-04T14:32:59","guid":{"rendered":"https:\/\/kermos.stark.aliaz.net\/?page_id=7347"},"modified":"2026-03-09T14:05:37","modified_gmt":"2026-03-09T13:05:37","slug":"semento","status":"publish","type":"page","link":"https:\/\/kermos.com\/de\/produkte\/fliesen\/semento\/","title":{"rendered":"Semento"},"content":{"rendered":"\n<div style=\"height:100px\" aria-hidden=\"true\" class=\"wp-block-spacer is-style-tiny\"><\/div>\n\n\n\n<div class=\"wp-block-group is-style-width-50\"><div class=\"wp-block-group__inner-container is-layout-constrained wp-block-group-is-layout-constrained\">\n<h2 class=\"wp-block-heading\"><strong>Zeitlose Betonoptik f\u00fcr puristische Raumgestaltung<\/strong><\/h2>\n\n\n\n<p>Die Fliesenserie Semento \u00fcberzeugt nicht nur durch ihre zeitlose Betonoptik aus hochwertigem Feinsteinzeug, sondern auch durch ihre samtige Oberfl\u00e4che mit der Rutschhemmung R10 B. Diese sorgt f\u00fcr ein sicheres Auftreten \u2013 auch in Nassbereichen. <\/p>\n\n\n\n<p>Perfekt f\u00fcr moderne Wohnr\u00e4ume, K\u00fcchen oder B\u00e4der verbindet die Semento Fliesenserie subtile Eleganz mit praktischen Vorteilen. Die Fliesen sind pflegeleicht und langlebig, und bieten eine ideale Grundlage f\u00fcr eine stilbewusste und flexible Raumgestaltung.<\/p>\n<\/div><\/div>\n\n\n\n<div style=\"height:100px\" aria-hidden=\"true\" class=\"wp-block-spacer is-style-tiny\"><\/div>\n\n\n\n<div class=\"wp-block-group is-style-width-50\"><div class=\"wp-block-group__inner-container is-layout-constrained wp-block-group-is-layout-constrained\">\n<div class=\"wp-block-columns is-layout-flex wp-container-core-columns-is-layout-9d6595d7 wp-block-columns-is-layout-flex\">\n<div class=\"wp-block-column is-layout-flow wp-block-column-is-layout-flow\">\n<div class=\"wp-block-columns is-layout-flex wp-container-core-columns-is-layout-9d6595d7 wp-block-columns-is-layout-flex\">\n<div class=\"wp-block-column is-layout-flow wp-block-column-is-layout-flow\">\n<figure class=\"wp-block-image size-S_QUAD\"><img alt=\"\" loading=\"lazy\" decoding=\"async\" width=\"480\" height=\"480\" src=\"http:\/\/kermos.com\/wp-content\/uploads\/2025\/12\/KERMOS_Semento_product_mud-480x480.jpg\" alt=\"\" class=\"wp-image-4359\" srcset=\"https:\/\/kermos.com\/wp-content\/uploads\/2025\/12\/KERMOS_Semento_product_mud-480x480.jpg 480w, https:\/\/kermos.com\/wp-content\/uploads\/2025\/12\/KERMOS_Semento_product_mud-150x150.jpg 150w\" sizes=\"auto, (max-width: 480px) 100vw, 480px\" \/><figcaption class=\"wp-element-caption\">Schlamm<\/figcaption><\/figure>\n<\/div>\n\n\n\n<div class=\"wp-block-column is-layout-flow wp-block-column-is-layout-flow\">\n<figure class=\"wp-block-image size-S_QUAD is-resized\"><img alt=\"\" loading=\"lazy\" decoding=\"async\" width=\"480\" height=\"480\" src=\"http:\/\/kermos.com\/wp-content\/uploads\/2025\/12\/KERMOS_Semento_product_anthracite-480x480.jpg\" alt=\"\" class=\"wp-image-4311\" style=\"width:265px;height:auto\" srcset=\"https:\/\/kermos.com\/wp-content\/uploads\/2025\/12\/KERMOS_Semento_product_anthracite-480x480.jpg 480w, https:\/\/kermos.com\/wp-content\/uploads\/2025\/12\/KERMOS_Semento_product_anthracite-150x150.jpg 150w\" sizes=\"auto, (max-width: 480px) 100vw, 480px\" \/><figcaption class=\"wp-element-caption\">Anthrazit<\/figcaption><\/figure>\n<\/div>\n<\/div>\n<\/div>\n\n\n\n<div class=\"wp-block-column is-layout-flow wp-block-column-is-layout-flow\">\n<div class=\"wp-block-columns is-layout-flex wp-container-core-columns-is-layout-9d6595d7 wp-block-columns-is-layout-flex\">\n<div class=\"wp-block-column is-layout-flow wp-block-column-is-layout-flow\">\n<figure class=\"wp-block-image size-S_QUAD\"><img alt=\"\" loading=\"lazy\" decoding=\"async\" width=\"480\" height=\"480\" src=\"http:\/\/kermos.com\/wp-content\/uploads\/2025\/12\/KERMOS_Semento_product_cream-480x480.jpg\" alt=\"\" class=\"wp-image-4323\" srcset=\"https:\/\/kermos.com\/wp-content\/uploads\/2025\/12\/KERMOS_Semento_product_cream-480x480.jpg 480w, https:\/\/kermos.com\/wp-content\/uploads\/2025\/12\/KERMOS_Semento_product_cream-150x150.jpg 150w\" sizes=\"auto, (max-width: 480px) 100vw, 480px\" \/><figcaption class=\"wp-element-caption\">Creme<\/figcaption><\/figure>\n<\/div>\n\n\n\n<div class=\"wp-block-column is-layout-flow wp-block-column-is-layout-flow\">\n<figure class=\"wp-block-image size-S_QUAD\"><img alt=\"\" loading=\"lazy\" decoding=\"async\" width=\"480\" height=\"480\" src=\"http:\/\/kermos.com\/wp-content\/uploads\/2025\/12\/KERMOS_Semento_product_light-grey-480x480.jpg\" alt=\"\" class=\"wp-image-4347\" srcset=\"https:\/\/kermos.com\/wp-content\/uploads\/2025\/12\/KERMOS_Semento_product_light-grey-480x480.jpg 480w, https:\/\/kermos.com\/wp-content\/uploads\/2025\/12\/KERMOS_Semento_product_light-grey-150x150.jpg 150w\" sizes=\"auto, (max-width: 480px) 100vw, 480px\" \/><figcaption class=\"wp-element-caption\">Hellgrau<\/figcaption><\/figure>\n<\/div>\n<\/div>\n<\/div>\n<\/div>\n<\/div><\/div>\n\n\n\n<div class=\"wp-block-group is-style-width-50\"><div class=\"wp-block-group__inner-container is-layout-constrained wp-block-group-is-layout-constrained\">\n<div class=\"wp-block-columns is-layout-flex wp-container-core-columns-is-layout-9d6595d7 wp-block-columns-is-layout-flex\">\n<div class=\"wp-block-column is-layout-flow wp-block-column-is-layout-flow\">\n<div class=\"wp-block-columns is-layout-flex wp-container-core-columns-is-layout-9d6595d7 wp-block-columns-is-layout-flex\">\n<div class=\"wp-block-column is-layout-flow wp-block-column-is-layout-flow\">\n<figure class=\"wp-block-image size-S_QUAD\"><img alt=\"\" loading=\"lazy\" decoding=\"async\" width=\"480\" height=\"480\" src=\"https:\/\/kermos.com\/wp-content\/uploads\/2025\/12\/KERMOS_Semento_product_grey-480x480.jpg\" alt=\"\" class=\"wp-image-4335\" srcset=\"https:\/\/kermos.com\/wp-content\/uploads\/2025\/12\/KERMOS_Semento_product_grey-480x480.jpg 480w, https:\/\/kermos.com\/wp-content\/uploads\/2025\/12\/KERMOS_Semento_product_grey-150x150.jpg 150w\" sizes=\"auto, (max-width: 480px) 100vw, 480px\" \/><figcaption class=\"wp-element-caption\">Grau<\/figcaption><\/figure>\n<\/div>\n\n\n\n<div class=\"wp-block-column is-layout-flow wp-block-column-is-layout-flow\"><\/div>\n<\/div>\n<\/div>\n\n\n\n<div class=\"wp-block-column is-layout-flow wp-block-column-is-layout-flow\">\n<div class=\"wp-block-columns is-layout-flex wp-container-core-columns-is-layout-9d6595d7 wp-block-columns-is-layout-flex\">\n<div class=\"wp-block-column is-layout-flow wp-block-column-is-layout-flow\"><\/div>\n\n\n\n<div class=\"wp-block-column is-layout-flow wp-block-column-is-layout-flow\"><\/div>\n<\/div>\n<\/div>\n<\/div>\n<\/div><\/div>\n\n\n\n<div style=\"height:100px\" aria-hidden=\"true\" class=\"wp-block-spacer is-style-tiny\"><\/div>\n\n\n\n<div class=\"wp-block-group is-style-width-50\"><div class=\"wp-block-group__inner-container is-layout-constrained wp-block-group-is-layout-constrained\"><div class='custom-block-accordion' data-first-is-open='false' ><div class='accordion-title '><span class='label'>Oberfl\u00e4chen<\/span><\/div><div class='accordion-content'><div class='text-wrap'><p>Matt R10 B<\/p>\n<\/div><\/div><div class='accordion-title '><span class='label'>Formate<\/span><\/div><div class='accordion-content'><div class='text-wrap'><p>60 \u00d7 120, 60 \u00d7 60, 30 \u00d7 60, 30 \u00d7 30 und 20 \u00d7 40 cm<\/p>\n<\/div><\/div><div class='accordion-title '><span class='label'>Farben<\/span><\/div><div class='accordion-content'><div class='text-wrap'><p>Schlamm, Anthrazit, Creme, Hellgrau und Grau<\/p>\n<\/div><\/div><div class='accordion-title  last-element'><span class='label'>Zubeh\u00f6r<\/span><\/div><div class='accordion-content'><div class='text-wrap'><p>Mosaike und Sockel<\/p>\n<\/div><\/div><\/div><\/div><\/div>\n\n\n\n<div style=\"height:100px\" aria-hidden=\"true\" class=\"wp-block-spacer is-style-small\"><\/div>\n\n\n\n<div class=\"wp-block-group is-style-width-50\"><div class=\"wp-block-group__inner-container is-layout-constrained wp-block-group-is-layout-constrained\">\n<h2 class=\"wp-block-heading\"><strong><strong><strong>Ansprechende Vielfalt<\/strong><\/strong><\/strong><\/h2>\n\n\n\n<p>KERMOS Semento verleiht Ihren R\u00e4umen eine unaufdringliche Eleganz. Die Fliesen lassen sich problemlos mit anderen Materialien und Einrichtungsgegenst\u00e4nden kombinieren. Im Zusammenspiel mit dem optisch abgestimmten Zubeh\u00f6r aus Mosaiken und Sockeln k\u00f6nnen Sie Ihr Zuhause kontrastreich und individuell gestalten. Die passenden Wandfliesen im Format 20 x 40 und 30 x 60 cm runden die Serie ab.<\/p>\n<\/div><\/div>\n\n\n\n<div style=\"height:100px\" aria-hidden=\"true\" class=\"wp-block-spacer is-style-tiny\"><\/div>\n\n\n\n<div class=\"wp-block-group is-style-width-50\"><div class=\"wp-block-group__inner-container is-layout-constrained wp-block-group-is-layout-constrained\">\n<div class=\"wp-block-columns is-layout-flex wp-container-core-columns-is-layout-9d6595d7 wp-block-columns-is-layout-flex\">\n<div class=\"wp-block-column is-layout-flow wp-block-column-is-layout-flow\">\n<div class=\"wp-block-columns is-layout-flex wp-container-core-columns-is-layout-9d6595d7 wp-block-columns-is-layout-flex\">\n<div class=\"wp-block-column is-layout-flow wp-block-column-is-layout-flow\">\n<figure class=\"wp-block-image size-large\"><img alt=\"\" loading=\"lazy\" decoding=\"async\" width=\"1024\" height=\"427\" src=\"http:\/\/kermos.com\/wp-content\/uploads\/2025\/12\/KERMOS_Semento_product_light-grey-1024x427.jpg\" alt=\"\" class=\"wp-image-4347\" srcset=\"https:\/\/kermos.com\/wp-content\/uploads\/2025\/12\/KERMOS_Semento_product_light-grey-1024x427.jpg 1024w, https:\/\/kermos.com\/wp-content\/uploads\/2025\/12\/KERMOS_Semento_product_light-grey-300x125.jpg 300w, https:\/\/kermos.com\/wp-content\/uploads\/2025\/12\/KERMOS_Semento_product_light-grey-768x320.jpg 768w, https:\/\/kermos.com\/wp-content\/uploads\/2025\/12\/KERMOS_Semento_product_light-grey-480x200.jpg 480w, https:\/\/kermos.com\/wp-content\/uploads\/2025\/12\/KERMOS_Semento_product_light-grey-720x300.jpg 720w, https:\/\/kermos.com\/wp-content\/uploads\/2025\/12\/KERMOS_Semento_product_light-grey.jpg 1200w\" sizes=\"auto, (max-width: 1024px) 100vw, 1024px\" \/><figcaption class=\"wp-element-caption\">Hellgrau<\/figcaption><\/figure>\n<\/div>\n\n\n\n<div class=\"wp-block-column is-layout-flow wp-block-column-is-layout-flow\"><\/div>\n<\/div>\n<\/div>\n<\/div>\n<\/div><\/div>\n\n\n\n<div style=\"height:100px\" aria-hidden=\"true\" class=\"wp-block-spacer is-style-tiny\"><\/div>\n\n\n\n<div class=\"wp-block-group is-style-width-50\"><div class=\"wp-block-group__inner-container is-layout-constrained wp-block-group-is-layout-constrained\"><div class='custom-block-accordion' data-first-is-open='false' ><div class='accordion-title '><span class='label'>Oberfl\u00e4chen<\/span><\/div><div class='accordion-content'><div class='text-wrap'><p>Matt<\/p>\n<\/div><\/div><div class='accordion-title '><span class='label'>Formate<\/span><\/div><div class='accordion-content'><div class='text-wrap'><p>30 \u00d7 60 und 20 \u00d7 40 cm<\/p>\n<\/div><\/div><div class='accordion-title  last-element'><span class='label'>Farben<\/span><\/div><div class='accordion-content'><div class='text-wrap'><p>Hellgrau<\/p>\n<\/div><\/div><\/div><\/div><\/div>\n\n\n\n<div style=\"height:100px\" aria-hidden=\"true\" class=\"wp-block-spacer is-style-tiny\"><\/div>\n\n\n\n<div class=\"wp-block-columns is-layout-flex wp-container-core-columns-is-layout-9d6595d7 wp-block-columns-is-layout-flex\">\n<div class=\"wp-block-column is-layout-flow wp-block-column-is-layout-flow\">\n<div class=\"wp-block-buttons is-content-justification-center is-layout-flex wp-container-core-buttons-is-layout-16018d1d wp-block-buttons-is-layout-flex\">\n<div class=\"wp-block-button\"><a class=\"wp-block-button__link wp-element-button\" href=\"https:\/\/shop.keramundo.de\/medias\/DOK-SP-585537.pdf?context=bWFzdGVyfGRvY3VtZW50c3w5NDQzODF8YXBwbGljYXRpb24vcGRmfGFHTm1MMmd4TVM4NU1qRXhOalEzTkRVNU16VTRMMFJQUzE5VFVGODFPRFUxTXpjdWNHUm18Y2VhZDdiODExMDEzMmU0OGRiNWJhYTM0MjI3MGNlZDQ4NDUzMjFlY2ZjYmEyM2RmNmVkYTk2OTgwMWQ0OGFhYQ\" target=\"_blank\" rel=\"noreferrer noopener\">Serienprospekt herunterladen<\/a><\/div>\n<\/div>\n<\/div>\n<\/div>\n\n\n\n<div style=\"height:100px\" aria-hidden=\"true\" class=\"wp-block-spacer is-style-small\"><\/div>\n\n\n\n<div class=\"wp-block-group is-style-width-75\"><div class=\"wp-block-group__inner-container is-layout-constrained wp-block-group-is-layout-constrained\"><div class='custom-block-slider'><div class='custom-block-slider'>\r\n\t\t\t<div class=\"swiper-element\">\r\n\r\n\t\t\t\t\t\t\t\t\t<div class=\"slider-prev slider-button\" id=\"block_slider_69df7570d4663-prev\">\r\n\t\t\t\t\t\t<span class=\"fal fa-angle-left\"><\/span>\r\n\t\t\t\t\t<\/div>\r\n\t\t\t\t\t<div class=\"slider-next slider-button\" id=\"block_slider_69df7570d4663-next\">\r\n\t\t\t\t\t\t<span class=\"fal fa-angle-right\"><\/span>\r\n\t\t\t\t\t<\/div>\r\n\t\t\t\t\r\n\t\t\t\t<div class=\"swiper has-navigation\" id=\"block_slider_69df7570d4663\">\r\n\t\t\t\t\t<div class=\"swiper-wrapper\">\r\n\t\t\t\t\t\t<div class=\"swiper-slide\"><a href='https:\/\/kermos.com\/wp-content\/uploads\/2025\/12\/KERMOS_Semento_ambience_wall.jpg' data-fancybox='block_slider_69df7570d4663' data-caption=''><img src='https:\/\/kermos.com\/wp-content\/uploads\/2025\/12\/KERMOS_Semento_ambience_wall.jpg' alt='' class='default src-acf type-img size-default width-33 max-width' srcset='https:\/\/kermos.com\/wp-content\/uploads\/2025\/12\/KERMOS_Semento_ambience_wall-480x360.jpg 480w,https:\/\/kermos.com\/wp-content\/uploads\/2025\/12\/KERMOS_Semento_ambience_wall-720x540.jpg 720w,https:\/\/kermos.com\/wp-content\/uploads\/2025\/12\/KERMOS_Semento_ambience_wall-1200x960.jpg 1280w,'  sizes='(max-width: 768px) 100vw, 33vw' \/><\/a><\/div><div class=\"swiper-slide\"><a href='https:\/\/kermos.com\/wp-content\/uploads\/2025\/12\/KERMOS_Semento_ambience_cream.jpg' data-fancybox='block_slider_69df7570d4663' data-caption=''><img src='https:\/\/kermos.com\/wp-content\/uploads\/2025\/12\/KERMOS_Semento_ambience_cream.jpg' alt='' class='default src-acf type-img size-default width-33 max-width' srcset='https:\/\/kermos.com\/wp-content\/uploads\/2025\/12\/KERMOS_Semento_ambience_cream-480x360.jpg 480w,https:\/\/kermos.com\/wp-content\/uploads\/2025\/12\/KERMOS_Semento_ambience_cream-720x540.jpg 720w,https:\/\/kermos.com\/wp-content\/uploads\/2025\/12\/KERMOS_Semento_ambience_cream-1200x960.jpg 1280w,'  sizes='(max-width: 768px) 100vw, 33vw' \/><\/a><\/div><div class=\"swiper-slide\"><a href='https:\/\/kermos.com\/wp-content\/uploads\/2025\/12\/KERMOS_Semento_ambience_cream_3.jpg' data-fancybox='block_slider_69df7570d4663' data-caption=''><img src='https:\/\/kermos.com\/wp-content\/uploads\/2025\/12\/KERMOS_Semento_ambience_cream_3.jpg' alt='' class='default src-acf type-img size-default width-33 max-width' srcset='https:\/\/kermos.com\/wp-content\/uploads\/2025\/12\/KERMOS_Semento_ambience_cream_3-480x360.jpg 480w,https:\/\/kermos.com\/wp-content\/uploads\/2025\/12\/KERMOS_Semento_ambience_cream_3-720x540.jpg 720w,https:\/\/kermos.com\/wp-content\/uploads\/2025\/12\/KERMOS_Semento_ambience_cream_3-1200x960.jpg 1280w,'  sizes='(max-width: 768px) 100vw, 33vw' \/><\/a><\/div><div class=\"swiper-slide\"><a href='https:\/\/kermos.com\/wp-content\/uploads\/2025\/12\/KERMOS_Semento_ambience_cream_2.jpg' data-fancybox='block_slider_69df7570d4663' data-caption=''><img src='https:\/\/kermos.com\/wp-content\/uploads\/2025\/12\/KERMOS_Semento_ambience_cream_2.jpg' alt='' class='default src-acf type-img size-default width-33 max-width' srcset='https:\/\/kermos.com\/wp-content\/uploads\/2025\/12\/KERMOS_Semento_ambience_cream_2-480x360.jpg 480w,https:\/\/kermos.com\/wp-content\/uploads\/2025\/12\/KERMOS_Semento_ambience_cream_2-720x540.jpg 720w,https:\/\/kermos.com\/wp-content\/uploads\/2025\/12\/KERMOS_Semento_ambience_cream_2-1200x960.jpg 1280w,'  sizes='(max-width: 768px) 100vw, 33vw' \/><\/a><\/div>\t\t\t\t\t<\/div>\r\n\t\t\t\t<\/div>\r\n\r\n\t\t\t\t\r\n\t\t\t\t\r\n\t\t\t\t<script type=\"text\/javascript\" async defer>\r\n                  \/* <![CDATA[ *\/\r\n\r\n\t\t\t\t  \r\n                  let block_slider_69df7570d4663 = {\"id\":\"block_slider_69df7570d4663\",\"type\":\"slider\",\"name\":\"slider_block_slider_69df7570d4663\",\"options\":{\"speed\":400,\"effect\":\"slide\",\"slidesPerView\":3,\"spaceBetween\":30,\"autoHeight\":false,\"loop\":false,\"grabCursor\":true,\"navigation\":{\"nextEl\":\"#block_slider_69df7570d4663-next\",\"prevEl\":\"#block_slider_69df7570d4663-prev\"}}};\r\n\r\n                  window.addEventListener('DOMContentLoaded', (event) => {\r\n                    createNewSlider(block_slider_69df7570d4663.id, block_slider_69df7570d4663.type, block_slider_69df7570d4663.name, block_slider_69df7570d4663.options);\r\n                  });\r\n\r\n\t\t\t\t  \r\n                  \/* ]]> *\/\r\n\t\t\t\t<\/script>\r\n\r\n\t\t\t<\/div>\r\n\r\n\t\t<\/div><\/div><\/div><\/div>\n\n\n\n<div style=\"height:100px\" aria-hidden=\"true\" class=\"wp-block-spacer is-style-tiny\"><\/div>\n\n\n\n<div class=\"wp-block-group is-style-width-70\"><div class=\"wp-block-group__inner-container is-layout-constrained wp-block-group-is-layout-constrained\">\r\n<div class=\"custom-block-callout co-callout image-pos--right\" id=\"callout-block_7940eefdf6c661d5ab08c14c6c01fdb7\">\r\n  <div class=\"co-callout__inner\">\r\n    <div class=\"co-callout__content\">\r\n              <div class=\"co-callout__text\">\r\n          Sie m\u00f6chten wissen, wie die Semento Fliesen in Ihren R\u00e4umen wirken?        <\/div>\r\n            <a href='https:\/\/www.raabkarcher.de\/a\/virtueller-raumplaner' target='_blank' class='co-callout__button'>Dann testen Sie jetzt den virtuellen Raumplaner<\/a>    <\/div>\r\n          <div class=\"co-callout__image-wrapper\">\r\n        <div class=\"co-callout__image\">\r\n          <img decoding=\"async\" src=\"https:\/\/kermos.com\/wp-content\/uploads\/2025\/11\/Laptop_Raumplaner-small2.png\" alt=\"\" loading=\"lazy\" \/>\r\n        <\/div>\r\n      <\/div>\r\n      <\/div>\r\n<\/div>\r\n<\/div><\/div>\n\n\n\n<div class=\"wp-block-group is-style-width-60\"><div class=\"wp-block-group__inner-container is-layout-constrained wp-block-group-is-layout-constrained\">\n<p>Das komplette Semento-Sortiment finden Sie in unserem Onlineshop:<\/p>\n\n\n\n<div class=\"wp-block-columns is-layout-flex wp-container-core-columns-is-layout-9d6595d7 wp-block-columns-is-layout-flex\">\n<div class=\"wp-block-column is-layout-flow wp-block-column-is-layout-flow\">\r\n<div class=\"custom-block-image-card-link\" id=\"image-card-link-block_c55243daf28098f1dff5f429a2705c81\">\r\n\t<a href=\"https:\/\/www.raabkarcher.de\/produkte\/semento\/c\/rk3_3591328\"\r\n\t   class=\"image-card-link__link css-hover\"\r\n\t   target=\"_blank\"\r\n\t   title=\"Raab Karcher\">\r\n\r\n\t\t\t\t\t<img decoding=\"async\" src=\"https:\/\/kermos.com\/wp-content\/uploads\/2025\/12\/1200x400px-DE-Raab-Karcher.png\" alt=\"\" class=\"image-card-link__image\" \/>\r\n\t\t\r\n\t\t\r\n\t<\/a>\r\n<\/div>\r\n<\/div>\n\n\n\n<div class=\"wp-block-column is-layout-flow wp-block-column-is-layout-flow\">\r\n<div class=\"custom-block-image-card-link\" id=\"image-card-link-block_d7abff8579e9d2d463a9f0413930815f\">\r\n\t<a href=\"https:\/\/shop.keramundo.de\/produkte\/semento\/c\/km3_3591328\"\r\n\t   class=\"image-card-link__link css-hover\"\r\n\t   target=\"_blank\"\r\n\t   title=\"Keramundo\">\r\n\r\n\t\t\t\t\t<img decoding=\"async\" src=\"https:\/\/kermos.com\/wp-content\/uploads\/2025\/12\/1200x400px-DE-Keramundo.png\" alt=\"\" class=\"image-card-link__image\" \/>\r\n\t\t\r\n\t\t\r\n\t<\/a>\r\n<\/div>\r\n<\/div>\n<\/div>\n<\/div><\/div>\n\n\n\n<div style=\"height:100px\" aria-hidden=\"true\" class=\"wp-block-spacer is-style-small\"><\/div>\n\n\n\n<p><\/p>\n","protected":false},"excerpt":{"rendered":"<p>KERMOS Semento \u00fcberzeugt durch ihre zeitlose Betonoptik.<\/p>\n","protected":false},"author":2,"featured_media":4380,"parent":6536,"menu_order":142,"comment_status":"closed","ping_status":"closed","template":"","meta":{"_acf_changed":false,"_seopress_robots_primary_cat":"","_seopress_titles_title":"","_seopress_titles_desc":"","_seopress_robots_index":"","footnotes":""},"class_list":["post-7347","page","type-page","status-publish","has-post-thumbnail","hentry"],"acf":[],"_links":{"self":[{"href":"https:\/\/kermos.com\/de\/wp-json\/wp\/v2\/pages\/7347","targetHints":{"allow":["GET"]}}],"collection":[{"href":"https:\/\/kermos.com\/de\/wp-json\/wp\/v2\/pages"}],"about":[{"href":"https:\/\/kermos.com\/de\/wp-json\/wp\/v2\/types\/page"}],"author":[{"embeddable":true,"href":"https:\/\/kermos.com\/de\/wp-json\/wp\/v2\/users\/2"}],"replies":[{"embeddable":true,"href":"https:\/\/kermos.com\/de\/wp-json\/wp\/v2\/comments?post=7347"}],"version-history":[{"count":8,"href":"https:\/\/kermos.com\/de\/wp-json\/wp\/v2\/pages\/7347\/revisions"}],"predecessor-version":[{"id":10076,"href":"https:\/\/kermos.com\/de\/wp-json\/wp\/v2\/pages\/7347\/revisions\/10076"}],"up":[{"embeddable":true,"href":"https:\/\/kermos.com\/de\/wp-json\/wp\/v2\/pages\/6536"}],"wp:featuredmedia":[{"embeddable":true,"href":"https:\/\/kermos.com\/de\/wp-json\/wp\/v2\/media\/4380"}],"wp:attachment":[{"href":"https:\/\/kermos.com\/de\/wp-json\/wp\/v2\/media?parent=7347"}],"curies":[{"name":"wp","href":"https:\/\/api.w.org\/{rel}","templated":true}]}}