{"id":7397,"date":"2025-11-04T15:32:59","date_gmt":"2025-11-04T14:32:59","guid":{"rendered":"https:\/\/kermos.stark.aliaz.net\/?page_id=7397"},"modified":"2026-03-09T14:12:24","modified_gmt":"2026-03-09T13:12:24","slug":"sombra","status":"publish","type":"page","link":"https:\/\/kermos.com\/de\/produkte\/fliesen\/sombra\/","title":{"rendered":"Sombra"},"content":{"rendered":"\n<div style=\"height:100px\" aria-hidden=\"true\" class=\"wp-block-spacer is-style-tiny\"><\/div>\n\n\n\n<div class=\"wp-block-group is-style-width-50\"><div class=\"wp-block-group__inner-container is-layout-constrained wp-block-group-is-layout-constrained\">\n<h2 class=\"wp-block-heading\"><strong>Unverwechselbare \u00c4sthetik von handgefertigten Fliesen<\/strong><\/h2>\n\n\n\n<p>KERMOS Sombra ist eine Wohltat f\u00fcr die Sinne. Denn die Kollektion ist ein unverwechselbares Produkt, das die \u00c4sthetik von handgefertigten Fliesen auf einzigartige Weise reproduziert. Die Kollektion bietet unverwechselbare Designs, die Tradition und Eleganz verbinden. <\/p>\n\n\n\n<p>Dank ihrer hochwertigen Verarbeitung und der beeindruckenden visuellen Wirkung bringt die KERMOS Sombra Fliesenserie eine besondere Atmosph\u00e4re in Ihre Wohn- oder Gesch\u00e4ftsr\u00e4ume. Ihre \u00e4sthetische Sch\u00f6nheit verleiht jeder Fl\u00e4che eine charaktervolle Tiefe und einen k\u00fcnstlerischen Ausdruck, der ins Auge f\u00e4llt und ein einzigartiges Ambiente schafft.<\/p>\n<\/div><\/div>\n\n\n\n<div style=\"height:100px\" aria-hidden=\"true\" class=\"wp-block-spacer is-style-tiny\"><\/div>\n\n\n\n<div class=\"wp-block-group is-style-width-50\"><div class=\"wp-block-group__inner-container is-layout-constrained wp-block-group-is-layout-constrained\">\n<div class=\"wp-block-columns is-layout-flex wp-container-core-columns-is-layout-9d6595d7 wp-block-columns-is-layout-flex\">\n<div class=\"wp-block-column is-layout-flow wp-block-column-is-layout-flow\">\n<div class=\"wp-block-columns is-layout-flex wp-container-core-columns-is-layout-9d6595d7 wp-block-columns-is-layout-flex\">\n<div class=\"wp-block-column is-layout-flow wp-block-column-is-layout-flow\">\n<figure class=\"wp-block-image size-large\"><img alt=\"\" loading=\"lazy\" decoding=\"async\" width=\"1024\" height=\"427\" src=\"https:\/\/kermos.com\/wp-content\/uploads\/2025\/12\/KERMOS_Sombra_product_white-1024x427.jpg\" alt=\"\" class=\"wp-image-4905\" srcset=\"https:\/\/kermos.com\/wp-content\/uploads\/2025\/12\/KERMOS_Sombra_product_white-1024x427.jpg 1024w, https:\/\/kermos.com\/wp-content\/uploads\/2025\/12\/KERMOS_Sombra_product_white-300x125.jpg 300w, https:\/\/kermos.com\/wp-content\/uploads\/2025\/12\/KERMOS_Sombra_product_white-768x320.jpg 768w, https:\/\/kermos.com\/wp-content\/uploads\/2025\/12\/KERMOS_Sombra_product_white-480x200.jpg 480w, https:\/\/kermos.com\/wp-content\/uploads\/2025\/12\/KERMOS_Sombra_product_white-720x300.jpg 720w, https:\/\/kermos.com\/wp-content\/uploads\/2025\/12\/KERMOS_Sombra_product_white.jpg 1200w\" sizes=\"auto, (max-width: 1024px) 100vw, 1024px\" \/><figcaption class=\"wp-element-caption\">White&nbsp;<\/figcaption><\/figure>\n<\/div>\n\n\n\n<div class=\"wp-block-column is-layout-flow wp-block-column-is-layout-flow\">\n<figure class=\"wp-block-image size-large\"><img alt=\"\" loading=\"lazy\" decoding=\"async\" width=\"1024\" height=\"427\" src=\"http:\/\/kermos.com\/wp-content\/uploads\/2025\/12\/KERMOS_Sombra_product_beige-1024x427.jpg\" alt=\"\" class=\"wp-image-4899\" srcset=\"https:\/\/kermos.com\/wp-content\/uploads\/2025\/12\/KERMOS_Sombra_product_beige-1024x427.jpg 1024w, https:\/\/kermos.com\/wp-content\/uploads\/2025\/12\/KERMOS_Sombra_product_beige-300x125.jpg 300w, https:\/\/kermos.com\/wp-content\/uploads\/2025\/12\/KERMOS_Sombra_product_beige-768x320.jpg 768w, https:\/\/kermos.com\/wp-content\/uploads\/2025\/12\/KERMOS_Sombra_product_beige-480x200.jpg 480w, https:\/\/kermos.com\/wp-content\/uploads\/2025\/12\/KERMOS_Sombra_product_beige-720x300.jpg 720w, https:\/\/kermos.com\/wp-content\/uploads\/2025\/12\/KERMOS_Sombra_product_beige.jpg 1200w\" sizes=\"auto, (max-width: 1024px) 100vw, 1024px\" \/><figcaption class=\"wp-element-caption\">Beige<\/figcaption><\/figure>\n<\/div>\n<\/div>\n<\/div>\n<\/div>\n<\/div><\/div>\n\n\n\n<div style=\"height:100px\" aria-hidden=\"true\" class=\"wp-block-spacer is-style-tiny\"><\/div>\n\n\n\n<div class=\"wp-block-group is-style-width-50\"><div class=\"wp-block-group__inner-container is-layout-constrained wp-block-group-is-layout-constrained\"><div class='custom-block-accordion' data-first-is-open='false' ><div class='accordion-title '><span class='label'>Oberfl\u00e4chen<\/span><\/div><div class='accordion-content'><div class='text-wrap'><p>Gl\u00e4nzend<\/p>\n<\/div><\/div><div class='accordion-title '><span class='label'>Format<\/span><\/div><div class='accordion-content'><div class='text-wrap'><p>30 \u00d7 60 cm<\/p>\n<\/div><\/div><div class='accordion-title  last-element'><span class='label'>Farben<\/span><\/div><div class='accordion-content'><div class='text-wrap'><p>White und Beige<\/p>\n<\/div><\/div><\/div><\/div><\/div>\n\n\n\n<div style=\"height:100px\" aria-hidden=\"true\" class=\"wp-block-spacer is-style-tiny\"><\/div>\n\n\n\n<div class=\"wp-block-columns is-layout-flex wp-container-core-columns-is-layout-9d6595d7 wp-block-columns-is-layout-flex\">\n<div class=\"wp-block-column is-layout-flow wp-block-column-is-layout-flow\">\n<div class=\"wp-block-buttons is-content-justification-center is-layout-flex wp-container-core-buttons-is-layout-16018d1d wp-block-buttons-is-layout-flex\">\n<div class=\"wp-block-button\"><a class=\"wp-block-button__link wp-element-button\" href=\"https:\/\/shop.keramundo.de\/medias\/DOK-SP-3465286.pdf?context=bWFzdGVyfGRvY3VtZW50c3wxNzgzNTIzfGFwcGxpY2F0aW9uL3BkZnxhREJtTDJoak5TODVNalE1TWpNM016WTRPRFl5TDBSUFMxOVRVRjh6TkRZMU1qZzJMbkJrWmd8ZDE3NWQ2NGQ2M2MwMTBiNWM3YzRiZWEzMDFlZWU5NzQ5YzUxY2Q0ZTNmNjRiYjgzZDM2OTNlNzg1Yjc4NTBmZQ\" target=\"_blank\" rel=\"noreferrer noopener\">Serienprospekt herunterladen<\/a><\/div>\n<\/div>\n<\/div>\n<\/div>\n\n\n\n<div class=\"wp-block-group is-style-width-70\"><div class=\"wp-block-group__inner-container is-layout-constrained wp-block-group-is-layout-constrained\">\r\n<div class=\"custom-block-callout co-callout image-pos--right\" id=\"callout-block_3d6c59f688e6993df0fcdbfc8385b0f3\">\r\n  <div class=\"co-callout__inner\">\r\n    <div class=\"co-callout__content\">\r\n              <div class=\"co-callout__text\">\r\n          Sie m\u00f6chten wissen, wie die Sombra Fliesen in Ihren R\u00e4umen wirken?        <\/div>\r\n            <a href='https:\/\/www.raabkarcher.de\/a\/virtueller-raumplaner' target='_blank' class='co-callout__button'>Dann testen Sie jetzt den virtuellen Raumplaner<\/a>    <\/div>\r\n          <div class=\"co-callout__image-wrapper\">\r\n        <div class=\"co-callout__image\">\r\n          <img decoding=\"async\" src=\"https:\/\/kermos.com\/wp-content\/uploads\/2025\/11\/Laptop_Raumplaner-small2.png\" alt=\"\" loading=\"lazy\" \/>\r\n        <\/div>\r\n      <\/div>\r\n      <\/div>\r\n<\/div>\r\n<\/div><\/div>\n\n\n\n<div class=\"wp-block-group is-style-width-60\"><div class=\"wp-block-group__inner-container is-layout-constrained wp-block-group-is-layout-constrained\">\n<p>Das komplette Sombra-Sortiment finden Sie in unserem Onlineshop:<\/p>\n\n\n\n<div class=\"wp-block-columns is-layout-flex wp-container-core-columns-is-layout-9d6595d7 wp-block-columns-is-layout-flex\">\n<div class=\"wp-block-column is-layout-flow wp-block-column-is-layout-flow\">\r\n<div class=\"custom-block-image-card-link\" id=\"image-card-link-block_4815fdfd64bf3c5beb3b165026a5d4c8\">\r\n\t<a href=\"https:\/\/www.raabkarcher.de\/produkte\/sombra\/c\/rk3_3591329\"\r\n\t   class=\"image-card-link__link css-hover\"\r\n\t   target=\"_blank\"\r\n\t   title=\"Raab Karcher\">\r\n\r\n\t\t\t\t\t<img decoding=\"async\" src=\"https:\/\/kermos.com\/wp-content\/uploads\/2025\/12\/1200x400px-DE-Raab-Karcher.png\" alt=\"\" class=\"image-card-link__image\" \/>\r\n\t\t\r\n\t\t\r\n\t<\/a>\r\n<\/div>\r\n<\/div>\n\n\n\n<div class=\"wp-block-column is-layout-flow wp-block-column-is-layout-flow\">\r\n<div class=\"custom-block-image-card-link\" id=\"image-card-link-block_e1ef512bbee1c9fedc47d78909299251\">\r\n\t<a href=\"https:\/\/shop.keramundo.de\/produkte\/sombra\/c\/km3_3591329\"\r\n\t   class=\"image-card-link__link css-hover\"\r\n\t   target=\"_blank\"\r\n\t   title=\"Keramundo\">\r\n\r\n\t\t\t\t\t<img decoding=\"async\" src=\"https:\/\/kermos.com\/wp-content\/uploads\/2025\/12\/1200x400px-DE-Keramundo.png\" alt=\"\" class=\"image-card-link__image\" \/>\r\n\t\t\r\n\t\t\r\n\t<\/a>\r\n<\/div>\r\n<\/div>\n<\/div>\n<\/div><\/div>\n\n\n\n<div style=\"height:100px\" aria-hidden=\"true\" class=\"wp-block-spacer is-style-small\"><\/div>\n","protected":false},"excerpt":{"rendered":"<p>KERMOS Sombra besticht durch ihre unverwechselbare \u00c4sthetik und handwerklichen Charme. <\/p>\n","protected":false},"author":2,"featured_media":4920,"parent":6536,"menu_order":153,"comment_status":"closed","ping_status":"closed","template":"","meta":{"_acf_changed":false,"_seopress_robots_primary_cat":"","_seopress_titles_title":"","_seopress_titles_desc":"","_seopress_robots_index":"","footnotes":""},"class_list":["post-7397","page","type-page","status-publish","has-post-thumbnail","hentry"],"acf":[],"_links":{"self":[{"href":"https:\/\/kermos.com\/de\/wp-json\/wp\/v2\/pages\/7397","targetHints":{"allow":["GET"]}}],"collection":[{"href":"https:\/\/kermos.com\/de\/wp-json\/wp\/v2\/pages"}],"about":[{"href":"https:\/\/kermos.com\/de\/wp-json\/wp\/v2\/types\/page"}],"author":[{"embeddable":true,"href":"https:\/\/kermos.com\/de\/wp-json\/wp\/v2\/users\/2"}],"replies":[{"embeddable":true,"href":"https:\/\/kermos.com\/de\/wp-json\/wp\/v2\/comments?post=7397"}],"version-history":[{"count":8,"href":"https:\/\/kermos.com\/de\/wp-json\/wp\/v2\/pages\/7397\/revisions"}],"predecessor-version":[{"id":10081,"href":"https:\/\/kermos.com\/de\/wp-json\/wp\/v2\/pages\/7397\/revisions\/10081"}],"up":[{"embeddable":true,"href":"https:\/\/kermos.com\/de\/wp-json\/wp\/v2\/pages\/6536"}],"wp:featuredmedia":[{"embeddable":true,"href":"https:\/\/kermos.com\/de\/wp-json\/wp\/v2\/media\/4920"}],"wp:attachment":[{"href":"https:\/\/kermos.com\/de\/wp-json\/wp\/v2\/media?parent=7397"}],"curies":[{"name":"wp","href":"https:\/\/api.w.org\/{rel}","templated":true}]}}