{"id":7423,"date":"2025-11-04T15:32:59","date_gmt":"2025-11-04T14:32:59","guid":{"rendered":"https:\/\/kermos.stark.aliaz.net\/?page_id=7423"},"modified":"2026-03-09T12:00:12","modified_gmt":"2026-03-09T11:00:12","slug":"sugar","status":"publish","type":"page","link":"https:\/\/kermos.com\/de\/produkte\/fliesen\/sugar\/","title":{"rendered":"Sugar"},"content":{"rendered":"\n<div style=\"height:100px\" aria-hidden=\"true\" class=\"wp-block-spacer is-style-tiny\"><\/div>\n\n\n\n<div class=\"wp-block-group is-style-width-50\"><div class=\"wp-block-group__inner-container is-layout-constrained wp-block-group-is-layout-constrained\">\n<h2 class=\"wp-block-heading\"><strong>Texturen mit Charakter<\/strong><\/h2>\n\n\n\n<p>Die kleinen Details sind es, die aus der Fliesenserie Sugar eine starke Pers\u00f6nlichkeit machen. Denn durch die Dreidimensionalit\u00e4t der wei\u00dfen Wandfliesen erhalten Ihre R\u00e4ume sehr viel mehr Charakter. Helligkeit, Reinheit und Textur vermitteln eine beruhigende Atmosph\u00e4re \u2013 besonders in Badezimmern und K\u00fcchen.<\/p>\n\n\n\n<p>Mit ihren unterschiedlichen Texturen und den leichten Spuren von Glanz sind die Fliesen eine attraktive Keramikl\u00f6sung und auch perfekt als Erg\u00e4nzung von anderen wei\u00dfen Kollektionen geeignet. Die Serie ist Teil der KERMOS fineline Kollektion, die besonders d\u00fcnne und gro\u00dfformatige Fliesen vereint. Durch die geringe St\u00e4rke der Fliese ist eine Raumgestaltung mit edlen, dezenten und filigranen Ecken und Kantenabschl\u00fcssen m\u00f6glich.<\/p>\n<\/div><\/div>\n\n\n\n<div style=\"height:100px\" aria-hidden=\"true\" class=\"wp-block-spacer is-style-tiny\"><\/div>\n\n\n\n<div class=\"wp-block-group is-style-width-50\"><div class=\"wp-block-group__inner-container is-layout-constrained wp-block-group-is-layout-constrained\">\n<div class=\"wp-block-columns is-layout-flex wp-container-core-columns-is-layout-9d6595d7 wp-block-columns-is-layout-flex\">\n<div class=\"wp-block-column is-layout-flow wp-block-column-is-layout-flow\">\n<div class=\"wp-block-columns is-layout-flex wp-container-core-columns-is-layout-9d6595d7 wp-block-columns-is-layout-flex\">\n<div class=\"wp-block-column is-layout-flow wp-block-column-is-layout-flow\">\n<figure class=\"wp-block-image size-S_QUAD\"><img alt=\"\" loading=\"lazy\" decoding=\"async\" width=\"480\" height=\"480\" src=\"http:\/\/kermos.com\/wp-content\/uploads\/2025\/12\/KERMOS_Sugar_product_lust-480x480.jpg\" alt=\"\" class=\"wp-image-5091\" srcset=\"https:\/\/kermos.com\/wp-content\/uploads\/2025\/12\/KERMOS_Sugar_product_lust-480x480.jpg 480w, https:\/\/kermos.com\/wp-content\/uploads\/2025\/12\/KERMOS_Sugar_product_lust-150x150.jpg 150w\" sizes=\"auto, (max-width: 480px) 100vw, 480px\" \/><figcaption class=\"wp-element-caption\">Wei\u00df<\/figcaption><\/figure>\n<\/div>\n\n\n\n<div class=\"wp-block-column is-layout-flow wp-block-column-is-layout-flow\">\n<figure class=\"wp-block-image size-S_QUAD\"><img alt=\"\" loading=\"lazy\" decoding=\"async\" width=\"480\" height=\"480\" src=\"http:\/\/kermos.com\/wp-content\/uploads\/2025\/12\/KERMOS_Sugar_product_geometric-480x480.jpg\" alt=\"\" class=\"wp-image-5085\" srcset=\"https:\/\/kermos.com\/wp-content\/uploads\/2025\/12\/KERMOS_Sugar_product_geometric-480x480.jpg 480w, https:\/\/kermos.com\/wp-content\/uploads\/2025\/12\/KERMOS_Sugar_product_geometric-150x150.jpg 150w\" sizes=\"auto, (max-width: 480px) 100vw, 480px\" \/><figcaption class=\"wp-element-caption\">Wei\u00df Dekor Geometric<\/figcaption><\/figure>\n<\/div>\n<\/div>\n<\/div>\n\n\n\n<div class=\"wp-block-column is-layout-flow wp-block-column-is-layout-flow\">\n<div class=\"wp-block-columns is-layout-flex wp-container-core-columns-is-layout-9d6595d7 wp-block-columns-is-layout-flex\">\n<div class=\"wp-block-column is-layout-flow wp-block-column-is-layout-flow\">\n<figure class=\"wp-block-image size-S_QUAD\"><img alt=\"\" loading=\"lazy\" decoding=\"async\" width=\"480\" height=\"480\" src=\"http:\/\/kermos.com\/wp-content\/uploads\/2025\/12\/KERMOS_Sugar_product_stripes-480x480.jpg\" alt=\"\" class=\"wp-image-5097\" srcset=\"https:\/\/kermos.com\/wp-content\/uploads\/2025\/12\/KERMOS_Sugar_product_stripes-480x480.jpg 480w, https:\/\/kermos.com\/wp-content\/uploads\/2025\/12\/KERMOS_Sugar_product_stripes-150x150.jpg 150w\" sizes=\"auto, (max-width: 480px) 100vw, 480px\" \/><figcaption class=\"wp-element-caption\">Wei\u00df Dekor Stripes<\/figcaption><\/figure>\n<\/div>\n\n\n\n<div class=\"wp-block-column is-layout-flow wp-block-column-is-layout-flow\"><\/div>\n<\/div>\n<\/div>\n<\/div>\n<\/div><\/div>\n\n\n\n<div style=\"height:100px\" aria-hidden=\"true\" class=\"wp-block-spacer is-style-tiny\"><\/div>\n\n\n\n<div class=\"wp-block-group is-style-width-50\"><div class=\"wp-block-group__inner-container is-layout-constrained wp-block-group-is-layout-constrained\"><div class='custom-block-accordion' data-first-is-open='false' ><div class='accordion-title '><span class='label'>Oberfl\u00e4chen<\/span><\/div><div class='accordion-content'><div class='text-wrap'><p>Matt<\/p>\n<\/div><\/div><div class='accordion-title '><span class='label'>Format<\/span><\/div><div class='accordion-content'><div class='text-wrap'><p>40 \u00d7 120 cm<\/p>\n<\/div><\/div><div class='accordion-title '><span class='label'>Farbe<\/span><\/div><div class='accordion-content'><div class='text-wrap'><p>Wei\u00df matt l\u00fcster<\/p>\n<\/div><\/div><div class='accordion-title  last-element'><span class='label'>Zubeh\u00f6r<\/span><\/div><div class='accordion-content'><div class='text-wrap'><p>Dekore<\/p>\n<\/div><\/div><\/div><\/div><\/div>\n\n\n\n<div style=\"height:100px\" aria-hidden=\"true\" class=\"wp-block-spacer is-style-tiny\"><\/div>\n\n\n\n<div class=\"wp-block-columns is-layout-flex wp-container-core-columns-is-layout-9d6595d7 wp-block-columns-is-layout-flex\">\n<div class=\"wp-block-column is-layout-flow wp-block-column-is-layout-flow\">\n<div class=\"wp-block-buttons is-content-justification-center is-layout-flex wp-container-core-buttons-is-layout-16018d1d wp-block-buttons-is-layout-flex\">\n<div class=\"wp-block-button\"><a class=\"wp-block-button__link wp-element-button\" href=\"https:\/\/shop.keramundo.de\/medias\/DOK-SP-880256.pdf?context=bWFzdGVyfGRvY3VtZW50c3w1ODUwMzR8YXBwbGljYXRpb24vcGRmfGFEWXlMMmd4WVM4NU1qSXhOamswTXpJME56WTJMMFJQUzE5VFVGODRPREF5TlRZdWNHUm18ZWE1YzI5ODg0ZGVmYWNlN2QwYTMzNDMwYjJjMjg1YmY1NzU1MzYxYTEyNmY3ZTVjMzJkMGZlMjRjOGE5ZmE1YQ\" target=\"_blank\" rel=\"noreferrer noopener\">Serienprospekt herunterladen<\/a><\/div>\n<\/div>\n<\/div>\n<\/div>\n\n\n\n<div style=\"height:100px\" aria-hidden=\"true\" class=\"wp-block-spacer is-style-small\"><\/div>\n\n\n\n<div class=\"wp-block-group is-style-width-75\"><div class=\"wp-block-group__inner-container is-layout-constrained wp-block-group-is-layout-constrained\"><div class='custom-block-slider'><div class='custom-block-slider'>\r\n\t\t\t<div class=\"swiper-element\">\r\n\r\n\t\t\t\t\t\t\t\t\t<div class=\"slider-prev slider-button\" id=\"block_slider_69dff84f8a1f3-prev\">\r\n\t\t\t\t\t\t<span class=\"fal fa-angle-left\"><\/span>\r\n\t\t\t\t\t<\/div>\r\n\t\t\t\t\t<div class=\"slider-next slider-button\" id=\"block_slider_69dff84f8a1f3-next\">\r\n\t\t\t\t\t\t<span class=\"fal fa-angle-right\"><\/span>\r\n\t\t\t\t\t<\/div>\r\n\t\t\t\t\r\n\t\t\t\t<div class=\"swiper has-navigation\" id=\"block_slider_69dff84f8a1f3\">\r\n\t\t\t\t\t<div class=\"swiper-wrapper\">\r\n\t\t\t\t\t\t<div class=\"swiper-slide\"><a href='https:\/\/kermos.com\/wp-content\/uploads\/2025\/12\/KERMOS_Sugar_ambience_decor-geometric_2.jpg' data-fancybox='block_slider_69dff84f8a1f3' data-caption=''><img src='https:\/\/kermos.com\/wp-content\/uploads\/2025\/12\/KERMOS_Sugar_ambience_decor-geometric_2.jpg' alt='' class='default src-acf type-img size-default width-33 max-width' srcset='https:\/\/kermos.com\/wp-content\/uploads\/2025\/12\/KERMOS_Sugar_ambience_decor-geometric_2-480x360.jpg 480w,https:\/\/kermos.com\/wp-content\/uploads\/2025\/12\/KERMOS_Sugar_ambience_decor-geometric_2-720x540.jpg 720w,https:\/\/kermos.com\/wp-content\/uploads\/2025\/12\/KERMOS_Sugar_ambience_decor-geometric_2-1200x960.jpg 1280w,'  sizes='(max-width: 768px) 100vw, 33vw' \/><\/a><\/div><div class=\"swiper-slide\"><a href='https:\/\/kermos.com\/wp-content\/uploads\/2025\/12\/KERMOS_Sugar_ambience_decor-geometric.jpg' data-fancybox='block_slider_69dff84f8a1f3' data-caption=''><img src='https:\/\/kermos.com\/wp-content\/uploads\/2025\/12\/KERMOS_Sugar_ambience_decor-geometric.jpg' alt='' class='default src-acf type-img size-default width-33 max-width' srcset='https:\/\/kermos.com\/wp-content\/uploads\/2025\/12\/KERMOS_Sugar_ambience_decor-geometric-480x360.jpg 480w,https:\/\/kermos.com\/wp-content\/uploads\/2025\/12\/KERMOS_Sugar_ambience_decor-geometric-720x540.jpg 720w,https:\/\/kermos.com\/wp-content\/uploads\/2025\/12\/KERMOS_Sugar_ambience_decor-geometric-1200x960.jpg 1280w,'  sizes='(max-width: 768px) 100vw, 33vw' \/><\/a><\/div><div class=\"swiper-slide\"><a href='https:\/\/kermos.com\/wp-content\/uploads\/2025\/12\/KERMOS_Sugar_ambience_decor-stripes_2.jpg' data-fancybox='block_slider_69dff84f8a1f3' data-caption=''><img src='https:\/\/kermos.com\/wp-content\/uploads\/2025\/12\/KERMOS_Sugar_ambience_decor-stripes_2.jpg' alt='' class='default src-acf type-img size-default width-33 max-width' srcset='https:\/\/kermos.com\/wp-content\/uploads\/2025\/12\/KERMOS_Sugar_ambience_decor-stripes_2-480x360.jpg 480w,https:\/\/kermos.com\/wp-content\/uploads\/2025\/12\/KERMOS_Sugar_ambience_decor-stripes_2-720x540.jpg 720w,https:\/\/kermos.com\/wp-content\/uploads\/2025\/12\/KERMOS_Sugar_ambience_decor-stripes_2-1200x960.jpg 1280w,'  sizes='(max-width: 768px) 100vw, 33vw' \/><\/a><\/div><div class=\"swiper-slide\"><a href='https:\/\/kermos.com\/wp-content\/uploads\/2025\/12\/KERMOS_Sugar_ambience_decor-stripes.jpg' data-fancybox='block_slider_69dff84f8a1f3' data-caption=''><img src='https:\/\/kermos.com\/wp-content\/uploads\/2025\/12\/KERMOS_Sugar_ambience_decor-stripes.jpg' alt='' class='default src-acf type-img size-default width-33 max-width' srcset='https:\/\/kermos.com\/wp-content\/uploads\/2025\/12\/KERMOS_Sugar_ambience_decor-stripes-480x360.jpg 480w,https:\/\/kermos.com\/wp-content\/uploads\/2025\/12\/KERMOS_Sugar_ambience_decor-stripes-720x540.jpg 720w,https:\/\/kermos.com\/wp-content\/uploads\/2025\/12\/KERMOS_Sugar_ambience_decor-stripes-1200x960.jpg 1280w,'  sizes='(max-width: 768px) 100vw, 33vw' \/><\/a><\/div><div class=\"swiper-slide\"><a href='https:\/\/kermos.com\/wp-content\/uploads\/2025\/12\/KERMOS_Sugar_ambience_white-lust_2.jpg' data-fancybox='block_slider_69dff84f8a1f3' data-caption=''><img src='https:\/\/kermos.com\/wp-content\/uploads\/2025\/12\/KERMOS_Sugar_ambience_white-lust_2.jpg' alt='' class='default src-acf type-img size-default width-33 max-width' srcset='https:\/\/kermos.com\/wp-content\/uploads\/2025\/12\/KERMOS_Sugar_ambience_white-lust_2-480x360.jpg 480w,https:\/\/kermos.com\/wp-content\/uploads\/2025\/12\/KERMOS_Sugar_ambience_white-lust_2-720x540.jpg 720w,https:\/\/kermos.com\/wp-content\/uploads\/2025\/12\/KERMOS_Sugar_ambience_white-lust_2-1200x960.jpg 1280w,'  sizes='(max-width: 768px) 100vw, 33vw' \/><\/a><\/div><div class=\"swiper-slide\"><a href='https:\/\/kermos.com\/wp-content\/uploads\/2025\/12\/KERMOS_Sugar_ambience_white-lust.jpg' data-fancybox='block_slider_69dff84f8a1f3' data-caption=''><img src='https:\/\/kermos.com\/wp-content\/uploads\/2025\/12\/KERMOS_Sugar_ambience_white-lust.jpg' alt='' class='default src-acf type-img size-default width-33 max-width' srcset='https:\/\/kermos.com\/wp-content\/uploads\/2025\/12\/KERMOS_Sugar_ambience_white-lust-480x360.jpg 480w,https:\/\/kermos.com\/wp-content\/uploads\/2025\/12\/KERMOS_Sugar_ambience_white-lust-720x540.jpg 720w,https:\/\/kermos.com\/wp-content\/uploads\/2025\/12\/KERMOS_Sugar_ambience_white-lust-1200x960.jpg 1280w,'  sizes='(max-width: 768px) 100vw, 33vw' \/><\/a><\/div>\t\t\t\t\t<\/div>\r\n\t\t\t\t<\/div>\r\n\r\n\t\t\t\t\r\n\t\t\t\t\r\n\t\t\t\t<script type=\"text\/javascript\" async defer>\r\n                  \/* <![CDATA[ *\/\r\n\r\n\t\t\t\t  \r\n                  let block_slider_69dff84f8a1f3 = {\"id\":\"block_slider_69dff84f8a1f3\",\"type\":\"slider\",\"name\":\"slider_block_slider_69dff84f8a1f3\",\"options\":{\"speed\":400,\"effect\":\"slide\",\"slidesPerView\":3,\"spaceBetween\":30,\"autoHeight\":false,\"loop\":false,\"grabCursor\":true,\"navigation\":{\"nextEl\":\"#block_slider_69dff84f8a1f3-next\",\"prevEl\":\"#block_slider_69dff84f8a1f3-prev\"}}};\r\n\r\n                  window.addEventListener('DOMContentLoaded', (event) => {\r\n                    createNewSlider(block_slider_69dff84f8a1f3.id, block_slider_69dff84f8a1f3.type, block_slider_69dff84f8a1f3.name, block_slider_69dff84f8a1f3.options);\r\n                  });\r\n\r\n\t\t\t\t  \r\n                  \/* ]]> *\/\r\n\t\t\t\t<\/script>\r\n\r\n\t\t\t<\/div>\r\n\r\n\t\t<\/div><\/div><\/div><\/div>\n\n\n\n<div style=\"height:100px\" aria-hidden=\"true\" class=\"wp-block-spacer is-style-tiny\"><\/div>\n\n\n\n<div class=\"wp-block-group is-style-width-70\"><div class=\"wp-block-group__inner-container is-layout-constrained wp-block-group-is-layout-constrained\">\r\n<div class=\"custom-block-callout co-callout image-pos--right\" id=\"callout-block_2c393b35605d840e8f8940ec6b4bde4f\">\r\n  <div class=\"co-callout__inner\">\r\n    <div class=\"co-callout__content\">\r\n              <div class=\"co-callout__text\">\r\n          Sie m\u00f6chten wissen, wie die Sugar Fliesen in Ihren R\u00e4umen wirken?        <\/div>\r\n            <a href='https:\/\/www.raabkarcher.de\/a\/virtueller-raumplaner' target='_blank' class='co-callout__button'>Dann testen Sie jetzt den virtuellen Raumplaner<\/a>    <\/div>\r\n          <div class=\"co-callout__image-wrapper\">\r\n        <div class=\"co-callout__image\">\r\n          <img decoding=\"async\" src=\"https:\/\/kermos.com\/wp-content\/uploads\/2025\/11\/Laptop_Raumplaner-small2.png\" alt=\"\" loading=\"lazy\" \/>\r\n        <\/div>\r\n      <\/div>\r\n      <\/div>\r\n<\/div>\r\n<\/div><\/div>\n\n\n\n<div class=\"wp-block-group is-style-width-60\"><div class=\"wp-block-group__inner-container is-layout-constrained wp-block-group-is-layout-constrained\">\n<p>Das komplette Sugar-Sortiment finden Sie in unserem Onlineshop:<\/p>\n\n\n\n<div class=\"wp-block-columns is-layout-flex wp-container-core-columns-is-layout-9d6595d7 wp-block-columns-is-layout-flex\">\n<div class=\"wp-block-column is-layout-flow wp-block-column-is-layout-flow\">\r\n<div class=\"custom-block-image-card-link\" id=\"image-card-link-block_0f488694f408e3b86d9ed9f78a1f6ebb\">\r\n\t<a href=\"https:\/\/www.raabkarcher.de\/produkte\/sugar\/c\/rk3_3591347\"\r\n\t   class=\"image-card-link__link css-hover\"\r\n\t   target=\"_blank\"\r\n\t   title=\"Raab Karcher\">\r\n\r\n\t\t\t\t\t<img decoding=\"async\" src=\"https:\/\/kermos.com\/wp-content\/uploads\/2025\/12\/1200x400px-DE-Raab-Karcher.png\" alt=\"\" class=\"image-card-link__image\" \/>\r\n\t\t\r\n\t\t\r\n\t<\/a>\r\n<\/div>\r\n<\/div>\n\n\n\n<div class=\"wp-block-column is-layout-flow wp-block-column-is-layout-flow\">\r\n<div class=\"custom-block-image-card-link\" id=\"image-card-link-block_3d14efedb603490a3fccd58fd50baf6e\">\r\n\t<a href=\"https:\/\/shop.keramundo.de\/produkte\/sugar\/c\/km3_3591347\"\r\n\t   class=\"image-card-link__link css-hover\"\r\n\t   target=\"_blank\"\r\n\t   title=\"Keramundo\">\r\n\r\n\t\t\t\t\t<img decoding=\"async\" src=\"https:\/\/kermos.com\/wp-content\/uploads\/2025\/12\/1200x400px-DE-Keramundo.png\" alt=\"\" class=\"image-card-link__image\" \/>\r\n\t\t\r\n\t\t\r\n\t<\/a>\r\n<\/div>\r\n<\/div>\n<\/div>\n<\/div><\/div>\n\n\n\n<div style=\"height:100px\" aria-hidden=\"true\" class=\"wp-block-spacer is-style-small\"><\/div>\n","protected":false},"excerpt":{"rendered":"<p>Mit ihren unterschiedlichen Texturen, der Dreidimensionalit\u00e4t und den leichten Spuren von Glanz sind die Fliesen von KERMOS Sugar eine attraktive Keramikl\u00f6sung und auch perfekt als Erg\u00e4nzung von anderen wei\u00dfen Kollektionen geeignet.<\/p>\n","protected":false},"author":2,"featured_media":5136,"parent":6536,"menu_order":159,"comment_status":"closed","ping_status":"closed","template":"","meta":{"_acf_changed":false,"_seopress_robots_primary_cat":"","_seopress_titles_title":"","_seopress_titles_desc":"","_seopress_robots_index":"","footnotes":""},"class_list":["post-7423","page","type-page","status-publish","has-post-thumbnail","hentry"],"acf":[],"_links":{"self":[{"href":"https:\/\/kermos.com\/de\/wp-json\/wp\/v2\/pages\/7423","targetHints":{"allow":["GET"]}}],"collection":[{"href":"https:\/\/kermos.com\/de\/wp-json\/wp\/v2\/pages"}],"about":[{"href":"https:\/\/kermos.com\/de\/wp-json\/wp\/v2\/types\/page"}],"author":[{"embeddable":true,"href":"https:\/\/kermos.com\/de\/wp-json\/wp\/v2\/users\/2"}],"replies":[{"embeddable":true,"href":"https:\/\/kermos.com\/de\/wp-json\/wp\/v2\/comments?post=7423"}],"version-history":[{"count":3,"href":"https:\/\/kermos.com\/de\/wp-json\/wp\/v2\/pages\/7423\/revisions"}],"predecessor-version":[{"id":10040,"href":"https:\/\/kermos.com\/de\/wp-json\/wp\/v2\/pages\/7423\/revisions\/10040"}],"up":[{"embeddable":true,"href":"https:\/\/kermos.com\/de\/wp-json\/wp\/v2\/pages\/6536"}],"wp:featuredmedia":[{"embeddable":true,"href":"https:\/\/kermos.com\/de\/wp-json\/wp\/v2\/media\/5136"}],"wp:attachment":[{"href":"https:\/\/kermos.com\/de\/wp-json\/wp\/v2\/media?parent=7423"}],"curies":[{"name":"wp","href":"https:\/\/api.w.org\/{rel}","templated":true}]}}