{"id":7446,"date":"2025-11-04T15:32:59","date_gmt":"2025-11-04T14:32:59","guid":{"rendered":"https:\/\/kermos.stark.aliaz.net\/?page_id=7446"},"modified":"2026-02-10T18:00:51","modified_gmt":"2026-02-10T17:00:51","slug":"time","status":"publish","type":"page","link":"https:\/\/kermos.com\/de\/produkte\/fliesen\/time\/","title":{"rendered":"Time"},"content":{"rendered":"\n<div style=\"height:100px\" aria-hidden=\"true\" class=\"wp-block-spacer is-style-tiny\"><\/div>\n\n\n\n<div class=\"wp-block-group is-style-width-50\"><div class=\"wp-block-group__inner-container is-layout-constrained wp-block-group-is-layout-constrained\">\n<h2 class=\"wp-block-heading\"><strong>Samtweiche Eleganz f\u00fcr eine behagliche Wohnatmosph\u00e4re<\/strong><\/h2>\n\n\n\n<p>Schlicht, aber definitiv nicht langweilig. Die KERMOS Fliesenserie Time ist f\u00fcr alle, die einen originellen Charakter des Interieurs in Verbindung mit behaglicher Wohnatmosph\u00e4re sch\u00e4tzen. In Kombination mit dem Lichtspiel des Raumes, wirkt die samtweich satinierte Oberfl\u00e4che angenehm und zugleich elegant.<\/p>\n\n\n\n<p>KERMOS Time ist die perfekte Wahl, um sowohl Wohn- als auch Gesch\u00e4ftsr\u00e4ume modern und stilvoll zu gestalten. Ihre zur\u00fcckhaltende Optik verleiht Ihrem Zuhause einen Hauch von Raffinesse und Klasse.<\/p>\n<\/div><\/div>\n\n\n\n<div style=\"height:100px\" aria-hidden=\"true\" class=\"wp-block-spacer is-style-small\"><\/div>\n\n\n\n<div class=\"wp-block-group is-style-width-50\"><div class=\"wp-block-group__inner-container is-layout-constrained wp-block-group-is-layout-constrained\">\n<div class=\"wp-block-columns is-layout-flex wp-container-core-columns-is-layout-9d6595d7 wp-block-columns-is-layout-flex\">\n<div class=\"wp-block-column is-layout-flow wp-block-column-is-layout-flow\">\n<div class=\"wp-block-columns is-layout-flex wp-container-core-columns-is-layout-9d6595d7 wp-block-columns-is-layout-flex\">\n<div class=\"wp-block-column is-layout-flow wp-block-column-is-layout-flow\">\n<figure class=\"wp-block-image size-large\"><img alt=\"\" loading=\"lazy\" decoding=\"async\" width=\"1024\" height=\"427\" src=\"http:\/\/kermos.com\/wp-content\/uploads\/2025\/12\/KERMOS_Time_product-1024x427.jpg\" alt=\"\" class=\"wp-image-5307\" srcset=\"https:\/\/kermos.com\/wp-content\/uploads\/2025\/12\/KERMOS_Time_product-1024x427.jpg 1024w, https:\/\/kermos.com\/wp-content\/uploads\/2025\/12\/KERMOS_Time_product-300x125.jpg 300w, https:\/\/kermos.com\/wp-content\/uploads\/2025\/12\/KERMOS_Time_product-768x320.jpg 768w, https:\/\/kermos.com\/wp-content\/uploads\/2025\/12\/KERMOS_Time_product-480x200.jpg 480w, https:\/\/kermos.com\/wp-content\/uploads\/2025\/12\/KERMOS_Time_product-720x300.jpg 720w, https:\/\/kermos.com\/wp-content\/uploads\/2025\/12\/KERMOS_Time_product.jpg 1200w\" sizes=\"auto, (max-width: 1024px) 100vw, 1024px\" \/><figcaption class=\"wp-element-caption\">Wei\u00df satiniert<\/figcaption><\/figure>\n<\/div>\n\n\n\n<div class=\"wp-block-column is-layout-flow wp-block-column-is-layout-flow\"><\/div>\n<\/div>\n<\/div>\n<\/div>\n<\/div><\/div>\n\n\n\n<div style=\"height:100px\" aria-hidden=\"true\" class=\"wp-block-spacer is-style-tiny\"><\/div>\n\n\n\n<div class=\"wp-block-group is-style-width-50\"><div class=\"wp-block-group__inner-container is-layout-constrained wp-block-group-is-layout-constrained\"><div class='custom-block-accordion' data-first-is-open='false' ><div class='accordion-title '><span class='label'>Oberfl\u00e4chen<\/span><\/div><div class='accordion-content'><div class='text-wrap'><p>Matt<\/p>\n<\/div><\/div><div class='accordion-title '><span class='label'>Formate<\/span><\/div><div class='accordion-content'><div class='text-wrap'><p>30 x 60 cm<\/p>\n<\/div><\/div><div class='accordion-title  last-element'><span class='label'>Farben<\/span><\/div><div class='accordion-content'><div class='text-wrap'><p>Wei\u00df satiniert<\/p>\n<\/div><\/div><\/div><\/div><\/div>\n\n\n\n<div style=\"height:100px\" aria-hidden=\"true\" class=\"wp-block-spacer is-style-tiny\"><\/div>\n\n\n\n<div class=\"wp-block-group is-style-width-70\"><div class=\"wp-block-group__inner-container is-layout-constrained wp-block-group-is-layout-constrained\">\r\n<div class=\"custom-block-callout co-callout image-pos--right\" id=\"callout-block_c75a720d8bb098c30499b8980690e176\">\r\n  <div class=\"co-callout__inner\">\r\n    <div class=\"co-callout__content\">\r\n              <div class=\"co-callout__text\">\r\n          Sie m\u00f6chten wissen, wie die Time Fliesen in Ihren R\u00e4umen wirken?         <\/div>\r\n            <a href='https:\/\/www.raabkarcher.de\/a\/virtueller-raumplaner' target='_blank' class='co-callout__button'>Dann testen Sie jetzt den virtuellen Raumplaner<\/a>    <\/div>\r\n          <div class=\"co-callout__image-wrapper\">\r\n        <div class=\"co-callout__image\">\r\n          <img decoding=\"async\" src=\"https:\/\/kermos.com\/wp-content\/uploads\/2025\/11\/Laptop_Raumplaner-small2.png\" alt=\"\" loading=\"lazy\" \/>\r\n        <\/div>\r\n      <\/div>\r\n      <\/div>\r\n<\/div>\r\n<\/div><\/div>\n\n\n\n<div class=\"wp-block-group is-style-width-60\"><div class=\"wp-block-group__inner-container is-layout-constrained wp-block-group-is-layout-constrained\">\n<p>Das komplette Time-Sortiment finden Sie in unserem Onlineshop:<\/p>\n\n\n\n<div class=\"wp-block-columns is-layout-flex wp-container-core-columns-is-layout-9d6595d7 wp-block-columns-is-layout-flex\">\n<div class=\"wp-block-column is-layout-flow wp-block-column-is-layout-flow\">\r\n<div class=\"custom-block-image-card-link\" id=\"image-card-link-block_bb2d719a29b97d8a6bdba5c50c140a0b\">\r\n\t<a href=\"https:\/\/www.raabkarcher.de\/produkte\/time\/c\/rk3_3591351\"\r\n\t   class=\"image-card-link__link css-hover\"\r\n\t   target=\"_blank\"\r\n\t   title=\"Raab Karcher\">\r\n\r\n\t\t\t\t\t<img decoding=\"async\" src=\"https:\/\/kermos.com\/wp-content\/uploads\/2025\/12\/1200x400px-DE-Raab-Karcher.png\" alt=\"\" class=\"image-card-link__image\" \/>\r\n\t\t\r\n\t\t\r\n\t<\/a>\r\n<\/div>\r\n<\/div>\n\n\n\n<div class=\"wp-block-column is-layout-flow wp-block-column-is-layout-flow\">\r\n<div class=\"custom-block-image-card-link\" id=\"image-card-link-block_8b81129e16d94017f21b04fe76dbe3bc\">\r\n\t<a href=\"https:\/\/shop.keramundo.de\/produkte\/time\/c\/km3_3591351\"\r\n\t   class=\"image-card-link__link css-hover\"\r\n\t   target=\"_blank\"\r\n\t   title=\"Keramundo\">\r\n\r\n\t\t\t\t\t<img decoding=\"async\" src=\"https:\/\/kermos.com\/wp-content\/uploads\/2025\/12\/1200x400px-DE-Keramundo.png\" alt=\"\" class=\"image-card-link__image\" \/>\r\n\t\t\r\n\t\t\r\n\t<\/a>\r\n<\/div>\r\n<\/div>\n<\/div>\n<\/div><\/div>\n\n\n\n<div style=\"height:100px\" aria-hidden=\"true\" class=\"wp-block-spacer is-style-small\"><\/div>\n","protected":false},"excerpt":{"rendered":"<p>KERMOS Time ist ideal f\u00fcr alle, die ihrem Interieur einen originellen Charakter verleihen m\u00f6chten, ohne auf eine behagliche Wohnatmosph\u00e4re zu verzichten.<\/p>\n","protected":false},"author":2,"featured_media":5316,"parent":6536,"menu_order":165,"comment_status":"closed","ping_status":"closed","template":"","meta":{"_acf_changed":false,"_seopress_robots_primary_cat":"","_seopress_titles_title":"","_seopress_titles_desc":"","_seopress_robots_index":"","footnotes":""},"class_list":["post-7446","page","type-page","status-publish","has-post-thumbnail","hentry"],"acf":[],"_links":{"self":[{"href":"https:\/\/kermos.com\/de\/wp-json\/wp\/v2\/pages\/7446","targetHints":{"allow":["GET"]}}],"collection":[{"href":"https:\/\/kermos.com\/de\/wp-json\/wp\/v2\/pages"}],"about":[{"href":"https:\/\/kermos.com\/de\/wp-json\/wp\/v2\/types\/page"}],"author":[{"embeddable":true,"href":"https:\/\/kermos.com\/de\/wp-json\/wp\/v2\/users\/2"}],"replies":[{"embeddable":true,"href":"https:\/\/kermos.com\/de\/wp-json\/wp\/v2\/comments?post=7446"}],"version-history":[{"count":2,"href":"https:\/\/kermos.com\/de\/wp-json\/wp\/v2\/pages\/7446\/revisions"}],"predecessor-version":[{"id":9751,"href":"https:\/\/kermos.com\/de\/wp-json\/wp\/v2\/pages\/7446\/revisions\/9751"}],"up":[{"embeddable":true,"href":"https:\/\/kermos.com\/de\/wp-json\/wp\/v2\/pages\/6536"}],"wp:featuredmedia":[{"embeddable":true,"href":"https:\/\/kermos.com\/de\/wp-json\/wp\/v2\/media\/5316"}],"wp:attachment":[{"href":"https:\/\/kermos.com\/de\/wp-json\/wp\/v2\/media?parent=7446"}],"curies":[{"name":"wp","href":"https:\/\/api.w.org\/{rel}","templated":true}]}}