{"id":7469,"date":"2025-11-04T15:32:59","date_gmt":"2025-11-04T14:32:59","guid":{"rendered":"https:\/\/kermos.stark.aliaz.net\/?page_id=7469"},"modified":"2026-03-09T14:18:45","modified_gmt":"2026-03-09T13:18:45","slug":"unlimited","status":"publish","type":"page","link":"https:\/\/kermos.com\/de\/produkte\/fliesen\/unlimited\/","title":{"rendered":"Unlimited"},"content":{"rendered":"\n<div style=\"height:100px\" aria-hidden=\"true\" class=\"wp-block-spacer is-style-tiny\"><\/div>\n\n\n\n<div class=\"wp-block-group is-style-width-50\"><div class=\"wp-block-group__inner-container is-layout-constrained wp-block-group-is-layout-constrained\">\n<h2 class=\"wp-block-heading\"><strong>Eine elegante Erscheinung<\/strong><\/h2>\n\n\n\n<p>In aufeinander abgestimmten Formaten von 60 \u00d7 60 cm bis 120 \u00d7 260 cm bietet die Serie Unlimited unbegrenzte Gestaltungs- und Einsatzm\u00f6glichkeiten f\u00fcr eine stilvolle, unaufdringliche Inneneinrichtung. Das anmutige Design wirkt in den repr\u00e4sentativen Farbnuancen Beige, Grau und Anthrazit besonders elegant und schafft mit einer St\u00e4rke von 6 mm ein weites Feld von Anwendungsbereichen.<\/p>\n\n\n\n<p>Die Serie ist Teil der KERMOS fineline Kollektion, die besonders d\u00fcnne und gro\u00dfformatige Fliesen vereint. Durch die geringe St\u00e4rke der Fliese ist eine Raumgestaltung mit edlen, dezenten und filigranen Ecken und Kantenabschl\u00fcssen m\u00f6glich.<\/p>\n<\/div><\/div>\n\n\n\n<div style=\"height:100px\" aria-hidden=\"true\" class=\"wp-block-spacer is-style-tiny\"><\/div>\n\n\n\n<div class=\"wp-block-group is-style-width-50\"><div class=\"wp-block-group__inner-container is-layout-constrained wp-block-group-is-layout-constrained\">\n<div class=\"wp-block-columns is-layout-flex wp-container-core-columns-is-layout-9d6595d7 wp-block-columns-is-layout-flex\">\n<div class=\"wp-block-column is-layout-flow wp-block-column-is-layout-flow\">\n<div class=\"wp-block-columns is-layout-flex wp-container-core-columns-is-layout-9d6595d7 wp-block-columns-is-layout-flex\">\n<div class=\"wp-block-column is-layout-flow wp-block-column-is-layout-flow\">\n<figure class=\"wp-block-image size-S_QUAD\"><img alt=\"\" loading=\"lazy\" decoding=\"async\" width=\"480\" height=\"480\" src=\"http:\/\/kermos.com\/wp-content\/uploads\/2025\/12\/KERMOS_Unlimited_product_beige-480x480.jpg\" alt=\"\" class=\"wp-image-5457\" srcset=\"https:\/\/kermos.com\/wp-content\/uploads\/2025\/12\/KERMOS_Unlimited_product_beige-480x480.jpg 480w, https:\/\/kermos.com\/wp-content\/uploads\/2025\/12\/KERMOS_Unlimited_product_beige-150x150.jpg 150w\" sizes=\"auto, (max-width: 480px) 100vw, 480px\" \/><figcaption class=\"wp-element-caption\">Beige<\/figcaption><\/figure>\n<\/div>\n\n\n\n<div class=\"wp-block-column is-layout-flow wp-block-column-is-layout-flow\">\n<figure class=\"wp-block-image size-S_QUAD\"><img alt=\"\" loading=\"lazy\" decoding=\"async\" width=\"480\" height=\"480\" src=\"http:\/\/kermos.com\/wp-content\/uploads\/2025\/12\/KERMOS_Unlimited_product_grey-480x480.jpg\" alt=\"\" class=\"wp-image-5469\" srcset=\"https:\/\/kermos.com\/wp-content\/uploads\/2025\/12\/KERMOS_Unlimited_product_grey-480x480.jpg 480w, https:\/\/kermos.com\/wp-content\/uploads\/2025\/12\/KERMOS_Unlimited_product_grey-150x150.jpg 150w\" sizes=\"auto, (max-width: 480px) 100vw, 480px\" \/><figcaption class=\"wp-element-caption\">Grau&nbsp;<\/figcaption><\/figure>\n<\/div>\n<\/div>\n<\/div>\n\n\n\n<div class=\"wp-block-column is-layout-flow wp-block-column-is-layout-flow\">\n<div class=\"wp-block-columns is-layout-flex wp-container-core-columns-is-layout-9d6595d7 wp-block-columns-is-layout-flex\">\n<div class=\"wp-block-column is-layout-flow wp-block-column-is-layout-flow\">\n<figure class=\"wp-block-image size-S_QUAD\"><img alt=\"\" loading=\"lazy\" decoding=\"async\" width=\"480\" height=\"480\" src=\"http:\/\/kermos.com\/wp-content\/uploads\/2025\/12\/KERMOS_Unlimited_product_anthracite-480x480.jpg\" alt=\"\" class=\"wp-image-5445\" srcset=\"https:\/\/kermos.com\/wp-content\/uploads\/2025\/12\/KERMOS_Unlimited_product_anthracite-480x480.jpg 480w, https:\/\/kermos.com\/wp-content\/uploads\/2025\/12\/KERMOS_Unlimited_product_anthracite-150x150.jpg 150w\" sizes=\"auto, (max-width: 480px) 100vw, 480px\" \/><figcaption class=\"wp-element-caption\">Anthrazit<\/figcaption><\/figure>\n<\/div>\n\n\n\n<div class=\"wp-block-column is-layout-flow wp-block-column-is-layout-flow\"><\/div>\n<\/div>\n<\/div>\n<\/div>\n<\/div><\/div>\n\n\n\n<div style=\"height:100px\" aria-hidden=\"true\" class=\"wp-block-spacer is-style-tiny\"><\/div>\n\n\n\n<div class=\"wp-block-group is-style-width-50\"><div class=\"wp-block-group__inner-container is-layout-constrained wp-block-group-is-layout-constrained\"><div class='custom-block-accordion' data-first-is-open='false' ><div class='accordion-title '><span class='label'>Oberfl\u00e4chen<\/span><\/div><div class='accordion-content'><div class='text-wrap'><p>Matt R10 B<\/p>\n<\/div><\/div><div class='accordion-title '><span class='label'>Formate<\/span><\/div><div class='accordion-content'><div class='text-wrap'><p>60 \u00d7 60, 60 \u00d7 120, 80 \u00d7 80, 120 \u00d7 120 und 120 \u00d7 260 cm<\/p>\n<\/div><\/div><div class='accordion-title '><span class='label'>Farben<\/span><\/div><div class='accordion-content'><div class='text-wrap'><p>Beige, Grau und Anthrazit<\/p>\n<\/div><\/div><div class='accordion-title  last-element'><span class='label'>Zubeh\u00f6r<\/span><\/div><div class='accordion-content'><div class='text-wrap'><p>Mosaike und Sockel<\/p>\n<\/div><\/div><\/div><\/div><\/div>\n\n\n\n<div style=\"height:100px\" aria-hidden=\"true\" class=\"wp-block-spacer is-style-small\"><\/div>\n\n\n\n<div class=\"wp-block-group is-style-width-50\"><div class=\"wp-block-group__inner-container is-layout-constrained wp-block-group-is-layout-constrained\">\n<h2 class=\"wp-block-heading\"><strong><strong><strong>Eine ganzheitliche L\u00f6sung<\/strong><\/strong><\/strong><\/h2>\n\n\n\n<p>Ein weiterer Vorteil der Fliesenserie Unlimited: Exklusives Zubeh\u00f6r rundet das Sortiment der 6 mm d\u00fcnnen Serie mit ausdrucksvoller Tiefe in Form von Sockelleisten und Mosaikmatten ab.<\/p>\n<\/div><\/div>\n\n\n\n<div style=\"height:100px\" aria-hidden=\"true\" class=\"wp-block-spacer is-style-tiny\"><\/div>\n\n\n\n<div class=\"wp-block-group is-style-width-50\"><div class=\"wp-block-group__inner-container is-layout-constrained wp-block-group-is-layout-constrained\">\n<div class=\"wp-block-columns is-layout-flex wp-container-core-columns-is-layout-9d6595d7 wp-block-columns-is-layout-flex\">\n<div class=\"wp-block-column is-layout-flow wp-block-column-is-layout-flow\">\n<div class=\"wp-block-columns is-layout-flex wp-container-core-columns-is-layout-9d6595d7 wp-block-columns-is-layout-flex\">\n<div class=\"wp-block-column is-layout-flow wp-block-column-is-layout-flow\">\n<figure class=\"wp-block-image size-S_QUAD\"><img alt=\"\" loading=\"lazy\" decoding=\"async\" width=\"480\" height=\"480\" src=\"https:\/\/kermos.com\/wp-content\/uploads\/2025\/12\/KERMOS_Unlimited_product_beige-mosaic-480x480.jpg\" alt=\"\" class=\"wp-image-5451\" srcset=\"https:\/\/kermos.com\/wp-content\/uploads\/2025\/12\/KERMOS_Unlimited_product_beige-mosaic-480x480.jpg 480w, https:\/\/kermos.com\/wp-content\/uploads\/2025\/12\/KERMOS_Unlimited_product_beige-mosaic-300x300.jpg 300w, https:\/\/kermos.com\/wp-content\/uploads\/2025\/12\/KERMOS_Unlimited_product_beige-mosaic-1024x1024.jpg 1024w, https:\/\/kermos.com\/wp-content\/uploads\/2025\/12\/KERMOS_Unlimited_product_beige-mosaic-150x150.jpg 150w, https:\/\/kermos.com\/wp-content\/uploads\/2025\/12\/KERMOS_Unlimited_product_beige-mosaic-768x768.jpg 768w, https:\/\/kermos.com\/wp-content\/uploads\/2025\/12\/KERMOS_Unlimited_product_beige-mosaic-960x960.jpg 960w, https:\/\/kermos.com\/wp-content\/uploads\/2025\/12\/KERMOS_Unlimited_product_beige-mosaic-720x720.jpg 720w, https:\/\/kermos.com\/wp-content\/uploads\/2025\/12\/KERMOS_Unlimited_product_beige-mosaic.jpg 1200w\" sizes=\"auto, (max-width: 480px) 100vw, 480px\" \/><figcaption class=\"wp-element-caption\">Beige Mosaik<\/figcaption><\/figure>\n<\/div>\n\n\n\n<div class=\"wp-block-column is-layout-flow wp-block-column-is-layout-flow\">\n<figure class=\"wp-block-image size-S_QUAD\"><img alt=\"\" loading=\"lazy\" decoding=\"async\" width=\"480\" height=\"480\" src=\"https:\/\/kermos.com\/wp-content\/uploads\/2025\/12\/KERMOS_Unlimited_product_grey-mosaic-480x480.jpg\" alt=\"\" class=\"wp-image-5463\" srcset=\"https:\/\/kermos.com\/wp-content\/uploads\/2025\/12\/KERMOS_Unlimited_product_grey-mosaic-480x480.jpg 480w, https:\/\/kermos.com\/wp-content\/uploads\/2025\/12\/KERMOS_Unlimited_product_grey-mosaic-300x300.jpg 300w, https:\/\/kermos.com\/wp-content\/uploads\/2025\/12\/KERMOS_Unlimited_product_grey-mosaic-1024x1024.jpg 1024w, https:\/\/kermos.com\/wp-content\/uploads\/2025\/12\/KERMOS_Unlimited_product_grey-mosaic-150x150.jpg 150w, https:\/\/kermos.com\/wp-content\/uploads\/2025\/12\/KERMOS_Unlimited_product_grey-mosaic-768x768.jpg 768w, https:\/\/kermos.com\/wp-content\/uploads\/2025\/12\/KERMOS_Unlimited_product_grey-mosaic-960x960.jpg 960w, https:\/\/kermos.com\/wp-content\/uploads\/2025\/12\/KERMOS_Unlimited_product_grey-mosaic-720x720.jpg 720w, https:\/\/kermos.com\/wp-content\/uploads\/2025\/12\/KERMOS_Unlimited_product_grey-mosaic.jpg 1200w\" sizes=\"auto, (max-width: 480px) 100vw, 480px\" \/><figcaption class=\"wp-element-caption\">Grau&nbsp;Mosaik<\/figcaption><\/figure>\n<\/div>\n<\/div>\n<\/div>\n\n\n\n<div class=\"wp-block-column is-layout-flow wp-block-column-is-layout-flow\">\n<div class=\"wp-block-columns is-layout-flex wp-container-core-columns-is-layout-9d6595d7 wp-block-columns-is-layout-flex\">\n<div class=\"wp-block-column is-layout-flow wp-block-column-is-layout-flow\">\n<figure class=\"wp-block-image size-S_QUAD\"><img alt=\"\" loading=\"lazy\" decoding=\"async\" width=\"480\" height=\"480\" src=\"https:\/\/kermos.com\/wp-content\/uploads\/2025\/12\/KERMOS_Unlimited_product_anthracite-mosaic-480x480.jpg\" alt=\"\" class=\"wp-image-5439\" srcset=\"https:\/\/kermos.com\/wp-content\/uploads\/2025\/12\/KERMOS_Unlimited_product_anthracite-mosaic-480x480.jpg 480w, https:\/\/kermos.com\/wp-content\/uploads\/2025\/12\/KERMOS_Unlimited_product_anthracite-mosaic-300x300.jpg 300w, https:\/\/kermos.com\/wp-content\/uploads\/2025\/12\/KERMOS_Unlimited_product_anthracite-mosaic-1024x1024.jpg 1024w, https:\/\/kermos.com\/wp-content\/uploads\/2025\/12\/KERMOS_Unlimited_product_anthracite-mosaic-150x150.jpg 150w, https:\/\/kermos.com\/wp-content\/uploads\/2025\/12\/KERMOS_Unlimited_product_anthracite-mosaic-768x768.jpg 768w, https:\/\/kermos.com\/wp-content\/uploads\/2025\/12\/KERMOS_Unlimited_product_anthracite-mosaic-960x960.jpg 960w, https:\/\/kermos.com\/wp-content\/uploads\/2025\/12\/KERMOS_Unlimited_product_anthracite-mosaic-720x720.jpg 720w, https:\/\/kermos.com\/wp-content\/uploads\/2025\/12\/KERMOS_Unlimited_product_anthracite-mosaic.jpg 1200w\" sizes=\"auto, (max-width: 480px) 100vw, 480px\" \/><figcaption class=\"wp-element-caption\">Anthrazit Mosaik<\/figcaption><\/figure>\n<\/div>\n\n\n\n<div class=\"wp-block-column is-layout-flow wp-block-column-is-layout-flow\"><\/div>\n<\/div>\n<\/div>\n<\/div>\n<\/div><\/div>\n\n\n\n<div style=\"height:100px\" aria-hidden=\"true\" class=\"wp-block-spacer is-style-tiny\"><\/div>\n\n\n\n<div class=\"wp-block-group is-style-width-50\"><div class=\"wp-block-group__inner-container is-layout-constrained wp-block-group-is-layout-constrained\"><div class='custom-block-accordion' data-first-is-open='false' ><div class='accordion-title '><span class='label'>Oberfl\u00e4chen<\/span><\/div><div class='accordion-content'><div class='text-wrap'><p>Matt R10 B<\/p>\n<\/div><\/div><div class='accordion-title '><span class='label'>Formate<\/span><\/div><div class='accordion-content'><div class='text-wrap'><p>5 x 5 (30 x 30) cm<\/p>\n<\/div><\/div><div class='accordion-title  last-element'><span class='label'>Farben<\/span><\/div><div class='accordion-content'><div class='text-wrap'><p>Beige, Grau und Anthrazit<\/p>\n<\/div><\/div><\/div><\/div><\/div>\n\n\n\n<div style=\"height:100px\" aria-hidden=\"true\" class=\"wp-block-spacer is-style-tiny\"><\/div>\n\n\n\n<div class=\"wp-block-columns is-layout-flex wp-container-core-columns-is-layout-9d6595d7 wp-block-columns-is-layout-flex\">\n<div class=\"wp-block-column is-layout-flow wp-block-column-is-layout-flow\">\n<div class=\"wp-block-buttons is-content-justification-center is-layout-flex wp-container-core-buttons-is-layout-16018d1d wp-block-buttons-is-layout-flex\">\n<div class=\"wp-block-button\"><a class=\"wp-block-button__link wp-element-button\" href=\"https:\/\/shop.keramundo.de\/medias\/DOK-SP-385324.pdf?context=bWFzdGVyfGRvY3VtZW50c3w1NjUwMDh8YXBwbGljYXRpb24vcGRmfGFHTXpMMmhqTmk4NU1qSTVOVE16TnpBNE16RTRMMFJQUzE5VFVGOHpPRFV6TWpRdWNHUm18MTU0MDU4MDgzMTYwZmNjOWU0NWM5ZmNkOTI0ODlhMDNjNTAxZjBkMDQ4MTMxNGYwODg1NGIxNDg0YTY4MWYyNw\" target=\"_blank\" rel=\"noreferrer noopener\">Serienprospekt herunterladen<\/a><\/div>\n<\/div>\n<\/div>\n<\/div>\n\n\n\n<div style=\"height:100px\" aria-hidden=\"true\" class=\"wp-block-spacer is-style-small\"><\/div>\n\n\n\n<div class=\"wp-block-group is-style-width-70\"><div class=\"wp-block-group__inner-container is-layout-constrained wp-block-group-is-layout-constrained\">\r\n<div class=\"custom-block-callout co-callout image-pos--right\" id=\"callout-block_d965ab3c4cf730e43179eb453764f68b\">\r\n  <div class=\"co-callout__inner\">\r\n    <div class=\"co-callout__content\">\r\n              <div class=\"co-callout__text\">\r\n          Sie m\u00f6chten wissen, wie die Unlimited Fliesen in Ihren R\u00e4umen wirken?        <\/div>\r\n            <a href='https:\/\/www.raabkarcher.de\/a\/virtueller-raumplaner' target='_blank' class='co-callout__button'>Dann testen Sie jetzt den virtuellen Raumplaner<\/a>    <\/div>\r\n          <div class=\"co-callout__image-wrapper\">\r\n        <div class=\"co-callout__image\">\r\n          <img decoding=\"async\" src=\"https:\/\/kermos.com\/wp-content\/uploads\/2025\/11\/Laptop_Raumplaner-small2.png\" alt=\"\" loading=\"lazy\" \/>\r\n        <\/div>\r\n      <\/div>\r\n      <\/div>\r\n<\/div>\r\n<\/div><\/div>\n\n\n\n<div class=\"wp-block-group is-style-width-60\"><div class=\"wp-block-group__inner-container is-layout-constrained wp-block-group-is-layout-constrained\">\n<p>Das komplette Unlimited-Sortiment finden Sie in unserem Onlineshop:<\/p>\n\n\n\n<div class=\"wp-block-columns is-layout-flex wp-container-core-columns-is-layout-9d6595d7 wp-block-columns-is-layout-flex\">\n<div class=\"wp-block-column is-layout-flow wp-block-column-is-layout-flow\">\r\n<div class=\"custom-block-image-card-link\" id=\"image-card-link-block_f004ceb2a5aa5f17a6447674c4f2793e\">\r\n\t<a href=\"https:\/\/www.raabkarcher.de\/produkte\/unlimited\/c\/rk3_3589257\"\r\n\t   class=\"image-card-link__link css-hover\"\r\n\t   target=\"_blank\"\r\n\t   title=\"Raab Karcher\">\r\n\r\n\t\t\t\t\t<img decoding=\"async\" src=\"https:\/\/kermos.com\/wp-content\/uploads\/2025\/12\/1200x400px-DE-Raab-Karcher.png\" alt=\"\" class=\"image-card-link__image\" \/>\r\n\t\t\r\n\t\t\r\n\t<\/a>\r\n<\/div>\r\n<\/div>\n\n\n\n<div class=\"wp-block-column is-layout-flow wp-block-column-is-layout-flow\">\r\n<div class=\"custom-block-image-card-link\" id=\"image-card-link-block_083629964867c9078b1ce55f33c8922b\">\r\n\t<a href=\"https:\/\/shop.keramundo.de\/produkte\/unlimited\/c\/km3_3589257\"\r\n\t   class=\"image-card-link__link css-hover\"\r\n\t   target=\"_blank\"\r\n\t   title=\"Keramundo\">\r\n\r\n\t\t\t\t\t<img decoding=\"async\" src=\"https:\/\/kermos.com\/wp-content\/uploads\/2025\/12\/1200x400px-DE-Keramundo.png\" alt=\"\" class=\"image-card-link__image\" \/>\r\n\t\t\r\n\t\t\r\n\t<\/a>\r\n<\/div>\r\n<\/div>\n<\/div>\n<\/div><\/div>\n\n\n\n<div style=\"height:100px\" aria-hidden=\"true\" class=\"wp-block-spacer is-style-small\"><\/div>\n","protected":false},"excerpt":{"rendered":"<p>Mit ihrer eleganten und zeitlosen Optik er\u00f6ffnet Ihnen die KERMOS Unlimited Fliesenserie die Freiheit, sowohl stilvolle Wohn- als auch Gesch\u00e4ftsr\u00e4ume zu verwirklichen, die den Bed\u00fcrfnissen eines modernen Lebens gerecht werden. <\/p>\n","protected":false},"author":2,"featured_media":5490,"parent":6536,"menu_order":171,"comment_status":"closed","ping_status":"closed","template":"","meta":{"_acf_changed":false,"_seopress_robots_primary_cat":"","_seopress_titles_title":"","_seopress_titles_desc":"","_seopress_robots_index":"","footnotes":""},"class_list":["post-7469","page","type-page","status-publish","has-post-thumbnail","hentry"],"acf":[],"_links":{"self":[{"href":"https:\/\/kermos.com\/de\/wp-json\/wp\/v2\/pages\/7469","targetHints":{"allow":["GET"]}}],"collection":[{"href":"https:\/\/kermos.com\/de\/wp-json\/wp\/v2\/pages"}],"about":[{"href":"https:\/\/kermos.com\/de\/wp-json\/wp\/v2\/types\/page"}],"author":[{"embeddable":true,"href":"https:\/\/kermos.com\/de\/wp-json\/wp\/v2\/users\/2"}],"replies":[{"embeddable":true,"href":"https:\/\/kermos.com\/de\/wp-json\/wp\/v2\/comments?post=7469"}],"version-history":[{"count":4,"href":"https:\/\/kermos.com\/de\/wp-json\/wp\/v2\/pages\/7469\/revisions"}],"predecessor-version":[{"id":10084,"href":"https:\/\/kermos.com\/de\/wp-json\/wp\/v2\/pages\/7469\/revisions\/10084"}],"up":[{"embeddable":true,"href":"https:\/\/kermos.com\/de\/wp-json\/wp\/v2\/pages\/6536"}],"wp:featuredmedia":[{"embeddable":true,"href":"https:\/\/kermos.com\/de\/wp-json\/wp\/v2\/media\/5490"}],"wp:attachment":[{"href":"https:\/\/kermos.com\/de\/wp-json\/wp\/v2\/media?parent=7469"}],"curies":[{"name":"wp","href":"https:\/\/api.w.org\/{rel}","templated":true}]}}