{"id":7474,"date":"2025-11-04T15:32:59","date_gmt":"2025-11-04T14:32:59","guid":{"rendered":"https:\/\/kermos.stark.aliaz.net\/?page_id=7474"},"modified":"2026-04-07T10:49:17","modified_gmt":"2026-04-07T08:49:17","slug":"urban-metal","status":"publish","type":"page","link":"https:\/\/kermos.com\/de\/produkte\/fliesen\/urban-metal\/","title":{"rendered":"Urban Metal"},"content":{"rendered":"\n<div style=\"height:100px\" aria-hidden=\"true\" class=\"wp-block-spacer is-style-tiny\"><\/div>\n\n\n\n<div class=\"wp-block-group is-style-width-50\"><div class=\"wp-block-group__inner-container is-layout-constrained wp-block-group-is-layout-constrained\">\n<h2 class=\"wp-block-heading\"><strong>Beton und Metall elegant verschmolzen<\/strong><\/h2>\n\n\n\n<p>Die Kollektion KERMOS Urban Metal vereint \u00c4sthetik und Technologie auf neuartiger Weise. Durch die schicke Struktur des Sichtbetons in Verbindung mit einer Metalloberfl\u00e4che und Rutschfestigkeit ist die Fliesenserie sowohl eine elegante als auch praktische Wahl f\u00fcr Wohn- und Gesch\u00e4ftsr\u00e4ume. <\/p>\n\n\n\n<p>Urban Metal bietet eine Vielfalt an Formaten: von gro\u00dfformatigen 120 x 120 cm bis hin zu kleinformatigen 30 x 60 cm. Dank ihrer hybriden Textur sind sie nicht nur funktional, sondern unterstreichen mit ihrem minimalistischen Design auch Ihren anspruchsvollen Still.<\/p>\n<\/div><\/div>\n\n\n\n<div style=\"height:100px\" aria-hidden=\"true\" class=\"wp-block-spacer is-style-tiny\"><\/div>\n\n\n\n<div class=\"wp-block-group is-style-width-50\"><div class=\"wp-block-group__inner-container is-layout-constrained wp-block-group-is-layout-constrained\">\n<div class=\"wp-block-columns is-layout-flex wp-container-core-columns-is-layout-9d6595d7 wp-block-columns-is-layout-flex\">\n<div class=\"wp-block-column is-layout-flow wp-block-column-is-layout-flow\">\n<div class=\"wp-block-columns is-layout-flex wp-container-core-columns-is-layout-9d6595d7 wp-block-columns-is-layout-flex\">\n<div class=\"wp-block-column is-layout-flow wp-block-column-is-layout-flow\">\n<figure class=\"wp-block-image size-S_QUAD\"><img alt=\"\" loading=\"lazy\" decoding=\"async\" width=\"480\" height=\"480\" src=\"http:\/\/kermos.com\/wp-content\/uploads\/2025\/12\/KERMOS_Urban-Metal_product_beige-480x480.jpg\" alt=\"\" class=\"wp-image-5523\" srcset=\"https:\/\/kermos.com\/wp-content\/uploads\/2025\/12\/KERMOS_Urban-Metal_product_beige-480x480.jpg 480w, https:\/\/kermos.com\/wp-content\/uploads\/2025\/12\/KERMOS_Urban-Metal_product_beige-150x150.jpg 150w\" sizes=\"auto, (max-width: 480px) 100vw, 480px\" \/><figcaption class=\"wp-element-caption\">Creme<\/figcaption><\/figure>\n<\/div>\n\n\n\n<div class=\"wp-block-column is-layout-flow wp-block-column-is-layout-flow\">\n<figure class=\"wp-block-image size-S_QUAD\"><img alt=\"\" loading=\"lazy\" decoding=\"async\" width=\"480\" height=\"480\" src=\"http:\/\/kermos.com\/wp-content\/uploads\/2025\/12\/KERMOS_Urban-Metal_product_taupe-480x480.jpg\" alt=\"\" class=\"wp-image-5541\" srcset=\"https:\/\/kermos.com\/wp-content\/uploads\/2025\/12\/KERMOS_Urban-Metal_product_taupe-480x480.jpg 480w, https:\/\/kermos.com\/wp-content\/uploads\/2025\/12\/KERMOS_Urban-Metal_product_taupe-150x150.jpg 150w\" sizes=\"auto, (max-width: 480px) 100vw, 480px\" \/><figcaption class=\"wp-element-caption\">Taupe<\/figcaption><\/figure>\n<\/div>\n<\/div>\n<\/div>\n\n\n\n<div class=\"wp-block-column is-layout-flow wp-block-column-is-layout-flow\">\n<div class=\"wp-block-columns is-layout-flex wp-container-core-columns-is-layout-9d6595d7 wp-block-columns-is-layout-flex\">\n<div class=\"wp-block-column is-layout-flow wp-block-column-is-layout-flow\">\n<figure class=\"wp-block-image size-S_QUAD\"><img alt=\"\" loading=\"lazy\" decoding=\"async\" width=\"480\" height=\"480\" src=\"http:\/\/kermos.com\/wp-content\/uploads\/2025\/12\/KERMOS_Urban-Metal_product_dark-grey-480x480.jpg\" alt=\"\" class=\"wp-image-5529\" srcset=\"https:\/\/kermos.com\/wp-content\/uploads\/2025\/12\/KERMOS_Urban-Metal_product_dark-grey-480x480.jpg 480w, https:\/\/kermos.com\/wp-content\/uploads\/2025\/12\/KERMOS_Urban-Metal_product_dark-grey-150x150.jpg 150w\" sizes=\"auto, (max-width: 480px) 100vw, 480px\" \/><figcaption class=\"wp-element-caption\">Dunkelgrau<\/figcaption><\/figure>\n<\/div>\n\n\n\n<div class=\"wp-block-column is-layout-flow wp-block-column-is-layout-flow\">\n<figure class=\"wp-block-image size-S_QUAD\"><img alt=\"\" loading=\"lazy\" decoding=\"async\" width=\"480\" height=\"480\" src=\"http:\/\/kermos.com\/wp-content\/uploads\/2025\/12\/KERMOS_Urban-Metal_product_light-grey-480x480.jpg\" alt=\"\" class=\"wp-image-5535\" srcset=\"https:\/\/kermos.com\/wp-content\/uploads\/2025\/12\/KERMOS_Urban-Metal_product_light-grey-480x480.jpg 480w, https:\/\/kermos.com\/wp-content\/uploads\/2025\/12\/KERMOS_Urban-Metal_product_light-grey-150x150.jpg 150w\" sizes=\"auto, (max-width: 480px) 100vw, 480px\" \/><figcaption class=\"wp-element-caption\">Hellgrau<\/figcaption><\/figure>\n<\/div>\n<\/div>\n<\/div>\n<\/div>\n<\/div><\/div>\n\n\n\n<div class=\"wp-block-group is-style-width-50\"><div class=\"wp-block-group__inner-container is-layout-constrained wp-block-group-is-layout-constrained\">\n<div class=\"wp-block-columns is-layout-flex wp-container-core-columns-is-layout-9d6595d7 wp-block-columns-is-layout-flex\">\n<div class=\"wp-block-column is-layout-flow wp-block-column-is-layout-flow\">\n<div class=\"wp-block-columns is-layout-flex wp-container-core-columns-is-layout-9d6595d7 wp-block-columns-is-layout-flex\">\n<div class=\"wp-block-column is-layout-flow wp-block-column-is-layout-flow\">\n<figure class=\"wp-block-image size-S_QUAD\"><img alt=\"\" loading=\"lazy\" decoding=\"async\" width=\"480\" height=\"480\" src=\"https:\/\/kermos.com\/wp-content\/uploads\/2025\/12\/KERMOS_Urban-Metal_product_anthracite-480x480.jpg\" alt=\"\" class=\"wp-image-5517\" srcset=\"https:\/\/kermos.com\/wp-content\/uploads\/2025\/12\/KERMOS_Urban-Metal_product_anthracite-480x480.jpg 480w, https:\/\/kermos.com\/wp-content\/uploads\/2025\/12\/KERMOS_Urban-Metal_product_anthracite-150x150.jpg 150w\" sizes=\"auto, (max-width: 480px) 100vw, 480px\" \/><figcaption class=\"wp-element-caption\">Anthrazit<\/figcaption><\/figure>\n<\/div>\n\n\n\n<div class=\"wp-block-column is-layout-flow wp-block-column-is-layout-flow\"><\/div>\n<\/div>\n<\/div>\n\n\n\n<div class=\"wp-block-column is-layout-flow wp-block-column-is-layout-flow\">\n<div class=\"wp-block-columns is-layout-flex wp-container-core-columns-is-layout-9d6595d7 wp-block-columns-is-layout-flex\">\n<div class=\"wp-block-column is-layout-flow wp-block-column-is-layout-flow\"><\/div>\n\n\n\n<div class=\"wp-block-column is-layout-flow wp-block-column-is-layout-flow\"><\/div>\n<\/div>\n<\/div>\n<\/div>\n<\/div><\/div>\n\n\n\n<div style=\"height:100px\" aria-hidden=\"true\" class=\"wp-block-spacer is-style-tiny\"><\/div>\n\n\n\n<div class=\"wp-block-group is-style-width-50\"><div class=\"wp-block-group__inner-container is-layout-constrained wp-block-group-is-layout-constrained\"><div class='custom-block-accordion' data-first-is-open='false' ><div class='accordion-title '><span class='label'>Oberfl\u00e4chen<\/span><\/div><div class='accordion-content'><div class='text-wrap'><p>Matt R10 B<\/p>\n<\/div><\/div><div class='accordion-title '><span class='label'>Formate<\/span><\/div><div class='accordion-content'><div class='text-wrap'><p>120 x 120, 60 x 120, 60 x 60 und 30 x 60 cm<\/p>\n<\/div><\/div><div class='accordion-title  last-element'><span class='label'>Farben<\/span><\/div><div class='accordion-content'><div class='text-wrap'><p>Creme, Taupe, Dunkelgrau, Hellgrau und Anthrazit<\/p>\n<\/div><\/div><\/div><\/div><\/div>\n\n\n\n<div style=\"height:100px\" aria-hidden=\"true\" class=\"wp-block-spacer is-style-small\"><\/div>\n\n\n\n<div class=\"wp-block-group is-style-width-50\"><div class=\"wp-block-group__inner-container is-layout-constrained wp-block-group-is-layout-constrained\">\n<h2 class=\"wp-block-heading\"><strong>Perfekte Erg\u00e4nzung<\/strong><\/h2>\n\n\n\n<p>Die Wandfliesen der Serie Urban Metal entfalten eine Ausstrahlung, die jeden Raum in ein modernes Statement verwandelt. Ihr ausdrucksstarkes Grafikdesign verschmilzt mit einer edel schimmernden Metalloptik \u2013 eine Kombination, die den Puls der Zeit nicht nur trifft, sondern sichtbar macht.<\/p>\n<\/div><\/div>\n\n\n\n<div style=\"height:100px\" aria-hidden=\"true\" class=\"wp-block-spacer is-style-tiny\"><\/div>\n\n\n\n<div class=\"wp-block-group is-style-width-50\"><div class=\"wp-block-group__inner-container is-layout-constrained wp-block-group-is-layout-constrained\">\n<div class=\"wp-block-columns is-layout-flex wp-container-core-columns-is-layout-9d6595d7 wp-block-columns-is-layout-flex\">\n<div class=\"wp-block-column is-layout-flow wp-block-column-is-layout-flow\">\n<div class=\"wp-block-columns is-layout-flex wp-container-core-columns-is-layout-9d6595d7 wp-block-columns-is-layout-flex\">\n<div class=\"wp-block-column is-layout-flow wp-block-column-is-layout-flow\">\n<figure class=\"wp-block-image size-S_QUAD\"><img alt=\"\" loading=\"lazy\" decoding=\"async\" width=\"480\" height=\"480\" src=\"https:\/\/kermos.com\/wp-content\/uploads\/2026\/04\/KERMOS_Urban-Metal_product_cold-480x480.jpg\" alt=\"\" class=\"wp-image-10213\" srcset=\"https:\/\/kermos.com\/wp-content\/uploads\/2026\/04\/KERMOS_Urban-Metal_product_cold-480x480.jpg 480w, https:\/\/kermos.com\/wp-content\/uploads\/2026\/04\/KERMOS_Urban-Metal_product_cold-300x300.jpg 300w, https:\/\/kermos.com\/wp-content\/uploads\/2026\/04\/KERMOS_Urban-Metal_product_cold-1024x1024.jpg 1024w, https:\/\/kermos.com\/wp-content\/uploads\/2026\/04\/KERMOS_Urban-Metal_product_cold-150x150.jpg 150w, https:\/\/kermos.com\/wp-content\/uploads\/2026\/04\/KERMOS_Urban-Metal_product_cold-768x768.jpg 768w, https:\/\/kermos.com\/wp-content\/uploads\/2026\/04\/KERMOS_Urban-Metal_product_cold-960x960.jpg 960w, https:\/\/kermos.com\/wp-content\/uploads\/2026\/04\/KERMOS_Urban-Metal_product_cold-720x720.jpg 720w, https:\/\/kermos.com\/wp-content\/uploads\/2026\/04\/KERMOS_Urban-Metal_product_cold.jpg 1200w\" sizes=\"auto, (max-width: 480px) 100vw, 480px\" \/><figcaption class=\"wp-element-caption\">Cold<\/figcaption><\/figure>\n<\/div>\n\n\n\n<div class=\"wp-block-column is-layout-flow wp-block-column-is-layout-flow\">\n<figure class=\"wp-block-image size-S_QUAD\"><img alt=\"\" loading=\"lazy\" decoding=\"async\" width=\"480\" height=\"480\" src=\"https:\/\/kermos.com\/wp-content\/uploads\/2026\/04\/KERMOS_Urban-Metal_product_warm-480x480.jpg\" alt=\"\" class=\"wp-image-10231\" srcset=\"https:\/\/kermos.com\/wp-content\/uploads\/2026\/04\/KERMOS_Urban-Metal_product_warm-480x480.jpg 480w, https:\/\/kermos.com\/wp-content\/uploads\/2026\/04\/KERMOS_Urban-Metal_product_warm-300x300.jpg 300w, https:\/\/kermos.com\/wp-content\/uploads\/2026\/04\/KERMOS_Urban-Metal_product_warm-1024x1024.jpg 1024w, https:\/\/kermos.com\/wp-content\/uploads\/2026\/04\/KERMOS_Urban-Metal_product_warm-150x150.jpg 150w, https:\/\/kermos.com\/wp-content\/uploads\/2026\/04\/KERMOS_Urban-Metal_product_warm-768x768.jpg 768w, https:\/\/kermos.com\/wp-content\/uploads\/2026\/04\/KERMOS_Urban-Metal_product_warm-960x960.jpg 960w, https:\/\/kermos.com\/wp-content\/uploads\/2026\/04\/KERMOS_Urban-Metal_product_warm-720x720.jpg 720w, https:\/\/kermos.com\/wp-content\/uploads\/2026\/04\/KERMOS_Urban-Metal_product_warm.jpg 1200w\" sizes=\"auto, (max-width: 480px) 100vw, 480px\" \/><figcaption class=\"wp-element-caption\">Warm<\/figcaption><\/figure>\n<\/div>\n<\/div>\n<\/div>\n\n\n\n<div class=\"wp-block-column is-layout-flow wp-block-column-is-layout-flow\">\n<div class=\"wp-block-columns is-layout-flex wp-container-core-columns-is-layout-9d6595d7 wp-block-columns-is-layout-flex\">\n<div class=\"wp-block-column is-layout-flow wp-block-column-is-layout-flow\">\n<figure class=\"wp-block-image size-S_QUAD\"><img alt=\"\" loading=\"lazy\" decoding=\"async\" width=\"480\" height=\"480\" src=\"https:\/\/kermos.com\/wp-content\/uploads\/2026\/04\/KERMOS_Urban-Metal_product_decor-cold-480x480.jpg\" alt=\"\" class=\"wp-image-10219\" srcset=\"https:\/\/kermos.com\/wp-content\/uploads\/2026\/04\/KERMOS_Urban-Metal_product_decor-cold-480x480.jpg 480w, https:\/\/kermos.com\/wp-content\/uploads\/2026\/04\/KERMOS_Urban-Metal_product_decor-cold-300x300.jpg 300w, https:\/\/kermos.com\/wp-content\/uploads\/2026\/04\/KERMOS_Urban-Metal_product_decor-cold-1024x1024.jpg 1024w, https:\/\/kermos.com\/wp-content\/uploads\/2026\/04\/KERMOS_Urban-Metal_product_decor-cold-150x150.jpg 150w, https:\/\/kermos.com\/wp-content\/uploads\/2026\/04\/KERMOS_Urban-Metal_product_decor-cold-768x768.jpg 768w, https:\/\/kermos.com\/wp-content\/uploads\/2026\/04\/KERMOS_Urban-Metal_product_decor-cold-960x960.jpg 960w, https:\/\/kermos.com\/wp-content\/uploads\/2026\/04\/KERMOS_Urban-Metal_product_decor-cold-720x720.jpg 720w, https:\/\/kermos.com\/wp-content\/uploads\/2026\/04\/KERMOS_Urban-Metal_product_decor-cold.jpg 1200w\" sizes=\"auto, (max-width: 480px) 100vw, 480px\" \/><figcaption class=\"wp-element-caption\">Dekor Cold<\/figcaption><\/figure>\n<\/div>\n\n\n\n<div class=\"wp-block-column is-layout-flow wp-block-column-is-layout-flow\">\n<figure class=\"wp-block-image size-S_QUAD\"><img alt=\"\" loading=\"lazy\" decoding=\"async\" width=\"480\" height=\"480\" src=\"https:\/\/kermos.com\/wp-content\/uploads\/2026\/04\/KERMOS_Urban-Metal_product_decor-warm-480x480.jpg\" alt=\"\" class=\"wp-image-10225\" srcset=\"https:\/\/kermos.com\/wp-content\/uploads\/2026\/04\/KERMOS_Urban-Metal_product_decor-warm-480x480.jpg 480w, https:\/\/kermos.com\/wp-content\/uploads\/2026\/04\/KERMOS_Urban-Metal_product_decor-warm-300x300.jpg 300w, https:\/\/kermos.com\/wp-content\/uploads\/2026\/04\/KERMOS_Urban-Metal_product_decor-warm-1024x1024.jpg 1024w, https:\/\/kermos.com\/wp-content\/uploads\/2026\/04\/KERMOS_Urban-Metal_product_decor-warm-150x150.jpg 150w, https:\/\/kermos.com\/wp-content\/uploads\/2026\/04\/KERMOS_Urban-Metal_product_decor-warm-768x768.jpg 768w, https:\/\/kermos.com\/wp-content\/uploads\/2026\/04\/KERMOS_Urban-Metal_product_decor-warm-960x960.jpg 960w, https:\/\/kermos.com\/wp-content\/uploads\/2026\/04\/KERMOS_Urban-Metal_product_decor-warm-720x720.jpg 720w, https:\/\/kermos.com\/wp-content\/uploads\/2026\/04\/KERMOS_Urban-Metal_product_decor-warm.jpg 1200w\" sizes=\"auto, (max-width: 480px) 100vw, 480px\" \/><figcaption class=\"wp-element-caption\">Dekor Warm<\/figcaption><\/figure>\n<\/div>\n<\/div>\n<\/div>\n<\/div>\n<\/div><\/div>\n\n\n\n<div style=\"height:100px\" aria-hidden=\"true\" class=\"wp-block-spacer is-style-tiny\"><\/div>\n\n\n\n<div class=\"wp-block-group is-style-width-50\"><div class=\"wp-block-group__inner-container is-layout-constrained wp-block-group-is-layout-constrained\"><div class='custom-block-accordion' data-first-is-open='false' ><div class='accordion-title '><span class='label'>Formate<\/span><\/div><div class='accordion-content'><div class='text-wrap'><p>40 x 120 und 30 x 60 cm<\/p>\n<\/div><\/div><div class='accordion-title  last-element'><span class='label'>Farben<\/span><\/div><div class='accordion-content'><div class='text-wrap'><p>Cold und Warm<\/p>\n<\/div><\/div><\/div><\/div><\/div>\n\n\n\n<div style=\"height:100px\" aria-hidden=\"true\" class=\"wp-block-spacer is-style-tiny\"><\/div>\n\n\n\n<div class=\"wp-block-columns is-layout-flex wp-container-core-columns-is-layout-9d6595d7 wp-block-columns-is-layout-flex\">\n<div class=\"wp-block-column is-layout-flow wp-block-column-is-layout-flow\">\n<div class=\"wp-block-buttons is-content-justification-center is-layout-flex wp-container-core-buttons-is-layout-16018d1d wp-block-buttons-is-layout-flex\">\n<div class=\"wp-block-button\"><a class=\"wp-block-button__link wp-element-button\" href=\"https:\/\/shop.keramundo.de\/medias\/DOK-SP-3489572.pdf?context=bWFzdGVyfGRvY3VtZW50c3wxMDA5OTQzfGFwcGxpY2F0aW9uL3BkZnxhR0k0TDJnMU1DODVNamszTkRnM09UZzJOekU0TDBSUFMxOVRVRjh6TkRnNU5UY3lMbkJrWmd8ZjY0MDI2NTNiYTYxODM0NmE1Mzk2MTA1OTNmYzNhNWQxYTZkZmQ3NDUwMTA3NDI1NDI1NGJkNWQyNjIyMWVhNQ\" target=\"_blank\" rel=\"noreferrer noopener\">Serienprospekt herunterladen<\/a><\/div>\n<\/div>\n<\/div>\n<\/div>\n\n\n\n<div style=\"height:100px\" aria-hidden=\"true\" class=\"wp-block-spacer is-style-small\"><\/div>\n\n\n\n<div class=\"wp-block-group is-style-width-75\"><div class=\"wp-block-group__inner-container is-layout-constrained wp-block-group-is-layout-constrained\"><div class='custom-block-slider'><div class='custom-block-slider'>\r\n\t\t\t<div class=\"swiper-element\">\r\n\r\n\t\t\t\t\t\t\t\t\t<div class=\"slider-prev slider-button\" id=\"block_slider_69df41e20b6ec-prev\">\r\n\t\t\t\t\t\t<span class=\"fal fa-angle-left\"><\/span>\r\n\t\t\t\t\t<\/div>\r\n\t\t\t\t\t<div class=\"slider-next slider-button\" id=\"block_slider_69df41e20b6ec-next\">\r\n\t\t\t\t\t\t<span class=\"fal fa-angle-right\"><\/span>\r\n\t\t\t\t\t<\/div>\r\n\t\t\t\t\r\n\t\t\t\t<div class=\"swiper has-navigation\" id=\"block_slider_69df41e20b6ec\">\r\n\t\t\t\t\t<div class=\"swiper-wrapper\">\r\n\t\t\t\t\t\t<div class=\"swiper-slide\"><a href='https:\/\/kermos.com\/wp-content\/uploads\/2025\/12\/KERMOS_Urban-Metal_ambience_grey.jpg' data-fancybox='block_slider_69df41e20b6ec' data-caption=''><img src='https:\/\/kermos.com\/wp-content\/uploads\/2025\/12\/KERMOS_Urban-Metal_ambience_grey.jpg' alt='' class='default src-acf type-img size-default width-33 max-width' srcset='https:\/\/kermos.com\/wp-content\/uploads\/2025\/12\/KERMOS_Urban-Metal_ambience_grey-480x360.jpg 480w,https:\/\/kermos.com\/wp-content\/uploads\/2025\/12\/KERMOS_Urban-Metal_ambience_grey-720x540.jpg 720w,https:\/\/kermos.com\/wp-content\/uploads\/2025\/12\/KERMOS_Urban-Metal_ambience_grey-1200x960.jpg 1280w,'  sizes='(max-width: 768px) 100vw, 33vw' \/><\/a><\/div><div class=\"swiper-slide\"><a href='https:\/\/kermos.com\/wp-content\/uploads\/2025\/12\/KERMOS_Urban-Metal_ambience_cream.jpg' data-fancybox='block_slider_69df41e20b6ec' data-caption=''><img src='https:\/\/kermos.com\/wp-content\/uploads\/2025\/12\/KERMOS_Urban-Metal_ambience_cream.jpg' alt='' class='default src-acf type-img size-default width-33 max-width' srcset='https:\/\/kermos.com\/wp-content\/uploads\/2025\/12\/KERMOS_Urban-Metal_ambience_cream-480x360.jpg 480w,https:\/\/kermos.com\/wp-content\/uploads\/2025\/12\/KERMOS_Urban-Metal_ambience_cream-720x540.jpg 720w,https:\/\/kermos.com\/wp-content\/uploads\/2025\/12\/KERMOS_Urban-Metal_ambience_cream-1200x960.jpg 1280w,'  sizes='(max-width: 768px) 100vw, 33vw' \/><\/a><\/div><div class=\"swiper-slide\"><a href='https:\/\/kermos.com\/wp-content\/uploads\/2025\/12\/KERMOS_Urban-Metal_ambience_anthracite.jpg' data-fancybox='block_slider_69df41e20b6ec' data-caption=''><img src='https:\/\/kermos.com\/wp-content\/uploads\/2025\/12\/KERMOS_Urban-Metal_ambience_anthracite.jpg' alt='' class='default src-acf type-img size-default width-33 max-width' srcset='https:\/\/kermos.com\/wp-content\/uploads\/2025\/12\/KERMOS_Urban-Metal_ambience_anthracite-480x360.jpg 480w,https:\/\/kermos.com\/wp-content\/uploads\/2025\/12\/KERMOS_Urban-Metal_ambience_anthracite-720x540.jpg 720w,https:\/\/kermos.com\/wp-content\/uploads\/2025\/12\/KERMOS_Urban-Metal_ambience_anthracite-1200x960.jpg 1280w,'  sizes='(max-width: 768px) 100vw, 33vw' \/><\/a><\/div><div class=\"swiper-slide\"><a href='https:\/\/kermos.com\/wp-content\/uploads\/2025\/12\/KERMOS_Urban-Metal_ambience_taupe.jpg' data-fancybox='block_slider_69df41e20b6ec' data-caption=''><img src='https:\/\/kermos.com\/wp-content\/uploads\/2025\/12\/KERMOS_Urban-Metal_ambience_taupe.jpg' alt='' class='default src-acf type-img size-default width-33 max-width' srcset='https:\/\/kermos.com\/wp-content\/uploads\/2025\/12\/KERMOS_Urban-Metal_ambience_taupe-480x360.jpg 480w,https:\/\/kermos.com\/wp-content\/uploads\/2025\/12\/KERMOS_Urban-Metal_ambience_taupe-720x540.jpg 720w,https:\/\/kermos.com\/wp-content\/uploads\/2025\/12\/KERMOS_Urban-Metal_ambience_taupe-1200x960.jpg 1280w,'  sizes='(max-width: 768px) 100vw, 33vw' \/><\/a><\/div>\t\t\t\t\t<\/div>\r\n\t\t\t\t<\/div>\r\n\r\n\t\t\t\t\r\n\t\t\t\t\r\n\t\t\t\t<script type=\"text\/javascript\" async defer>\r\n                  \/* <![CDATA[ *\/\r\n\r\n\t\t\t\t  \r\n                  let block_slider_69df41e20b6ec = {\"id\":\"block_slider_69df41e20b6ec\",\"type\":\"slider\",\"name\":\"slider_block_slider_69df41e20b6ec\",\"options\":{\"speed\":400,\"effect\":\"slide\",\"slidesPerView\":3,\"spaceBetween\":30,\"autoHeight\":false,\"loop\":false,\"grabCursor\":true,\"navigation\":{\"nextEl\":\"#block_slider_69df41e20b6ec-next\",\"prevEl\":\"#block_slider_69df41e20b6ec-prev\"}}};\r\n\r\n                  window.addEventListener('DOMContentLoaded', (event) => {\r\n                    createNewSlider(block_slider_69df41e20b6ec.id, block_slider_69df41e20b6ec.type, block_slider_69df41e20b6ec.name, block_slider_69df41e20b6ec.options);\r\n                  });\r\n\r\n\t\t\t\t  \r\n                  \/* ]]> *\/\r\n\t\t\t\t<\/script>\r\n\r\n\t\t\t<\/div>\r\n\r\n\t\t<\/div><\/div><\/div><\/div>\n\n\n\n<div style=\"height:100px\" aria-hidden=\"true\" class=\"wp-block-spacer is-style-tiny\"><\/div>\n\n\n\n<div class=\"wp-block-group is-style-width-70\"><div class=\"wp-block-group__inner-container is-layout-constrained wp-block-group-is-layout-constrained\">\r\n<div class=\"custom-block-callout co-callout image-pos--right\" id=\"callout-block_49253145fbd3edb6c93851d1938ce0d0\">\r\n  <div class=\"co-callout__inner\">\r\n    <div class=\"co-callout__content\">\r\n              <div class=\"co-callout__text\">\r\n          Sie m\u00f6chten wissen, wie die Urban Metal Fliesen in Ihren R\u00e4umen wirken?        <\/div>\r\n            <a href='https:\/\/www.raabkarcher.de\/a\/virtueller-raumplaner' target='_blank' class='co-callout__button'>Dann testen Sie jetzt den virtuellen Raumplaner<\/a>    <\/div>\r\n          <div class=\"co-callout__image-wrapper\">\r\n        <div class=\"co-callout__image\">\r\n          <img decoding=\"async\" src=\"https:\/\/kermos.com\/wp-content\/uploads\/2025\/11\/Laptop_Raumplaner-small2.png\" alt=\"\" loading=\"lazy\" \/>\r\n        <\/div>\r\n      <\/div>\r\n      <\/div>\r\n<\/div>\r\n<\/div><\/div>\n\n\n\n<div class=\"wp-block-group is-style-width-60\"><div class=\"wp-block-group__inner-container is-layout-constrained wp-block-group-is-layout-constrained\">\n<p>Das komplette Urban Metal-Sortiment finden Sie in unserem Onlineshop:<\/p>\n\n\n\n<div class=\"wp-block-columns is-layout-flex wp-container-core-columns-is-layout-9d6595d7 wp-block-columns-is-layout-flex\">\n<div class=\"wp-block-column is-layout-flow wp-block-column-is-layout-flow\">\r\n<div class=\"custom-block-image-card-link\" id=\"image-card-link-block_6905601c36fa94a392be29428af59c19\">\r\n\t<a href=\"https:\/\/www.raabkarcher.de\/produkte\/urban-metal\/c\/rk3_3577501\"\r\n\t   class=\"image-card-link__link css-hover\"\r\n\t   target=\"_blank\"\r\n\t   title=\"Raab Karcher\">\r\n\r\n\t\t\t\t\t<img decoding=\"async\" src=\"https:\/\/kermos.com\/wp-content\/uploads\/2025\/12\/1200x400px-DE-Raab-Karcher.png\" alt=\"\" class=\"image-card-link__image\" \/>\r\n\t\t\r\n\t\t\r\n\t<\/a>\r\n<\/div>\r\n<\/div>\n\n\n\n<div class=\"wp-block-column is-layout-flow wp-block-column-is-layout-flow\">\r\n<div class=\"custom-block-image-card-link\" id=\"image-card-link-block_f219469b1a00346d173f7555fe164c46\">\r\n\t<a href=\"https:\/\/shop.keramundo.de\/produkte\/urban-metal\/c\/km3_3577501\"\r\n\t   class=\"image-card-link__link css-hover\"\r\n\t   target=\"_blank\"\r\n\t   title=\"Keramundo\">\r\n\r\n\t\t\t\t\t<img decoding=\"async\" src=\"https:\/\/kermos.com\/wp-content\/uploads\/2025\/12\/1200x400px-DE-Keramundo.png\" alt=\"\" class=\"image-card-link__image\" \/>\r\n\t\t\r\n\t\t\r\n\t<\/a>\r\n<\/div>\r\n<\/div>\n<\/div>\n<\/div><\/div>\n\n\n\n<div style=\"height:100px\" aria-hidden=\"true\" class=\"wp-block-spacer is-style-small\"><\/div>\n","protected":false},"excerpt":{"rendered":"<p>KERMOS Urban Metal \u00fcberzeugt mit ihrer einzigartigen hybriden Textur aus Beton und Metall.<\/p>\n","protected":false},"author":2,"featured_media":5568,"parent":6536,"menu_order":173,"comment_status":"closed","ping_status":"closed","template":"","meta":{"_acf_changed":false,"_seopress_robots_primary_cat":"","_seopress_titles_title":"","_seopress_titles_desc":"","_seopress_robots_index":"","footnotes":""},"class_list":["post-7474","page","type-page","status-publish","has-post-thumbnail","hentry"],"acf":[],"_links":{"self":[{"href":"https:\/\/kermos.com\/de\/wp-json\/wp\/v2\/pages\/7474","targetHints":{"allow":["GET"]}}],"collection":[{"href":"https:\/\/kermos.com\/de\/wp-json\/wp\/v2\/pages"}],"about":[{"href":"https:\/\/kermos.com\/de\/wp-json\/wp\/v2\/types\/page"}],"author":[{"embeddable":true,"href":"https:\/\/kermos.com\/de\/wp-json\/wp\/v2\/users\/2"}],"replies":[{"embeddable":true,"href":"https:\/\/kermos.com\/de\/wp-json\/wp\/v2\/comments?post=7474"}],"version-history":[{"count":7,"href":"https:\/\/kermos.com\/de\/wp-json\/wp\/v2\/pages\/7474\/revisions"}],"predecessor-version":[{"id":10239,"href":"https:\/\/kermos.com\/de\/wp-json\/wp\/v2\/pages\/7474\/revisions\/10239"}],"up":[{"embeddable":true,"href":"https:\/\/kermos.com\/de\/wp-json\/wp\/v2\/pages\/6536"}],"wp:featuredmedia":[{"embeddable":true,"href":"https:\/\/kermos.com\/de\/wp-json\/wp\/v2\/media\/5568"}],"wp:attachment":[{"href":"https:\/\/kermos.com\/de\/wp-json\/wp\/v2\/media?parent=7474"}],"curies":[{"name":"wp","href":"https:\/\/api.w.org\/{rel}","templated":true}]}}