{"id":7959,"date":"2025-10-09T14:20:48","date_gmt":"2025-10-09T12:20:48","guid":{"rendered":"https:\/\/kermos.stark.aliaz.net\/?page_id=7959"},"modified":"2026-03-06T13:40:44","modified_gmt":"2026-03-06T12:40:44","slug":"akustikpaneele","status":"publish","type":"page","link":"https:\/\/kermos.com\/de\/produkte\/akustikpaneele\/","title":{"rendered":"Akustikpaneele"},"content":{"rendered":"\n<div style=\"height:100px\" aria-hidden=\"true\" class=\"wp-block-spacer is-style-tiny\"><\/div>\n\n\n\n<div class=\"wp-block-group is-style-width-50\"><div class=\"wp-block-group__inner-container is-layout-constrained wp-block-group-is-layout-constrained\">\n<h2 class=\"wp-block-heading\"><strong>Funktion trifft Design<\/strong><\/h2>\n\n\n\n<p>KERMOS Akustikpaneele setzen im Handumdrehen stilvolle Akzente in jedem Raum. Die modernen Elemente in Holzoptik verwandeln R\u00e4ume in gem\u00fctliche R\u00fcckzugsorte, trennen den Homeoffice-Platz optisch vom Wohnbereich oder werten den Eingangsbereich optisch auf.<\/p>\n\n\n\n<p>Dank ihrer raumhohen Ausf\u00fchrung lassen sich die Paneele ohne sichtbare St\u00f6\u00dfe montieren, was f\u00fcr ein nahtloses und elegantes Erscheinungsbild sorgt. Die Montage ist denkbar einfach: Verwenden Sie entweder schwarze Schrauben oder Montagekleber, um die Paneele sicher und stabil an der Wand zu befestigen. Die Paneele k\u00f6nnen sowohl horizontal als auch vertikal an der Wand montiert werden. <\/p>\n\n\n\n<p>Die MDF-Lamellen sind dreiseitig foliert, wodurch sie t\u00e4uschend echt wie Holz aussehen. Diese hochwertige Verarbeitung verleiht den Paneelen nicht nur eine ansprechende Optik, sondern auch eine langlebige und pflegeleichte Oberfl\u00e4che. Sie minimieren st\u00f6rende Schallreflexionen und verbessern somit die Ger\u00e4uschkulisse im Raum. Verwandeln Sie Ihre R\u00e4ume mit unseren Akustikpaneelen in stilvolle Wohlf\u00fchloasen.<\/p>\n<\/div><\/div>\n\n\n\n<div style=\"height:100px\" aria-hidden=\"true\" class=\"wp-block-spacer is-style-small\"><\/div>\n\n\n\n<div class=\"wp-block-group is-style-width-50\"><div class=\"wp-block-group__inner-container is-layout-constrained wp-block-group-is-layout-constrained\">\n<div class=\"wp-block-columns is-layout-flex wp-container-core-columns-is-layout-9d6595d7 wp-block-columns-is-layout-flex\">\n<div class=\"wp-block-column is-layout-flow wp-block-column-is-layout-flow\">\n<div class=\"wp-block-columns is-layout-flex wp-container-core-columns-is-layout-9d6595d7 wp-block-columns-is-layout-flex\">\n<div class=\"wp-block-column is-layout-flow wp-block-column-is-layout-flow\">\n<figure class=\"wp-block-image size-S_QUAD\"><img alt=\"\" loading=\"lazy\" decoding=\"async\" width=\"480\" height=\"480\" src=\"http:\/\/kermos.com\/wp-content\/uploads\/2026\/01\/KERMOS_acoustic-panels_product_rustic-oak-480x480.jpg\" alt=\"\" class=\"wp-image-7890\" srcset=\"https:\/\/kermos.com\/wp-content\/uploads\/2026\/01\/KERMOS_acoustic-panels_product_rustic-oak-480x480.jpg 480w, https:\/\/kermos.com\/wp-content\/uploads\/2026\/01\/KERMOS_acoustic-panels_product_rustic-oak-150x150.jpg 150w\" sizes=\"auto, (max-width: 480px) 100vw, 480px\" \/><figcaption class=\"wp-element-caption\">Rustic Oak<\/figcaption><\/figure>\n<\/div>\n\n\n\n<div class=\"wp-block-column is-layout-flow wp-block-column-is-layout-flow\">\n<figure class=\"wp-block-image size-S_QUAD\"><img alt=\"\" loading=\"lazy\" decoding=\"async\" width=\"480\" height=\"480\" src=\"http:\/\/kermos.com\/wp-content\/uploads\/2026\/01\/KERMOS_acoustic-panels_product_natural-oak-480x480.jpg\" alt=\"\" class=\"wp-image-7884\" srcset=\"https:\/\/kermos.com\/wp-content\/uploads\/2026\/01\/KERMOS_acoustic-panels_product_natural-oak-480x480.jpg 480w, https:\/\/kermos.com\/wp-content\/uploads\/2026\/01\/KERMOS_acoustic-panels_product_natural-oak-150x150.jpg 150w\" sizes=\"auto, (max-width: 480px) 100vw, 480px\" \/><figcaption class=\"wp-element-caption\">Natural Oak<\/figcaption><\/figure>\n<\/div>\n<\/div>\n<\/div>\n\n\n\n<div class=\"wp-block-column is-layout-flow wp-block-column-is-layout-flow\">\n<div class=\"wp-block-columns is-layout-flex wp-container-core-columns-is-layout-9d6595d7 wp-block-columns-is-layout-flex\">\n<div class=\"wp-block-column is-layout-flow wp-block-column-is-layout-flow\">\n<figure class=\"wp-block-image size-S_QUAD\"><img alt=\"\" loading=\"lazy\" decoding=\"async\" width=\"480\" height=\"480\" src=\"http:\/\/kermos.com\/wp-content\/uploads\/2026\/01\/KERMOS_acoustic-panels_product_bronce-oak-480x480.jpg\" alt=\"\" class=\"wp-image-7866\" srcset=\"https:\/\/kermos.com\/wp-content\/uploads\/2026\/01\/KERMOS_acoustic-panels_product_bronce-oak-480x480.jpg 480w, https:\/\/kermos.com\/wp-content\/uploads\/2026\/01\/KERMOS_acoustic-panels_product_bronce-oak-150x150.jpg 150w\" sizes=\"auto, (max-width: 480px) 100vw, 480px\" \/><figcaption class=\"wp-element-caption\">Bronze Oak<\/figcaption><\/figure>\n<\/div>\n\n\n\n<div class=\"wp-block-column is-layout-flow wp-block-column-is-layout-flow\">\n<figure class=\"wp-block-image size-S_QUAD\"><img alt=\"\" loading=\"lazy\" decoding=\"async\" width=\"480\" height=\"480\" src=\"http:\/\/kermos.com\/wp-content\/uploads\/2026\/01\/KERMOS_acoustic-panels_product_limed-oak-480x480.jpg\" alt=\"\" class=\"wp-image-7878\" srcset=\"https:\/\/kermos.com\/wp-content\/uploads\/2026\/01\/KERMOS_acoustic-panels_product_limed-oak-480x480.jpg 480w, https:\/\/kermos.com\/wp-content\/uploads\/2026\/01\/KERMOS_acoustic-panels_product_limed-oak-150x150.jpg 150w\" sizes=\"auto, (max-width: 480px) 100vw, 480px\" \/><figcaption class=\"wp-element-caption\">Limed Oak<\/figcaption><\/figure>\n<\/div>\n<\/div>\n<\/div>\n<\/div>\n<\/div><\/div>\n\n\n\n<div class=\"wp-block-group is-style-width-50\"><div class=\"wp-block-group__inner-container is-layout-constrained wp-block-group-is-layout-constrained\">\n<div class=\"wp-block-columns is-layout-flex wp-container-core-columns-is-layout-9d6595d7 wp-block-columns-is-layout-flex\">\n<div class=\"wp-block-column is-layout-flow wp-block-column-is-layout-flow\">\n<div class=\"wp-block-columns is-layout-flex wp-container-core-columns-is-layout-9d6595d7 wp-block-columns-is-layout-flex\">\n<div class=\"wp-block-column is-layout-flow wp-block-column-is-layout-flow\">\n<figure class=\"wp-block-image size-S_QUAD\"><img alt=\"\" loading=\"lazy\" decoding=\"async\" width=\"480\" height=\"480\" src=\"http:\/\/kermos.com\/wp-content\/uploads\/2026\/01\/KERMOS_acoustic-panels_product_lava-oak-480x480.jpg\" alt=\"\" class=\"wp-image-7872\" srcset=\"https:\/\/kermos.com\/wp-content\/uploads\/2026\/01\/KERMOS_acoustic-panels_product_lava-oak-480x480.jpg 480w, https:\/\/kermos.com\/wp-content\/uploads\/2026\/01\/KERMOS_acoustic-panels_product_lava-oak-150x150.jpg 150w\" sizes=\"auto, (max-width: 480px) 100vw, 480px\" \/><figcaption class=\"wp-element-caption\">Lava Oak<\/figcaption><\/figure>\n<\/div>\n\n\n\n<div class=\"wp-block-column is-layout-flow wp-block-column-is-layout-flow\">\n<figure class=\"wp-block-image size-S_QUAD\"><img alt=\"\" loading=\"lazy\" decoding=\"async\" width=\"480\" height=\"480\" src=\"http:\/\/kermos.com\/wp-content\/uploads\/2026\/01\/KERMOS_acoustic-panels_product_walnut-480x480.jpg\" alt=\"\" class=\"wp-image-7896\" srcset=\"https:\/\/kermos.com\/wp-content\/uploads\/2026\/01\/KERMOS_acoustic-panels_product_walnut-480x480.jpg 480w, https:\/\/kermos.com\/wp-content\/uploads\/2026\/01\/KERMOS_acoustic-panels_product_walnut-150x150.jpg 150w\" sizes=\"auto, (max-width: 480px) 100vw, 480px\" \/><figcaption class=\"wp-element-caption\">Walnut<\/figcaption><\/figure>\n<\/div>\n<\/div>\n<\/div>\n\n\n\n<div class=\"wp-block-column is-layout-flow wp-block-column-is-layout-flow\">\n<div class=\"wp-block-columns is-layout-flex wp-container-core-columns-is-layout-9d6595d7 wp-block-columns-is-layout-flex\">\n<div class=\"wp-block-column is-layout-flow wp-block-column-is-layout-flow\"><\/div>\n\n\n\n<div class=\"wp-block-column is-layout-flow wp-block-column-is-layout-flow\"><\/div>\n<\/div>\n<\/div>\n<\/div>\n<\/div><\/div>\n\n\n\n<div style=\"height:100px\" aria-hidden=\"true\" class=\"wp-block-spacer is-style-small\"><\/div>\n\n\n\n<div class=\"wp-block-group is-style-width-50\"><div class=\"wp-block-group__inner-container is-layout-constrained wp-block-group-is-layout-constrained\">\n<h2 class=\"wp-block-heading\"><strong><strong><strong>Abschlussleisten f\u00fcr Akustikpaneele<\/strong><\/strong><\/strong><\/h2>\n\n\n\n<p>Die Leisten lassen sich m\u00fchelos am Ende eines Akustikpaneels anbringen, wodurch Ihre neue Wand einen perfekten Abschluss erh\u00e4lt. Die Abschlussleisten verdecken die Vorderseite sowie die Seiten des Filzes vollst\u00e4ndig und sorgen somit f\u00fcr einen sauberen und ordentlichen Abschluss Ihrer Wandverkleidung.<\/p>\n<\/div><\/div>\n\n\n\n<div style=\"height:100px\" aria-hidden=\"true\" class=\"wp-block-spacer is-style-small\"><\/div>\n\n\n\n<div class=\"wp-block-group is-style-width-50\"><div class=\"wp-block-group__inner-container is-layout-constrained wp-block-group-is-layout-constrained\"><div class='custom-block-accordion' data-first-is-open='false' ><div class='accordion-title '><span class='label'>Vorteile<\/span><\/div><div class='accordion-content'><div class='text-wrap'><ul>\n<li>Optimierung der Raumakustik<\/li>\n<li>Schallabsorption und L\u00e4rmminderung<\/li>\n<li>Schnelle und einfache Montage<\/li>\n<\/ul>\n<\/div><\/div><div class='accordion-title  last-element'><span class='label'>Anwendungsbereiche<\/span><\/div><div class='accordion-content'><div class='text-wrap'><ul>\n<li>Wohnr\u00e4ume<\/li>\n<li>B\u00fcro- und Besprechungsr\u00e4ume<\/li>\n<li>Gastronomie &amp; Hotellerie<\/li>\n<li>Bildungseinrichtungen wie Klassenzimmer, H\u00f6rs\u00e4le oder Bibliotheken<\/li>\n<li>Krankenh\u00e4user und Arztpraxen<\/li>\n<\/ul>\n<\/div><\/div><\/div><\/div><\/div>\n\n\n\n<div style=\"height:15px\" aria-hidden=\"true\" class=\"wp-block-spacer is-style-tiny\"><\/div>\n\n\n\n<div class=\"wp-block-columns is-layout-flex wp-container-core-columns-is-layout-9d6595d7 wp-block-columns-is-layout-flex\">\n<div class=\"wp-block-column is-layout-flow wp-block-column-is-layout-flow\">\n<div class=\"wp-block-buttons is-content-justification-center is-layout-flex wp-container-core-buttons-is-layout-16018d1d wp-block-buttons-is-layout-flex\">\n<div class=\"wp-block-button\"><a class=\"wp-block-button__link wp-element-button\" href=\"https:\/\/downloads.kermos.de\/akustikpaneele\/\" target=\"_blank\" rel=\"noreferrer noopener\">Brosch\u00fcre herunterladen<\/a><\/div>\n<\/div>\n<\/div>\n<\/div>\n\n\n\n<div style=\"height:100px\" aria-hidden=\"true\" class=\"wp-block-spacer is-style-small\"><\/div>\n\n\n\n<div class=\"wp-block-group is-style-width-75\"><div class=\"wp-block-group__inner-container is-layout-constrained wp-block-group-is-layout-constrained\"><div class='custom-block-slider'><div class='custom-block-slider'>\r\n\t\t\t<div class=\"swiper-element\">\r\n\r\n\t\t\t\t\t\t\t\t\t<div class=\"slider-prev slider-button\" id=\"block_slider_69e0e501b511b-prev\">\r\n\t\t\t\t\t\t<span class=\"fal fa-angle-left\"><\/span>\r\n\t\t\t\t\t<\/div>\r\n\t\t\t\t\t<div class=\"slider-next slider-button\" id=\"block_slider_69e0e501b511b-next\">\r\n\t\t\t\t\t\t<span class=\"fal fa-angle-right\"><\/span>\r\n\t\t\t\t\t<\/div>\r\n\t\t\t\t\r\n\t\t\t\t<div class=\"swiper has-navigation\" id=\"block_slider_69e0e501b511b\">\r\n\t\t\t\t\t<div class=\"swiper-wrapper\">\r\n\t\t\t\t\t\t<div class=\"swiper-slide\"><a href='https:\/\/kermos.com\/wp-content\/uploads\/2026\/01\/KERMOS_acoustic-panels_ambient_walnut.jpg' data-fancybox='block_slider_69e0e501b511b' data-caption=''><img src='https:\/\/kermos.com\/wp-content\/uploads\/2026\/01\/KERMOS_acoustic-panels_ambient_walnut.jpg' alt='' class='default src-acf type-img size-default width-33 max-width' srcset='https:\/\/kermos.com\/wp-content\/uploads\/2026\/01\/KERMOS_acoustic-panels_ambient_walnut-480x360.jpg 480w,https:\/\/kermos.com\/wp-content\/uploads\/2026\/01\/KERMOS_acoustic-panels_ambient_walnut-720x540.jpg 720w,https:\/\/kermos.com\/wp-content\/uploads\/2026\/01\/KERMOS_acoustic-panels_ambient_walnut-1200x960.jpg 1280w,'  sizes='(max-width: 768px) 100vw, 33vw' \/><\/a><\/div><div class=\"swiper-slide\"><a href='https:\/\/kermos.com\/wp-content\/uploads\/2026\/01\/KERMOS_acoustic-panels_ambient_natural-oak.jpg' data-fancybox='block_slider_69e0e501b511b' data-caption=''><img src='https:\/\/kermos.com\/wp-content\/uploads\/2026\/01\/KERMOS_acoustic-panels_ambient_natural-oak.jpg' alt='' class='default src-acf type-img size-default width-33 max-width' srcset='https:\/\/kermos.com\/wp-content\/uploads\/2026\/01\/KERMOS_acoustic-panels_ambient_natural-oak-480x360.jpg 480w,https:\/\/kermos.com\/wp-content\/uploads\/2026\/01\/KERMOS_acoustic-panels_ambient_natural-oak-720x540.jpg 720w,https:\/\/kermos.com\/wp-content\/uploads\/2026\/01\/KERMOS_acoustic-panels_ambient_natural-oak-1200x960.jpg 1280w,'  sizes='(max-width: 768px) 100vw, 33vw' \/><\/a><\/div><div class=\"swiper-slide\"><a href='https:\/\/kermos.com\/wp-content\/uploads\/2026\/01\/KERMOS_acoustic-panels_ambient_bronze-oak_2.jpg' data-fancybox='block_slider_69e0e501b511b' data-caption=''><img src='https:\/\/kermos.com\/wp-content\/uploads\/2026\/01\/KERMOS_acoustic-panels_ambient_bronze-oak_2.jpg' alt='' class='default src-acf type-img size-default width-33 max-width' srcset='https:\/\/kermos.com\/wp-content\/uploads\/2026\/01\/KERMOS_acoustic-panels_ambient_bronze-oak_2-480x360.jpg 480w,https:\/\/kermos.com\/wp-content\/uploads\/2026\/01\/KERMOS_acoustic-panels_ambient_bronze-oak_2-720x540.jpg 720w,https:\/\/kermos.com\/wp-content\/uploads\/2026\/01\/KERMOS_acoustic-panels_ambient_bronze-oak_2-1200x960.jpg 1280w,'  sizes='(max-width: 768px) 100vw, 33vw' \/><\/a><\/div><div class=\"swiper-slide\"><a href='https:\/\/kermos.com\/wp-content\/uploads\/2026\/01\/KERMOS_acoustic-panels_ambient_rustic-oak.jpg' data-fancybox='block_slider_69e0e501b511b' data-caption=''><img src='https:\/\/kermos.com\/wp-content\/uploads\/2026\/01\/KERMOS_acoustic-panels_ambient_rustic-oak.jpg' alt='' class='default src-acf type-img size-default width-33 max-width' srcset='https:\/\/kermos.com\/wp-content\/uploads\/2026\/01\/KERMOS_acoustic-panels_ambient_rustic-oak-480x360.jpg 480w,https:\/\/kermos.com\/wp-content\/uploads\/2026\/01\/KERMOS_acoustic-panels_ambient_rustic-oak-720x540.jpg 720w,https:\/\/kermos.com\/wp-content\/uploads\/2026\/01\/KERMOS_acoustic-panels_ambient_rustic-oak-1200x960.jpg 1280w,'  sizes='(max-width: 768px) 100vw, 33vw' \/><\/a><\/div><div class=\"swiper-slide\"><a href='https:\/\/kermos.com\/wp-content\/uploads\/2026\/01\/KERMOS_acoustic-panels_ambient_limed-oak.jpg' data-fancybox='block_slider_69e0e501b511b' data-caption=''><img src='https:\/\/kermos.com\/wp-content\/uploads\/2026\/01\/KERMOS_acoustic-panels_ambient_limed-oak.jpg' alt='' class='default src-acf type-img size-default width-33 max-width' srcset='https:\/\/kermos.com\/wp-content\/uploads\/2026\/01\/KERMOS_acoustic-panels_ambient_limed-oak-480x360.jpg 480w,https:\/\/kermos.com\/wp-content\/uploads\/2026\/01\/KERMOS_acoustic-panels_ambient_limed-oak-720x540.jpg 720w,https:\/\/kermos.com\/wp-content\/uploads\/2026\/01\/KERMOS_acoustic-panels_ambient_limed-oak-1200x960.jpg 1280w,'  sizes='(max-width: 768px) 100vw, 33vw' \/><\/a><\/div><div class=\"swiper-slide\"><a href='https:\/\/kermos.com\/wp-content\/uploads\/2026\/01\/KERMOS_acoustic-panels_ambient_lava-oak.jpg' data-fancybox='block_slider_69e0e501b511b' data-caption=''><img src='https:\/\/kermos.com\/wp-content\/uploads\/2026\/01\/KERMOS_acoustic-panels_ambient_lava-oak.jpg' alt='' class='default src-acf type-img size-default width-33 max-width' srcset='https:\/\/kermos.com\/wp-content\/uploads\/2026\/01\/KERMOS_acoustic-panels_ambient_lava-oak-480x360.jpg 480w,https:\/\/kermos.com\/wp-content\/uploads\/2026\/01\/KERMOS_acoustic-panels_ambient_lava-oak-720x540.jpg 720w,https:\/\/kermos.com\/wp-content\/uploads\/2026\/01\/KERMOS_acoustic-panels_ambient_lava-oak-1200x960.jpg 1280w,'  sizes='(max-width: 768px) 100vw, 33vw' \/><\/a><\/div><div class=\"swiper-slide\"><a href='https:\/\/kermos.com\/wp-content\/uploads\/2026\/01\/KERMOS_acoustic-panels_ambient_rustic-oak_2.jpg' data-fancybox='block_slider_69e0e501b511b' data-caption=''><img src='https:\/\/kermos.com\/wp-content\/uploads\/2026\/01\/KERMOS_acoustic-panels_ambient_rustic-oak_2.jpg' alt='' class='default src-acf type-img size-default width-33 max-width' srcset='https:\/\/kermos.com\/wp-content\/uploads\/2026\/01\/KERMOS_acoustic-panels_ambient_rustic-oak_2-480x360.jpg 480w,https:\/\/kermos.com\/wp-content\/uploads\/2026\/01\/KERMOS_acoustic-panels_ambient_rustic-oak_2-720x540.jpg 720w,https:\/\/kermos.com\/wp-content\/uploads\/2026\/01\/KERMOS_acoustic-panels_ambient_rustic-oak_2-1200x960.jpg 1280w,'  sizes='(max-width: 768px) 100vw, 33vw' \/><\/a><\/div><div class=\"swiper-slide\"><a href='https:\/\/kermos.com\/wp-content\/uploads\/2026\/01\/KERMOS_acoustic-panels_ambient_bronze-oak.jpg' data-fancybox='block_slider_69e0e501b511b' data-caption=''><img src='https:\/\/kermos.com\/wp-content\/uploads\/2026\/01\/KERMOS_acoustic-panels_ambient_bronze-oak.jpg' alt='' class='default src-acf type-img size-default width-33 max-width' srcset='https:\/\/kermos.com\/wp-content\/uploads\/2026\/01\/KERMOS_acoustic-panels_ambient_bronze-oak-480x360.jpg 480w,https:\/\/kermos.com\/wp-content\/uploads\/2026\/01\/KERMOS_acoustic-panels_ambient_bronze-oak-720x540.jpg 720w,https:\/\/kermos.com\/wp-content\/uploads\/2026\/01\/KERMOS_acoustic-panels_ambient_bronze-oak-1200x960.jpg 1280w,'  sizes='(max-width: 768px) 100vw, 33vw' \/><\/a><\/div><div class=\"swiper-slide\"><a href='https:\/\/kermos.com\/wp-content\/uploads\/2026\/01\/KERMOS_acoustic-panels_ambient_natural-oak_2.jpg' data-fancybox='block_slider_69e0e501b511b' data-caption=''><img src='https:\/\/kermos.com\/wp-content\/uploads\/2026\/01\/KERMOS_acoustic-panels_ambient_natural-oak_2.jpg' alt='' class='default src-acf type-img size-default width-33 max-width' srcset='https:\/\/kermos.com\/wp-content\/uploads\/2026\/01\/KERMOS_acoustic-panels_ambient_natural-oak_2-480x360.jpg 480w,https:\/\/kermos.com\/wp-content\/uploads\/2026\/01\/KERMOS_acoustic-panels_ambient_natural-oak_2-720x540.jpg 720w,https:\/\/kermos.com\/wp-content\/uploads\/2026\/01\/KERMOS_acoustic-panels_ambient_natural-oak_2-1200x960.jpg 1280w,'  sizes='(max-width: 768px) 100vw, 33vw' \/><\/a><\/div>\t\t\t\t\t<\/div>\r\n\t\t\t\t<\/div>\r\n\r\n\t\t\t\t\r\n\t\t\t\t\r\n\t\t\t\t<script type=\"text\/javascript\" async defer>\r\n                  \/* <![CDATA[ *\/\r\n\r\n\t\t\t\t  \r\n                  let block_slider_69e0e501b511b = {\"id\":\"block_slider_69e0e501b511b\",\"type\":\"slider\",\"name\":\"slider_block_slider_69e0e501b511b\",\"options\":{\"speed\":400,\"effect\":\"slide\",\"slidesPerView\":3,\"spaceBetween\":30,\"autoHeight\":false,\"loop\":false,\"grabCursor\":true,\"navigation\":{\"nextEl\":\"#block_slider_69e0e501b511b-next\",\"prevEl\":\"#block_slider_69e0e501b511b-prev\"}}};\r\n\r\n                  window.addEventListener('DOMContentLoaded', (event) => {\r\n                    createNewSlider(block_slider_69e0e501b511b.id, block_slider_69e0e501b511b.type, block_slider_69e0e501b511b.name, block_slider_69e0e501b511b.options);\r\n                  });\r\n\r\n\t\t\t\t  \r\n                  \/* ]]> *\/\r\n\t\t\t\t<\/script>\r\n\r\n\t\t\t<\/div>\r\n\r\n\t\t<\/div><\/div><\/div><\/div>\n\n\n\n<div style=\"height:100px\" aria-hidden=\"true\" class=\"wp-block-spacer is-style-tiny\"><\/div>\n\n\n\n<div class=\"wp-block-group is-style-width-70\"><div class=\"wp-block-group__inner-container is-layout-constrained wp-block-group-is-layout-constrained\">\r\n<div class=\"custom-block-callout co-callout image-pos--right\" id=\"callout-block_538ba9c2d25480b5e3148aa91e25f637\">\r\n  <div class=\"co-callout__inner\">\r\n    <div class=\"co-callout__content\">\r\n              <div class=\"co-callout__text\">\r\n          Sie m\u00f6chten wissen, wie die KERMOS Akustikpaneele in Ihrem Raum wirken?        <\/div>\r\n            <a href='https:\/\/www.raabkarcher.de\/a\/virtueller-raumplaner' target='_blank' class='co-callout__button'>Dann testen Sie jetzt den virtuellen Raumplaner<\/a>    <\/div>\r\n          <div class=\"co-callout__image-wrapper\">\r\n        <div class=\"co-callout__image\">\r\n          <img decoding=\"async\" src=\"https:\/\/kermos.com\/wp-content\/uploads\/2025\/11\/Laptop_Raumplaner-small2.png\" alt=\"\" loading=\"lazy\" \/>\r\n        <\/div>\r\n      <\/div>\r\n      <\/div>\r\n<\/div>\r\n<\/div><\/div>\n\n\n\n<div class=\"wp-block-group is-style-width-60\"><div class=\"wp-block-group__inner-container is-layout-constrained wp-block-group-is-layout-constrained\">\n<p>Das komplette Sortiment sowie ausgew\u00e4hltes Zubeh\u00f6r finden Sie in unserem Onlineshop:<\/p>\n\n\n\n<div class=\"wp-block-columns is-layout-flex wp-container-core-columns-is-layout-9d6595d7 wp-block-columns-is-layout-flex\">\n<div class=\"wp-block-column is-layout-flow wp-block-column-is-layout-flow\">\r\n<div class=\"custom-block-image-card-link\" id=\"image-card-link-block_1516ba95a7750bbe96deb61bac1c63c7\">\r\n\t<a href=\"https:\/\/www.raabkarcher.de\/produkte\/akustikpaneele-zubehoer\/c\/rk3_3577504\"\r\n\t   class=\"image-card-link__link css-hover\"\r\n\t   target=\"_blank\"\r\n\t   title=\"Raab Karcher\">\r\n\r\n\t\t\t\t\t<img decoding=\"async\" src=\"https:\/\/kermos.com\/wp-content\/uploads\/2025\/12\/1200x400px-DE-Raab-Karcher.png\" alt=\"\" class=\"image-card-link__image\" \/>\r\n\t\t\r\n\t\t\r\n\t<\/a>\r\n<\/div>\r\n<\/div>\n\n\n\n<div class=\"wp-block-column is-layout-flow wp-block-column-is-layout-flow\">\r\n<div class=\"custom-block-image-card-link\" id=\"image-card-link-block_dd97e1250d2241908c7d7bb0eeb538ca\">\r\n\t<a href=\"https:\/\/shop.keramundo.de\/produkte\/akustikpaneele-zubehoer\/c\/km3_3577504\"\r\n\t   class=\"image-card-link__link css-hover\"\r\n\t   target=\"_blank\"\r\n\t   title=\"Keramundo\">\r\n\r\n\t\t\t\t\t<img decoding=\"async\" src=\"https:\/\/kermos.com\/wp-content\/uploads\/2025\/12\/1200x400px-DE-Keramundo.png\" alt=\"\" class=\"image-card-link__image\" \/>\r\n\t\t\r\n\t\t\r\n\t<\/a>\r\n<\/div>\r\n<\/div>\n<\/div>\n<\/div><\/div>\n\n\n\n<div style=\"height:100px\" aria-hidden=\"true\" class=\"wp-block-spacer is-style-small\"><\/div>\n\n\n\n<p><\/p>\n","protected":false},"excerpt":{"rendered":"<p>KERMOS Akustikpaneele bieten eine stilvolle und effektive L\u00f6sung zur Verbesserung der Raumakustik.<\/p>\n","protected":false},"author":2,"featured_media":7935,"parent":6579,"menu_order":212,"comment_status":"closed","ping_status":"closed","template":"","meta":{"_acf_changed":false,"_seopress_robots_primary_cat":"","_seopress_titles_title":"","_seopress_titles_desc":"","_seopress_robots_index":"","footnotes":""},"class_list":["post-7959","page","type-page","status-publish","has-post-thumbnail","hentry"],"acf":[],"_links":{"self":[{"href":"https:\/\/kermos.com\/de\/wp-json\/wp\/v2\/pages\/7959","targetHints":{"allow":["GET"]}}],"collection":[{"href":"https:\/\/kermos.com\/de\/wp-json\/wp\/v2\/pages"}],"about":[{"href":"https:\/\/kermos.com\/de\/wp-json\/wp\/v2\/types\/page"}],"author":[{"embeddable":true,"href":"https:\/\/kermos.com\/de\/wp-json\/wp\/v2\/users\/2"}],"replies":[{"embeddable":true,"href":"https:\/\/kermos.com\/de\/wp-json\/wp\/v2\/comments?post=7959"}],"version-history":[{"count":5,"href":"https:\/\/kermos.com\/de\/wp-json\/wp\/v2\/pages\/7959\/revisions"}],"predecessor-version":[{"id":10102,"href":"https:\/\/kermos.com\/de\/wp-json\/wp\/v2\/pages\/7959\/revisions\/10102"}],"up":[{"embeddable":true,"href":"https:\/\/kermos.com\/de\/wp-json\/wp\/v2\/pages\/6579"}],"wp:featuredmedia":[{"embeddable":true,"href":"https:\/\/kermos.com\/de\/wp-json\/wp\/v2\/media\/7935"}],"wp:attachment":[{"href":"https:\/\/kermos.com\/de\/wp-json\/wp\/v2\/media?parent=7959"}],"curies":[{"name":"wp","href":"https:\/\/api.w.org\/{rel}","templated":true}]}}