{"id":8299,"date":"2025-08-07T12:43:34","date_gmt":"2025-08-07T10:43:34","guid":{"rendered":"https:\/\/kermos.stark.aliaz.net\/?page_id=8299"},"modified":"2026-02-13T09:14:30","modified_gmt":"2026-02-13T08:14:30","slug":"ueber-kermos","status":"publish","type":"page","link":"https:\/\/kermos.com\/de\/ueber-kermos\/","title":{"rendered":"\u00dcber KERMOS"},"content":{"rendered":"\n<div style=\"height:100px\" aria-hidden=\"true\" class=\"wp-block-spacer is-style-tiny\"><\/div>\n\n\n\n<div class=\"wp-block-group is-style-width-50\"><div class=\"wp-block-group__inner-container is-layout-constrained wp-block-group-is-layout-constrained\">\n<h2 class=\"wp-block-heading\"><strong>Zuverl\u00e4ssige L\u00f6sungen f\u00fcr jeden Raum<\/strong><\/h2>\n\n\n\n<p>Wer bei Bauvorhaben das Beste anstrebt, ist bei KERMOS an der richtigen Adresse und trifft immer eine kluge Wahl.<\/p>\n\n\n\n<p>Denn wenn Trends sich weiterentwickeln, sind wir am Puls der Zeit.<\/p>\n\n\n\n<p>Unsere inspirierenden und vielf\u00e4ltigen Designs, L\u00f6sungen und Produkte machen es Entscheidungstr\u00e4gern leichter, eine sichere Wahl zu treffen. Das umfangreiche Sortiment an hochwertigen Wand- und Bodenbel\u00e4gen, T\u00fcren, K\u00fcchen und B\u00e4dern erleichtert die Entscheidungsfindung und erm\u00f6glicht eine schnellere Umsetzung Ihres Projekts.<\/p>\n\n\n\n<p>Unsere Produkte liegen uns ebenso sehr am Herzen wie die Menschen, die sie nutzen. Aus diesem Grund erneuern, optimieren und verbessern wir stetig unser Angebot, um den individuellen Bed\u00fcrfnissen, Denkweisen und Geschm\u00e4ckern gerecht zu werden.<\/p>\n\n\n\n<p>KERMOS ist der Katalysator, der Handwerker und Entscheider miteinander verbindet und schlankere Prozesse anst\u00f6\u00dft, durch die es f\u00fcr alle einfacher wird, R\u00e4ume zu gestalten.<\/p>\n<\/div><\/div>\n\n\n\n<div style=\"height:100px\" aria-hidden=\"true\" class=\"wp-block-spacer is-style-small\"><\/div>\n\n\n\n<div class=\"wp-block-group is-style-width-70\"><div class=\"wp-block-group__inner-container is-layout-constrained wp-block-group-is-layout-constrained\">\r\n\r\n<div id=\"content-flip-block_a800d277d936a49c7cd264aad0d7b4ab\" class=\"custom-block-content-flip\">\r\n\t<div class=\"content-flip__inner\">\r\n\t\t<div class=\"content-wrapper taupe flip__front\"><div class=\"content front-content\"><p>KERMOS wurde 1993 gegr\u00fcndet und ist mit einer gest\u00fctzten Bekanntheit von 85 % zum Synonym f\u00fcr hochwertige Fliesen in Deutschland geworden. Seitdem hat KERMOS das Produktportfolio stetig erweitert und ist in weitere M\u00e4rkte vorgedrungen, in denen die STARK Group t\u00e4tig ist.<\/p>\n<\/div><div class=\"flip-indicator\"><span class=\"fa-sharp fa-thin fa-plus\"><\/span><\/div><\/div><div class=\"content-wrapper dark flip__back\"><div class=\"content back-content\"><p>Heute ist KERMOS ein bew\u00e4hrter Partner f\u00fcr Handwerker und Entscheidungstr\u00e4ger und bietet zuverl\u00e4ssige L\u00f6sungen f\u00fcr die Fertigstellung von Bauprojekten. KERMOS konzentriert sich insbesondere auf ganzheitliche Einrichtungskonzepte innerhalb von Geb\u00e4uden und bietet seinen Kunden ein umfassendes Sortiment an hochwertigen Produkten.<\/p>\n<\/div><div class=\"flip-indicator\"><span class=\"fa-sharp fa-thin fa-plus\"><\/span><\/div><\/div>\t<\/div>\r\n<\/div>\r\n\r\n\r\n\t<script>\r\n\tjQuery(function($) {\r\n\t\tfunction setContentFlipEqualHeight() {\r\n\t\t\t$('.content-flip__inner').each(function() {\r\n\t\t\t\tlet $wrappers = $(this).find('.content-wrapper');\r\n\t\t\t\t$wrappers.css('height', ''); \/\/ Reset H\u00f6he\r\n\t\t\t\tlet maxHeight = 0;\r\n\r\n\t\t\t\t$wrappers.each(function() {\r\n\t\t\t\t\tlet h = $(this).outerHeight();\r\n\t\t\t\t\tif (h > maxHeight) maxHeight = h;\r\n\t\t\t\t});\r\n\t\t\t\t$wrappers.css('height', maxHeight + 'px');\r\n\t\t\t});\r\n\t\t}\r\n\t\tsetContentFlipEqualHeight();\r\n\t\t$(window).on('resize', setContentFlipEqualHeight);\r\n\t});\r\n\t<\/script>\r\n\r\n\n\n\n<div style=\"height:30px\" aria-hidden=\"true\" class=\"wp-block-spacer is-style-small\"><\/div>\n<\/div><\/div>\n\n\n\n<div class=\"wp-block-group is-style-width-50\"><div class=\"wp-block-group__inner-container is-layout-constrained wp-block-group-is-layout-constrained\">\n<h2 class=\"wp-block-heading has-text-align-center\"><strong><strong><strong>Die Geschichte unseres Wachstums<\/strong><\/strong><\/strong><\/h2>\n\n\n\r\n\r\n\r\n\r\n<div id=\"timeline-block_98e8bb4c4332ac27684dca7f62d0a2a0\" class=\"custom-timeline style-two\">\r\n\t<div class=\"timeline__inner\">\r\n\t\t<div class=\"timeline__line\"><\/div>\r\n\t\t\t\t\t\t<div class=\"timeline__item timeline__item--right\">\r\n\t\t\t\t\t<div class=\"timeline__marker timeline__marker--right\">\r\n\t\t\t\t\t\t\t\t\t\t\t<span class=\"timeline__marker-inner\"><\/span>\r\n\t\t\t\t\t\t\t\t\t\t<\/div>\r\n\t\t\t\t\t<div class=\"timeline__content\">\r\n\t\t\t\t\t\t<div class=\"timeline__title has-large-font-size\">2025<\/div>\r\n\t\t\t\t\t\t<div class=\"timeline__text\">Rebranding: Positionierung als Anbieter f\u00fcr komplette Raumkonzepte. Ein frisches, neues Logo erg\u00e4nzt die neue Markenidentit\u00e4t von KERMOS und unterstreicht dessen moderne Ausrichtung.<\/div>\r\n\t\t\t\t\t<\/div>\r\n\t\t\t\t<\/div>\r\n\t\t\t\t\t\t\t<div class=\"timeline__item timeline__item--left\">\r\n\t\t\t\t\t<div class=\"timeline__marker timeline__marker--left\">\r\n\t\t\t\t\t\t\t\t\t\t\t<span class=\"timeline__marker-inner\"><\/span>\r\n\t\t\t\t\t\t\t\t\t\t<\/div>\r\n\t\t\t\t\t<div class=\"timeline__content\">\r\n\t\t\t\t\t\t<div class=\"timeline__title has-large-font-size\">2025<\/div>\r\n\t\t\t\t\t\t<div class=\"timeline__text\">Erweiterung des Produktportfolios um Vinyl, Laminat, Aluverbundplatten, Akustikpaneele und Sockelleisten in Deutschland<\/div>\r\n\t\t\t\t\t<\/div>\r\n\t\t\t\t<\/div>\r\n\t\t\t\t\t\t\t<div class=\"timeline__item timeline__item--right\">\r\n\t\t\t\t\t<div class=\"timeline__marker timeline__marker--right\">\r\n\t\t\t\t\t\t\t\t\t\t\t<span class=\"timeline__marker-inner\"><\/span>\r\n\t\t\t\t\t\t\t\t\t\t<\/div>\r\n\t\t\t\t\t<div class=\"timeline__content\">\r\n\t\t\t\t\t\t<div class=\"timeline__title has-large-font-size\">2024<\/div>\r\n\t\t\t\t\t\t<div class=\"timeline__text\">Markteinf\u00fchrung von T\u00fcren in Gro\u00dfbritannien<\/div>\r\n\t\t\t\t\t<\/div>\r\n\t\t\t\t<\/div>\r\n\t\t\t\t\t\t\t<div class=\"timeline__item timeline__item--left\">\r\n\t\t\t\t\t<div class=\"timeline__marker timeline__marker--left\">\r\n\t\t\t\t\t\t\t\t\t\t\t<span class=\"timeline__marker-inner\"><\/span>\r\n\t\t\t\t\t\t\t\t\t\t<\/div>\r\n\t\t\t\t\t<div class=\"timeline__content\">\r\n\t\t\t\t\t\t<div class=\"timeline__title has-large-font-size\">2023<\/div>\r\n\t\t\t\t\t\t<div class=\"timeline__text\">Einf\u00fchrung von Fliesen und Bodenbel\u00e4gen in den skandinavischen L\u00e4ndern<\/div>\r\n\t\t\t\t\t<\/div>\r\n\t\t\t\t<\/div>\r\n\t\t\t\t\t\t\t<div class=\"timeline__item timeline__item--right\">\r\n\t\t\t\t\t<div class=\"timeline__marker timeline__marker--right\">\r\n\t\t\t\t\t\t\t\t\t\t\t<span class=\"timeline__marker-inner\"><\/span>\r\n\t\t\t\t\t\t\t\t\t\t<\/div>\r\n\t\t\t\t\t<div class=\"timeline__content\">\r\n\t\t\t\t\t\t<div class=\"timeline__title has-large-font-size\">2021<\/div>\r\n\t\t\t\t\t\t<div class=\"timeline__text\">Modernisierung des Sortiments durch Einf\u00fchrung gro\u00dfformatiger, d\u00fcnner Fliesen<\/div>\r\n\t\t\t\t\t<\/div>\r\n\t\t\t\t<\/div>\r\n\t\t\t\t\t\t\t<div class=\"timeline__item timeline__item--left\">\r\n\t\t\t\t\t<div class=\"timeline__marker timeline__marker--left\">\r\n\t\t\t\t\t\t\t\t\t\t\t<span class=\"timeline__marker-inner\"><\/span>\r\n\t\t\t\t\t\t\t\t\t\t<\/div>\r\n\t\t\t\t\t<div class=\"timeline__content\">\r\n\t\t\t\t\t\t<div class=\"timeline__title has-large-font-size\">1999<\/div>\r\n\t\t\t\t\t\t<div class=\"timeline__text\">Gipfeltreffen in Garmisch-Partenkirchen auf der Zugspitze: Hier wurde unseren Kunden zum ersten Mal das gesamte Sortiment vorgestellt<\/div>\r\n\t\t\t\t\t<\/div>\r\n\t\t\t\t<\/div>\r\n\t\t\t\t\t\t\t<div class=\"timeline__item timeline__item--right\">\r\n\t\t\t\t\t<div class=\"timeline__marker timeline__marker--right\">\r\n\t\t\t\t\t\t\t\t\t\t\t<span class=\"timeline__marker-inner\"><\/span>\r\n\t\t\t\t\t\t\t\t\t\t<\/div>\r\n\t\t\t\t\t<div class=\"timeline__content\">\r\n\t\t\t\t\t\t<div class=\"timeline__title has-large-font-size\">1993<\/div>\r\n\t\t\t\t\t\t<div class=\"timeline__text\">Gr\u00fcndung der Marke in Deutschland<\/div>\r\n\t\t\t\t\t<\/div>\r\n\t\t\t\t<\/div>\r\n\t\t\t\t<\/div>\r\n<\/div><\/div><\/div>\n\n\n\n<div style=\"height:100px\" aria-hidden=\"true\" class=\"wp-block-spacer is-style-small\"><\/div>\n\n\n\n<p><\/p>\n","protected":false},"excerpt":{"rendered":"<p>KERMOS ist eine moderne Marke mit einer breiten Palette an qualitativ hochwertigen Produkten, die den individuellen Bed\u00fcrfnissen der Entscheidungstr\u00e4ger entsprechen. Mit KERMOS wird jedes Projekt ein Erfolg.<\/p>\n","protected":false},"author":2,"featured_media":0,"parent":0,"menu_order":1,"comment_status":"closed","ping_status":"closed","template":"","meta":{"_acf_changed":false,"_seopress_robots_primary_cat":"","_seopress_titles_title":"","_seopress_titles_desc":"","_seopress_robots_index":"","footnotes":""},"class_list":["post-8299","page","type-page","status-publish","hentry"],"acf":[],"_links":{"self":[{"href":"https:\/\/kermos.com\/de\/wp-json\/wp\/v2\/pages\/8299","targetHints":{"allow":["GET"]}}],"collection":[{"href":"https:\/\/kermos.com\/de\/wp-json\/wp\/v2\/pages"}],"about":[{"href":"https:\/\/kermos.com\/de\/wp-json\/wp\/v2\/types\/page"}],"author":[{"embeddable":true,"href":"https:\/\/kermos.com\/de\/wp-json\/wp\/v2\/users\/2"}],"replies":[{"embeddable":true,"href":"https:\/\/kermos.com\/de\/wp-json\/wp\/v2\/comments?post=8299"}],"version-history":[{"count":9,"href":"https:\/\/kermos.com\/de\/wp-json\/wp\/v2\/pages\/8299\/revisions"}],"predecessor-version":[{"id":9882,"href":"https:\/\/kermos.com\/de\/wp-json\/wp\/v2\/pages\/8299\/revisions\/9882"}],"wp:attachment":[{"href":"https:\/\/kermos.com\/de\/wp-json\/wp\/v2\/media?parent=8299"}],"curies":[{"name":"wp","href":"https:\/\/api.w.org\/{rel}","templated":true}]}}