{"id":8999,"date":"2025-08-07T12:43:34","date_gmt":"2025-08-07T10:43:34","guid":{"rendered":"https:\/\/kermos.stark.aliaz.net\/?page_id=8999"},"modified":"2026-03-04T14:41:42","modified_gmt":"2026-03-04T13:41:42","slug":"dokumentation","status":"publish","type":"page","link":"https:\/\/kermos.com\/de\/dokumentation\/","title":{"rendered":"Dokumentation"},"content":{"rendered":"\n<div style=\"height:100px\" aria-hidden=\"true\" class=\"wp-block-spacer is-style-tiny\"><\/div>\n\n\n\n<div class=\"wp-block-group is-style-width-60\"><div class=\"wp-block-group__inner-container is-layout-constrained wp-block-group-is-layout-constrained\">\n<h2 class=\"wp-block-heading\"><strong><strong><strong>CE-gekennzeichnete Produkte, die in der EU und Nordirland verkauft werden<\/strong>&nbsp;<\/strong><\/strong><\/h2>\n\n\n\n<p>Die CE-Kennzeichnung, die Sie auf vielen in der Europ\u00e4ischen Union (EU) verkauften Produkten sehen, zeigt an, dass diese Produkte den Sicherheits-, Gesundheits- und Umweltstandards entsprechen. Wenn ein Produkt CE-gekennzeichnet ist, gibt es eine Leistungserkl\u00e4rung (Bauprodukte) oder eine Konformit\u00e4tserkl\u00e4rung f\u00fcr das Produkt.&nbsp;<\/p>\n\n\n\n<p>Diese Dokumente finden Sie, indem Sie auf der Website Ihres lokalen H\u00e4ndlers nach der Produktnummer oder dem Produktnamen suchen oder sich direkt an diesen wenden.&nbsp;<\/p>\n\n\n\n<div class=\"wp-block-group hide-on-desktop hide-on-tablet\"><div class=\"wp-block-group__inner-container is-layout-constrained wp-block-group-is-layout-constrained\">\n<p><strong>Austria<\/strong>: <a href=\"https:\/\/www.schilowsky.at\" target=\"_blank\" rel=\"noreferrer noopener\">https:\/\/www.schilowsky.at<\/a><\/p>\n\n\n\n<p><strong>Denmark<\/strong>: <a href=\"https:\/\/www.stark.dk\" target=\"_blank\" rel=\"noreferrer noopener\">https:\/\/www.stark.dk<\/a><\/p>\n\n\n\n<p><strong>Finland<\/strong>: <a href=\"https:\/\/www.stark-suomi.fi\" target=\"_blank\" rel=\"noreferrer noopener\">https:\/\/www.stark-suomi.fi<\/a><\/p>\n\n\n\n<p><strong>Germany<\/strong>: <a href=\"https:\/\/shop.keramundo.de\/leistungserklaerungen\/a\/leistungserklaerungen\" target=\"_blank\" rel=\"noreferrer noopener\">https:\/\/shop.keramundo.de\/leistungserklaerungen<\/a><\/p>\n\n\n\n<p><strong>Greenland<\/strong>: <a href=\"https:\/\/www.stark.gl\" target=\"_blank\" rel=\"noreferrer noopener\">https:\/\/www.stark.gl<\/a><\/p>\n\n\n\n<p><strong>Norway<\/strong>: <a href=\"https:\/\/www.neumann.no\" target=\"_blank\" rel=\"noreferrer noopener\">https:\/\/www.neumann.no<\/a><\/p>\n\n\n\n<p><strong>Northern Ireland<\/strong>: <a href=\"https:\/\/www.jewson.co.uk\" target=\"_blank\" rel=\"noreferrer noopener\">https:\/\/www.jewson.co.uk<\/a><\/p>\n\n\n\n<p><strong>Sweden<\/strong>: <a href=\"https:\/\/www.beijerbygg.se\/priva\" target=\"_blank\" rel=\"noreferrer noopener\">https:\/\/www.beijerbygg.se\/priva<\/a><\/p>\n<\/div><\/div>\n\n\n\n<div class=\"wp-block-columns hide-on-phone is-layout-flex wp-container-core-columns-is-layout-9d6595d7 wp-block-columns-is-layout-flex\">\n<div class=\"wp-block-column is-layout-flow wp-block-column-is-layout-flow\" style=\"flex-basis:20%\">\n<p><strong>Austria<\/strong><\/p>\n\n\n\n<p><strong>Denmark<\/strong><\/p>\n\n\n\n<p><strong>Finland<\/strong><\/p>\n\n\n\n<p><strong>Germany<\/strong><\/p>\n\n\n\n<p><strong>Greenland<\/strong><\/p>\n\n\n\n<p><strong>Norway<\/strong><\/p>\n\n\n\n<p><strong>Northern Ireland<\/strong><\/p>\n\n\n\n<p><strong>Sweden<\/strong><\/p>\n<\/div>\n\n\n\n<div class=\"wp-block-column is-layout-flow wp-block-column-is-layout-flow\">\n<p><a href=\"https:\/\/www.schilowsky.at\/\" target=\"_blank\" rel=\"noreferrer noopener\">https:\/\/www.schilowsky.at<\/a><\/p>\n\n\n\n<p><a href=\"https:\/\/www.stark.dk\/\" target=\"_blank\" rel=\"noreferrer noopener\">https:\/\/www.stark.dk<\/a><\/p>\n\n\n\n<p><a href=\"https:\/\/www.stark-suomi.fi\/\" target=\"_blank\" rel=\"noreferrer noopener\">https:\/\/www.stark-suomi.fi<\/a><\/p>\n\n\n\n<p><a href=\"https:\/\/shop.keramundo.de\/leistungserklaerungen\/a\/leistungserklaerungen\" target=\"_blank\" rel=\"noreferrer noopener\">https:\/\/shop.keramundo.de\/leistungserklaerungen<\/a><\/p>\n\n\n\n<p><a href=\"https:\/\/www.stark.gl\/\" target=\"_blank\" rel=\"noreferrer noopener\">https:\/\/www.stark.gl<\/a><\/p>\n\n\n\n<p><a href=\"https:\/\/www.neumann.no\/\" target=\"_blank\" rel=\"noreferrer noopener\">https:\/\/www.neumann.no<\/a><\/p>\n\n\n\n<p><a href=\"https:\/\/www.jewson.co.uk\/\" target=\"_blank\" rel=\"noreferrer noopener\">https:\/\/www.jewson.co.uk<\/a><\/p>\n\n\n\n<p><a href=\"https:\/\/www.beijerbygg.se\/privat\" target=\"_blank\" rel=\"noreferrer noopener\">https:\/\/www.beijerbygg.se\/priva<\/a><\/p>\n<\/div>\n<\/div>\n\n\n\n<div style=\"height:100px\" aria-hidden=\"true\" class=\"wp-block-spacer is-style-tiny\"><\/div>\n\n\n\n<h2 class=\"wp-block-heading\"><strong>Mit UKCA gekennzeichnete Produkte, die in Gro\u00dfbritannien (England, Schottland und Wales) verkauft werden&nbsp;<\/strong><\/h2>\n\n\n\n<p>Die UKCA-Kennzeichnung steht f\u00fcr \u201eUnited Kingdom&nbsp;Conformity&nbsp;Assessed\u201c (Konformit\u00e4tsbewertung im Vereinigten K\u00f6nigreich) und ist die erforderliche Kennzeichnung f\u00fcr bestimmte Waren, die in Gro\u00dfbritannien (England, Schottland und Wales) verkauft werden. Sie bedeutet, dass das Produkt den britischen Sicherheits-, Gesundheits- und Umweltstandards entspricht.&nbsp;<\/p>\n\n\n\n<div style=\"height:100px\" aria-hidden=\"true\" class=\"wp-block-spacer is-style-tiny\"><\/div>\n\n\n\n<h2 class=\"wp-block-heading\"><strong>CE-gekennzeichnete Produkte, die in Gro\u00dfbritannien (England, Schottland und Wales) verkauft werden<\/strong>&nbsp;<\/h2>\n\n\n\n<p>Das Vereinigte K\u00f6nigreich akzeptiert die CE-Kennzeichnung bestimmter Produkte, daher d\u00fcrfen diese nicht mit UKCA, sondern nur mit CE gekennzeichnet sein.&nbsp;<\/p>\n\n\n\n<p>Um das Produkt und die zugeh\u00f6rigen Dokumente zu finden, besuchen Sie bitte jewson.co.uk und suchen Sie nach der Produktnummer oder dem Produktnamen.&nbsp;<\/p>\n\n\n\n<div class=\"wp-block-group hide-on-desktop hide-on-tablet\"><div class=\"wp-block-group__inner-container is-layout-constrained wp-block-group-is-layout-constrained\">\n<p><strong><strong>England<\/strong><\/strong>: <a href=\"https:\/\/www.jewson.co.uk\" target=\"_blank\" rel=\"noreferrer noopener\">https:\/\/www.jewson.co.uk<\/a><\/p>\n\n\n\n<p><strong><strong>Scotland<\/strong><\/strong>: <a href=\"https:\/\/www.jewson.co.uk\" target=\"_blank\" rel=\"noreferrer noopener\">https:\/\/www.jewson.co.uk<\/a><\/p>\n\n\n\n<p><strong><strong>Wales<\/strong><\/strong>: <a href=\"https:\/\/www.jewson.co.uk\" target=\"_blank\" rel=\"noreferrer noopener\">https:\/\/www.jewson.co.uk<\/a><\/p>\n<\/div><\/div>\n\n\n\n<div class=\"wp-block-columns hide-on-phone is-layout-flex wp-container-core-columns-is-layout-9d6595d7 wp-block-columns-is-layout-flex\">\n<div class=\"wp-block-column is-layout-flow wp-block-column-is-layout-flow\" style=\"flex-basis:20%\">\n<p><strong>England<\/strong><\/p>\n\n\n\n<p><strong>Scotland<\/strong><\/p>\n\n\n\n<p><strong>Wales<\/strong><\/p>\n<\/div>\n\n\n\n<div class=\"wp-block-column is-layout-flow wp-block-column-is-layout-flow\">\n<p><a href=\"https:\/\/www.jewson.co.uk\/\" target=\"_blank\" rel=\"noreferrer noopener\">https:\/\/www.jewson.co.uk<\/a><\/p>\n\n\n\n<p><a href=\"https:\/\/www.jewson.co.uk\/\" target=\"_blank\" rel=\"noreferrer noopener\">https:\/\/www.jewson.co.uk<\/a><\/p>\n\n\n\n<p><a href=\"https:\/\/www.jewson.co.uk\/\" target=\"_blank\" rel=\"noreferrer noopener\">https:\/\/www.jewson.co.uk<\/a><\/p>\n<\/div>\n<\/div>\n<\/div><\/div>\n\n\n\n<div style=\"height:30px\" aria-hidden=\"true\" class=\"wp-block-spacer is-style-small\"><\/div>\n","protected":false},"excerpt":{"rendered":"<p>So finden Sie die erforderlichen Dokumente f\u00fcr Ihr KERMOS-Produkt <\/p>\n","protected":false},"author":2,"featured_media":0,"parent":0,"menu_order":218,"comment_status":"closed","ping_status":"closed","template":"","meta":{"_acf_changed":false,"_seopress_robots_primary_cat":"","_seopress_titles_title":"","_seopress_titles_desc":"","_seopress_robots_index":"","footnotes":""},"class_list":["post-8999","page","type-page","status-publish","hentry"],"acf":[],"_links":{"self":[{"href":"https:\/\/kermos.com\/de\/wp-json\/wp\/v2\/pages\/8999","targetHints":{"allow":["GET"]}}],"collection":[{"href":"https:\/\/kermos.com\/de\/wp-json\/wp\/v2\/pages"}],"about":[{"href":"https:\/\/kermos.com\/de\/wp-json\/wp\/v2\/types\/page"}],"author":[{"embeddable":true,"href":"https:\/\/kermos.com\/de\/wp-json\/wp\/v2\/users\/2"}],"replies":[{"embeddable":true,"href":"https:\/\/kermos.com\/de\/wp-json\/wp\/v2\/comments?post=8999"}],"version-history":[{"count":9,"href":"https:\/\/kermos.com\/de\/wp-json\/wp\/v2\/pages\/8999\/revisions"}],"predecessor-version":[{"id":9962,"href":"https:\/\/kermos.com\/de\/wp-json\/wp\/v2\/pages\/8999\/revisions\/9962"}],"wp:attachment":[{"href":"https:\/\/kermos.com\/de\/wp-json\/wp\/v2\/media?parent=8999"}],"curies":[{"name":"wp","href":"https:\/\/api.w.org\/{rel}","templated":true}]}}