{"id":9102,"date":"2025-08-15T11:35:31","date_gmt":"2025-08-15T09:35:31","guid":{"rendered":"https:\/\/kermos.stark.aliaz.net\/?page_id=9102"},"modified":"2026-03-06T13:20:19","modified_gmt":"2026-03-06T12:20:19","slug":"impressum","status":"publish","type":"page","link":"https:\/\/kermos.com\/de\/impressum\/","title":{"rendered":"Impressum"},"content":{"rendered":"\n<div style=\"height:100px\" aria-hidden=\"true\" class=\"wp-block-spacer is-style-small\"><\/div>\n\n\n\n<div class=\"wp-block-group is-style-width-70\"><div class=\"wp-block-group__inner-container is-layout-constrained wp-block-group-is-layout-constrained\">\n<h2 class=\"wp-block-heading\"><strong>Impressum<\/strong>&nbsp;<\/h2>\n\n\n\n<p><strong>Angaben gem\u00e4\u00df \u00a7 5 DDG<\/strong>&nbsp;<\/p>\n\n\n\n<p>STARK Sourcing A\/S&nbsp;<br>(eingetragener Nebenname:&nbsp;<strong>KERMOS<\/strong>)&nbsp;<\/p>\n\n\n\n<p>KERMOS&nbsp;ist ein eingetragener Nebenname der STARK Sourcing A\/S.&nbsp;<\/p>\n\n\n\n<p><strong>Rechtsform:<\/strong>&nbsp;<br>Aktiengesellschaft nach d\u00e4nischem Recht (A\/S)&nbsp;<\/p>\n\n\n\n<p><strong>Vertreten durch:<\/strong>&nbsp;<br>Gesch\u00e4ftsf\u00fchrer: J\u00f8rgen Holmgaard&nbsp;<br>Aufsichtsratsvorsitzender: S\u00f8ren P. Olesen&nbsp;<\/p>\n\n\n\n<p><strong>Anschrift:<\/strong>&nbsp;<br>C.F. Richs&nbsp;Vej&nbsp;115&nbsp;<br>2000 Frederiksberg&nbsp;<br>D\u00e4nemark&nbsp;<\/p>\n\n\n\n<p><strong>Kontakt:<\/strong>\u00a0<br>Telefon: +45 82522718<br>E-Mail: info@kermos.com<\/p>\n\n\n\n<p><strong>Registereintrag:<\/strong>&nbsp;<br>Eingetragen&nbsp;im d\u00e4nischen Unternehmensregister (CVR)&nbsp;<br>CVR-Nummer:&nbsp;<strong>27065333<\/strong>&nbsp;<\/p>\n\n\n\n<p><strong>Umsatzsteuer-ID:<\/strong>&nbsp;<br>DK27065333<strong>&nbsp;<\/strong>&nbsp;<\/p>\n\n\n\n<p><strong>Konzernhinweis:<\/strong>&nbsp;<br>STARK Sourcing A\/S ist ein Unternehmen der STARK Group A\/S.&nbsp;<\/p>\n\n\n\n<div style=\"height:30px\" aria-hidden=\"true\" class=\"wp-block-spacer is-style-small\"><\/div>\n<\/div><\/div>\n\n\n\n<p><\/p>\n","protected":false},"excerpt":{"rendered":"<p>KERMOS A\/S\u00a0ist ein eingetragener Nebenname der STARK Sourcing A\/S.\u00a0<\/p>\n","protected":false},"author":2,"featured_media":0,"parent":0,"menu_order":224,"comment_status":"closed","ping_status":"closed","template":"","meta":{"_acf_changed":false,"_seopress_robots_primary_cat":"","_seopress_titles_title":"","_seopress_titles_desc":"","_seopress_robots_index":"","footnotes":""},"class_list":["post-9102","page","type-page","status-publish","hentry"],"acf":[],"_links":{"self":[{"href":"https:\/\/kermos.com\/de\/wp-json\/wp\/v2\/pages\/9102","targetHints":{"allow":["GET"]}}],"collection":[{"href":"https:\/\/kermos.com\/de\/wp-json\/wp\/v2\/pages"}],"about":[{"href":"https:\/\/kermos.com\/de\/wp-json\/wp\/v2\/types\/page"}],"author":[{"embeddable":true,"href":"https:\/\/kermos.com\/de\/wp-json\/wp\/v2\/users\/2"}],"replies":[{"embeddable":true,"href":"https:\/\/kermos.com\/de\/wp-json\/wp\/v2\/comments?post=9102"}],"version-history":[{"count":6,"href":"https:\/\/kermos.com\/de\/wp-json\/wp\/v2\/pages\/9102\/revisions"}],"predecessor-version":[{"id":9971,"href":"https:\/\/kermos.com\/de\/wp-json\/wp\/v2\/pages\/9102\/revisions\/9971"}],"wp:attachment":[{"href":"https:\/\/kermos.com\/de\/wp-json\/wp\/v2\/media?parent=9102"}],"curies":[{"name":"wp","href":"https:\/\/api.w.org\/{rel}","templated":true}]}}