{"id":6715,"date":"2025-10-09T14:19:29","date_gmt":"2025-10-09T12:19:29","guid":{"rendered":"https:\/\/kermos.stark.aliaz.net\/?page_id=6715"},"modified":"2026-02-12T16:13:00","modified_gmt":"2026-02-12T15:13:00","slug":"laatat","status":"publish","type":"page","link":"https:\/\/kermos.com\/fi\/tuotevalikoima\/laatat\/","title":{"rendered":"Laatat"},"content":{"rendered":"\n<div class=\"wp-block-group is-style-width-70\"><div class=\"wp-block-group__inner-container is-layout-constrained wp-block-group-is-layout-constrained\"><div class='element-heading-wrapper products-widget flex align-center justify-space-between mb-4'><h2 class=\"has-4-xl-font-size m-0\">Laattasarjat<\/h2><\/div><p>Error in parent or market code not found<\/p><\/div><\/div>\n\n\n\n<div style=\"height:100px\" aria-hidden=\"true\" class=\"wp-block-spacer is-style-small\"><\/div>\n","protected":false},"excerpt":{"rendered":"<p>Kun valitset KERMOS -laattoja sisustukseen, valitset enemm\u00e4n kuin itse tuotteen. Valitset mahdollisuuksia, tyylikk\u00e4it\u00e4 ja ilmekk\u00e4it\u00e4 sein\u00e4- sek\u00e4 lattialaattoja. <\/p>\n","protected":false},"author":2,"featured_media":4235,"parent":8781,"menu_order":5,"comment_status":"closed","ping_status":"closed","template":"","meta":{"_acf_changed":false,"_seopress_robots_primary_cat":"","_seopress_titles_title":"","_seopress_titles_desc":"","_seopress_robots_index":"","footnotes":""},"class_list":["post-6715","page","type-page","status-publish","has-post-thumbnail","hentry"],"acf":[],"_links":{"self":[{"href":"https:\/\/kermos.com\/fi\/wp-json\/wp\/v2\/pages\/6715","targetHints":{"allow":["GET"]}}],"collection":[{"href":"https:\/\/kermos.com\/fi\/wp-json\/wp\/v2\/pages"}],"about":[{"href":"https:\/\/kermos.com\/fi\/wp-json\/wp\/v2\/types\/page"}],"author":[{"embeddable":true,"href":"https:\/\/kermos.com\/fi\/wp-json\/wp\/v2\/users\/2"}],"replies":[{"embeddable":true,"href":"https:\/\/kermos.com\/fi\/wp-json\/wp\/v2\/comments?post=6715"}],"version-history":[{"count":7,"href":"https:\/\/kermos.com\/fi\/wp-json\/wp\/v2\/pages\/6715\/revisions"}],"predecessor-version":[{"id":9839,"href":"https:\/\/kermos.com\/fi\/wp-json\/wp\/v2\/pages\/6715\/revisions\/9839"}],"up":[{"embeddable":true,"href":"https:\/\/kermos.com\/fi\/wp-json\/wp\/v2\/pages\/8781"}],"wp:featuredmedia":[{"embeddable":true,"href":"https:\/\/kermos.com\/fi\/wp-json\/wp\/v2\/media\/4235"}],"wp:attachment":[{"href":"https:\/\/kermos.com\/fi\/wp-json\/wp\/v2\/media?parent=6715"}],"curies":[{"name":"wp","href":"https:\/\/api.w.org\/{rel}","templated":true}]}}