{"id":8318,"date":"2026-01-19T16:13:17","date_gmt":"2026-01-19T15:13:17","guid":{"rendered":"https:\/\/kermos.stark.aliaz.net\/?page_id=8318"},"modified":"2026-03-16T13:08:35","modified_gmt":"2026-03-16T12:08:35","slug":"vinyylilattiat","status":"publish","type":"page","link":"https:\/\/kermos.com\/fi\/tuotevalikoima\/vinyylilattiat\/","title":{"rendered":"Vinyylilattiat"},"content":{"rendered":"\n<div style=\"height:100px\" aria-hidden=\"true\" class=\"wp-block-spacer is-style-tiny\"><\/div>\n\n\n\n<div class=\"wp-block-group is-style-width-50\"><div class=\"wp-block-group__inner-container is-layout-constrained wp-block-group-is-layout-constrained\">\n<h2 class=\"wp-block-heading\"><strong>Tyylik\u00e4s<\/strong> <strong>lattia<\/strong><\/h2>\n\n\n\n<p>Vinyylilattia on eritt\u00e4in suosittu monista hyvist\u00e4 syist\u00e4. T\u00e4m\u00e4 kest\u00e4v\u00e4 ja helppohoitoinen lattiap\u00e4\u00e4llyste sopii moniin eri k\u00e4ytt\u00f6kohteisiin. Sen ohut paksuus v\u00e4hent\u00e4\u00e4 paikan p\u00e4\u00e4ll\u00e4 teht\u00e4vien mukautust\u00f6iden tarvetta, kun taas integroitu isku\u00e4\u00e4nieristys helpottaa asennusta ja v\u00e4hent\u00e4\u00e4 merkitt\u00e4v\u00e4sti isku\u00e4\u00e4nt\u00e4 ja melutasoa huoneessa. Lattia erottuu edukseen erityisesti korkealla mittapysyvyydell\u00e4\u00e4n. Houkutteleva muotoilu ja identtisen kuosin omaavat kohokuvioidut tekstuurit tekev\u00e4t jokaisesta lattiasta todellisen kohokohdan. Puolikiilt\u00e4v\u00e4 pintak\u00e4sittely antaa lattialle tyylikk\u00e4\u00e4n ilmeen, joka s\u00e4ilyy vuosien ajan. <\/p>\n\n\n\n<p>Ammattimainen k\u00e4sity\u00f6 vaatii ammattimaisen lattian. Laaja lattianvalikoimamme on valittu erityisesti vastaamaan eurooppalaisia rakennusvaatimuksia laadun, toimivuuden, materiaalien ja muotoilun osalta. T\u00e4m\u00e4 tekee KERMOS-lattioista ammattimaisen valinnan ja ratkaisevan tekij\u00e4n jokaisessa rakennusprojektissa.<\/p>\n<\/div><\/div>\n\n\n\n<div style=\"height:30px\" aria-hidden=\"true\" class=\"wp-block-spacer is-style-small\"><\/div>\n\n\n\n<div class=\"wp-block-group is-style-width-60\"><div class=\"wp-block-group__inner-container is-layout-constrained wp-block-group-is-layout-constrained\">\n<h2 class=\"wp-block-heading has-text-align-center has-3-xl-font-size\"><strong><strong><strong><strong><strong>Napsauta vaihtoehtoa<\/strong><\/strong><\/strong><\/strong><\/strong><\/h2>\n\n\n\n<div class=\"wp-block-group is-content-justification-left is-nowrap is-layout-flex wp-container-core-group-is-layout-f56a869c wp-block-group-is-layout-flex\">\n<figure class=\"wp-block-image size-large\"><img alt=\"\" loading=\"lazy\" decoding=\"async\" width=\"1024\" height=\"584\" src=\"http:\/\/kermos.com\/wp-content\/uploads\/2025\/12\/KERMOS_rigid-vinyl_structure-1024x584.png\" alt=\"\" class=\"wp-image-6828\" style=\"object-fit:cover\" srcset=\"https:\/\/kermos.com\/wp-content\/uploads\/2025\/12\/KERMOS_rigid-vinyl_structure-1024x584.png 1024w, https:\/\/kermos.com\/wp-content\/uploads\/2025\/12\/KERMOS_rigid-vinyl_structure-300x171.png 300w, https:\/\/kermos.com\/wp-content\/uploads\/2025\/12\/KERMOS_rigid-vinyl_structure-768x438.png 768w, https:\/\/kermos.com\/wp-content\/uploads\/2025\/12\/KERMOS_rigid-vinyl_structure-480x274.png 480w, https:\/\/kermos.com\/wp-content\/uploads\/2025\/12\/KERMOS_rigid-vinyl_structure-720x410.png 720w, https:\/\/kermos.com\/wp-content\/uploads\/2025\/12\/KERMOS_rigid-vinyl_structure.png 1200w\" sizes=\"auto, (max-width: 1024px) 100vw, 1024px\" \/><\/figure>\n\n\n\n<div class=\"wp-block-group is-style-default\"><div class=\"wp-block-group__inner-container is-layout-constrained wp-block-group-is-layout-constrained\">\n<ol class=\"wp-block-list\">\n<li>UV-kerros<\/li>\n\n\n\n<li>Kulutuskerros \u2013 l\u00e4pin\u00e4kyv\u00e4 PVC-kalvo<\/li>\n\n\n\n<li>Vinyylipinta<\/li>\n\n\n\n<li>Tihe\u00e4 SPC-ydin<\/li>\n\n\n\n<li>HD-ydin<\/li>\n\n\n\n<li>Vinyylipohja<\/li>\n\n\n\n<li>IXPE-alusta<\/li>\n<\/ol>\n<\/div><\/div>\n<\/div>\n<\/div><\/div>\n\n\n\n<div style=\"height:100px\" aria-hidden=\"true\" class=\"wp-block-spacer is-style-small\"><\/div>\n\n\n\n<div class=\"wp-block-group is-style-width-50\"><div class=\"wp-block-group__inner-container is-layout-constrained wp-block-group-is-layout-constrained\">\n<div class=\"wp-block-columns is-layout-flex wp-container-core-columns-is-layout-9d6595d7 wp-block-columns-is-layout-flex\">\n<div class=\"wp-block-column is-layout-flow wp-block-column-is-layout-flow\">\n<div class=\"wp-block-columns is-layout-flex wp-container-core-columns-is-layout-9d6595d7 wp-block-columns-is-layout-flex\">\n<div class=\"wp-block-column is-layout-flow wp-block-column-is-layout-flow\">\n<figure class=\"wp-block-image size-S_QUAD\"><img alt=\"\" loading=\"lazy\" decoding=\"async\" width=\"480\" height=\"480\" src=\"http:\/\/kermos.com\/wp-content\/uploads\/2025\/12\/KERMOS_Vinyl_product_creme-oak-480x480.jpg\" alt=\"\" class=\"wp-image-6003\" srcset=\"https:\/\/kermos.com\/wp-content\/uploads\/2025\/12\/KERMOS_Vinyl_product_creme-oak-480x480.jpg 480w, https:\/\/kermos.com\/wp-content\/uploads\/2025\/12\/KERMOS_Vinyl_product_creme-oak-300x300.jpg 300w, https:\/\/kermos.com\/wp-content\/uploads\/2025\/12\/KERMOS_Vinyl_product_creme-oak-1024x1024.jpg 1024w, https:\/\/kermos.com\/wp-content\/uploads\/2025\/12\/KERMOS_Vinyl_product_creme-oak-150x150.jpg 150w, https:\/\/kermos.com\/wp-content\/uploads\/2025\/12\/KERMOS_Vinyl_product_creme-oak-768x768.jpg 768w, https:\/\/kermos.com\/wp-content\/uploads\/2025\/12\/KERMOS_Vinyl_product_creme-oak-960x960.jpg 960w, https:\/\/kermos.com\/wp-content\/uploads\/2025\/12\/KERMOS_Vinyl_product_creme-oak-720x720.jpg 720w, https:\/\/kermos.com\/wp-content\/uploads\/2025\/12\/KERMOS_Vinyl_product_creme-oak.jpg 1200w\" sizes=\"auto, (max-width: 480px) 100vw, 480px\" \/><figcaption class=\"wp-element-caption\">creme oak<\/figcaption><\/figure>\n<\/div>\n\n\n\n<div class=\"wp-block-column is-layout-flow wp-block-column-is-layout-flow\">\n<figure class=\"wp-block-image size-S_QUAD\"><img alt=\"\" loading=\"lazy\" decoding=\"async\" width=\"480\" height=\"480\" src=\"http:\/\/kermos.com\/wp-content\/uploads\/2025\/12\/KERMOS_Vinyl_product_sunset-oak-1-480x480.jpg\" alt=\"\" class=\"wp-image-6027\" srcset=\"https:\/\/kermos.com\/wp-content\/uploads\/2025\/12\/KERMOS_Vinyl_product_sunset-oak-1-480x480.jpg 480w, https:\/\/kermos.com\/wp-content\/uploads\/2025\/12\/KERMOS_Vinyl_product_sunset-oak-1-300x300.jpg 300w, https:\/\/kermos.com\/wp-content\/uploads\/2025\/12\/KERMOS_Vinyl_product_sunset-oak-1-1024x1024.jpg 1024w, https:\/\/kermos.com\/wp-content\/uploads\/2025\/12\/KERMOS_Vinyl_product_sunset-oak-1-150x150.jpg 150w, https:\/\/kermos.com\/wp-content\/uploads\/2025\/12\/KERMOS_Vinyl_product_sunset-oak-1-768x768.jpg 768w, https:\/\/kermos.com\/wp-content\/uploads\/2025\/12\/KERMOS_Vinyl_product_sunset-oak-1-960x960.jpg 960w, https:\/\/kermos.com\/wp-content\/uploads\/2025\/12\/KERMOS_Vinyl_product_sunset-oak-1-720x720.jpg 720w, https:\/\/kermos.com\/wp-content\/uploads\/2025\/12\/KERMOS_Vinyl_product_sunset-oak-1.jpg 1200w\" sizes=\"auto, (max-width: 480px) 100vw, 480px\" \/><figcaption class=\"wp-element-caption\">sunset oak<\/figcaption><\/figure>\n<\/div>\n<\/div>\n<\/div>\n\n\n\n<div class=\"wp-block-column is-layout-flow wp-block-column-is-layout-flow\">\n<div class=\"wp-block-columns is-layout-flex wp-container-core-columns-is-layout-9d6595d7 wp-block-columns-is-layout-flex\">\n<div class=\"wp-block-column is-layout-flow wp-block-column-is-layout-flow\">\n<figure class=\"wp-block-image size-S_QUAD\"><img alt=\"\" loading=\"lazy\" decoding=\"async\" width=\"480\" height=\"480\" src=\"http:\/\/kermos.com\/wp-content\/uploads\/2025\/12\/KERMOS_Vinyl_product_white-oak-480x480.jpg\" alt=\"\" class=\"wp-image-6033\" srcset=\"https:\/\/kermos.com\/wp-content\/uploads\/2025\/12\/KERMOS_Vinyl_product_white-oak-480x480.jpg 480w, https:\/\/kermos.com\/wp-content\/uploads\/2025\/12\/KERMOS_Vinyl_product_white-oak-300x300.jpg 300w, https:\/\/kermos.com\/wp-content\/uploads\/2025\/12\/KERMOS_Vinyl_product_white-oak-1024x1024.jpg 1024w, https:\/\/kermos.com\/wp-content\/uploads\/2025\/12\/KERMOS_Vinyl_product_white-oak-150x150.jpg 150w, https:\/\/kermos.com\/wp-content\/uploads\/2025\/12\/KERMOS_Vinyl_product_white-oak-768x768.jpg 768w, https:\/\/kermos.com\/wp-content\/uploads\/2025\/12\/KERMOS_Vinyl_product_white-oak-960x960.jpg 960w, https:\/\/kermos.com\/wp-content\/uploads\/2025\/12\/KERMOS_Vinyl_product_white-oak-720x720.jpg 720w, https:\/\/kermos.com\/wp-content\/uploads\/2025\/12\/KERMOS_Vinyl_product_white-oak.jpg 1200w\" sizes=\"auto, (max-width: 480px) 100vw, 480px\" \/><figcaption class=\"wp-element-caption\">white oak<\/figcaption><\/figure>\n<\/div>\n\n\n\n<div class=\"wp-block-column is-layout-flow wp-block-column-is-layout-flow\">\n<figure class=\"wp-block-image size-S_QUAD\"><img alt=\"\" loading=\"lazy\" decoding=\"async\" width=\"480\" height=\"480\" src=\"http:\/\/kermos.com\/wp-content\/uploads\/2025\/12\/KERMOS_Vinyl_product_dark-oak-3-480x480.jpg\" alt=\"\" class=\"wp-image-6009\" srcset=\"https:\/\/kermos.com\/wp-content\/uploads\/2025\/12\/KERMOS_Vinyl_product_dark-oak-3-480x480.jpg 480w, https:\/\/kermos.com\/wp-content\/uploads\/2025\/12\/KERMOS_Vinyl_product_dark-oak-3-300x300.jpg 300w, https:\/\/kermos.com\/wp-content\/uploads\/2025\/12\/KERMOS_Vinyl_product_dark-oak-3-1024x1024.jpg 1024w, https:\/\/kermos.com\/wp-content\/uploads\/2025\/12\/KERMOS_Vinyl_product_dark-oak-3-150x150.jpg 150w, https:\/\/kermos.com\/wp-content\/uploads\/2025\/12\/KERMOS_Vinyl_product_dark-oak-3-768x768.jpg 768w, https:\/\/kermos.com\/wp-content\/uploads\/2025\/12\/KERMOS_Vinyl_product_dark-oak-3-960x960.jpg 960w, https:\/\/kermos.com\/wp-content\/uploads\/2025\/12\/KERMOS_Vinyl_product_dark-oak-3-720x720.jpg 720w, https:\/\/kermos.com\/wp-content\/uploads\/2025\/12\/KERMOS_Vinyl_product_dark-oak-3.jpg 1200w\" sizes=\"auto, (max-width: 480px) 100vw, 480px\" \/><figcaption class=\"wp-element-caption\">dark oak<\/figcaption><\/figure>\n<\/div>\n<\/div>\n<\/div>\n<\/div>\n<\/div><\/div>\n\n\n\n<div class=\"wp-block-group is-style-width-50\"><div class=\"wp-block-group__inner-container is-layout-constrained wp-block-group-is-layout-constrained\">\n<div class=\"wp-block-columns is-layout-flex wp-container-core-columns-is-layout-9d6595d7 wp-block-columns-is-layout-flex\">\n<div class=\"wp-block-column is-layout-flow wp-block-column-is-layout-flow\">\n<div class=\"wp-block-columns is-layout-flex wp-container-core-columns-is-layout-9d6595d7 wp-block-columns-is-layout-flex\">\n<div class=\"wp-block-column is-layout-flow wp-block-column-is-layout-flow\">\n<figure class=\"wp-block-image size-S_QUAD\"><img alt=\"\" loading=\"lazy\" decoding=\"async\" width=\"480\" height=\"480\" src=\"https:\/\/kermos.com\/wp-content\/uploads\/2025\/12\/KERMOS_Vinyl_product_light-oak-3-480x480.jpg\" alt=\"\" class=\"wp-image-6021\" srcset=\"https:\/\/kermos.com\/wp-content\/uploads\/2025\/12\/KERMOS_Vinyl_product_light-oak-3-480x480.jpg 480w, https:\/\/kermos.com\/wp-content\/uploads\/2025\/12\/KERMOS_Vinyl_product_light-oak-3-300x300.jpg 300w, https:\/\/kermos.com\/wp-content\/uploads\/2025\/12\/KERMOS_Vinyl_product_light-oak-3-1024x1024.jpg 1024w, https:\/\/kermos.com\/wp-content\/uploads\/2025\/12\/KERMOS_Vinyl_product_light-oak-3-150x150.jpg 150w, https:\/\/kermos.com\/wp-content\/uploads\/2025\/12\/KERMOS_Vinyl_product_light-oak-3-768x768.jpg 768w, https:\/\/kermos.com\/wp-content\/uploads\/2025\/12\/KERMOS_Vinyl_product_light-oak-3-960x960.jpg 960w, https:\/\/kermos.com\/wp-content\/uploads\/2025\/12\/KERMOS_Vinyl_product_light-oak-3-720x720.jpg 720w, https:\/\/kermos.com\/wp-content\/uploads\/2025\/12\/KERMOS_Vinyl_product_light-oak-3.jpg 1200w\" sizes=\"auto, (max-width: 480px) 100vw, 480px\" \/><figcaption class=\"wp-element-caption\">light oak<\/figcaption><\/figure>\n<\/div>\n\n\n\n<div class=\"wp-block-column is-layout-flow wp-block-column-is-layout-flow\">\n<figure class=\"wp-block-image size-S_QUAD\"><img alt=\"\" loading=\"lazy\" decoding=\"async\" width=\"480\" height=\"480\" src=\"https:\/\/kermos.com\/wp-content\/uploads\/2025\/12\/KERMOS_Vinyl_product_grey-oak-1-480x480.jpg\" alt=\"\" class=\"wp-image-6015\" srcset=\"https:\/\/kermos.com\/wp-content\/uploads\/2025\/12\/KERMOS_Vinyl_product_grey-oak-1-480x480.jpg 480w, https:\/\/kermos.com\/wp-content\/uploads\/2025\/12\/KERMOS_Vinyl_product_grey-oak-1-300x300.jpg 300w, https:\/\/kermos.com\/wp-content\/uploads\/2025\/12\/KERMOS_Vinyl_product_grey-oak-1-1024x1024.jpg 1024w, https:\/\/kermos.com\/wp-content\/uploads\/2025\/12\/KERMOS_Vinyl_product_grey-oak-1-150x150.jpg 150w, https:\/\/kermos.com\/wp-content\/uploads\/2025\/12\/KERMOS_Vinyl_product_grey-oak-1-768x768.jpg 768w, https:\/\/kermos.com\/wp-content\/uploads\/2025\/12\/KERMOS_Vinyl_product_grey-oak-1-960x960.jpg 960w, https:\/\/kermos.com\/wp-content\/uploads\/2025\/12\/KERMOS_Vinyl_product_grey-oak-1-720x720.jpg 720w, https:\/\/kermos.com\/wp-content\/uploads\/2025\/12\/KERMOS_Vinyl_product_grey-oak-1.jpg 1200w\" sizes=\"auto, (max-width: 480px) 100vw, 480px\" \/><figcaption class=\"wp-element-caption\">grey oak<\/figcaption><\/figure>\n<\/div>\n<\/div>\n<\/div>\n\n\n\n<div class=\"wp-block-column is-layout-flow wp-block-column-is-layout-flow\">\n<div class=\"wp-block-columns is-layout-flex wp-container-core-columns-is-layout-9d6595d7 wp-block-columns-is-layout-flex\">\n<div class=\"wp-block-column is-layout-flow wp-block-column-is-layout-flow\"><\/div>\n\n\n\n<div class=\"wp-block-column is-layout-flow wp-block-column-is-layout-flow\"><\/div>\n<\/div>\n<\/div>\n<\/div>\n<\/div><\/div>\n\n\n\n<div style=\"height:100px\" aria-hidden=\"true\" class=\"wp-block-spacer is-style-small\"><\/div>\n\n\n\n<div class=\"wp-block-group is-style-width-75\"><div class=\"wp-block-group__inner-container is-layout-constrained wp-block-group-is-layout-constrained\"><div class='custom-block-slider'><div class='custom-block-slider'>\r\n\t\t\t<div class=\"swiper-element\">\r\n\r\n\t\t\t\t\t\t\t\t\t<div class=\"slider-prev slider-button\" id=\"block_slider_69e174c967f2f-prev\">\r\n\t\t\t\t\t\t<span class=\"fal fa-angle-left\"><\/span>\r\n\t\t\t\t\t<\/div>\r\n\t\t\t\t\t<div class=\"slider-next slider-button\" id=\"block_slider_69e174c967f2f-next\">\r\n\t\t\t\t\t\t<span class=\"fal fa-angle-right\"><\/span>\r\n\t\t\t\t\t<\/div>\r\n\t\t\t\t\r\n\t\t\t\t<div class=\"swiper has-navigation\" id=\"block_slider_69e174c967f2f\">\r\n\t\t\t\t\t<div class=\"swiper-wrapper\">\r\n\t\t\t\t\t\t<div class=\"swiper-slide\"><a href='https:\/\/kermos.com\/wp-content\/uploads\/2025\/12\/KERMOS_Vinyl_ambient_white-oak.jpg' data-fancybox='block_slider_69e174c967f2f' data-caption=''><img src='https:\/\/kermos.com\/wp-content\/uploads\/2025\/12\/KERMOS_Vinyl_ambient_white-oak.jpg' alt='' class='default src-acf type-img size-default width-50 max-width' srcset='https:\/\/kermos.com\/wp-content\/uploads\/2025\/12\/KERMOS_Vinyl_ambient_white-oak-480x360.jpg 480w,https:\/\/kermos.com\/wp-content\/uploads\/2025\/12\/KERMOS_Vinyl_ambient_white-oak-720x540.jpg 720w,https:\/\/kermos.com\/wp-content\/uploads\/2025\/12\/KERMOS_Vinyl_ambient_white-oak-1200x960.jpg 1280w,'  sizes='(max-width: 768px) 100vw, 50vw' \/><\/a><\/div><div class=\"swiper-slide\"><a href='https:\/\/kermos.com\/wp-content\/uploads\/2025\/12\/KERMOS_rigid-vinyl_ambient_light-oak-1.jpg' data-fancybox='block_slider_69e174c967f2f' data-caption=''><img src='https:\/\/kermos.com\/wp-content\/uploads\/2025\/12\/KERMOS_rigid-vinyl_ambient_light-oak-1.jpg' alt='' class='default src-acf type-img size-default width-50 max-width' srcset='https:\/\/kermos.com\/wp-content\/uploads\/2025\/12\/KERMOS_rigid-vinyl_ambient_light-oak-1-480x360.jpg 480w,https:\/\/kermos.com\/wp-content\/uploads\/2025\/12\/KERMOS_rigid-vinyl_ambient_light-oak-1-720x540.jpg 720w,https:\/\/kermos.com\/wp-content\/uploads\/2025\/12\/KERMOS_rigid-vinyl_ambient_light-oak-1-1200x960.jpg 1280w,'  sizes='(max-width: 768px) 100vw, 50vw' \/><\/a><\/div>\t\t\t\t\t<\/div>\r\n\t\t\t\t<\/div>\r\n\r\n\t\t\t\t\r\n\t\t\t\t\r\n\t\t\t\t<script type=\"text\/javascript\" async defer>\r\n                  \/* <![CDATA[ *\/\r\n\r\n\t\t\t\t  \r\n                  let block_slider_69e174c967f2f = {\"id\":\"block_slider_69e174c967f2f\",\"type\":\"slider\",\"name\":\"slider_block_slider_69e174c967f2f\",\"options\":{\"speed\":400,\"effect\":\"slide\",\"slidesPerView\":2,\"spaceBetween\":30,\"autoHeight\":false,\"loop\":false,\"grabCursor\":true,\"navigation\":{\"nextEl\":\"#block_slider_69e174c967f2f-next\",\"prevEl\":\"#block_slider_69e174c967f2f-prev\"}}};\r\n\r\n                  window.addEventListener('DOMContentLoaded', (event) => {\r\n                    createNewSlider(block_slider_69e174c967f2f.id, block_slider_69e174c967f2f.type, block_slider_69e174c967f2f.name, block_slider_69e174c967f2f.options);\r\n                  });\r\n\r\n\t\t\t\t  \r\n                  \/* ]]> *\/\r\n\t\t\t\t<\/script>\r\n\r\n\t\t\t<\/div>\r\n\r\n\t\t<\/div><\/div><\/div><\/div>\n\n\n\n<div style=\"height:100px\" aria-hidden=\"true\" class=\"wp-block-spacer is-style-small\"><\/div>\n\n\n\n<div class=\"wp-block-group is-style-width-60\"><div class=\"wp-block-group__inner-container is-layout-constrained wp-block-group-is-layout-constrained\">\n<p>Tutustu koko valikoimaan verkkokaupassamme:<\/p>\n\n\n\n<div class=\"wp-block-columns is-layout-flex wp-container-core-columns-is-layout-9d6595d7 wp-block-columns-is-layout-flex\">\n<div class=\"wp-block-column is-layout-flow wp-block-column-is-layout-flow\">\r\n<div class=\"custom-block-image-card-link\" id=\"image-card-link-block_d28993e874bdd2883ae2e4b1d457accf\">\r\n\t<a href=\"https:\/\/www.stark-suomi.fi\/haku\/kermos\"\r\n\t   class=\"image-card-link__link css-hover\"\r\n\t   target=\"_blank\"\r\n\t   title=\"STARK Suomi\">\r\n\r\n\t\t\t\t\t<img decoding=\"async\" src=\"https:\/\/kermos.com\/wp-content\/uploads\/2025\/12\/1200x400px-FI-STARK.png\" alt=\"\" class=\"image-card-link__image\" \/>\r\n\t\t\r\n\t\t\r\n\t<\/a>\r\n<\/div>\r\n<\/div>\n\n\n\n<div class=\"wp-block-column is-layout-flow wp-block-column-is-layout-flow\"><\/div>\n<\/div>\n<\/div><\/div>\n\n\n\n<div style=\"height:100px\" aria-hidden=\"true\" class=\"wp-block-spacer is-style-small\"><\/div>\n","protected":false},"excerpt":{"rendered":"<p>KERMOS-vinyylilattiat kest\u00e4v\u00e4t erinomaisesti arjen kulutusta kovassakin k\u00e4yt\u00f6ss\u00e4. Lattiat ovat tyylikk\u00e4it\u00e4 ja niiden ulkon\u00e4k\u00f6 j\u00e4ljittelee luonnollisen puun pintasyit\u00e4, v\u00e4rej\u00e4 ja rakennetta. <\/p>\n","protected":false},"author":2,"featured_media":4217,"parent":8781,"menu_order":205,"comment_status":"closed","ping_status":"closed","template":"","meta":{"_acf_changed":false,"_seopress_robots_primary_cat":"","_seopress_titles_title":"","_seopress_titles_desc":"","_seopress_robots_index":"","footnotes":""},"class_list":["post-8318","page","type-page","status-publish","has-post-thumbnail","hentry"],"acf":[],"_links":{"self":[{"href":"https:\/\/kermos.com\/fi\/wp-json\/wp\/v2\/pages\/8318","targetHints":{"allow":["GET"]}}],"collection":[{"href":"https:\/\/kermos.com\/fi\/wp-json\/wp\/v2\/pages"}],"about":[{"href":"https:\/\/kermos.com\/fi\/wp-json\/wp\/v2\/types\/page"}],"author":[{"embeddable":true,"href":"https:\/\/kermos.com\/fi\/wp-json\/wp\/v2\/users\/2"}],"replies":[{"embeddable":true,"href":"https:\/\/kermos.com\/fi\/wp-json\/wp\/v2\/comments?post=8318"}],"version-history":[{"count":5,"href":"https:\/\/kermos.com\/fi\/wp-json\/wp\/v2\/pages\/8318\/revisions"}],"predecessor-version":[{"id":10171,"href":"https:\/\/kermos.com\/fi\/wp-json\/wp\/v2\/pages\/8318\/revisions\/10171"}],"up":[{"embeddable":true,"href":"https:\/\/kermos.com\/fi\/wp-json\/wp\/v2\/pages\/8781"}],"wp:featuredmedia":[{"embeddable":true,"href":"https:\/\/kermos.com\/fi\/wp-json\/wp\/v2\/media\/4217"}],"wp:attachment":[{"href":"https:\/\/kermos.com\/fi\/wp-json\/wp\/v2\/media?parent=8318"}],"curies":[{"name":"wp","href":"https:\/\/api.w.org\/{rel}","templated":true}]}}