{"id":8328,"date":"2026-01-20T11:46:38","date_gmt":"2026-01-20T10:46:38","guid":{"rendered":"https:\/\/kermos.stark.aliaz.net\/?page_id=8328"},"modified":"2026-01-22T09:23:48","modified_gmt":"2026-01-22T08:23:48","slug":"kylpyhuoneet","status":"publish","type":"page","link":"https:\/\/kermos.com\/fi\/tuotevalikoima\/kylpyhuoneet\/","title":{"rendered":"Kylpyhuoneet"},"content":{"rendered":"\n<div class=\"wp-block-group is-style-width-70\"><div class=\"wp-block-group__inner-container is-layout-constrained wp-block-group-is-layout-constrained\"><div class='element-heading-wrapper products-widget flex align-center justify-space-between mb-4'><h2 class=\"has-4-xl-font-size m-0\">Sarja<\/h2><\/div><p>Error in parent or market code not found<\/p><\/div><\/div>\n\n\n\n<p><\/p>\n","protected":false},"excerpt":{"rendered":"<p>Kylpyhuonetrendit kehittyv\u00e4t ja niin my\u00f6s me. KERMOS tarjoaa laajan valikoiman korkealaatuisia kylpyhuonetuotteita, joissa yhdistyv\u00e4t muotoilu, toiminnallisuus ja innovaatiot. <\/p>\n","protected":false},"author":2,"featured_media":8719,"parent":8781,"menu_order":201,"comment_status":"closed","ping_status":"closed","template":"","meta":{"_acf_changed":false,"_seopress_robots_primary_cat":"","_seopress_titles_title":"","_seopress_titles_desc":"","_seopress_robots_index":"","footnotes":""},"class_list":["post-8328","page","type-page","status-publish","has-post-thumbnail","hentry"],"acf":[],"_links":{"self":[{"href":"https:\/\/kermos.com\/fi\/wp-json\/wp\/v2\/pages\/8328","targetHints":{"allow":["GET"]}}],"collection":[{"href":"https:\/\/kermos.com\/fi\/wp-json\/wp\/v2\/pages"}],"about":[{"href":"https:\/\/kermos.com\/fi\/wp-json\/wp\/v2\/types\/page"}],"author":[{"embeddable":true,"href":"https:\/\/kermos.com\/fi\/wp-json\/wp\/v2\/users\/2"}],"replies":[{"embeddable":true,"href":"https:\/\/kermos.com\/fi\/wp-json\/wp\/v2\/comments?post=8328"}],"version-history":[{"count":4,"href":"https:\/\/kermos.com\/fi\/wp-json\/wp\/v2\/pages\/8328\/revisions"}],"predecessor-version":[{"id":8799,"href":"https:\/\/kermos.com\/fi\/wp-json\/wp\/v2\/pages\/8328\/revisions\/8799"}],"up":[{"embeddable":true,"href":"https:\/\/kermos.com\/fi\/wp-json\/wp\/v2\/pages\/8781"}],"wp:featuredmedia":[{"embeddable":true,"href":"https:\/\/kermos.com\/fi\/wp-json\/wp\/v2\/media\/8719"}],"wp:attachment":[{"href":"https:\/\/kermos.com\/fi\/wp-json\/wp\/v2\/media?parent=8328"}],"curies":[{"name":"wp","href":"https:\/\/api.w.org\/{rel}","templated":true}]}}