{"id":8768,"date":"2026-01-20T13:58:55","date_gmt":"2026-01-20T12:58:55","guid":{"rendered":"https:\/\/kermos.stark.aliaz.net\/?page_id=8768"},"modified":"2026-01-20T14:07:05","modified_gmt":"2026-01-20T13:07:05","slug":"suihkuseinat","status":"publish","type":"page","link":"https:\/\/kermos.com\/fi\/suihkuseinat\/","title":{"rendered":"Suihkusein\u00e4t"},"content":{"rendered":"\n<div style=\"height:100px\" aria-hidden=\"true\" class=\"wp-block-spacer is-style-tiny\"><\/div>\n\n\n\n<div class=\"wp-block-group is-style-width-50\"><div class=\"wp-block-group__inner-container is-layout-constrained wp-block-group-is-layout-constrained\">\n<h2 class=\"wp-block-heading\"><strong>Suihkusein\u00e4t tyylikk\u00e4\u00e4seen ja toimivaan suihkutilaan<\/strong><\/h2>\n\n\n\n<p>Moderni suihkusein\u00e4 on tyylik\u00e4s ja k\u00e4yt\u00e4nn\u00f6llinen ratkaisu, joka tekee kylpyhuoneesta avaramman tuntuisen. Laadukkaat ja kest\u00e4v\u00e4t suihkusein\u00e4t suojaavat muuta kylpyhuonetta vesi- ja saippuaroiskeilta. Valikoimastamme l\u00f6yd\u00e4t niin kiinteit\u00e4 kuin avattavia suihkuseini\u00e4 erilaisiin kylpyhuoneisiin sopivina malleina. Kirkas lasisein\u00e4 tuo kylpyhuoneeseen ilmavuutta.<\/p>\n<\/div><\/div>\n\n\n\n<div style=\"height:100px\" aria-hidden=\"true\" class=\"wp-block-spacer is-style-small\"><\/div>\n\n\n\n<div class=\"wp-block-group is-style-width-50\"><div class=\"wp-block-group__inner-container is-layout-constrained wp-block-group-is-layout-constrained\">\n<div class=\"wp-block-columns is-layout-flex wp-container-core-columns-is-layout-9d6595d7 wp-block-columns-is-layout-flex\">\n<div class=\"wp-block-column is-layout-flow wp-block-column-is-layout-flow\">\n<div class=\"wp-block-columns is-layout-flex wp-container-core-columns-is-layout-9d6595d7 wp-block-columns-is-layout-flex\">\n<div class=\"wp-block-column is-layout-flow wp-block-column-is-layout-flow\">\n<figure class=\"wp-block-image size-S_QUAD\"><img alt=\"\" loading=\"lazy\" decoding=\"async\" width=\"480\" height=\"480\" src=\"http:\/\/kermos.com\/wp-content\/uploads\/2026\/01\/KERMOS_product_shower-screen_rotating_black-480x480.jpg\" alt=\"\" class=\"wp-image-8761\" srcset=\"https:\/\/kermos.com\/wp-content\/uploads\/2026\/01\/KERMOS_product_shower-screen_rotating_black-480x480.jpg 480w, https:\/\/kermos.com\/wp-content\/uploads\/2026\/01\/KERMOS_product_shower-screen_rotating_black-300x300.jpg 300w, https:\/\/kermos.com\/wp-content\/uploads\/2026\/01\/KERMOS_product_shower-screen_rotating_black-1024x1024.jpg 1024w, https:\/\/kermos.com\/wp-content\/uploads\/2026\/01\/KERMOS_product_shower-screen_rotating_black-150x150.jpg 150w, https:\/\/kermos.com\/wp-content\/uploads\/2026\/01\/KERMOS_product_shower-screen_rotating_black-768x768.jpg 768w, https:\/\/kermos.com\/wp-content\/uploads\/2026\/01\/KERMOS_product_shower-screen_rotating_black-960x960.jpg 960w, https:\/\/kermos.com\/wp-content\/uploads\/2026\/01\/KERMOS_product_shower-screen_rotating_black-720x720.jpg 720w, https:\/\/kermos.com\/wp-content\/uploads\/2026\/01\/KERMOS_product_shower-screen_rotating_black.jpg 1200w\" sizes=\"auto, (max-width: 480px) 100vw, 480px\" \/><figcaption class=\"wp-element-caption\">rotating black<\/figcaption><\/figure>\n<\/div>\n\n\n\n<div class=\"wp-block-column is-layout-flow wp-block-column-is-layout-flow\">\n<figure class=\"wp-block-image size-S_QUAD\"><img alt=\"\" loading=\"lazy\" decoding=\"async\" width=\"480\" height=\"480\" src=\"http:\/\/kermos.com\/wp-content\/uploads\/2026\/01\/KERMOS_product_shower-screen_rotating_aluminium-480x480.jpg\" alt=\"\" class=\"wp-image-8755\" srcset=\"https:\/\/kermos.com\/wp-content\/uploads\/2026\/01\/KERMOS_product_shower-screen_rotating_aluminium-480x480.jpg 480w, https:\/\/kermos.com\/wp-content\/uploads\/2026\/01\/KERMOS_product_shower-screen_rotating_aluminium-300x300.jpg 300w, https:\/\/kermos.com\/wp-content\/uploads\/2026\/01\/KERMOS_product_shower-screen_rotating_aluminium-1024x1024.jpg 1024w, https:\/\/kermos.com\/wp-content\/uploads\/2026\/01\/KERMOS_product_shower-screen_rotating_aluminium-150x150.jpg 150w, https:\/\/kermos.com\/wp-content\/uploads\/2026\/01\/KERMOS_product_shower-screen_rotating_aluminium-768x768.jpg 768w, https:\/\/kermos.com\/wp-content\/uploads\/2026\/01\/KERMOS_product_shower-screen_rotating_aluminium-960x960.jpg 960w, https:\/\/kermos.com\/wp-content\/uploads\/2026\/01\/KERMOS_product_shower-screen_rotating_aluminium-720x720.jpg 720w, https:\/\/kermos.com\/wp-content\/uploads\/2026\/01\/KERMOS_product_shower-screen_rotating_aluminium.jpg 1200w\" sizes=\"auto, (max-width: 480px) 100vw, 480px\" \/><figcaption class=\"wp-element-caption\">rotating aluminium<\/figcaption><\/figure>\n<\/div>\n<\/div>\n<\/div>\n\n\n\n<div class=\"wp-block-column is-layout-flow wp-block-column-is-layout-flow\">\n<div class=\"wp-block-columns is-layout-flex wp-container-core-columns-is-layout-9d6595d7 wp-block-columns-is-layout-flex\">\n<div class=\"wp-block-column is-layout-flow wp-block-column-is-layout-flow\">\n<figure class=\"wp-block-image size-S_QUAD\"><img alt=\"\" loading=\"lazy\" decoding=\"async\" width=\"480\" height=\"480\" src=\"http:\/\/kermos.com\/wp-content\/uploads\/2026\/01\/KERMOS_product_shower-screen_folding_aluminium-480x480.jpg\" alt=\"\" class=\"wp-image-8749\" srcset=\"https:\/\/kermos.com\/wp-content\/uploads\/2026\/01\/KERMOS_product_shower-screen_folding_aluminium-480x480.jpg 480w, https:\/\/kermos.com\/wp-content\/uploads\/2026\/01\/KERMOS_product_shower-screen_folding_aluminium-300x300.jpg 300w, https:\/\/kermos.com\/wp-content\/uploads\/2026\/01\/KERMOS_product_shower-screen_folding_aluminium-1024x1024.jpg 1024w, https:\/\/kermos.com\/wp-content\/uploads\/2026\/01\/KERMOS_product_shower-screen_folding_aluminium-150x150.jpg 150w, https:\/\/kermos.com\/wp-content\/uploads\/2026\/01\/KERMOS_product_shower-screen_folding_aluminium-768x768.jpg 768w, https:\/\/kermos.com\/wp-content\/uploads\/2026\/01\/KERMOS_product_shower-screen_folding_aluminium-960x960.jpg 960w, https:\/\/kermos.com\/wp-content\/uploads\/2026\/01\/KERMOS_product_shower-screen_folding_aluminium-720x720.jpg 720w, https:\/\/kermos.com\/wp-content\/uploads\/2026\/01\/KERMOS_product_shower-screen_folding_aluminium.jpg 1200w\" sizes=\"auto, (max-width: 480px) 100vw, 480px\" \/><figcaption class=\"wp-element-caption\">folding aluminium<\/figcaption><\/figure>\n<\/div>\n\n\n\n<div class=\"wp-block-column is-layout-flow wp-block-column-is-layout-flow\">\n<figure class=\"wp-block-image size-S_QUAD\"><img alt=\"\" loading=\"lazy\" decoding=\"async\" width=\"480\" height=\"480\" src=\"http:\/\/kermos.com\/wp-content\/uploads\/2026\/01\/KERMOS_product_shower-screen_fixed_aluminium-480x480.jpg\" alt=\"\" class=\"wp-image-8743\" srcset=\"https:\/\/kermos.com\/wp-content\/uploads\/2026\/01\/KERMOS_product_shower-screen_fixed_aluminium-480x480.jpg 480w, https:\/\/kermos.com\/wp-content\/uploads\/2026\/01\/KERMOS_product_shower-screen_fixed_aluminium-300x300.jpg 300w, https:\/\/kermos.com\/wp-content\/uploads\/2026\/01\/KERMOS_product_shower-screen_fixed_aluminium-1024x1024.jpg 1024w, https:\/\/kermos.com\/wp-content\/uploads\/2026\/01\/KERMOS_product_shower-screen_fixed_aluminium-150x150.jpg 150w, https:\/\/kermos.com\/wp-content\/uploads\/2026\/01\/KERMOS_product_shower-screen_fixed_aluminium-768x768.jpg 768w, https:\/\/kermos.com\/wp-content\/uploads\/2026\/01\/KERMOS_product_shower-screen_fixed_aluminium-960x960.jpg 960w, https:\/\/kermos.com\/wp-content\/uploads\/2026\/01\/KERMOS_product_shower-screen_fixed_aluminium-720x720.jpg 720w, https:\/\/kermos.com\/wp-content\/uploads\/2026\/01\/KERMOS_product_shower-screen_fixed_aluminium.jpg 1200w\" sizes=\"auto, (max-width: 480px) 100vw, 480px\" \/><figcaption class=\"wp-element-caption\">fixed aluminium<\/figcaption><\/figure>\n<\/div>\n<\/div>\n<\/div>\n<\/div>\n<\/div><\/div>\n\n\n\n<div style=\"height:100px\" aria-hidden=\"true\" class=\"wp-block-spacer is-style-small\"><\/div>\n\n\n\n<div class=\"wp-block-group is-style-width-60\"><div class=\"wp-block-group__inner-container is-layout-constrained wp-block-group-is-layout-constrained\">\n<p>Tutustu koko valikoimaan verkkokaupassamme:<\/p>\n\n\n\n<div class=\"wp-block-columns is-layout-flex wp-container-core-columns-is-layout-9d6595d7 wp-block-columns-is-layout-flex\">\n<div class=\"wp-block-column is-layout-flow wp-block-column-is-layout-flow\">\r\n<div class=\"custom-block-image-card-link\" id=\"image-card-link-block_240614f55c7e2ae9356a219d05692e75\">\r\n\t<a href=\"https:\/\/www.stark-suomi.fi\/haku\/kermos\"\r\n\t   class=\"image-card-link__link css-hover\"\r\n\t   target=\"_blank\"\r\n\t   title=\"STARK Suomi\">\r\n\r\n\t\t\t\t\t<img decoding=\"async\" src=\"https:\/\/kermos.com\/wp-content\/uploads\/2025\/12\/1200x400px-FI-STARK.png\" alt=\"\" class=\"image-card-link__image\" \/>\r\n\t\t\r\n\t\t\r\n\t<\/a>\r\n<\/div>\r\n<\/div>\n\n\n\n<div class=\"wp-block-column is-layout-flow wp-block-column-is-layout-flow\"><\/div>\n<\/div>\n<\/div><\/div>\n\n\n\n<div style=\"height:100px\" aria-hidden=\"true\" class=\"wp-block-spacer is-style-small\"><\/div>\n","protected":false},"excerpt":{"rendered":"<p>Luo kylpyhuoneeseesi toimiva ja tyylik\u00e4s suihkutila laadukkailla suihkuseinill\u00e4. <\/p>\n","protected":false},"author":2,"featured_media":8761,"parent":0,"menu_order":187,"comment_status":"closed","ping_status":"closed","template":"","meta":{"_acf_changed":false,"_seopress_robots_primary_cat":"","_seopress_titles_title":"","_seopress_titles_desc":"","_seopress_robots_index":"","footnotes":""},"class_list":["post-8768","page","type-page","status-publish","has-post-thumbnail","hentry"],"acf":[],"_links":{"self":[{"href":"https:\/\/kermos.com\/fi\/wp-json\/wp\/v2\/pages\/8768","targetHints":{"allow":["GET"]}}],"collection":[{"href":"https:\/\/kermos.com\/fi\/wp-json\/wp\/v2\/pages"}],"about":[{"href":"https:\/\/kermos.com\/fi\/wp-json\/wp\/v2\/types\/page"}],"author":[{"embeddable":true,"href":"https:\/\/kermos.com\/fi\/wp-json\/wp\/v2\/users\/2"}],"replies":[{"embeddable":true,"href":"https:\/\/kermos.com\/fi\/wp-json\/wp\/v2\/comments?post=8768"}],"version-history":[{"count":5,"href":"https:\/\/kermos.com\/fi\/wp-json\/wp\/v2\/pages\/8768\/revisions"}],"predecessor-version":[{"id":8778,"href":"https:\/\/kermos.com\/fi\/wp-json\/wp\/v2\/pages\/8768\/revisions\/8778"}],"wp:featuredmedia":[{"embeddable":true,"href":"https:\/\/kermos.com\/fi\/wp-json\/wp\/v2\/media\/8761"}],"wp:attachment":[{"href":"https:\/\/kermos.com\/fi\/wp-json\/wp\/v2\/media?parent=8768"}],"curies":[{"name":"wp","href":"https:\/\/api.w.org\/{rel}","templated":true}]}}