{"id":8815,"date":"2026-01-22T10:08:14","date_gmt":"2026-01-22T09:08:14","guid":{"rendered":"https:\/\/kermos.stark.aliaz.net\/?page_id=8815"},"modified":"2026-02-12T17:25:28","modified_gmt":"2026-02-12T16:25:28","slug":"suihkuseinat","status":"publish","type":"page","link":"https:\/\/kermos.com\/fi\/tuotevalikoima\/kylpyhuoneet\/suihkuseinat\/","title":{"rendered":"Suihkusein\u00e4t"},"content":{"rendered":"\n<div style=\"height:100px\" aria-hidden=\"true\" class=\"wp-block-spacer is-style-tiny\"><\/div>\n\n\n\n<div class=\"wp-block-group is-style-width-50\"><div class=\"wp-block-group__inner-container is-layout-constrained wp-block-group-is-layout-constrained\">\n<h2 class=\"wp-block-heading\"><strong>Suihkusein\u00e4t tyylikk\u00e4\u00e4seen ja toimivaan suihkutilaan<\/strong><\/h2>\n\n\n\n<p>Moderni suihkusein\u00e4 on tyylik\u00e4s ja k\u00e4yt\u00e4nn\u00f6llinen ratkaisu, joka tekee kylpyhuoneesta avaramman tuntuisen. Laadukkaat ja kest\u00e4v\u00e4t suihkusein\u00e4t suojaavat muuta kylpyhuonetta vesi- ja saippuaroiskeilta. Valikoimastamme l\u00f6yd\u00e4t niin kiinteit\u00e4 kuin avattavia suihkuseini\u00e4 erilaisiin kylpyhuoneisiin sopivina malleina. Kirkas lasisein\u00e4 tuo kylpyhuoneeseen ilmavuutta.<\/p>\n<\/div><\/div>\n\n\n\n<div style=\"height:100px\" aria-hidden=\"true\" class=\"wp-block-spacer is-style-small\"><\/div>\n\n\n\n<div class=\"wp-block-group is-style-width-50\"><div class=\"wp-block-group__inner-container is-layout-constrained wp-block-group-is-layout-constrained\">\n<div class=\"wp-block-columns is-layout-flex wp-container-core-columns-is-layout-9d6595d7 wp-block-columns-is-layout-flex\">\n<div class=\"wp-block-column is-layout-flow wp-block-column-is-layout-flow\">\n<div class=\"wp-block-columns is-layout-flex wp-container-core-columns-is-layout-9d6595d7 wp-block-columns-is-layout-flex\">\n<div class=\"wp-block-column is-layout-flow wp-block-column-is-layout-flow\">\n<figure class=\"wp-block-image size-S_QUAD\"><img alt=\"\" loading=\"lazy\" decoding=\"async\" width=\"480\" height=\"480\" src=\"http:\/\/kermos.com\/wp-content\/uploads\/2026\/01\/KERMOS_product_shower-screen_rotating_black-480x480.jpg\" alt=\"\" class=\"wp-image-8759\" srcset=\"https:\/\/kermos.com\/wp-content\/uploads\/2026\/01\/KERMOS_product_shower-screen_rotating_black-480x480.jpg 480w, https:\/\/kermos.com\/wp-content\/uploads\/2026\/01\/KERMOS_product_shower-screen_rotating_black-300x300.jpg 300w, https:\/\/kermos.com\/wp-content\/uploads\/2026\/01\/KERMOS_product_shower-screen_rotating_black-1024x1024.jpg 1024w, https:\/\/kermos.com\/wp-content\/uploads\/2026\/01\/KERMOS_product_shower-screen_rotating_black-150x150.jpg 150w, https:\/\/kermos.com\/wp-content\/uploads\/2026\/01\/KERMOS_product_shower-screen_rotating_black-768x768.jpg 768w, https:\/\/kermos.com\/wp-content\/uploads\/2026\/01\/KERMOS_product_shower-screen_rotating_black-960x960.jpg 960w, https:\/\/kermos.com\/wp-content\/uploads\/2026\/01\/KERMOS_product_shower-screen_rotating_black-720x720.jpg 720w, https:\/\/kermos.com\/wp-content\/uploads\/2026\/01\/KERMOS_product_shower-screen_rotating_black.jpg 1200w\" sizes=\"auto, (max-width: 480px) 100vw, 480px\" \/><figcaption class=\"wp-element-caption\">K\u00e4\u00e4ntyv\u00e4, musta alumiini<\/figcaption><\/figure>\n<\/div>\n\n\n\n<div class=\"wp-block-column is-layout-flow wp-block-column-is-layout-flow\">\n<figure class=\"wp-block-image size-S_QUAD\"><img alt=\"\" loading=\"lazy\" decoding=\"async\" width=\"480\" height=\"480\" src=\"http:\/\/kermos.com\/wp-content\/uploads\/2026\/01\/KERMOS_product_shower-screen_rotating_aluminium-480x480.jpg\" alt=\"\" class=\"wp-image-8753\" srcset=\"https:\/\/kermos.com\/wp-content\/uploads\/2026\/01\/KERMOS_product_shower-screen_rotating_aluminium-480x480.jpg 480w, https:\/\/kermos.com\/wp-content\/uploads\/2026\/01\/KERMOS_product_shower-screen_rotating_aluminium-300x300.jpg 300w, https:\/\/kermos.com\/wp-content\/uploads\/2026\/01\/KERMOS_product_shower-screen_rotating_aluminium-1024x1024.jpg 1024w, https:\/\/kermos.com\/wp-content\/uploads\/2026\/01\/KERMOS_product_shower-screen_rotating_aluminium-150x150.jpg 150w, https:\/\/kermos.com\/wp-content\/uploads\/2026\/01\/KERMOS_product_shower-screen_rotating_aluminium-768x768.jpg 768w, https:\/\/kermos.com\/wp-content\/uploads\/2026\/01\/KERMOS_product_shower-screen_rotating_aluminium-960x960.jpg 960w, https:\/\/kermos.com\/wp-content\/uploads\/2026\/01\/KERMOS_product_shower-screen_rotating_aluminium-720x720.jpg 720w, https:\/\/kermos.com\/wp-content\/uploads\/2026\/01\/KERMOS_product_shower-screen_rotating_aluminium.jpg 1200w\" sizes=\"auto, (max-width: 480px) 100vw, 480px\" \/><figcaption class=\"wp-element-caption\">K\u00e4\u00e4ntyv\u00e4, alumiini<\/figcaption><\/figure>\n<\/div>\n<\/div>\n<\/div>\n\n\n\n<div class=\"wp-block-column is-layout-flow wp-block-column-is-layout-flow\">\n<div class=\"wp-block-columns is-layout-flex wp-container-core-columns-is-layout-9d6595d7 wp-block-columns-is-layout-flex\">\n<div class=\"wp-block-column is-layout-flow wp-block-column-is-layout-flow\">\n<figure class=\"wp-block-image size-S_QUAD\"><img alt=\"\" loading=\"lazy\" decoding=\"async\" width=\"480\" height=\"480\" src=\"http:\/\/kermos.com\/wp-content\/uploads\/2026\/01\/KERMOS_product_shower-screen_folding_aluminium-480x480.jpg\" alt=\"\" class=\"wp-image-8747\" srcset=\"https:\/\/kermos.com\/wp-content\/uploads\/2026\/01\/KERMOS_product_shower-screen_folding_aluminium-480x480.jpg 480w, https:\/\/kermos.com\/wp-content\/uploads\/2026\/01\/KERMOS_product_shower-screen_folding_aluminium-300x300.jpg 300w, https:\/\/kermos.com\/wp-content\/uploads\/2026\/01\/KERMOS_product_shower-screen_folding_aluminium-1024x1024.jpg 1024w, https:\/\/kermos.com\/wp-content\/uploads\/2026\/01\/KERMOS_product_shower-screen_folding_aluminium-150x150.jpg 150w, https:\/\/kermos.com\/wp-content\/uploads\/2026\/01\/KERMOS_product_shower-screen_folding_aluminium-768x768.jpg 768w, https:\/\/kermos.com\/wp-content\/uploads\/2026\/01\/KERMOS_product_shower-screen_folding_aluminium-960x960.jpg 960w, https:\/\/kermos.com\/wp-content\/uploads\/2026\/01\/KERMOS_product_shower-screen_folding_aluminium-720x720.jpg 720w, https:\/\/kermos.com\/wp-content\/uploads\/2026\/01\/KERMOS_product_shower-screen_folding_aluminium.jpg 1200w\" sizes=\"auto, (max-width: 480px) 100vw, 480px\" \/><figcaption class=\"wp-element-caption\">Taittuva, alumiini<\/figcaption><\/figure>\n<\/div>\n\n\n\n<div class=\"wp-block-column is-layout-flow wp-block-column-is-layout-flow\">\n<figure class=\"wp-block-image size-S_QUAD\"><img alt=\"\" loading=\"lazy\" decoding=\"async\" width=\"480\" height=\"480\" src=\"http:\/\/kermos.com\/wp-content\/uploads\/2026\/01\/KERMOS_product_shower-screen_fixed_aluminium-480x480.jpg\" alt=\"\" class=\"wp-image-8741\" srcset=\"https:\/\/kermos.com\/wp-content\/uploads\/2026\/01\/KERMOS_product_shower-screen_fixed_aluminium-480x480.jpg 480w, https:\/\/kermos.com\/wp-content\/uploads\/2026\/01\/KERMOS_product_shower-screen_fixed_aluminium-300x300.jpg 300w, https:\/\/kermos.com\/wp-content\/uploads\/2026\/01\/KERMOS_product_shower-screen_fixed_aluminium-1024x1024.jpg 1024w, https:\/\/kermos.com\/wp-content\/uploads\/2026\/01\/KERMOS_product_shower-screen_fixed_aluminium-150x150.jpg 150w, https:\/\/kermos.com\/wp-content\/uploads\/2026\/01\/KERMOS_product_shower-screen_fixed_aluminium-768x768.jpg 768w, https:\/\/kermos.com\/wp-content\/uploads\/2026\/01\/KERMOS_product_shower-screen_fixed_aluminium-960x960.jpg 960w, https:\/\/kermos.com\/wp-content\/uploads\/2026\/01\/KERMOS_product_shower-screen_fixed_aluminium-720x720.jpg 720w, https:\/\/kermos.com\/wp-content\/uploads\/2026\/01\/KERMOS_product_shower-screen_fixed_aluminium.jpg 1200w\" sizes=\"auto, (max-width: 480px) 100vw, 480px\" \/><figcaption class=\"wp-element-caption\">Taittuva, alumiini<\/figcaption><\/figure>\n<\/div>\n<\/div>\n<\/div>\n<\/div>\n<\/div><\/div>\n\n\n\n<div style=\"height:100px\" aria-hidden=\"true\" class=\"wp-block-spacer is-style-small\"><\/div>\n\n\n\n<div class=\"wp-block-group is-style-width-60\"><div class=\"wp-block-group__inner-container is-layout-constrained wp-block-group-is-layout-constrained\">\n<p>Tutustu koko valikoimaan verkkokaupassamme:<\/p>\n\n\n\n<div class=\"wp-block-columns is-layout-flex wp-container-core-columns-is-layout-9d6595d7 wp-block-columns-is-layout-flex\">\n<div class=\"wp-block-column is-layout-flow wp-block-column-is-layout-flow\">\r\n<div class=\"custom-block-image-card-link\" id=\"image-card-link-block_ffe48441f6476ed6a3d9621d6726528a\">\r\n\t<a href=\"https:\/\/www.stark-suomi.fi\/haku\/kermos\"\r\n\t   class=\"image-card-link__link css-hover\"\r\n\t   target=\"_blank\"\r\n\t   title=\"STARK Suomi\">\r\n\r\n\t\t\t\t\t<img decoding=\"async\" src=\"https:\/\/kermos.com\/wp-content\/uploads\/2025\/12\/1200x400px-FI-STARK.png\" alt=\"\" class=\"image-card-link__image\" \/>\r\n\t\t\r\n\t\t\r\n\t<\/a>\r\n<\/div>\r\n<\/div>\n\n\n\n<div class=\"wp-block-column is-layout-flow wp-block-column-is-layout-flow\"><\/div>\n<\/div>\n<\/div><\/div>\n\n\n\n<div style=\"height:100px\" aria-hidden=\"true\" class=\"wp-block-spacer is-style-small\"><\/div>\n","protected":false},"excerpt":{"rendered":"<p>Suihkusein\u00e4t tyylikk\u00e4\u00e4seen ja toimivaan suihkutilaan Moderni suihkusein\u00e4 on tyylik\u00e4s ja k\u00e4yt\u00e4nn\u00f6llinen ratkaisu, joka tekee kylpyhuoneesta avaramman tuntuisen. Laadukkaat ja kest\u00e4v\u00e4t suihkusein\u00e4t suojaavat muuta kylpyhuonetta vesi- ja saippuaroiskeilta. Valikoimastamme l\u00f6yd\u00e4t niin kiinteit\u00e4 kuin avattavia suihkuseini\u00e4 erilaisiin kylpyhuoneisiin sopivina malleina. Kirkas lasisein\u00e4&hellip;<\/p>\n","protected":false},"author":2,"featured_media":8761,"parent":8328,"menu_order":189,"comment_status":"closed","ping_status":"closed","template":"","meta":{"_acf_changed":false,"_seopress_robots_primary_cat":"","_seopress_titles_title":"","_seopress_titles_desc":"","_seopress_robots_index":"","footnotes":""},"class_list":["post-8815","page","type-page","status-publish","has-post-thumbnail","hentry"],"acf":[],"_links":{"self":[{"href":"https:\/\/kermos.com\/fi\/wp-json\/wp\/v2\/pages\/8815","targetHints":{"allow":["GET"]}}],"collection":[{"href":"https:\/\/kermos.com\/fi\/wp-json\/wp\/v2\/pages"}],"about":[{"href":"https:\/\/kermos.com\/fi\/wp-json\/wp\/v2\/types\/page"}],"author":[{"embeddable":true,"href":"https:\/\/kermos.com\/fi\/wp-json\/wp\/v2\/users\/2"}],"replies":[{"embeddable":true,"href":"https:\/\/kermos.com\/fi\/wp-json\/wp\/v2\/comments?post=8815"}],"version-history":[{"count":3,"href":"https:\/\/kermos.com\/fi\/wp-json\/wp\/v2\/pages\/8815\/revisions"}],"predecessor-version":[{"id":9852,"href":"https:\/\/kermos.com\/fi\/wp-json\/wp\/v2\/pages\/8815\/revisions\/9852"}],"up":[{"embeddable":true,"href":"https:\/\/kermos.com\/fi\/wp-json\/wp\/v2\/pages\/8328"}],"wp:featuredmedia":[{"embeddable":true,"href":"https:\/\/kermos.com\/fi\/wp-json\/wp\/v2\/media\/8761"}],"wp:attachment":[{"href":"https:\/\/kermos.com\/fi\/wp-json\/wp\/v2\/media?parent=8815"}],"curies":[{"name":"wp","href":"https:\/\/api.w.org\/{rel}","templated":true}]}}