{"id":8825,"date":"2026-01-22T10:17:48","date_gmt":"2026-01-22T09:17:48","guid":{"rendered":"https:\/\/kermos.stark.aliaz.net\/?page_id=8825"},"modified":"2026-03-16T13:05:47","modified_gmt":"2026-03-16T12:05:47","slug":"peilit","status":"publish","type":"page","link":"https:\/\/kermos.com\/fi\/tuotevalikoima\/kylpyhuoneet\/peilit\/","title":{"rendered":"Peilit"},"content":{"rendered":"\n<div style=\"height:100px\" aria-hidden=\"true\" class=\"wp-block-spacer is-style-tiny\"><\/div>\n\n\n\n<div class=\"wp-block-group is-style-width-50\"><div class=\"wp-block-group__inner-container is-layout-constrained wp-block-group-is-layout-constrained\">\n<h2 class=\"wp-block-heading\"><strong>Tyylikk\u00e4\u00e4t ja monipuoliset peiliratkaisut<\/strong><\/h2>\n\n\n\n<p>Klassisista malleista moderneihin LED-valaistuihin vaihtoehtoihin \u2013 peilit ovat keskeisess\u00e4 roolissa kylpyhuoneen tunnelman luomisessa. Laaja valikoimamme sis\u00e4lt\u00e4\u00e4 py\u00f6reit\u00e4 ja suorakulmaisia malleja, joissa yhdistyv\u00e4t esteettisyys ja k\u00e4yt\u00e4nn\u00f6llisyys. Haluatpa sitten minimalistisen ilmeen tai n\u00e4ytt\u00e4v\u00e4n sisustuselementin, KERMOS-peilit tuovat kirkkautta, syvyytt\u00e4 ja selkeytt\u00e4 kaiken kokoisiin kylpyhuoneisiin. Laadukkaat pinnat ja integroidut valaistusvaihtoehdot takaavat hienostuneen visuaalisen kokemuksen ja helpottavat p\u00e4ivitt\u00e4isi\u00e4 rutiineja.<\/p>\n<\/div><\/div>\n\n\n\n<div style=\"height:100px\" aria-hidden=\"true\" class=\"wp-block-spacer is-style-small\"><\/div>\n\n\n\n<div class=\"wp-block-group is-style-width-50\"><div class=\"wp-block-group__inner-container is-layout-constrained wp-block-group-is-layout-constrained\">\n<div class=\"wp-block-columns is-layout-flex wp-container-core-columns-is-layout-9d6595d7 wp-block-columns-is-layout-flex\">\n<div class=\"wp-block-column is-layout-flow wp-block-column-is-layout-flow\">\n<div class=\"wp-block-columns is-layout-flex wp-container-core-columns-is-layout-9d6595d7 wp-block-columns-is-layout-flex\">\n<div class=\"wp-block-column is-layout-flow wp-block-column-is-layout-flow\">\n<figure class=\"wp-block-image size-S_QUAD\"><a href=\"https:\/\/kermos.com\/wp-content\/uploads\/2026\/01\/KERMOS_product_mirror.jpg\" data-fancybox><img alt=\"\" loading=\"lazy\" decoding=\"async\" width=\"480\" height=\"480\" src=\"https:\/\/kermos.com\/wp-content\/uploads\/2026\/01\/KERMOS_product_mirror-480x480.jpg\" alt=\"\" class=\"wp-image-8737\" srcset=\"https:\/\/kermos.com\/wp-content\/uploads\/2026\/01\/KERMOS_product_mirror-480x480.jpg 480w, https:\/\/kermos.com\/wp-content\/uploads\/2026\/01\/KERMOS_product_mirror-300x300.jpg 300w, https:\/\/kermos.com\/wp-content\/uploads\/2026\/01\/KERMOS_product_mirror-1024x1024.jpg 1024w, https:\/\/kermos.com\/wp-content\/uploads\/2026\/01\/KERMOS_product_mirror-150x150.jpg 150w, https:\/\/kermos.com\/wp-content\/uploads\/2026\/01\/KERMOS_product_mirror-768x768.jpg 768w, https:\/\/kermos.com\/wp-content\/uploads\/2026\/01\/KERMOS_product_mirror-960x960.jpg 960w, https:\/\/kermos.com\/wp-content\/uploads\/2026\/01\/KERMOS_product_mirror-720x720.jpg 720w, https:\/\/kermos.com\/wp-content\/uploads\/2026\/01\/KERMOS_product_mirror.jpg 1200w\" sizes=\"auto, (max-width: 480px) 100vw, 480px\" \/><\/a><\/figure>\n<\/div>\n\n\n\n<div class=\"wp-block-column is-layout-flow wp-block-column-is-layout-flow\">\n<figure class=\"wp-block-image size-S_QUAD\"><a href=\"https:\/\/kermos.com\/wp-content\/uploads\/2026\/01\/KERMOS_product_mirror_LED.jpg\" data-fancybox><img alt=\"\" loading=\"lazy\" decoding=\"async\" width=\"480\" height=\"480\" src=\"https:\/\/kermos.com\/wp-content\/uploads\/2026\/01\/KERMOS_product_mirror_LED-480x480.jpg\" alt=\"\" class=\"wp-image-8731\" srcset=\"https:\/\/kermos.com\/wp-content\/uploads\/2026\/01\/KERMOS_product_mirror_LED-480x480.jpg 480w, https:\/\/kermos.com\/wp-content\/uploads\/2026\/01\/KERMOS_product_mirror_LED-300x300.jpg 300w, https:\/\/kermos.com\/wp-content\/uploads\/2026\/01\/KERMOS_product_mirror_LED-1024x1024.jpg 1024w, https:\/\/kermos.com\/wp-content\/uploads\/2026\/01\/KERMOS_product_mirror_LED-150x150.jpg 150w, https:\/\/kermos.com\/wp-content\/uploads\/2026\/01\/KERMOS_product_mirror_LED-768x768.jpg 768w, https:\/\/kermos.com\/wp-content\/uploads\/2026\/01\/KERMOS_product_mirror_LED-960x960.jpg 960w, https:\/\/kermos.com\/wp-content\/uploads\/2026\/01\/KERMOS_product_mirror_LED-720x720.jpg 720w, https:\/\/kermos.com\/wp-content\/uploads\/2026\/01\/KERMOS_product_mirror_LED.jpg 1200w\" sizes=\"auto, (max-width: 480px) 100vw, 480px\" \/><\/a><\/figure>\n<\/div>\n<\/div>\n<\/div>\n\n\n\n<div class=\"wp-block-column is-layout-flow wp-block-column-is-layout-flow\">\n<div class=\"wp-block-columns is-layout-flex wp-container-core-columns-is-layout-9d6595d7 wp-block-columns-is-layout-flex\">\n<div class=\"wp-block-column is-layout-flow wp-block-column-is-layout-flow\">\n<figure class=\"wp-block-image size-S_QUAD\"><a href=\"https:\/\/kermos.com\/wp-content\/uploads\/2026\/01\/KERMOS_product_mirror_LED_round.jpg\" data-fancybox><img alt=\"\" loading=\"lazy\" decoding=\"async\" width=\"480\" height=\"480\" src=\"https:\/\/kermos.com\/wp-content\/uploads\/2026\/01\/KERMOS_product_mirror_LED_round-480x480.jpg\" alt=\"\" class=\"wp-image-8725\" srcset=\"https:\/\/kermos.com\/wp-content\/uploads\/2026\/01\/KERMOS_product_mirror_LED_round-480x480.jpg 480w, https:\/\/kermos.com\/wp-content\/uploads\/2026\/01\/KERMOS_product_mirror_LED_round-300x300.jpg 300w, https:\/\/kermos.com\/wp-content\/uploads\/2026\/01\/KERMOS_product_mirror_LED_round-1024x1024.jpg 1024w, https:\/\/kermos.com\/wp-content\/uploads\/2026\/01\/KERMOS_product_mirror_LED_round-150x150.jpg 150w, https:\/\/kermos.com\/wp-content\/uploads\/2026\/01\/KERMOS_product_mirror_LED_round-768x768.jpg 768w, https:\/\/kermos.com\/wp-content\/uploads\/2026\/01\/KERMOS_product_mirror_LED_round-960x960.jpg 960w, https:\/\/kermos.com\/wp-content\/uploads\/2026\/01\/KERMOS_product_mirror_LED_round-720x720.jpg 720w, https:\/\/kermos.com\/wp-content\/uploads\/2026\/01\/KERMOS_product_mirror_LED_round.jpg 1200w\" sizes=\"auto, (max-width: 480px) 100vw, 480px\" \/><\/a><\/figure>\n<\/div>\n\n\n\n<div class=\"wp-block-column is-layout-flow wp-block-column-is-layout-flow\"><\/div>\n<\/div>\n<\/div>\n<\/div>\n<\/div><\/div>\n\n\n\n<div style=\"height:100px\" aria-hidden=\"true\" class=\"wp-block-spacer is-style-small\"><\/div>\n\n\n\n<div class=\"wp-block-group is-style-width-60\"><div class=\"wp-block-group__inner-container is-layout-constrained wp-block-group-is-layout-constrained\">\n<p>Tutustu koko valikoimaan verkkokaupassamme:<\/p>\n\n\n\n<div class=\"wp-block-columns is-layout-flex wp-container-core-columns-is-layout-9d6595d7 wp-block-columns-is-layout-flex\">\n<div class=\"wp-block-column is-layout-flow wp-block-column-is-layout-flow\">\r\n<div class=\"custom-block-image-card-link\" id=\"image-card-link-block_8f0724e1e7677789e8c4eed5f7aec2b2\">\r\n\t<a href=\"https:\/\/www.stark-suomi.fi\/haku\/kermos\"\r\n\t   class=\"image-card-link__link css-hover\"\r\n\t   target=\"_blank\"\r\n\t   title=\"STARK Suomi\">\r\n\r\n\t\t\t\t\t<img decoding=\"async\" src=\"https:\/\/kermos.com\/wp-content\/uploads\/2025\/12\/1200x400px-FI-STARK.png\" alt=\"\" class=\"image-card-link__image\" \/>\r\n\t\t\r\n\t\t\r\n\t<\/a>\r\n<\/div>\r\n<\/div>\n\n\n\n<div class=\"wp-block-column is-layout-flow wp-block-column-is-layout-flow\"><\/div>\n<\/div>\n<\/div><\/div>\n\n\n\n<div style=\"height:100px\" aria-hidden=\"true\" class=\"wp-block-spacer is-style-small\"><\/div>\n\n\n\n<p><\/p>\n","protected":false},"excerpt":{"rendered":"<p>Paranna kylpyhuoneesi ilmett\u00e4 tyylikk\u00e4ill\u00e4 ja toimivilla peileill\u00e4. <\/p>\n","protected":false},"author":2,"featured_media":8725,"parent":8328,"menu_order":191,"comment_status":"closed","ping_status":"closed","template":"","meta":{"_acf_changed":false,"_seopress_robots_primary_cat":"","_seopress_titles_title":"","_seopress_titles_desc":"","_seopress_robots_index":"","footnotes":""},"class_list":["post-8825","page","type-page","status-publish","has-post-thumbnail","hentry"],"acf":[],"_links":{"self":[{"href":"https:\/\/kermos.com\/fi\/wp-json\/wp\/v2\/pages\/8825","targetHints":{"allow":["GET"]}}],"collection":[{"href":"https:\/\/kermos.com\/fi\/wp-json\/wp\/v2\/pages"}],"about":[{"href":"https:\/\/kermos.com\/fi\/wp-json\/wp\/v2\/types\/page"}],"author":[{"embeddable":true,"href":"https:\/\/kermos.com\/fi\/wp-json\/wp\/v2\/users\/2"}],"replies":[{"embeddable":true,"href":"https:\/\/kermos.com\/fi\/wp-json\/wp\/v2\/comments?post=8825"}],"version-history":[{"count":5,"href":"https:\/\/kermos.com\/fi\/wp-json\/wp\/v2\/pages\/8825\/revisions"}],"predecessor-version":[{"id":10168,"href":"https:\/\/kermos.com\/fi\/wp-json\/wp\/v2\/pages\/8825\/revisions\/10168"}],"up":[{"embeddable":true,"href":"https:\/\/kermos.com\/fi\/wp-json\/wp\/v2\/pages\/8328"}],"wp:featuredmedia":[{"embeddable":true,"href":"https:\/\/kermos.com\/fi\/wp-json\/wp\/v2\/media\/8725"}],"wp:attachment":[{"href":"https:\/\/kermos.com\/fi\/wp-json\/wp\/v2\/media?parent=8825"}],"curies":[{"name":"wp","href":"https:\/\/api.w.org\/{rel}","templated":true}]}}