{"id":8831,"date":"2026-01-22T10:26:20","date_gmt":"2026-01-22T09:26:20","guid":{"rendered":"https:\/\/kermos.stark.aliaz.net\/?page_id=8831"},"modified":"2026-02-12T17:38:01","modified_gmt":"2026-02-12T16:38:01","slug":"kylpyhuonekalusteet","status":"publish","type":"page","link":"https:\/\/kermos.com\/fi\/tuotevalikoima\/kylpyhuoneet\/kylpyhuonekalusteet\/","title":{"rendered":"Kylpyhuonekalusteet"},"content":{"rendered":"\n<div style=\"height:100px\" aria-hidden=\"true\" class=\"wp-block-spacer is-style-tiny\"><\/div>\n\n\n\n<div class=\"wp-block-group is-style-width-50\"><div class=\"wp-block-group__inner-container is-layout-constrained wp-block-group-is-layout-constrained\">\n<h2 class=\"wp-block-heading\"><strong>Viimeistele kylpyhuoneesi t\u00e4ydelliseksi &#8211; KERMOS Cityn avulla<\/strong><\/h2>\n\n\n\n<p>KERMOS City tuotteissa tyylik\u00e4s muotoilu kohtaa jokap\u00e4iv\u00e4isen toiminnallisuuden. Puhtaiden linjojen, kest\u00e4vien materiaalien ja yksinkertaisuuden ansiosta t\u00e4m\u00e4n sarjan avulla on helppo luoda kylpyhuone, joka tuntuu sek\u00e4 tyylikk\u00e4\u00e4lt\u00e4, ett\u00e4 k\u00e4yt\u00e4nn\u00f6lliselt\u00e4.<\/p>\n\n\n\n<p>KERMOS City kylpyhuonekaluste -sarja tarjoaa laajan valikoiman korkealaatuisia kalusteita ja lis\u00e4varusteita. Jokainen elementti on suunniteltu korostamaan tilasi ulkon\u00e4k\u00f6\u00e4 ja tunnelmaa &#8211; ja samalla helpottamaan p\u00e4ivitt\u00e4isi\u00e4 rutiineja.<\/p>\n\n\n\n<p>Sarja mahdollistaa t\u00e4yden joustavuuden. Voit yhdistell\u00e4 sein\u00e4- tai allaskalusteita ja valaistuja peilej\u00e4 mieltymysten mukaan. S\u00e4ilytystilaa ei ole my\u00f6sk\u00e4\u00e4n koskaan j\u00e4tetty taka-alalle \u2013 City kalustesarja on suunniteltu auttamaan tarvikkeita pysym\u00e4\u00e4n j\u00e4rjestyksess\u00e4 tyylist\u00e4 tinkim\u00e4tt\u00e4.<\/p>\n\n\n\n<p>Kest\u00e4vyys on KERMOKSEN ydin. Kaikki tuotteet on valmistettu kosteudenkest\u00e4v\u00e4st\u00e4 materiaaleista, kuten jauhemaalatusta ter\u00e4ksest\u00e4 ja kosteudenkest\u00e4v\u00e4st\u00e4 kalustelevyist\u00e4, jotka on rakennettu kest\u00e4m\u00e4\u00e4n kylpyhuoneen kosteutta ja kulutusta.<\/p>\n<\/div><\/div>\n\n\n\n<div style=\"height:100px\" aria-hidden=\"true\" class=\"wp-block-spacer is-style-small\"><\/div>\n\n\n\n<div class=\"wp-block-group is-style-width-50\"><div class=\"wp-block-group__inner-container is-layout-constrained wp-block-group-is-layout-constrained\">\n<div class=\"wp-block-columns is-layout-flex wp-container-core-columns-is-layout-9d6595d7 wp-block-columns-is-layout-flex\">\n<div class=\"wp-block-column is-layout-flow wp-block-column-is-layout-flow\">\n<div class=\"wp-block-columns is-layout-flex wp-container-core-columns-is-layout-9d6595d7 wp-block-columns-is-layout-flex\">\n<div class=\"wp-block-column is-layout-flow wp-block-column-is-layout-flow\">\n<figure class=\"wp-block-image size-S_QUAD\"><a href=\"http:\/\/kermos.com\/wp-content\/uploads\/2026\/01\/KERMOS_bathroom-furniture_ambient.jpg\" data-fancybox><img alt=\"\" loading=\"lazy\" decoding=\"async\" width=\"480\" height=\"480\" src=\"http:\/\/kermos.com\/wp-content\/uploads\/2026\/01\/KERMOS_bathroom-furniture_ambient-480x480.jpg\" alt=\"\" class=\"wp-image-8717\" srcset=\"https:\/\/kermos.com\/wp-content\/uploads\/2026\/01\/KERMOS_bathroom-furniture_ambient-480x480.jpg 480w, https:\/\/kermos.com\/wp-content\/uploads\/2026\/01\/KERMOS_bathroom-furniture_ambient-150x150.jpg 150w, https:\/\/kermos.com\/wp-content\/uploads\/2026\/01\/KERMOS_bathroom-furniture_ambient-960x960.jpg 960w\" sizes=\"auto, (max-width: 480px) 100vw, 480px\" \/><\/a><\/figure>\n<\/div>\n\n\n\n<div class=\"wp-block-column is-layout-flow wp-block-column-is-layout-flow\">\n<figure class=\"wp-block-image size-S_QUAD\"><a href=\"http:\/\/kermos.com\/wp-content\/uploads\/2026\/01\/KERMOS_bathroom-furniture_ambient_white.jpg\" data-fancybox><img alt=\"\" loading=\"lazy\" decoding=\"async\" width=\"480\" height=\"480\" src=\"http:\/\/kermos.com\/wp-content\/uploads\/2026\/01\/KERMOS_bathroom-furniture_ambient_white-480x480.jpg\" alt=\"\" class=\"wp-image-8711\" srcset=\"https:\/\/kermos.com\/wp-content\/uploads\/2026\/01\/KERMOS_bathroom-furniture_ambient_white-480x480.jpg 480w, https:\/\/kermos.com\/wp-content\/uploads\/2026\/01\/KERMOS_bathroom-furniture_ambient_white-150x150.jpg 150w, https:\/\/kermos.com\/wp-content\/uploads\/2026\/01\/KERMOS_bathroom-furniture_ambient_white-960x960.jpg 960w\" sizes=\"auto, (max-width: 480px) 100vw, 480px\" \/><\/a><\/figure>\n<\/div>\n<\/div>\n<\/div>\n\n\n\n<div class=\"wp-block-column is-layout-flow wp-block-column-is-layout-flow\">\n<div class=\"wp-block-columns is-layout-flex wp-container-core-columns-is-layout-9d6595d7 wp-block-columns-is-layout-flex\">\n<div class=\"wp-block-column is-layout-flow wp-block-column-is-layout-flow\">\n<figure class=\"wp-block-image size-S_QUAD\"><a href=\"http:\/\/kermos.com\/wp-content\/uploads\/2026\/01\/KERMOS_bathroom-furniture_ambient_taupe-1.jpg\" data-fancybox><img alt=\"\" loading=\"lazy\" decoding=\"async\" width=\"480\" height=\"480\" src=\"http:\/\/kermos.com\/wp-content\/uploads\/2026\/01\/KERMOS_bathroom-furniture_ambient_taupe-1-480x480.jpg\" alt=\"\" class=\"wp-image-8705\" srcset=\"https:\/\/kermos.com\/wp-content\/uploads\/2026\/01\/KERMOS_bathroom-furniture_ambient_taupe-1-480x480.jpg 480w, https:\/\/kermos.com\/wp-content\/uploads\/2026\/01\/KERMOS_bathroom-furniture_ambient_taupe-1-150x150.jpg 150w, https:\/\/kermos.com\/wp-content\/uploads\/2026\/01\/KERMOS_bathroom-furniture_ambient_taupe-1-960x960.jpg 960w\" sizes=\"auto, (max-width: 480px) 100vw, 480px\" \/><\/a><\/figure>\n<\/div>\n\n\n\n<div class=\"wp-block-column is-layout-flow wp-block-column-is-layout-flow\">\n<figure class=\"wp-block-image size-S_QUAD\"><a href=\"http:\/\/kermos.com\/wp-content\/uploads\/2026\/01\/KERMOS_bathroom-furniture_ambient_black.jpg\" data-fancybox><img alt=\"\" loading=\"lazy\" decoding=\"async\" width=\"480\" height=\"480\" src=\"http:\/\/kermos.com\/wp-content\/uploads\/2026\/01\/KERMOS_bathroom-furniture_ambient_black-480x480.jpg\" alt=\"\" class=\"wp-image-8699\" srcset=\"https:\/\/kermos.com\/wp-content\/uploads\/2026\/01\/KERMOS_bathroom-furniture_ambient_black-480x480.jpg 480w, https:\/\/kermos.com\/wp-content\/uploads\/2026\/01\/KERMOS_bathroom-furniture_ambient_black-150x150.jpg 150w, https:\/\/kermos.com\/wp-content\/uploads\/2026\/01\/KERMOS_bathroom-furniture_ambient_black-960x960.jpg 960w\" sizes=\"auto, (max-width: 480px) 100vw, 480px\" \/><\/a><\/figure>\n<\/div>\n<\/div>\n<\/div>\n<\/div>\n<\/div><\/div>\n\n\n\n<div class=\"wp-block-group is-style-width-50\"><div class=\"wp-block-group__inner-container is-layout-constrained wp-block-group-is-layout-constrained\">\n<div class=\"wp-block-columns is-layout-flex wp-container-core-columns-is-layout-9d6595d7 wp-block-columns-is-layout-flex\">\n<div class=\"wp-block-column is-layout-flow wp-block-column-is-layout-flow\">\n<div class=\"wp-block-columns is-layout-flex wp-container-core-columns-is-layout-9d6595d7 wp-block-columns-is-layout-flex\">\n<div class=\"wp-block-column is-layout-flow wp-block-column-is-layout-flow\">\n<figure class=\"wp-block-image size-S_QUAD\"><a href=\"http:\/\/kermos.com\/wp-content\/uploads\/2026\/01\/KERMOS_bathroom-furniture_ambient_.jpg\" data-fancybox><img alt=\"\" loading=\"lazy\" decoding=\"async\" width=\"480\" height=\"480\" src=\"http:\/\/kermos.com\/wp-content\/uploads\/2026\/01\/KERMOS_bathroom-furniture_ambient_-480x480.jpg\" alt=\"\" class=\"wp-image-8693\" srcset=\"https:\/\/kermos.com\/wp-content\/uploads\/2026\/01\/KERMOS_bathroom-furniture_ambient_-480x480.jpg 480w, https:\/\/kermos.com\/wp-content\/uploads\/2026\/01\/KERMOS_bathroom-furniture_ambient_-150x150.jpg 150w, https:\/\/kermos.com\/wp-content\/uploads\/2026\/01\/KERMOS_bathroom-furniture_ambient_-960x960.jpg 960w\" sizes=\"auto, (max-width: 480px) 100vw, 480px\" \/><\/a><\/figure>\n<\/div>\n\n\n\n<div class=\"wp-block-column is-layout-flow wp-block-column-is-layout-flow\"><\/div>\n<\/div>\n<\/div>\n\n\n\n<div class=\"wp-block-column is-layout-flow wp-block-column-is-layout-flow\">\n<div class=\"wp-block-columns is-layout-flex wp-container-core-columns-is-layout-9d6595d7 wp-block-columns-is-layout-flex\">\n<div class=\"wp-block-column is-layout-flow wp-block-column-is-layout-flow\"><\/div>\n\n\n\n<div class=\"wp-block-column is-layout-flow wp-block-column-is-layout-flow\"><\/div>\n<\/div>\n<\/div>\n<\/div>\n<\/div><\/div>\n\n\n\n<div style=\"height:100px\" aria-hidden=\"true\" class=\"wp-block-spacer is-style-small\"><\/div>\n\n\n\n<div class=\"wp-block-group is-style-width-60\"><div class=\"wp-block-group__inner-container is-layout-constrained wp-block-group-is-layout-constrained\">\n<p>Tutustu koko valikoimaan verkkokaupassamme:<\/p>\n\n\n\n<div class=\"wp-block-columns is-layout-flex wp-container-core-columns-is-layout-9d6595d7 wp-block-columns-is-layout-flex\">\n<div class=\"wp-block-column is-layout-flow wp-block-column-is-layout-flow\">\r\n<div class=\"custom-block-image-card-link\" id=\"image-card-link-block_29f1ce6673e9fc303a1334badc2e557a\">\r\n\t<a href=\"https:\/\/www.stark-suomi.fi\/haku\/kermos\"\r\n\t   class=\"image-card-link__link css-hover\"\r\n\t   target=\"_blank\"\r\n\t   title=\"STARK Suomi\">\r\n\r\n\t\t\t\t\t<img decoding=\"async\" src=\"https:\/\/kermos.com\/wp-content\/uploads\/2025\/12\/1200x400px-FI-STARK.png\" alt=\"\" class=\"image-card-link__image\" \/>\r\n\t\t\r\n\t\t\r\n\t<\/a>\r\n<\/div>\r\n<\/div>\n\n\n\n<div class=\"wp-block-column is-layout-flow wp-block-column-is-layout-flow\"><\/div>\n<\/div>\n<\/div><\/div>\n\n\n\n<div style=\"height:100px\" aria-hidden=\"true\" class=\"wp-block-spacer is-style-small\"><\/div>\n","protected":false},"excerpt":{"rendered":"<p>Laadukkailla tuotteillamme rakennat ja remontoit itsellesi haaveidesi kylpyhuoneen. <\/p>\n","protected":false},"author":2,"featured_media":8695,"parent":8328,"menu_order":196,"comment_status":"closed","ping_status":"closed","template":"","meta":{"_acf_changed":false,"_seopress_robots_primary_cat":"","_seopress_titles_title":"","_seopress_titles_desc":"","_seopress_robots_index":"","footnotes":""},"class_list":["post-8831","page","type-page","status-publish","has-post-thumbnail","hentry"],"acf":[],"_links":{"self":[{"href":"https:\/\/kermos.com\/fi\/wp-json\/wp\/v2\/pages\/8831","targetHints":{"allow":["GET"]}}],"collection":[{"href":"https:\/\/kermos.com\/fi\/wp-json\/wp\/v2\/pages"}],"about":[{"href":"https:\/\/kermos.com\/fi\/wp-json\/wp\/v2\/types\/page"}],"author":[{"embeddable":true,"href":"https:\/\/kermos.com\/fi\/wp-json\/wp\/v2\/users\/2"}],"replies":[{"embeddable":true,"href":"https:\/\/kermos.com\/fi\/wp-json\/wp\/v2\/comments?post=8831"}],"version-history":[{"count":3,"href":"https:\/\/kermos.com\/fi\/wp-json\/wp\/v2\/pages\/8831\/revisions"}],"predecessor-version":[{"id":9855,"href":"https:\/\/kermos.com\/fi\/wp-json\/wp\/v2\/pages\/8831\/revisions\/9855"}],"up":[{"embeddable":true,"href":"https:\/\/kermos.com\/fi\/wp-json\/wp\/v2\/pages\/8328"}],"wp:featuredmedia":[{"embeddable":true,"href":"https:\/\/kermos.com\/fi\/wp-json\/wp\/v2\/media\/8695"}],"wp:attachment":[{"href":"https:\/\/kermos.com\/fi\/wp-json\/wp\/v2\/media?parent=8831"}],"curies":[{"name":"wp","href":"https:\/\/api.w.org\/{rel}","templated":true}]}}