{"id":8883,"date":"2026-01-22T11:03:50","date_gmt":"2026-01-22T10:03:50","guid":{"rendered":"https:\/\/kermos.stark.aliaz.net\/?page_id=8883"},"modified":"2026-02-12T17:48:59","modified_gmt":"2026-02-12T16:48:59","slug":"saunan-ja-kosteantilan-ovet","status":"publish","type":"page","link":"https:\/\/kermos.com\/fi\/tuotevalikoima\/saunan-ja-kosteantilan-ovet\/","title":{"rendered":"Saunan ja kosteantilan ovet"},"content":{"rendered":"\n<div style=\"height:100px\" aria-hidden=\"true\" class=\"wp-block-spacer is-style-tiny\"><\/div>\n\n\n\n<div class=\"wp-block-group is-style-width-50\"><div class=\"wp-block-group__inner-container is-layout-constrained wp-block-group-is-layout-constrained\">\n<h2 class=\"wp-block-heading\"><strong>Kosteantilan ovet<\/strong><\/h2>\n\n\n\n<p>Kosteantilan ovet on suunniteltu kest\u00e4m\u00e4\u00e4n kylpyhuoneille ja muille kosteille tiloille tyypillist\u00e4 kosteutta ja l\u00e4mp\u00f6tilan vaihtelua. Kylpyhuoneiden ja muiden kosteiden tilojen ovet valmistetaan usein kosteutta kest\u00e4vist\u00e4 materiaaleista, kuten lasista tai pintak\u00e4sitellyst\u00e4 puusta. Lasiovet ovat suosittuja niiden modernin ulkon\u00e4\u00f6n ja helppohoitoisuuden vuoksi. Kostean tilan ovi voi olla paljon muutakin kuin pelkk\u00e4 ovi. Se on my\u00f6s tyylik\u00e4s sisustuselementti, joka viimeistelee kylpyhuoneen ilmeen.<\/p>\n<\/div><\/div>\n\n\n\n<div style=\"height:100px\" aria-hidden=\"true\" class=\"wp-block-spacer is-style-small\"><\/div>\n\n\n\n<div class=\"wp-block-group is-style-width-50\"><div class=\"wp-block-group__inner-container is-layout-constrained wp-block-group-is-layout-constrained\">\n<div class=\"wp-block-columns is-layout-flex wp-container-core-columns-is-layout-9d6595d7 wp-block-columns-is-layout-flex\">\n<div class=\"wp-block-column is-layout-flow wp-block-column-is-layout-flow\">\n<div class=\"wp-block-columns is-layout-flex wp-container-core-columns-is-layout-9d6595d7 wp-block-columns-is-layout-flex\">\n<div class=\"wp-block-column is-layout-flow wp-block-column-is-layout-flow\">\n<figure class=\"wp-block-image size-S_QUAD\"><img alt=\"\" loading=\"lazy\" decoding=\"async\" width=\"480\" height=\"480\" src=\"http:\/\/kermos.com\/wp-content\/uploads\/2026\/01\/KERMOS_Bathroom-doors_product_satin-480x480.jpg\" alt=\"\" class=\"wp-image-8840\" srcset=\"https:\/\/kermos.com\/wp-content\/uploads\/2026\/01\/KERMOS_Bathroom-doors_product_satin-480x480.jpg 480w, https:\/\/kermos.com\/wp-content\/uploads\/2026\/01\/KERMOS_Bathroom-doors_product_satin-300x300.jpg 300w, https:\/\/kermos.com\/wp-content\/uploads\/2026\/01\/KERMOS_Bathroom-doors_product_satin-1024x1024.jpg 1024w, https:\/\/kermos.com\/wp-content\/uploads\/2026\/01\/KERMOS_Bathroom-doors_product_satin-150x150.jpg 150w, https:\/\/kermos.com\/wp-content\/uploads\/2026\/01\/KERMOS_Bathroom-doors_product_satin-768x768.jpg 768w, https:\/\/kermos.com\/wp-content\/uploads\/2026\/01\/KERMOS_Bathroom-doors_product_satin-960x960.jpg 960w, https:\/\/kermos.com\/wp-content\/uploads\/2026\/01\/KERMOS_Bathroom-doors_product_satin-720x720.jpg 720w, https:\/\/kermos.com\/wp-content\/uploads\/2026\/01\/KERMOS_Bathroom-doors_product_satin.jpg 1200w\" sizes=\"auto, (max-width: 480px) 100vw, 480px\" \/><\/figure>\n<\/div>\n\n\n\n<div class=\"wp-block-column is-layout-flow wp-block-column-is-layout-flow\">\n<figure class=\"wp-block-image size-S_QUAD\"><img alt=\"\" loading=\"lazy\" decoding=\"async\" width=\"480\" height=\"480\" src=\"http:\/\/kermos.com\/wp-content\/uploads\/2026\/01\/KERMOS_Bathroom-doors_product_grey-satin-480x480.jpg\" alt=\"\" class=\"wp-image-8834\" srcset=\"https:\/\/kermos.com\/wp-content\/uploads\/2026\/01\/KERMOS_Bathroom-doors_product_grey-satin-480x480.jpg 480w, https:\/\/kermos.com\/wp-content\/uploads\/2026\/01\/KERMOS_Bathroom-doors_product_grey-satin-300x300.jpg 300w, https:\/\/kermos.com\/wp-content\/uploads\/2026\/01\/KERMOS_Bathroom-doors_product_grey-satin-1024x1024.jpg 1024w, https:\/\/kermos.com\/wp-content\/uploads\/2026\/01\/KERMOS_Bathroom-doors_product_grey-satin-150x150.jpg 150w, https:\/\/kermos.com\/wp-content\/uploads\/2026\/01\/KERMOS_Bathroom-doors_product_grey-satin-768x768.jpg 768w, https:\/\/kermos.com\/wp-content\/uploads\/2026\/01\/KERMOS_Bathroom-doors_product_grey-satin-960x960.jpg 960w, https:\/\/kermos.com\/wp-content\/uploads\/2026\/01\/KERMOS_Bathroom-doors_product_grey-satin-720x720.jpg 720w, https:\/\/kermos.com\/wp-content\/uploads\/2026\/01\/KERMOS_Bathroom-doors_product_grey-satin.jpg 1200w\" sizes=\"auto, (max-width: 480px) 100vw, 480px\" \/><\/figure>\n<\/div>\n<\/div>\n<\/div>\n\n\n\n<div class=\"wp-block-column is-layout-flow wp-block-column-is-layout-flow\">\n<div class=\"wp-block-columns is-layout-flex wp-container-core-columns-is-layout-9d6595d7 wp-block-columns-is-layout-flex\">\n<div class=\"wp-block-column is-layout-flow wp-block-column-is-layout-flow\"><\/div>\n\n\n\n<div class=\"wp-block-column is-layout-flow wp-block-column-is-layout-flow\"><\/div>\n<\/div>\n<\/div>\n<\/div>\n<\/div><\/div>\n\n\n\n<div style=\"height:100px\" aria-hidden=\"true\" class=\"wp-block-spacer is-style-small\"><\/div>\n\n\n\n<div class=\"wp-block-group is-style-width-50\"><div class=\"wp-block-group__inner-container is-layout-constrained wp-block-group-is-layout-constrained\">\n<h2 class=\"wp-block-heading\"><strong>Saunanovi<\/strong><\/h2>\n\n\n\n<p>KERMOS-saunanovi on k\u00e4yt\u00f6ss\u00e4 helppohoitoinen ja turvallinen, sill\u00e4 se valmistetaan laadukkaasta karkaistusta, reunahiotusta lasista. KERMOS-saunanovi uudistaa saunan ja kylpytilan ilmeen raikkaaksi ja valoisaksi. Saunanovi toimitetaan m\u00e4ntykarmilla ja m\u00e4ntyisell\u00e4 puunupilla.<\/p>\n\n\n\n<p>Puuovet ovat ajaton ja tyylik\u00e4s vaihtoehto saunaan. Valikoimastamme l\u00f6yd\u00e4t muun muassa perinteisi\u00e4 m\u00e4ntyovia, jotka luovat saunaan l\u00e4mmint\u00e4 ja kodikasta tunnelmaa. Puinen saunan ovi sopii monenlaiseen sisustustyyliin tai m\u00f6kin saunaan.<\/p>\n<\/div><\/div>\n\n\n\n<div style=\"height:100px\" aria-hidden=\"true\" class=\"wp-block-spacer is-style-small\"><\/div>\n\n\n\n<div class=\"wp-block-group is-style-width-50\"><div class=\"wp-block-group__inner-container is-layout-constrained wp-block-group-is-layout-constrained\">\n<div class=\"wp-block-columns is-layout-flex wp-container-core-columns-is-layout-9d6595d7 wp-block-columns-is-layout-flex\">\n<div class=\"wp-block-column is-layout-flow wp-block-column-is-layout-flow\">\n<div class=\"wp-block-columns is-layout-flex wp-container-core-columns-is-layout-9d6595d7 wp-block-columns-is-layout-flex\">\n<div class=\"wp-block-column is-layout-flow wp-block-column-is-layout-flow\">\n<figure class=\"wp-block-image size-S_QUAD\"><img alt=\"\" loading=\"lazy\" decoding=\"async\" width=\"480\" height=\"480\" src=\"http:\/\/kermos.com\/wp-content\/uploads\/2026\/01\/KERMOS_Sauna-doors_product_pine-480x480.jpg\" alt=\"\" class=\"wp-image-8870\" srcset=\"https:\/\/kermos.com\/wp-content\/uploads\/2026\/01\/KERMOS_Sauna-doors_product_pine-480x480.jpg 480w, https:\/\/kermos.com\/wp-content\/uploads\/2026\/01\/KERMOS_Sauna-doors_product_pine-300x300.jpg 300w, https:\/\/kermos.com\/wp-content\/uploads\/2026\/01\/KERMOS_Sauna-doors_product_pine-1024x1024.jpg 1024w, https:\/\/kermos.com\/wp-content\/uploads\/2026\/01\/KERMOS_Sauna-doors_product_pine-150x150.jpg 150w, https:\/\/kermos.com\/wp-content\/uploads\/2026\/01\/KERMOS_Sauna-doors_product_pine-768x768.jpg 768w, https:\/\/kermos.com\/wp-content\/uploads\/2026\/01\/KERMOS_Sauna-doors_product_pine-960x960.jpg 960w, https:\/\/kermos.com\/wp-content\/uploads\/2026\/01\/KERMOS_Sauna-doors_product_pine-720x720.jpg 720w, https:\/\/kermos.com\/wp-content\/uploads\/2026\/01\/KERMOS_Sauna-doors_product_pine.jpg 1200w\" sizes=\"auto, (max-width: 480px) 100vw, 480px\" \/><\/figure>\n<\/div>\n\n\n\n<div class=\"wp-block-column is-layout-flow wp-block-column-is-layout-flow\">\n<figure class=\"wp-block-image size-S_QUAD\"><img alt=\"\" loading=\"lazy\" decoding=\"async\" width=\"480\" height=\"480\" src=\"http:\/\/kermos.com\/wp-content\/uploads\/2026\/01\/KERMOS_Sauna-doors_product_grey-pine-480x480.jpg\" alt=\"\" class=\"wp-image-8864\" srcset=\"https:\/\/kermos.com\/wp-content\/uploads\/2026\/01\/KERMOS_Sauna-doors_product_grey-pine-480x480.jpg 480w, https:\/\/kermos.com\/wp-content\/uploads\/2026\/01\/KERMOS_Sauna-doors_product_grey-pine-300x300.jpg 300w, https:\/\/kermos.com\/wp-content\/uploads\/2026\/01\/KERMOS_Sauna-doors_product_grey-pine-1024x1024.jpg 1024w, https:\/\/kermos.com\/wp-content\/uploads\/2026\/01\/KERMOS_Sauna-doors_product_grey-pine-150x150.jpg 150w, https:\/\/kermos.com\/wp-content\/uploads\/2026\/01\/KERMOS_Sauna-doors_product_grey-pine-768x768.jpg 768w, https:\/\/kermos.com\/wp-content\/uploads\/2026\/01\/KERMOS_Sauna-doors_product_grey-pine-960x960.jpg 960w, https:\/\/kermos.com\/wp-content\/uploads\/2026\/01\/KERMOS_Sauna-doors_product_grey-pine-720x720.jpg 720w, https:\/\/kermos.com\/wp-content\/uploads\/2026\/01\/KERMOS_Sauna-doors_product_grey-pine.jpg 1200w\" sizes=\"auto, (max-width: 480px) 100vw, 480px\" \/><\/figure>\n<\/div>\n<\/div>\n<\/div>\n\n\n\n<div class=\"wp-block-column is-layout-flow wp-block-column-is-layout-flow\">\n<div class=\"wp-block-columns is-layout-flex wp-container-core-columns-is-layout-9d6595d7 wp-block-columns-is-layout-flex\">\n<div class=\"wp-block-column is-layout-flow wp-block-column-is-layout-flow\">\n<figure class=\"wp-block-image size-S_QUAD\"><img alt=\"\" loading=\"lazy\" decoding=\"async\" width=\"480\" height=\"480\" src=\"http:\/\/kermos.com\/wp-content\/uploads\/2026\/01\/KERMOS_Sauna-doors_product_grey-alder-480x480.jpg\" alt=\"\" class=\"wp-image-8858\" srcset=\"https:\/\/kermos.com\/wp-content\/uploads\/2026\/01\/KERMOS_Sauna-doors_product_grey-alder-480x480.jpg 480w, https:\/\/kermos.com\/wp-content\/uploads\/2026\/01\/KERMOS_Sauna-doors_product_grey-alder-300x300.jpg 300w, https:\/\/kermos.com\/wp-content\/uploads\/2026\/01\/KERMOS_Sauna-doors_product_grey-alder-1024x1024.jpg 1024w, https:\/\/kermos.com\/wp-content\/uploads\/2026\/01\/KERMOS_Sauna-doors_product_grey-alder-150x150.jpg 150w, https:\/\/kermos.com\/wp-content\/uploads\/2026\/01\/KERMOS_Sauna-doors_product_grey-alder-768x768.jpg 768w, https:\/\/kermos.com\/wp-content\/uploads\/2026\/01\/KERMOS_Sauna-doors_product_grey-alder-960x960.jpg 960w, https:\/\/kermos.com\/wp-content\/uploads\/2026\/01\/KERMOS_Sauna-doors_product_grey-alder-720x720.jpg 720w, https:\/\/kermos.com\/wp-content\/uploads\/2026\/01\/KERMOS_Sauna-doors_product_grey-alder.jpg 1200w\" sizes=\"auto, (max-width: 480px) 100vw, 480px\" \/><\/figure>\n<\/div>\n\n\n\n<div class=\"wp-block-column is-layout-flow wp-block-column-is-layout-flow\">\n<figure class=\"wp-block-image size-S_QUAD\"><img alt=\"\" loading=\"lazy\" decoding=\"async\" width=\"480\" height=\"480\" src=\"http:\/\/kermos.com\/wp-content\/uploads\/2026\/01\/KERMOS_Sauna-doors_product_clear-pine-480x480.jpg\" alt=\"\" class=\"wp-image-8852\" srcset=\"https:\/\/kermos.com\/wp-content\/uploads\/2026\/01\/KERMOS_Sauna-doors_product_clear-pine-480x480.jpg 480w, https:\/\/kermos.com\/wp-content\/uploads\/2026\/01\/KERMOS_Sauna-doors_product_clear-pine-300x300.jpg 300w, https:\/\/kermos.com\/wp-content\/uploads\/2026\/01\/KERMOS_Sauna-doors_product_clear-pine-1024x1024.jpg 1024w, https:\/\/kermos.com\/wp-content\/uploads\/2026\/01\/KERMOS_Sauna-doors_product_clear-pine-150x150.jpg 150w, https:\/\/kermos.com\/wp-content\/uploads\/2026\/01\/KERMOS_Sauna-doors_product_clear-pine-768x768.jpg 768w, https:\/\/kermos.com\/wp-content\/uploads\/2026\/01\/KERMOS_Sauna-doors_product_clear-pine-960x960.jpg 960w, https:\/\/kermos.com\/wp-content\/uploads\/2026\/01\/KERMOS_Sauna-doors_product_clear-pine-720x720.jpg 720w, https:\/\/kermos.com\/wp-content\/uploads\/2026\/01\/KERMOS_Sauna-doors_product_clear-pine.jpg 1200w\" sizes=\"auto, (max-width: 480px) 100vw, 480px\" \/><\/figure>\n<\/div>\n<\/div>\n<\/div>\n<\/div>\n<\/div><\/div>\n\n\n\n<div class=\"wp-block-group is-style-width-50\"><div class=\"wp-block-group__inner-container is-layout-constrained wp-block-group-is-layout-constrained\">\n<div class=\"wp-block-columns is-layout-flex wp-container-core-columns-is-layout-9d6595d7 wp-block-columns-is-layout-flex\">\n<div class=\"wp-block-column is-layout-flow wp-block-column-is-layout-flow\">\n<div class=\"wp-block-columns is-layout-flex wp-container-core-columns-is-layout-9d6595d7 wp-block-columns-is-layout-flex\">\n<div class=\"wp-block-column is-layout-flow wp-block-column-is-layout-flow\">\n<figure class=\"wp-block-image size-S_QUAD\"><img alt=\"\" loading=\"lazy\" decoding=\"async\" width=\"480\" height=\"480\" src=\"http:\/\/kermos.com\/wp-content\/uploads\/2026\/01\/KERMOS_Sauna-doors_product_clear-alder-480x480.jpg\" alt=\"\" class=\"wp-image-8846\" srcset=\"https:\/\/kermos.com\/wp-content\/uploads\/2026\/01\/KERMOS_Sauna-doors_product_clear-alder-480x480.jpg 480w, https:\/\/kermos.com\/wp-content\/uploads\/2026\/01\/KERMOS_Sauna-doors_product_clear-alder-300x300.jpg 300w, https:\/\/kermos.com\/wp-content\/uploads\/2026\/01\/KERMOS_Sauna-doors_product_clear-alder-1024x1024.jpg 1024w, https:\/\/kermos.com\/wp-content\/uploads\/2026\/01\/KERMOS_Sauna-doors_product_clear-alder-150x150.jpg 150w, https:\/\/kermos.com\/wp-content\/uploads\/2026\/01\/KERMOS_Sauna-doors_product_clear-alder-768x768.jpg 768w, https:\/\/kermos.com\/wp-content\/uploads\/2026\/01\/KERMOS_Sauna-doors_product_clear-alder-960x960.jpg 960w, https:\/\/kermos.com\/wp-content\/uploads\/2026\/01\/KERMOS_Sauna-doors_product_clear-alder-720x720.jpg 720w, https:\/\/kermos.com\/wp-content\/uploads\/2026\/01\/KERMOS_Sauna-doors_product_clear-alder.jpg 1200w\" sizes=\"auto, (max-width: 480px) 100vw, 480px\" \/><\/figure>\n<\/div>\n\n\n\n<div class=\"wp-block-column is-layout-flow wp-block-column-is-layout-flow\"><\/div>\n<\/div>\n<\/div>\n\n\n\n<div class=\"wp-block-column is-layout-flow wp-block-column-is-layout-flow\">\n<div class=\"wp-block-columns is-layout-flex wp-container-core-columns-is-layout-9d6595d7 wp-block-columns-is-layout-flex\">\n<div class=\"wp-block-column is-layout-flow wp-block-column-is-layout-flow\"><\/div>\n\n\n\n<div class=\"wp-block-column is-layout-flow wp-block-column-is-layout-flow\"><\/div>\n<\/div>\n<\/div>\n<\/div>\n<\/div><\/div>\n\n\n\n<div style=\"height:100px\" aria-hidden=\"true\" class=\"wp-block-spacer is-style-small\"><\/div>\n\n\n\n<div class=\"wp-block-group is-style-width-60\"><div class=\"wp-block-group__inner-container is-layout-constrained wp-block-group-is-layout-constrained\">\n<p>Tutustu koko valikoimaan verkkokaupassamme:<\/p>\n\n\n\n<div class=\"wp-block-columns is-layout-flex wp-container-core-columns-is-layout-9d6595d7 wp-block-columns-is-layout-flex\">\n<div class=\"wp-block-column is-layout-flow wp-block-column-is-layout-flow\">\r\n<div class=\"custom-block-image-card-link\" id=\"image-card-link-block_c86c9cf54faa3d91fe45d01b565e0028\">\r\n\t<a href=\"https:\/\/www.stark-suomi.fi\/haku\/kermos\"\r\n\t   class=\"image-card-link__link css-hover\"\r\n\t   target=\"_blank\"\r\n\t   title=\"STARK Suomi\">\r\n\r\n\t\t\t\t\t<img decoding=\"async\" src=\"https:\/\/kermos.com\/wp-content\/uploads\/2025\/12\/1200x400px-FI-STARK.png\" alt=\"\" class=\"image-card-link__image\" \/>\r\n\t\t\r\n\t\t\r\n\t<\/a>\r\n<\/div>\r\n<\/div>\n\n\n\n<div class=\"wp-block-column is-layout-flow wp-block-column-is-layout-flow\"><\/div>\n<\/div>\n<\/div><\/div>\n\n\n\n<div style=\"height:100px\" aria-hidden=\"true\" class=\"wp-block-spacer is-style-small\"><\/div>\n\n\n\n<p><\/p>\n","protected":false},"excerpt":{"rendered":"<p>Laadukas ovi parantaa tilojen toimivuutta, turvallisuutta ja ulkon\u00e4k\u00f6\u00e4. Ovet vaikuttavat tilojen k\u00e4ytett\u00e4vyyteen, energiatehokkuuteen ja sisustuksen kokonaisuuteen.<\/p>\n","protected":false},"author":2,"featured_media":9856,"parent":8781,"menu_order":194,"comment_status":"closed","ping_status":"closed","template":"","meta":{"_acf_changed":false,"_seopress_robots_primary_cat":"","_seopress_titles_title":"","_seopress_titles_desc":"","_seopress_robots_index":"","footnotes":""},"class_list":["post-8883","page","type-page","status-publish","has-post-thumbnail","hentry"],"acf":[],"_links":{"self":[{"href":"https:\/\/kermos.com\/fi\/wp-json\/wp\/v2\/pages\/8883","targetHints":{"allow":["GET"]}}],"collection":[{"href":"https:\/\/kermos.com\/fi\/wp-json\/wp\/v2\/pages"}],"about":[{"href":"https:\/\/kermos.com\/fi\/wp-json\/wp\/v2\/types\/page"}],"author":[{"embeddable":true,"href":"https:\/\/kermos.com\/fi\/wp-json\/wp\/v2\/users\/2"}],"replies":[{"embeddable":true,"href":"https:\/\/kermos.com\/fi\/wp-json\/wp\/v2\/comments?post=8883"}],"version-history":[{"count":4,"href":"https:\/\/kermos.com\/fi\/wp-json\/wp\/v2\/pages\/8883\/revisions"}],"predecessor-version":[{"id":9851,"href":"https:\/\/kermos.com\/fi\/wp-json\/wp\/v2\/pages\/8883\/revisions\/9851"}],"up":[{"embeddable":true,"href":"https:\/\/kermos.com\/fi\/wp-json\/wp\/v2\/pages\/8781"}],"wp:featuredmedia":[{"embeddable":true,"href":"https:\/\/kermos.com\/fi\/wp-json\/wp\/v2\/media\/9856"}],"wp:attachment":[{"href":"https:\/\/kermos.com\/fi\/wp-json\/wp\/v2\/media?parent=8883"}],"curies":[{"name":"wp","href":"https:\/\/api.w.org\/{rel}","templated":true}]}}