{"id":8885,"date":"2025-08-07T12:43:34","date_gmt":"2025-08-07T10:43:34","guid":{"rendered":"https:\/\/kermos.stark.aliaz.net\/?page_id=8885"},"modified":"2026-02-12T16:12:22","modified_gmt":"2026-02-12T15:12:22","slug":"about-kermos","status":"publish","type":"page","link":"https:\/\/kermos.com\/fi\/about-kermos\/","title":{"rendered":"Tietoja KERMOS"},"content":{"rendered":"\n<div style=\"height:100px\" aria-hidden=\"true\" class=\"wp-block-spacer is-style-tiny\"><\/div>\n\n\n\n<div class=\"wp-block-group is-style-width-50\"><div class=\"wp-block-group__inner-container is-layout-constrained wp-block-group-is-layout-constrained\">\n<h2 class=\"wp-block-heading\"><strong>Luotettavia ja tyylikk\u00e4it\u00e4 ratkaisuja tilojen viimeistelyyn<\/strong><\/h2>\n\n\n\n<p>Jos haluat laatua rakennusprojektin viimeistelyyn, KERMOS on erinomainen vaihtoehto.<\/p>\n\n\n\n<p>Tyylikk\u00e4\u00e4t ja toimivat tuotteet tarjoavat mahdollisuuden tehd\u00e4 varmoja valintoja helpommin. Laaja valikoima laadukkaita laattoja, lattioita, kylpyhuoneita ja keitti\u00f6it\u00e4 helpottaa p\u00e4\u00e4t\u00f6ksentekoa ja nopeuttaa projektin loppuunsaattamista.<\/p>\n\n\n\n<p>Innovoimme, optimoimme ja kehit\u00e4mme tuotteita jatkuvasti, jotta voimme vastata yksil\u00f6llisiin ja erilaisiin tarpeisiin. KERMOS on br\u00e4ndi, joka yhdist\u00e4\u00e4 ammattilaiset ja p\u00e4\u00e4t\u00f6ksentekij\u00e4t sek\u00e4 tekee rakentamisesta helppoa.<\/p>\n<\/div><\/div>\n\n\n\n<div style=\"height:100px\" aria-hidden=\"true\" class=\"wp-block-spacer is-style-small\"><\/div>\n\n\n\n<div class=\"wp-block-group is-style-width-70\"><div class=\"wp-block-group__inner-container is-layout-constrained wp-block-group-is-layout-constrained\">\r\n\r\n<div id=\"content-flip-block_58a76d4be66bd538e80cd4ba6c00c8c2\" class=\"custom-block-content-flip\">\r\n\t<div class=\"content-flip__inner\">\r\n\t\t<div class=\"content-wrapper taupe flip__front\"><div class=\"content front-content\"><p>KEMROS tuli markkinoille Saksassa vuonna 1993 ja korkealaatuisina tuotteina br\u00e4ndi on saavuttanut 85 % tunnettavuuden Saksassa. Siit\u00e4 l\u00e4htien KERMOS on laajentanut tuotevalikoimaansa ja laajentunut uusille markkinoille STARK-konsernin sis\u00e4ll\u00e4.<\/p>\n<\/div><div class=\"flip-indicator\"><span class=\"fa-sharp fa-thin fa-plus\"><\/span><\/div><\/div><div class=\"content-wrapper dark flip__back\"><div class=\"content back-content\"><p>Nyky\u00e4\u00e4n KERMOS on luotettava kumppani ammattilaisille ja p\u00e4\u00e4t\u00f6ksentekij\u00f6ille, joka tarjoaa luotettavia ratkaisuja rakennusprojektien viimeistelyyn. KERMOS keskittyy erityisesti rakennusten n\u00e4kyviin ratkaisuihin ja tarjoaa asiakkailleen kattavan valikoiman korkealaatuisia tuotteita.<\/p>\n<\/div><div class=\"flip-indicator\"><span class=\"fa-sharp fa-thin fa-plus\"><\/span><\/div><\/div>\t<\/div>\r\n<\/div>\r\n\r\n\r\n\t<script>\r\n\tjQuery(function($) {\r\n\t\tfunction setContentFlipEqualHeight() {\r\n\t\t\t$('.content-flip__inner').each(function() {\r\n\t\t\t\tlet $wrappers = $(this).find('.content-wrapper');\r\n\t\t\t\t$wrappers.css('height', ''); \/\/ Reset H\u00f6he\r\n\t\t\t\tlet maxHeight = 0;\r\n\r\n\t\t\t\t$wrappers.each(function() {\r\n\t\t\t\t\tlet h = $(this).outerHeight();\r\n\t\t\t\t\tif (h > maxHeight) maxHeight = h;\r\n\t\t\t\t});\r\n\t\t\t\t$wrappers.css('height', maxHeight + 'px');\r\n\t\t\t});\r\n\t\t}\r\n\t\tsetContentFlipEqualHeight();\r\n\t\t$(window).on('resize', setContentFlipEqualHeight);\r\n\t});\r\n\t<\/script>\r\n\r\n\n\n\n<div style=\"height:30px\" aria-hidden=\"true\" class=\"wp-block-spacer is-style-small\"><\/div>\n<\/div><\/div>\n\n\n\n<div class=\"wp-block-group is-style-width-50\"><div class=\"wp-block-group__inner-container is-layout-constrained wp-block-group-is-layout-constrained\">\n<h2 class=\"wp-block-heading has-text-align-center\"><strong><strong><strong>Kasvumme tarina<\/strong><\/strong><\/strong><\/h2>\n\n\n\r\n\r\n\r\n\r\n<div id=\"timeline-block_6c37aaf8ce38230e34e1a8d1c4edfe03\" class=\"custom-timeline style-two\">\r\n\t<div class=\"timeline__inner\">\r\n\t\t<div class=\"timeline__line\"><\/div>\r\n\t\t\t\t\t\t<div class=\"timeline__item timeline__item--right\">\r\n\t\t\t\t\t<div class=\"timeline__marker timeline__marker--right\">\r\n\t\t\t\t\t\t\t\t\t\t\t<span class=\"timeline__marker-inner\"><\/span>\r\n\t\t\t\t\t\t\t\t\t\t<\/div>\r\n\t\t\t\t\t<div class=\"timeline__content\">\r\n\t\t\t\t\t\t<div class=\"timeline__title has-large-font-size\">2025<\/div>\r\n\t\t\t\t\t\t<div class=\"timeline__text\">Br\u00e4ndin uudistaminen: Tuotevalikoiman laajentaminen ja asemointi kokonaisvaltaisten sisustusratkaisujen toimittajana. Uusi, raikas logo t\u00e4ydent\u00e4\u00e4 KERMOSin p\u00e4ivitetty\u00e4 br\u00e4ndi-identiteetti\u00e4 ja korostaa sen modernia suuntausta.<\/div>\r\n\t\t\t\t\t<\/div>\r\n\t\t\t\t<\/div>\r\n\t\t\t\t\t\t\t<div class=\"timeline__item timeline__item--left\">\r\n\t\t\t\t\t<div class=\"timeline__marker timeline__marker--left\">\r\n\t\t\t\t\t\t\t\t\t\t\t<span class=\"timeline__marker-inner\"><\/span>\r\n\t\t\t\t\t\t\t\t\t\t<\/div>\r\n\t\t\t\t\t<div class=\"timeline__content\">\r\n\t\t\t\t\t\t<div class=\"timeline__title has-large-font-size\">2024<\/div>\r\n\t\t\t\t\t\t<div class=\"timeline__text\">Ovien lanseeraus Isossa-Britanniassa<\/div>\r\n\t\t\t\t\t<\/div>\r\n\t\t\t\t<\/div>\r\n\t\t\t\t\t\t\t<div class=\"timeline__item timeline__item--right\">\r\n\t\t\t\t\t<div class=\"timeline__marker timeline__marker--right\">\r\n\t\t\t\t\t\t\t\t\t\t\t<span class=\"timeline__marker-inner\"><\/span>\r\n\t\t\t\t\t\t\t\t\t\t<\/div>\r\n\t\t\t\t\t<div class=\"timeline__content\">\r\n\t\t\t\t\t\t<div class=\"timeline__title has-large-font-size\">2023<\/div>\r\n\t\t\t\t\t\t<div class=\"timeline__text\">Laattojen ja lattiap\u00e4\u00e4llysteiden esittely Pohjoismaissa<\/div>\r\n\t\t\t\t\t<\/div>\r\n\t\t\t\t<\/div>\r\n\t\t\t\t\t\t\t<div class=\"timeline__item timeline__item--left\">\r\n\t\t\t\t\t<div class=\"timeline__marker timeline__marker--left\">\r\n\t\t\t\t\t\t\t\t\t\t\t<span class=\"timeline__marker-inner\"><\/span>\r\n\t\t\t\t\t\t\t\t\t\t<\/div>\r\n\t\t\t\t\t<div class=\"timeline__content\">\r\n\t\t\t\t\t\t<div class=\"timeline__title has-large-font-size\">2021<\/div>\r\n\t\t\t\t\t\t<div class=\"timeline__text\">Tuotevalikoiman p\u00e4ivitt\u00e4minen ottamalla k\u00e4ytt\u00f6\u00f6n ohuet laatat suurikokoisina<\/div>\r\n\t\t\t\t\t<\/div>\r\n\t\t\t\t<\/div>\r\n\t\t\t\t\t\t\t<div class=\"timeline__item timeline__item--right\">\r\n\t\t\t\t\t<div class=\"timeline__marker timeline__marker--right\">\r\n\t\t\t\t\t\t\t\t\t\t\t<span class=\"timeline__marker-inner\"><\/span>\r\n\t\t\t\t\t\t\t\t\t\t<\/div>\r\n\t\t\t\t\t<div class=\"timeline__content\">\r\n\t\t\t\t\t\t<div class=\"timeline__title has-large-font-size\">1999<\/div>\r\n\t\t\t\t\t\t<div class=\"timeline__text\">Huippukokous Garmisch-Partenkircheniss\u00e4 Zugspitzella: T\u00e4\u00e4ll\u00e4 esittelimme asiakkaillemme ensimm\u00e4ist\u00e4 kertaa koko tuotevalikoimamme<\/div>\r\n\t\t\t\t\t<\/div>\r\n\t\t\t\t<\/div>\r\n\t\t\t\t\t\t\t<div class=\"timeline__item timeline__item--left\">\r\n\t\t\t\t\t<div class=\"timeline__marker timeline__marker--left\">\r\n\t\t\t\t\t\t\t\t\t\t\t<span class=\"timeline__marker-inner\"><\/span>\r\n\t\t\t\t\t\t\t\t\t\t<\/div>\r\n\t\t\t\t\t<div class=\"timeline__content\">\r\n\t\t\t\t\t\t<div class=\"timeline__title has-large-font-size\">1993<\/div>\r\n\t\t\t\t\t\t<div class=\"timeline__text\">Br\u00e4ndin vakiinnuttaminen Saksassa<\/div>\r\n\t\t\t\t\t<\/div>\r\n\t\t\t\t<\/div>\r\n\t\t\t\t<\/div>\r\n<\/div><\/div><\/div>\n\n\n\n<div style=\"height:100px\" aria-hidden=\"true\" class=\"wp-block-spacer is-style-small\"><\/div>\n\n\n\n<p><\/p>\n","protected":false},"excerpt":{"rendered":"<p>KERMOS is a contemporary brand with a wide range of quality products, matching decision makers\u2019 individual preferences with available products.<\/p>\n","protected":false},"author":2,"featured_media":0,"parent":0,"menu_order":1,"comment_status":"closed","ping_status":"closed","template":"","meta":{"_acf_changed":false,"_seopress_robots_primary_cat":"","_seopress_titles_title":"","_seopress_titles_desc":"","_seopress_robots_index":"","footnotes":""},"class_list":["post-8885","page","type-page","status-publish","hentry"],"acf":[],"_links":{"self":[{"href":"https:\/\/kermos.com\/fi\/wp-json\/wp\/v2\/pages\/8885","targetHints":{"allow":["GET"]}}],"collection":[{"href":"https:\/\/kermos.com\/fi\/wp-json\/wp\/v2\/pages"}],"about":[{"href":"https:\/\/kermos.com\/fi\/wp-json\/wp\/v2\/types\/page"}],"author":[{"embeddable":true,"href":"https:\/\/kermos.com\/fi\/wp-json\/wp\/v2\/users\/2"}],"replies":[{"embeddable":true,"href":"https:\/\/kermos.com\/fi\/wp-json\/wp\/v2\/comments?post=8885"}],"version-history":[{"count":8,"href":"https:\/\/kermos.com\/fi\/wp-json\/wp\/v2\/pages\/8885\/revisions"}],"predecessor-version":[{"id":9838,"href":"https:\/\/kermos.com\/fi\/wp-json\/wp\/v2\/pages\/8885\/revisions\/9838"}],"wp:attachment":[{"href":"https:\/\/kermos.com\/fi\/wp-json\/wp\/v2\/media?parent=8885"}],"curies":[{"name":"wp","href":"https:\/\/api.w.org\/{rel}","templated":true}]}}