{"id":8979,"date":"2025-08-07T12:43:34","date_gmt":"2025-08-07T10:43:34","guid":{"rendered":"https:\/\/kermos.stark.aliaz.net\/?page_id=8979"},"modified":"2026-03-04T15:04:52","modified_gmt":"2026-03-04T14:04:52","slug":"documentation","status":"publish","type":"page","link":"https:\/\/kermos.com\/fi\/documentation\/","title":{"rendered":"Dokumentointi"},"content":{"rendered":"\n<div style=\"height:100px\" aria-hidden=\"true\" class=\"wp-block-spacer is-style-tiny\"><\/div>\n\n\n\n<div class=\"wp-block-group is-style-width-60\"><div class=\"wp-block-group__inner-container is-layout-constrained wp-block-group-is-layout-constrained\">\n<h2 class=\"wp-block-heading\"><strong>EU-maissa ja Pohjois-Irlannissa myyt\u00e4v\u00e4t CE-merkityt tuotteet<\/strong><\/h2>\n\n\n\n<p>CE-merkint\u00e4, jonka n\u00e4et monissa Euroopan unionissa myyt\u00e4viss\u00e4 tuotteissa. Merkint\u00e4 tarkoittaa, ett\u00e4 tuote t\u00e4ytt\u00e4\u00e4 turvallisuus-, terveys- ja ymp\u00e4rist\u00f6standardit. Jos tuotteella on CE-merkint\u00e4, tuotteelle on laadittu suorituskykyvakuutus (rakennustuotteet) tai vaatimustenmukaisuusvakuutus. <\/p>\n\n\n\n<p>N\u00e4m\u00e4 asiakirjat l\u00f6ytyv\u00e4t etsim\u00e4ll\u00e4 tuotenumeroa ja\/tai tuotetta j\u00e4lleenmyyj\u00e4n verkkosivuilta (katso alla) tai ottamalla heihin suoraan yhteytt\u00e4.<\/p>\n\n\n\n<div class=\"wp-block-group hide-on-desktop hide-on-tablet\"><div class=\"wp-block-group__inner-container is-layout-constrained wp-block-group-is-layout-constrained\">\n<p><strong>Austria<\/strong>: <a href=\"https:\/\/www.schilowsky.at\" target=\"_blank\" rel=\"noreferrer noopener\">https:\/\/www.schilowsky.at<\/a><\/p>\n\n\n\n<p><strong>Denmark<\/strong>: <a href=\"https:\/\/www.stark.dk\" target=\"_blank\" rel=\"noreferrer noopener\">https:\/\/www.stark.dk<\/a><\/p>\n\n\n\n<p><strong>Finland<\/strong>: <a href=\"https:\/\/www.stark-suomi.fi\" target=\"_blank\" rel=\"noreferrer noopener\">https:\/\/www.stark-suomi.fi<\/a><\/p>\n\n\n\n<p><strong>Germany<\/strong>: <a href=\"https:\/\/shop.keramundo.de\/leistungserklaerungen\/a\/leistungserklaerungen\" target=\"_blank\" rel=\"noreferrer noopener\">https:\/\/shop.keramundo.de\/leistungserklaerungen<\/a><\/p>\n\n\n\n<p><strong>Greenland<\/strong>: <a href=\"https:\/\/www.stark.gl\" target=\"_blank\" rel=\"noreferrer noopener\">https:\/\/www.stark.gl<\/a><\/p>\n\n\n\n<p><strong>Norway<\/strong>: <a href=\"https:\/\/www.neumann.no\" target=\"_blank\" rel=\"noreferrer noopener\">https:\/\/www.neumann.no<\/a><\/p>\n\n\n\n<p><strong>Northern Ireland<\/strong>: <a href=\"https:\/\/www.jewson.co.uk\" target=\"_blank\" rel=\"noreferrer noopener\">https:\/\/www.jewson.co.uk<\/a><\/p>\n\n\n\n<p><strong>Sweden<\/strong>: <a href=\"https:\/\/www.beijerbygg.se\/priva\" target=\"_blank\" rel=\"noreferrer noopener\">https:\/\/www.beijerbygg.se\/priva<\/a><\/p>\n<\/div><\/div>\n\n\n\n<div class=\"wp-block-columns hide-on-phone is-layout-flex wp-container-core-columns-is-layout-9d6595d7 wp-block-columns-is-layout-flex\">\n<div class=\"wp-block-column is-layout-flow wp-block-column-is-layout-flow\" style=\"flex-basis:20%\">\n<p><strong>Austria<\/strong><\/p>\n\n\n\n<p><strong>Denmark<\/strong><\/p>\n\n\n\n<p><strong>Finland<\/strong><\/p>\n\n\n\n<p><strong>Germany<\/strong><\/p>\n\n\n\n<p><strong>Greenland<\/strong><\/p>\n\n\n\n<p><strong>Norway<\/strong><\/p>\n\n\n\n<p><strong>Northern Ireland<\/strong><\/p>\n\n\n\n<p><strong>Sweden<\/strong><\/p>\n<\/div>\n\n\n\n<div class=\"wp-block-column is-layout-flow wp-block-column-is-layout-flow\">\n<p><a href=\"https:\/\/www.schilowsky.at\/\" target=\"_blank\" rel=\"noreferrer noopener\">https:\/\/www.schilowsky.at<\/a><\/p>\n\n\n\n<p><a href=\"https:\/\/www.stark.dk\/\" target=\"_blank\" rel=\"noreferrer noopener\">https:\/\/www.stark.dk<\/a><\/p>\n\n\n\n<p><a href=\"https:\/\/www.stark-suomi.fi\/\" target=\"_blank\" rel=\"noreferrer noopener\">https:\/\/www.stark-suomi.fi<\/a><\/p>\n\n\n\n<p><a href=\"https:\/\/shop.keramundo.de\/leistungserklaerungen\/a\/leistungserklaerungen\" target=\"_blank\" rel=\"noreferrer noopener\">https:\/\/shop.keramundo.de\/leistungserklaerungen<\/a><\/p>\n\n\n\n<p><a href=\"https:\/\/www.stark.gl\/\" target=\"_blank\" rel=\"noreferrer noopener\">https:\/\/www.stark.gl<\/a><\/p>\n\n\n\n<p><a href=\"https:\/\/www.neumann.no\/\" target=\"_blank\" rel=\"noreferrer noopener\">https:\/\/www.neumann.no<\/a><\/p>\n\n\n\n<p><a href=\"https:\/\/www.jewson.co.uk\/\" target=\"_blank\" rel=\"noreferrer noopener\">https:\/\/www.jewson.co.uk<\/a><\/p>\n\n\n\n<p><a href=\"https:\/\/www.beijerbygg.se\/privat\" target=\"_blank\" rel=\"noreferrer noopener\">https:\/\/www.beijerbygg.se\/priva<\/a><\/p>\n<\/div>\n<\/div>\n\n\n\n<div style=\"height:100px\" aria-hidden=\"true\" class=\"wp-block-spacer is-style-tiny\"><\/div>\n\n\n\n<h2 class=\"wp-block-heading\"><strong>UKCA-merkittyj\u00e4 tuotteita myyd\u00e4\u00e4n Isossa-Britanniassa (Englannissa, Skotlannissa ja Walesissa)<\/strong><\/h2>\n\n\n\n<p>UKCA-merkki tarkoittaa Yhdistyneen kuningaskunnan vaatimustenmukaisuuden arviointia ja on nykyisi vaadittu merkint\u00e4 tietyille Isossa-Britanniassa (Englannissa, Skotlannissa ja Walesissa) myyt\u00e4ville tavaroille. Se tarkoittaa, ett\u00e4 tuote t\u00e4ytt\u00e4\u00e4 Ison-Britannian turvallisuus-, terveys- ja ymp\u00e4rist\u00f6standardit.<\/p>\n\n\n\n<div style=\"height:100px\" aria-hidden=\"true\" class=\"wp-block-spacer is-style-tiny\"><\/div>\n\n\n\n<h2 class=\"wp-block-heading\"><strong>Isossa-Britanniassa (Englannissa, Skotlannissa ja Walesissa) myyt\u00e4v\u00e4t CE-merkityt tuotteet<\/strong><\/h2>\n\n\n\n<p>Yhdistynyt kuningaskunta hyv\u00e4ksyy tiettyjen tuotteiden CE-merkinn\u00e4n, joten niit\u00e4 ei v\u00e4ltt\u00e4m\u00e4tt\u00e4 merkit\u00e4 UKCA:lla, vaan CE:ll\u00e4.<\/p>\n\n\n\n<p>L\u00f6yd\u00e4t tuotteen ja siihen liittyv\u00e4t asiakirjat k\u00e4ym\u00e4ll\u00e4 osoitteessa jewson.co.uk ja hakemalla tuotenumeroa ja\/tai nime\u00e4.<\/p>\n\n\n\n<div class=\"wp-block-group hide-on-desktop hide-on-tablet\"><div class=\"wp-block-group__inner-container is-layout-constrained wp-block-group-is-layout-constrained\">\n<p><strong><strong>England<\/strong><\/strong>: <a href=\"https:\/\/www.jewson.co.uk\" target=\"_blank\" rel=\"noreferrer noopener\">https:\/\/www.jewson.co.uk<\/a><\/p>\n\n\n\n<p><strong><strong>Scotland<\/strong><\/strong>: <a href=\"https:\/\/www.jewson.co.uk\" target=\"_blank\" rel=\"noreferrer noopener\">https:\/\/www.jewson.co.uk<\/a><\/p>\n\n\n\n<p><strong><strong>Wales<\/strong><\/strong>: <a href=\"https:\/\/www.jewson.co.uk\" target=\"_blank\" rel=\"noreferrer noopener\">https:\/\/www.jewson.co.uk<\/a><\/p>\n<\/div><\/div>\n\n\n\n<div class=\"wp-block-columns hide-on-phone is-layout-flex wp-container-core-columns-is-layout-9d6595d7 wp-block-columns-is-layout-flex\">\n<div class=\"wp-block-column is-layout-flow wp-block-column-is-layout-flow\" style=\"flex-basis:20%\">\n<p><strong>England<\/strong><\/p>\n\n\n\n<p><strong>Scotland<\/strong><\/p>\n\n\n\n<p><strong>Wales<\/strong><\/p>\n<\/div>\n\n\n\n<div class=\"wp-block-column is-layout-flow wp-block-column-is-layout-flow\">\n<p><a href=\"https:\/\/www.jewson.co.uk\/\" target=\"_blank\" rel=\"noreferrer noopener\">https:\/\/www.jewson.co.uk<\/a><\/p>\n\n\n\n<p><a href=\"https:\/\/www.jewson.co.uk\/\" target=\"_blank\" rel=\"noreferrer noopener\">https:\/\/www.jewson.co.uk<\/a><\/p>\n\n\n\n<p><a href=\"https:\/\/www.jewson.co.uk\/\" target=\"_blank\" rel=\"noreferrer noopener\">https:\/\/www.jewson.co.uk<\/a><\/p>\n<\/div>\n<\/div>\n<\/div><\/div>\n\n\n\n<div style=\"height:30px\" aria-hidden=\"true\" class=\"wp-block-spacer is-style-small\"><\/div>\n","protected":false},"excerpt":{"rendered":"<p>Kuinka l\u00f6yd\u00e4t KERMOS-tuotteesi asiakirjat<\/p>\n","protected":false},"author":2,"featured_media":0,"parent":0,"menu_order":218,"comment_status":"closed","ping_status":"closed","template":"","meta":{"_acf_changed":false,"_seopress_robots_primary_cat":"","_seopress_titles_title":"","_seopress_titles_desc":"","_seopress_robots_index":"","footnotes":""},"class_list":["post-8979","page","type-page","status-publish","hentry"],"acf":[],"_links":{"self":[{"href":"https:\/\/kermos.com\/fi\/wp-json\/wp\/v2\/pages\/8979","targetHints":{"allow":["GET"]}}],"collection":[{"href":"https:\/\/kermos.com\/fi\/wp-json\/wp\/v2\/pages"}],"about":[{"href":"https:\/\/kermos.com\/fi\/wp-json\/wp\/v2\/types\/page"}],"author":[{"embeddable":true,"href":"https:\/\/kermos.com\/fi\/wp-json\/wp\/v2\/users\/2"}],"replies":[{"embeddable":true,"href":"https:\/\/kermos.com\/fi\/wp-json\/wp\/v2\/comments?post=8979"}],"version-history":[{"count":13,"href":"https:\/\/kermos.com\/fi\/wp-json\/wp\/v2\/pages\/8979\/revisions"}],"predecessor-version":[{"id":9966,"href":"https:\/\/kermos.com\/fi\/wp-json\/wp\/v2\/pages\/8979\/revisions\/9966"}],"wp:attachment":[{"href":"https:\/\/kermos.com\/fi\/wp-json\/wp\/v2\/media?parent=8979"}],"curies":[{"name":"wp","href":"https:\/\/api.w.org\/{rel}","templated":true}]}}