{"id":994,"date":"2025-08-07T10:27:03","date_gmt":"2025-08-07T08:27:03","guid":{"rendered":"https:\/\/kermos.stark.aliaz.net\/?page_id=994"},"modified":"2026-02-13T16:12:28","modified_gmt":"2026-02-13T15:12:28","slug":"home","status":"publish","type":"page","link":"https:\/\/kermos.com\/fi\/","title":{"rendered":"Home (Finland)"},"content":{"rendered":"\n<div style=\"height:100px\" aria-hidden=\"true\" class=\"wp-block-spacer is-style-large\"><\/div>\n\n\n\n<div class=\"wp-block-group is-style-width-50\"><div class=\"wp-block-group__inner-container is-layout-constrained wp-block-group-is-layout-constrained\">\n<h2 class=\"wp-block-heading has-3-xl-font-size\">Luotettavia ja tyylikk\u00e4it\u00e4 ratkaisuja tilojen viimeistelyyn&nbsp;<\/h2>\n\n\n\n<p class=\"lh-180 has-lg-font-size\">Kun valintasi on KERMOS, saat paljon muutakin kuin pelk\u00e4n tuotevalikoiman, valitset mahdollisuuksia. Elegantista lattiapinnoitteesta ilmeikk\u00e4isiin laattoihin \u2013 jokainen tuote on suunniteltu viimeistelem\u00e4\u00e4n kohde. Mit\u00e4 tahansa etsitkin, kattavan valikoimamme avulla on helppo luoda tyylikk\u00e4it\u00e4 tiloja. Lyhyesti sanottuna KERMOS on ajatonta laatua, joka kohottaa mink\u00e4 tahansa huoneen, kodin tai toimiston uudelle tasolle. Koska me uskomme, ett\u00e4 kyse ei ole vain tilojen t\u00e4ytt\u00e4misest\u00e4 \u2013 vaan niiden muuttamisesta omiksi.\u00a0<\/p>\n<\/div><\/div>\n\n\n\n<div style=\"height:100px\" aria-hidden=\"true\" class=\"wp-block-spacer is-style-small\"><\/div>\n\n\n\n<div class=\"wp-block-group is-style-width-50\"><div class=\"wp-block-group__inner-container is-layout-constrained wp-block-group-is-layout-constrained\"><div class='custom-block-cta-button cta-block' id='cta-block_369606f3eb4a592a30be55e408d86136'><div class='button-wrap  align-center'><a href='https:\/\/kermos.com\/fi\/about-kermos\/' target='' class='style-positive'>Lis\u00e4tietoja<\/a><\/div><\/div><\/div><\/div>\n\n\n\n<div style=\"height:100px\" aria-hidden=\"true\" class=\"wp-block-spacer is-style-small\"><\/div>\n\n\n\n<div class=\"wp-block-group is-style-width-80\"><div class=\"wp-block-group__inner-container is-layout-constrained wp-block-group-is-layout-constrained\"><div class='element-heading-wrapper products-widget flex align-center justify-space-between mb-4'><h2 class=\"has-4-xl-font-size m-0\">Tuotteet<\/h2><div class=\"ml-auto\"><a class=\"link\" href=\"http:\/\/kermos.com\/fi\/tuotteet\/\" target=\"\">Katso t\u00e4ydellinen yleiskatsaus <span class=\"fa-light fa-arrow-right-long\"><\/span><\/a><\/div><\/div><p>Error in parent or market code not found<\/p>\n\n\n<div style=\"height:30px\" aria-hidden=\"true\" class=\"wp-block-spacer is-style-large\"><\/div>\n<\/div><\/div>\n","protected":false},"excerpt":{"rendered":"<p>Luotettavia ja tyylikk\u00e4it\u00e4 ratkaisuja tilojen viimeistelyyn&nbsp; Kun valintasi on KERMOS, saat paljon muutakin kuin pelk\u00e4n tuotevalikoiman, valitset mahdollisuuksia. Elegantista lattiapinnoitteesta ilmeikk\u00e4isiin laattoihin \u2013 jokainen tuote on suunniteltu viimeistelem\u00e4\u00e4n kohde. Mit\u00e4 tahansa etsitkin, kattavan valikoimamme avulla on helppo luoda tyylikk\u00e4it\u00e4 tiloja.&hellip;<\/p>\n","protected":false},"author":2,"featured_media":0,"parent":0,"menu_order":0,"comment_status":"closed","ping_status":"closed","template":"templates\/tpl.frontpage.php","meta":{"_acf_changed":false,"_seopress_robots_primary_cat":"","_seopress_titles_title":"","_seopress_titles_desc":"","_seopress_robots_index":"","footnotes":""},"class_list":["post-994","page","type-page","status-publish","hentry"],"acf":[],"_links":{"self":[{"href":"https:\/\/kermos.com\/fi\/wp-json\/wp\/v2\/pages\/994","targetHints":{"allow":["GET"]}}],"collection":[{"href":"https:\/\/kermos.com\/fi\/wp-json\/wp\/v2\/pages"}],"about":[{"href":"https:\/\/kermos.com\/fi\/wp-json\/wp\/v2\/types\/page"}],"author":[{"embeddable":true,"href":"https:\/\/kermos.com\/fi\/wp-json\/wp\/v2\/users\/2"}],"replies":[{"embeddable":true,"href":"https:\/\/kermos.com\/fi\/wp-json\/wp\/v2\/comments?post=994"}],"version-history":[{"count":9,"href":"https:\/\/kermos.com\/fi\/wp-json\/wp\/v2\/pages\/994\/revisions"}],"predecessor-version":[{"id":9915,"href":"https:\/\/kermos.com\/fi\/wp-json\/wp\/v2\/pages\/994\/revisions\/9915"}],"wp:attachment":[{"href":"https:\/\/kermos.com\/fi\/wp-json\/wp\/v2\/media?parent=994"}],"curies":[{"name":"wp","href":"https:\/\/api.w.org\/{rel}","templated":true}]}}