{"id":202,"date":"2025-08-07T10:27:03","date_gmt":"2025-08-07T08:27:03","guid":{"rendered":"https:\/\/kermos.stark.aliaz.net\/?page_id=202"},"modified":"2026-02-13T16:12:56","modified_gmt":"2026-02-13T15:12:56","slug":"home","status":"publish","type":"page","link":"https:\/\/kermos.com\/sv\/","title":{"rendered":"Home (Sweden)"},"content":{"rendered":"\n<div style=\"height:100px\" aria-hidden=\"true\" class=\"wp-block-spacer is-style-large\"><\/div>\n\n\n\n<div class=\"wp-block-group is-style-width-50\"><div class=\"wp-block-group__inner-container is-layout-constrained wp-block-group-is-layout-constrained\">\n<h2 class=\"wp-block-heading has-3-xl-font-size\">P\u00e5litliga l\u00f6sningar f\u00f6r att f\u00f6rfina alla utrymmen<\/h2>\n\n\n\n<p class=\"lh-180 has-lg-font-size\">N\u00e4r du v\u00e4ljer KERMOS v\u00e4ljer du mer \u00e4n bara en produktserie: du v\u00e4ljer m\u00f6jligheter. Fr\u00e5n eleganta golv till uttrycksfulla kakelplattor \u2013 varje design \u00e4r skapad f\u00f6r att f\u00f6rfina ditt utrymme. Oavsett vad du letar efter g\u00f6r v\u00e5rt omfattande sortiment det enkelt att skapa inbjudande utrymmen. Kort sagt, KERMOS \u00e4r tidl\u00f6s kvalitet som f\u00f6rh\u00f6jer alla rum, hus eller kontor. F\u00f6r p\u00e5 KERMOS tror vi att det inte bara handlar om att fylla utrymmen \u2013 det handlar om att f\u00f6rvandla dem till dina egna.\u00a0<\/p>\n<\/div><\/div>\n\n\n\n<div style=\"height:100px\" aria-hidden=\"true\" class=\"wp-block-spacer is-style-small\"><\/div>\n\n\n\n<div class=\"wp-block-group is-style-width-50\"><div class=\"wp-block-group__inner-container is-layout-constrained wp-block-group-is-layout-constrained\"><div class='custom-block-cta-button cta-block' id='cta-block_e9aeb421cb7a68dbc584e94edbee520e'><div class='button-wrap  align-center'><a href='http:\/\/kermos.com\/sv\/om-kermos\/' target='' class='style-positive'>L\u00e4s mer<\/a><\/div><\/div><\/div><\/div>\n\n\n\n<div style=\"height:100px\" aria-hidden=\"true\" class=\"wp-block-spacer is-style-small\"><\/div>\n\n\n\n<div class=\"wp-block-group is-style-width-80\"><div class=\"wp-block-group__inner-container is-layout-constrained wp-block-group-is-layout-constrained\"><div class='element-heading-wrapper products-widget flex align-center justify-space-between mb-4'><h2 class=\"has-4-xl-font-size m-0\">Produkter<\/h2><\/div><p>Error in parent or market code not found<\/p>\n\n\n<div style=\"height:30px\" aria-hidden=\"true\" class=\"wp-block-spacer is-style-large\"><\/div>\n<\/div><\/div>\n","protected":false},"excerpt":{"rendered":"<p>P\u00e5litliga l\u00f6sningar f\u00f6r att f\u00f6rfina alla utrymmen N\u00e4r du v\u00e4ljer KERMOS v\u00e4ljer du mer \u00e4n bara en produktserie: du v\u00e4ljer m\u00f6jligheter. Fr\u00e5n eleganta golv till uttrycksfulla kakelplattor \u2013 varje design \u00e4r skapad f\u00f6r att f\u00f6rfina ditt utrymme. Oavsett vad du&hellip;<\/p>\n","protected":false},"author":2,"featured_media":0,"parent":0,"menu_order":223,"comment_status":"closed","ping_status":"closed","template":"templates\/tpl.frontpage.php","meta":{"_acf_changed":false,"_seopress_robots_primary_cat":"","_seopress_titles_title":"","_seopress_titles_desc":"","_seopress_robots_index":"","footnotes":""},"class_list":["post-202","page","type-page","status-publish","hentry"],"acf":[],"_links":{"self":[{"href":"https:\/\/kermos.com\/sv\/wp-json\/wp\/v2\/pages\/202","targetHints":{"allow":["GET"]}}],"collection":[{"href":"https:\/\/kermos.com\/sv\/wp-json\/wp\/v2\/pages"}],"about":[{"href":"https:\/\/kermos.com\/sv\/wp-json\/wp\/v2\/types\/page"}],"author":[{"embeddable":true,"href":"https:\/\/kermos.com\/sv\/wp-json\/wp\/v2\/users\/2"}],"replies":[{"embeddable":true,"href":"https:\/\/kermos.com\/sv\/wp-json\/wp\/v2\/comments?post=202"}],"version-history":[{"count":13,"href":"https:\/\/kermos.com\/sv\/wp-json\/wp\/v2\/pages\/202\/revisions"}],"predecessor-version":[{"id":9916,"href":"https:\/\/kermos.com\/sv\/wp-json\/wp\/v2\/pages\/202\/revisions\/9916"}],"wp:attachment":[{"href":"https:\/\/kermos.com\/sv\/wp-json\/wp\/v2\/media?parent=202"}],"curies":[{"name":"wp","href":"https:\/\/api.w.org\/{rel}","templated":true}]}}