{"id":7056,"date":"2025-12-16T09:55:35","date_gmt":"2025-12-16T08:55:35","guid":{"rendered":"https:\/\/kermos.stark.aliaz.net\/?page_id=7056"},"modified":"2026-02-11T09:34:50","modified_gmt":"2026-02-11T08:34:50","slug":"vinylgolv","status":"publish","type":"page","link":"https:\/\/kermos.com\/sv\/produkter\/vinylgolv\/","title":{"rendered":"Vinylgolv"},"content":{"rendered":"\n<div style=\"height:100px\" aria-hidden=\"true\" class=\"wp-block-spacer is-style-tiny\"><\/div>\n\n\n\n<div class=\"wp-block-group is-style-width-50\"><div class=\"wp-block-group__inner-container is-layout-constrained wp-block-group-is-layout-constrained\">\n<h2 class=\"wp-block-heading\"><strong>KERMOS vinylgolv f\u00f6r vardagslivet<\/strong><\/h2>\n\n\n\n<p>Vinylgolv har blivit ett popul\u00e4rt val i m\u00e5nga hem. Den tunna konstruktionen minskar behovet av omfattande justeringar under installationen, medan den integrerade ljudisoleringen g\u00f6r installationen flexibel och bidrar till en behagligt l\u00e5g ljudniv\u00e5 i rummet. De distinkta texturerna ger golvet en sofistikerad karakt\u00e4r och den halvblanka eleganta finishen ger ett golv som kommer att beh\u00e5lla sitt vackra utseende \u00f6ver tid.<\/p>\n\n\n\n<p>Vinylgolv kombinerar det b\u00e4sta av tv\u00e5 v\u00e4rldar: det estetiska tilldragningskraften hos \u00e4kta tr\u00e4 och den praktiska styrkan hos moderna material. Med naturtrogna ytor och behaglig komfort under f\u00f6tterna skapar KERMOS vinylplankor en inbjudande atmosf\u00e4r i hemmets viktigaste rum. Perfekt f\u00f6r dig som vill ha ett vackert golv som t\u00e5l livets stora och sm\u00e5 stunder.<\/p>\n<\/div><\/div>\n\n\n\n<div style=\"height:30px\" aria-hidden=\"true\" class=\"wp-block-spacer is-style-small\"><\/div>\n\n\n\n<div class=\"wp-block-group is-style-width-60\"><div class=\"wp-block-group__inner-container is-layout-constrained wp-block-group-is-layout-constrained\">\n<h2 class=\"wp-block-heading has-text-align-center\"><strong><strong><strong>Schematisk \u00f6versikt<\/strong><\/strong><\/strong><\/h2>\n\n\n\n<div class=\"wp-block-group is-content-justification-left is-nowrap is-layout-flex wp-container-core-group-is-layout-f56a869c wp-block-group-is-layout-flex\">\n<figure class=\"wp-block-image size-large\"><img alt=\"\" loading=\"lazy\" decoding=\"async\" width=\"1024\" height=\"584\" src=\"http:\/\/kermos.com\/wp-content\/uploads\/2025\/12\/KERMOS_vinyl_structure-1-1024x584.png\" alt=\"\" class=\"wp-image-6069\" style=\"object-fit:cover\" srcset=\"https:\/\/kermos.com\/wp-content\/uploads\/2025\/12\/KERMOS_vinyl_structure-1-1024x584.png 1024w, https:\/\/kermos.com\/wp-content\/uploads\/2025\/12\/KERMOS_vinyl_structure-1-300x171.png 300w, https:\/\/kermos.com\/wp-content\/uploads\/2025\/12\/KERMOS_vinyl_structure-1-768x438.png 768w, https:\/\/kermos.com\/wp-content\/uploads\/2025\/12\/KERMOS_vinyl_structure-1-480x274.png 480w, https:\/\/kermos.com\/wp-content\/uploads\/2025\/12\/KERMOS_vinyl_structure-1-720x410.png 720w, https:\/\/kermos.com\/wp-content\/uploads\/2025\/12\/KERMOS_vinyl_structure-1.png 1200w\" sizes=\"auto, (max-width: 1024px) 100vw, 1024px\" \/><\/figure>\n\n\n\n<div class=\"wp-block-group is-style-default\"><div class=\"wp-block-group__inner-container is-layout-constrained wp-block-group-is-layout-constrained\">\n<ol class=\"wp-block-list\">\n<li>UV-skikt<\/li>\n\n\n\n<li>Slitskikt \u2013 transparent PVC-film<\/li>\n\n\n\n<li>Vinylyta<\/li>\n\n\n\n<li>SPC-k\u00e4rna med h\u00f6g densitet<\/li>\n\n\n\n<li>HD-k\u00e4rna<\/li>\n\n\n\n<li>Vinylbaksida<\/li>\n\n\n\n<li>IXPE\/PVC-underlag<\/li>\n<\/ol>\n<\/div><\/div>\n<\/div>\n<\/div><\/div>\n\n\n\n<div style=\"height:100px\" aria-hidden=\"true\" class=\"wp-block-spacer is-style-small\"><\/div>\n\n\n\n<div class=\"wp-block-group is-style-width-50\"><div class=\"wp-block-group__inner-container is-layout-constrained wp-block-group-is-layout-constrained\">\n<div class=\"wp-block-columns is-layout-flex wp-container-core-columns-is-layout-9d6595d7 wp-block-columns-is-layout-flex\">\n<div class=\"wp-block-column is-layout-flow wp-block-column-is-layout-flow\">\n<div class=\"wp-block-columns is-layout-flex wp-container-core-columns-is-layout-9d6595d7 wp-block-columns-is-layout-flex\">\n<div class=\"wp-block-column is-layout-flow wp-block-column-is-layout-flow\">\n<figure class=\"wp-block-image size-S_QUAD\"><img alt=\"\" loading=\"lazy\" decoding=\"async\" width=\"480\" height=\"480\" src=\"http:\/\/kermos.com\/wp-content\/uploads\/2025\/12\/KERMOS_vinyl_product_grey-oak-2-480x480.jpg\" alt=\"\" class=\"wp-image-6057\" srcset=\"https:\/\/kermos.com\/wp-content\/uploads\/2025\/12\/KERMOS_vinyl_product_grey-oak-2-480x480.jpg 480w, https:\/\/kermos.com\/wp-content\/uploads\/2025\/12\/KERMOS_vinyl_product_grey-oak-2-150x150.jpg 150w\" sizes=\"auto, (max-width: 480px) 100vw, 480px\" \/><figcaption class=\"wp-element-caption\">Gr\u00e5 ek plank<\/figcaption><\/figure>\n<\/div>\n\n\n\n<div class=\"wp-block-column is-layout-flow wp-block-column-is-layout-flow\">\n<figure class=\"wp-block-image size-S_QUAD\"><img alt=\"\" loading=\"lazy\" decoding=\"async\" width=\"480\" height=\"480\" src=\"https:\/\/kermos.com\/wp-content\/uploads\/2026\/02\/KERMOS_vinyl_product_oak-480x480.jpg\" alt=\"\" class=\"wp-image-9763\" srcset=\"https:\/\/kermos.com\/wp-content\/uploads\/2026\/02\/KERMOS_vinyl_product_oak-480x480.jpg 480w, https:\/\/kermos.com\/wp-content\/uploads\/2026\/02\/KERMOS_vinyl_product_oak-150x150.jpg 150w\" sizes=\"auto, (max-width: 480px) 100vw, 480px\" \/><figcaption class=\"wp-element-caption\">Ek plank<\/figcaption><\/figure>\n<\/div>\n<\/div>\n<\/div>\n\n\n\n<div class=\"wp-block-column is-layout-flow wp-block-column-is-layout-flow\">\n<div class=\"wp-block-columns is-layout-flex wp-container-core-columns-is-layout-9d6595d7 wp-block-columns-is-layout-flex\">\n<div class=\"wp-block-column is-layout-flow wp-block-column-is-layout-flow\">\n<figure class=\"wp-block-image size-S_QUAD\"><img alt=\"\" loading=\"lazy\" decoding=\"async\" width=\"480\" height=\"480\" src=\"http:\/\/kermos.com\/wp-content\/uploads\/2025\/12\/KERMOS_vinyl_product_dark-oak-4-480x480.jpg\" alt=\"\" class=\"wp-image-6051\" srcset=\"https:\/\/kermos.com\/wp-content\/uploads\/2025\/12\/KERMOS_vinyl_product_dark-oak-4-480x480.jpg 480w, https:\/\/kermos.com\/wp-content\/uploads\/2025\/12\/KERMOS_vinyl_product_dark-oak-4-150x150.jpg 150w\" sizes=\"auto, (max-width: 480px) 100vw, 480px\" \/><figcaption class=\"wp-element-caption\">M\u00f6rk ek plank<\/figcaption><\/figure>\n<\/div>\n\n\n\n<div class=\"wp-block-column is-layout-flow wp-block-column-is-layout-flow\">\n<figure class=\"wp-block-image size-S_QUAD\"><img alt=\"\" loading=\"lazy\" decoding=\"async\" width=\"480\" height=\"480\" src=\"http:\/\/kermos.com\/wp-content\/uploads\/2025\/12\/KERMOS_vinyl_product_light-oak-4-480x480.jpg\" alt=\"\" class=\"wp-image-6063\" srcset=\"https:\/\/kermos.com\/wp-content\/uploads\/2025\/12\/KERMOS_vinyl_product_light-oak-4-480x480.jpg 480w, https:\/\/kermos.com\/wp-content\/uploads\/2025\/12\/KERMOS_vinyl_product_light-oak-4-150x150.jpg 150w\" sizes=\"auto, (max-width: 480px) 100vw, 480px\" \/><figcaption class=\"wp-element-caption\">Ljus ek plank<\/figcaption><\/figure>\n<\/div>\n<\/div>\n<\/div>\n<\/div>\n<\/div><\/div>\n\n\n\n<div class=\"wp-block-group is-style-width-50\"><div class=\"wp-block-group__inner-container is-layout-constrained wp-block-group-is-layout-constrained\">\n<div class=\"wp-block-columns is-layout-flex wp-container-core-columns-is-layout-9d6595d7 wp-block-columns-is-layout-flex\">\n<div class=\"wp-block-column is-layout-flow wp-block-column-is-layout-flow\">\n<div class=\"wp-block-columns is-layout-flex wp-container-core-columns-is-layout-9d6595d7 wp-block-columns-is-layout-flex\">\n<div class=\"wp-block-column is-layout-flow wp-block-column-is-layout-flow\">\n<figure class=\"wp-block-image size-S_QUAD\"><img alt=\"\" loading=\"lazy\" decoding=\"async\" width=\"480\" height=\"480\" src=\"https:\/\/kermos.com\/wp-content\/uploads\/2026\/02\/KERMOS_vinyl_product_herringbone_oak-480x480.jpg\" alt=\"\" class=\"wp-image-9777\" srcset=\"https:\/\/kermos.com\/wp-content\/uploads\/2026\/02\/KERMOS_vinyl_product_herringbone_oak-480x480.jpg 480w, https:\/\/kermos.com\/wp-content\/uploads\/2026\/02\/KERMOS_vinyl_product_herringbone_oak-150x150.jpg 150w\" sizes=\"auto, (max-width: 480px) 100vw, 480px\" \/><figcaption class=\"wp-element-caption\">Ek fiskben<\/figcaption><\/figure>\n<\/div>\n\n\n\n<div class=\"wp-block-column is-layout-flow wp-block-column-is-layout-flow\">\n<figure class=\"wp-block-image size-S_QUAD\"><img alt=\"\" loading=\"lazy\" decoding=\"async\" width=\"480\" height=\"480\" src=\"https:\/\/kermos.com\/wp-content\/uploads\/2026\/02\/KERMOS_vinyl_product_herringbone_light-oak-480x480.jpg\" alt=\"\" class=\"wp-image-9771\" srcset=\"https:\/\/kermos.com\/wp-content\/uploads\/2026\/02\/KERMOS_vinyl_product_herringbone_light-oak-480x480.jpg 480w, https:\/\/kermos.com\/wp-content\/uploads\/2026\/02\/KERMOS_vinyl_product_herringbone_light-oak-150x150.jpg 150w\" sizes=\"auto, (max-width: 480px) 100vw, 480px\" \/><figcaption class=\"wp-element-caption\">Ljus ek fiskben<\/figcaption><\/figure>\n<\/div>\n<\/div>\n<\/div>\n\n\n\n<div class=\"wp-block-column is-layout-flow wp-block-column-is-layout-flow\">\n<div class=\"wp-block-columns is-layout-flex wp-container-core-columns-is-layout-9d6595d7 wp-block-columns-is-layout-flex\">\n<div class=\"wp-block-column is-layout-flow wp-block-column-is-layout-flow\"><\/div>\n\n\n\n<div class=\"wp-block-column is-layout-flow wp-block-column-is-layout-flow\"><\/div>\n<\/div>\n<\/div>\n<\/div>\n<\/div><\/div>\n\n\n\n<div style=\"height:100px\" aria-hidden=\"true\" class=\"wp-block-spacer is-style-small\"><\/div>\n\n\n\n<div class=\"wp-block-group is-style-full-width has-chalk-background-color has-background\"><div class=\"wp-block-group__inner-container is-layout-constrained wp-block-group-is-layout-constrained\">\n<div style=\"height:100px\" aria-hidden=\"true\" class=\"wp-block-spacer is-style-tiny\"><\/div>\n\n\n\n<div class=\"wp-block-group is-style-width-75\"><div class=\"wp-block-group__inner-container is-layout-constrained wp-block-group-is-layout-constrained\"><div class='custom-block-slider'><div class='custom-block-slider'>\r\n\t\t\t<div class=\"swiper-element\">\r\n\r\n\t\t\t\t\t\t\t\t\t<div class=\"slider-prev slider-button\" id=\"block_slider_69dfea57d6d41-prev\">\r\n\t\t\t\t\t\t<span class=\"fal fa-angle-left\"><\/span>\r\n\t\t\t\t\t<\/div>\r\n\t\t\t\t\t<div class=\"slider-next slider-button\" id=\"block_slider_69dfea57d6d41-next\">\r\n\t\t\t\t\t\t<span class=\"fal fa-angle-right\"><\/span>\r\n\t\t\t\t\t<\/div>\r\n\t\t\t\t\r\n\t\t\t\t<div class=\"swiper has-navigation\" id=\"block_slider_69dfea57d6d41\">\r\n\t\t\t\t\t<div class=\"swiper-wrapper\">\r\n\t\t\t\t\t\t<div class=\"swiper-slide\"><a href='https:\/\/kermos.com\/wp-content\/uploads\/2025\/12\/KERMOS_Vinyl_ambient_shutterstock-1.jpg' data-fancybox='block_slider_69dfea57d6d41' data-caption=''><img src='https:\/\/kermos.com\/wp-content\/uploads\/2025\/12\/KERMOS_Vinyl_ambient_shutterstock-1.jpg' alt='' class='default src-acf type-img size-default width-33 max-width' srcset='https:\/\/kermos.com\/wp-content\/uploads\/2025\/12\/KERMOS_Vinyl_ambient_shutterstock-1-480x360.jpg 480w,https:\/\/kermos.com\/wp-content\/uploads\/2025\/12\/KERMOS_Vinyl_ambient_shutterstock-1-720x540.jpg 720w,https:\/\/kermos.com\/wp-content\/uploads\/2025\/12\/KERMOS_Vinyl_ambient_shutterstock-1-1200x960.jpg 1280w,'  sizes='(max-width: 768px) 100vw, 33vw' \/><\/a><\/div><div class=\"swiper-slide\"><a href='https:\/\/kermos.com\/wp-content\/uploads\/2025\/12\/KERMOS_Vinyl_ambient_light-oak-1.jpg' data-fancybox='block_slider_69dfea57d6d41' data-caption=''><img src='https:\/\/kermos.com\/wp-content\/uploads\/2025\/12\/KERMOS_Vinyl_ambient_light-oak-1.jpg' alt='' class='default src-acf type-img size-default width-33 max-width' srcset='https:\/\/kermos.com\/wp-content\/uploads\/2025\/12\/KERMOS_Vinyl_ambient_light-oak-1-480x360.jpg 480w,https:\/\/kermos.com\/wp-content\/uploads\/2025\/12\/KERMOS_Vinyl_ambient_light-oak-1-720x540.jpg 720w,https:\/\/kermos.com\/wp-content\/uploads\/2025\/12\/KERMOS_Vinyl_ambient_light-oak-1-1200x960.jpg 1280w,'  sizes='(max-width: 768px) 100vw, 33vw' \/><\/a><\/div><div class=\"swiper-slide\"><a href='https:\/\/kermos.com\/wp-content\/uploads\/2026\/02\/KERMOS_Vinyl_ambient_herringbone_light-oak.jpg' data-fancybox='block_slider_69dfea57d6d41' data-caption=''><img src='https:\/\/kermos.com\/wp-content\/uploads\/2026\/02\/KERMOS_Vinyl_ambient_herringbone_light-oak.jpg' alt='' class='default src-acf type-img size-default width-33 max-width' srcset='https:\/\/kermos.com\/wp-content\/uploads\/2026\/02\/KERMOS_Vinyl_ambient_herringbone_light-oak-480x360.jpg 480w,https:\/\/kermos.com\/wp-content\/uploads\/2026\/02\/KERMOS_Vinyl_ambient_herringbone_light-oak-720x540.jpg 720w,https:\/\/kermos.com\/wp-content\/uploads\/2026\/02\/KERMOS_Vinyl_ambient_herringbone_light-oak-1200x960.jpg 1280w,'  sizes='(max-width: 768px) 100vw, 33vw' \/><\/a><\/div><div class=\"swiper-slide\"><a href='https:\/\/kermos.com\/wp-content\/uploads\/2025\/12\/KERMOS_Vinyl_ambient_grey-oak-1.jpg' data-fancybox='block_slider_69dfea57d6d41' data-caption=''><img src='https:\/\/kermos.com\/wp-content\/uploads\/2025\/12\/KERMOS_Vinyl_ambient_grey-oak-1.jpg' alt='' class='default src-acf type-img size-default width-33 max-width' srcset='https:\/\/kermos.com\/wp-content\/uploads\/2025\/12\/KERMOS_Vinyl_ambient_grey-oak-1-480x360.jpg 480w,https:\/\/kermos.com\/wp-content\/uploads\/2025\/12\/KERMOS_Vinyl_ambient_grey-oak-1-720x540.jpg 720w,https:\/\/kermos.com\/wp-content\/uploads\/2025\/12\/KERMOS_Vinyl_ambient_grey-oak-1-1200x960.jpg 1280w,'  sizes='(max-width: 768px) 100vw, 33vw' \/><\/a><\/div><div class=\"swiper-slide\"><a href='https:\/\/kermos.com\/wp-content\/uploads\/2025\/12\/KERMOS_Vinyl_ambient_dark-oak-1.jpg' data-fancybox='block_slider_69dfea57d6d41' data-caption=''><img src='https:\/\/kermos.com\/wp-content\/uploads\/2025\/12\/KERMOS_Vinyl_ambient_dark-oak-1.jpg' alt='' class='default src-acf type-img size-default width-33 max-width' srcset='https:\/\/kermos.com\/wp-content\/uploads\/2025\/12\/KERMOS_Vinyl_ambient_dark-oak-1-480x360.jpg 480w,https:\/\/kermos.com\/wp-content\/uploads\/2025\/12\/KERMOS_Vinyl_ambient_dark-oak-1-720x540.jpg 720w,https:\/\/kermos.com\/wp-content\/uploads\/2025\/12\/KERMOS_Vinyl_ambient_dark-oak-1-1200x960.jpg 1280w,'  sizes='(max-width: 768px) 100vw, 33vw' \/><\/a><\/div>\t\t\t\t\t<\/div>\r\n\t\t\t\t<\/div>\r\n\r\n\t\t\t\t\r\n\t\t\t\t\r\n\t\t\t\t<script type=\"text\/javascript\" async defer>\r\n                  \/* <![CDATA[ *\/\r\n\r\n\t\t\t\t  \r\n                  let block_slider_69dfea57d6d41 = {\"id\":\"block_slider_69dfea57d6d41\",\"type\":\"slider\",\"name\":\"slider_block_slider_69dfea57d6d41\",\"options\":{\"speed\":400,\"effect\":\"slide\",\"slidesPerView\":3,\"spaceBetween\":30,\"autoHeight\":false,\"loop\":false,\"grabCursor\":true,\"navigation\":{\"nextEl\":\"#block_slider_69dfea57d6d41-next\",\"prevEl\":\"#block_slider_69dfea57d6d41-prev\"}}};\r\n\r\n                  window.addEventListener('DOMContentLoaded', (event) => {\r\n                    createNewSlider(block_slider_69dfea57d6d41.id, block_slider_69dfea57d6d41.type, block_slider_69dfea57d6d41.name, block_slider_69dfea57d6d41.options);\r\n                  });\r\n\r\n\t\t\t\t  \r\n                  \/* ]]> *\/\r\n\t\t\t\t<\/script>\r\n\r\n\t\t\t<\/div>\r\n\r\n\t\t<\/div><\/div><\/div><\/div>\n\n\n\n<div style=\"height:100px\" aria-hidden=\"true\" class=\"wp-block-spacer is-style-tiny\"><\/div>\n<\/div><\/div>\n\n\n\n<div style=\"height:100px\" aria-hidden=\"true\" class=\"wp-block-spacer is-style-small\"><\/div>\n\n\n\n<div class=\"wp-block-group is-style-width-60\"><div class=\"wp-block-group__inner-container is-layout-constrained wp-block-group-is-layout-constrained\">\n<p>Du hittar hela sortimentet samt utvalda tillbeh\u00f6r i v\u00e5r webbutik:<\/p>\n\n\n\n<div class=\"wp-block-columns is-layout-flex wp-container-core-columns-is-layout-9d6595d7 wp-block-columns-is-layout-flex\">\n<div class=\"wp-block-column is-layout-flow wp-block-column-is-layout-flow\">\r\n<div class=\"custom-block-image-card-link\" id=\"image-card-link-block_e7a7b58441fc0b0da940304598e18ff6\">\r\n\t<a href=\"https:\/\/www.beijerbygg.se\/foretag\/sv\/produkter\/farg-kakel-golv\/golv\/vinylgolv?historyPN=1&#038;historyPS=20&#038;historyPV=&#038;orderBy=0&#038;historyFacetId=-100275101114109111115&#038;historyfacet=mfName_ntk_cs%3A%22Kermos%22\"\r\n\t   class=\"image-card-link__link image-hover\"\r\n\t   target=\"_blank\"\r\n\t   title=\"Beijer Byggmaterial\">\r\n\r\n\t\t\t\t\t<img decoding=\"async\" src=\"https:\/\/kermos.com\/wp-content\/uploads\/2025\/12\/1200x400px-SE-Beijer-Byggmaterial.png\" alt=\"\" class=\"image-card-link__image image--normal\" \/>\r\n\t\t\r\n\t\t\t\t\t<img decoding=\"async\" src=\"https:\/\/kermos.com\/wp-content\/uploads\/2025\/12\/1200x400px-SE-Beijer-Byggmaterial-White-scaled.png\" alt=\"\" class=\"image-card-link__image image--hover\" \/>\r\n\t\t\r\n\t<\/a>\r\n<\/div>\r\n<\/div>\n\n\n\n<div class=\"wp-block-column is-layout-flow wp-block-column-is-layout-flow\"><\/div>\n<\/div>\n<\/div><\/div>\n\n\n\n<div style=\"height:100px\" aria-hidden=\"true\" class=\"wp-block-spacer is-style-small\"><\/div>\n","protected":false},"excerpt":{"rendered":"<p>Vinylgolv \u00e4r popul\u00e4ra f\u00f6r sina slitstarka och vattenavvisande egenskaper. Men ocks\u00e5 f\u00f6r dess utseende och f\u00f6rm\u00e5ga att efterlikna tr\u00e4\u00e5dringarna, f\u00e4rgerna och strukturerna hos naturliga tr\u00e4golv \u2013 ett naturligt komplement till den moderna inredningen i dagens hem. <\/p>\n","protected":false},"author":2,"featured_media":4215,"parent":8143,"menu_order":181,"comment_status":"closed","ping_status":"closed","template":"","meta":{"_acf_changed":false,"_seopress_robots_primary_cat":"","_seopress_titles_title":"","_seopress_titles_desc":"","_seopress_robots_index":"","footnotes":""},"class_list":["post-7056","page","type-page","status-publish","has-post-thumbnail","hentry"],"acf":[],"_links":{"self":[{"href":"https:\/\/kermos.com\/sv\/wp-json\/wp\/v2\/pages\/7056","targetHints":{"allow":["GET"]}}],"collection":[{"href":"https:\/\/kermos.com\/sv\/wp-json\/wp\/v2\/pages"}],"about":[{"href":"https:\/\/kermos.com\/sv\/wp-json\/wp\/v2\/types\/page"}],"author":[{"embeddable":true,"href":"https:\/\/kermos.com\/sv\/wp-json\/wp\/v2\/users\/2"}],"replies":[{"embeddable":true,"href":"https:\/\/kermos.com\/sv\/wp-json\/wp\/v2\/comments?post=7056"}],"version-history":[{"count":19,"href":"https:\/\/kermos.com\/sv\/wp-json\/wp\/v2\/pages\/7056\/revisions"}],"predecessor-version":[{"id":9795,"href":"https:\/\/kermos.com\/sv\/wp-json\/wp\/v2\/pages\/7056\/revisions\/9795"}],"up":[{"embeddable":true,"href":"https:\/\/kermos.com\/sv\/wp-json\/wp\/v2\/pages\/8143"}],"wp:featuredmedia":[{"embeddable":true,"href":"https:\/\/kermos.com\/sv\/wp-json\/wp\/v2\/media\/4215"}],"wp:attachment":[{"href":"https:\/\/kermos.com\/sv\/wp-json\/wp\/v2\/media?parent=7056"}],"curies":[{"name":"wp","href":"https:\/\/api.w.org\/{rel}","templated":true}]}}