{"id":8156,"date":"2025-08-07T12:43:34","date_gmt":"2025-08-07T10:43:34","guid":{"rendered":"https:\/\/kermos.stark.aliaz.net\/?page_id=8156"},"modified":"2026-02-09T15:17:44","modified_gmt":"2026-02-09T14:17:44","slug":"about-kermos","status":"publish","type":"page","link":"https:\/\/kermos.com\/sv\/about-kermos\/","title":{"rendered":"Om KERMOS"},"content":{"rendered":"\n<div style=\"height:100px\" aria-hidden=\"true\" class=\"wp-block-spacer is-style-tiny\"><\/div>\n\n\n\n<div class=\"wp-block-group is-style-width-50\"><div class=\"wp-block-group__inner-container is-layout-constrained wp-block-group-is-layout-constrained\">\n<h2 class=\"wp-block-heading\"><strong>P\u00e5litliga l\u00f6sningar f\u00f6r att f\u00f6rfina alla utrymmen<\/strong><\/h2>\n\n\n\n<p>\u00c4r du ute efter det b\u00e4sta n\u00e4r det g\u00e4ller byggprojektets ytskikt s\u00e5 \u00e4r det smart att b\u00f6rja hos KERMOS.<\/p>\n\n\n\n<p>Vi anpassar oss efter dagens trender och morgondagens m\u00f6jligheter.<\/p>\n\n\n\n<p>Med inspirerande och m\u00e5ngsidig design, l\u00f6sningar och produkter \u00e4r det l\u00e4ttare f\u00f6r beslutsfattare att g\u00f6ra ett s\u00e4kert val.<\/p>\n\n\n\n<p>D\u00e4rf\u00f6r erbjuder vi ett brett sortiment av kakel, klinkers, golv, d\u00f6rrar, k\u00f6k och badrum, vilket g\u00f6r det enklare att fatta beslut och snabbare att f\u00e4rdigst\u00e4lla projekt. V\u00e5ra produkter \u00e4r lika viktiga f\u00f6r oss som de \u00e4r f\u00f6r dig.<\/p>\n\n\n\n<p>Vi arbetar konstant med att t\u00e4nka nytt, optimera och utveckla f\u00f6r att m\u00f6ta v\u00e5ra kunders vitt skilda syns\u00e4tt, smaker och behov.<\/p>\n\n\n\n<p>KERMOS \u00e4r l\u00e4nken mellan hantverkare och beslutsfattare, som f\u00f6renklar processer s\u00e5 att alla kan: Full\u00e4nda alla ytor.<\/p>\n<\/div><\/div>\n\n\n\n<div style=\"height:100px\" aria-hidden=\"true\" class=\"wp-block-spacer is-style-small\"><\/div>\n\n\n\n<div class=\"wp-block-group is-style-width-70\"><div class=\"wp-block-group__inner-container is-layout-constrained wp-block-group-is-layout-constrained\">\r\n\r\n<div id=\"content-flip-block_87cf68867ef34ecba3bd3f9fe9cfc21c\" class=\"custom-block-content-flip\">\r\n\t<div class=\"content-flip__inner\">\r\n\t\t<div class=\"content-wrapper taupe flip__front\"><div class=\"content front-content\"><p>KERMOS grundades 1993 och har blivit synonymt med h\u00f6gkvalitativa kakelplattor i Tyskland, med en st\u00f6dd k\u00e4nnedom p\u00e5 85 %. Sedan dess har KERMOS ut\u00f6kat sitt produktsortiment och g\u00e5tt in p\u00e5 ytterligare marknader inom STARK-koncernen.<\/p>\n<\/div><div class=\"flip-indicator\"><span class=\"fa-sharp fa-thin fa-plus\"><\/span><\/div><\/div><div class=\"content-wrapper dark flip__back\"><div class=\"content back-content\"><p>Idag \u00e4r KERMOS en p\u00e5litlig partner f\u00f6r hantverkare och beslutsfattare och erbjuder tillf\u00f6rlitliga l\u00f6sningar f\u00f6r slutf\u00f6rande av byggprojekt. KERMOS fokuserar s\u00e4rskilt p\u00e5 synliga l\u00f6sningar inom byggnader och erbjuder kunderna ett omfattande sortiment av h\u00f6gkvalitativa produkter.<\/p>\n<\/div><div class=\"flip-indicator\"><span class=\"fa-sharp fa-thin fa-plus\"><\/span><\/div><\/div>\t<\/div>\r\n<\/div>\r\n\r\n\r\n\t<script>\r\n\tjQuery(function($) {\r\n\t\tfunction setContentFlipEqualHeight() {\r\n\t\t\t$('.content-flip__inner').each(function() {\r\n\t\t\t\tlet $wrappers = $(this).find('.content-wrapper');\r\n\t\t\t\t$wrappers.css('height', ''); \/\/ Reset H\u00f6he\r\n\t\t\t\tlet maxHeight = 0;\r\n\r\n\t\t\t\t$wrappers.each(function() {\r\n\t\t\t\t\tlet h = $(this).outerHeight();\r\n\t\t\t\t\tif (h > maxHeight) maxHeight = h;\r\n\t\t\t\t});\r\n\t\t\t\t$wrappers.css('height', maxHeight + 'px');\r\n\t\t\t});\r\n\t\t}\r\n\t\tsetContentFlipEqualHeight();\r\n\t\t$(window).on('resize', setContentFlipEqualHeight);\r\n\t});\r\n\t<\/script>\r\n\r\n\n\n\n<div style=\"height:30px\" aria-hidden=\"true\" class=\"wp-block-spacer is-style-small\"><\/div>\n<\/div><\/div>\n\n\n\n<div class=\"wp-block-group is-style-width-50\"><div class=\"wp-block-group__inner-container is-layout-constrained wp-block-group-is-layout-constrained\">\n<h2 class=\"wp-block-heading has-text-align-center\"><strong><strong><strong>Historien om v\u00e5r tillv\u00e4xt<\/strong><\/strong><\/strong><\/h2>\n\n\n\r\n\r\n\r\n\r\n<div id=\"timeline-block_858cfeefdb13281668c3b1a3896b55ce\" class=\"custom-timeline style-two\">\r\n\t<div class=\"timeline__inner\">\r\n\t\t<div class=\"timeline__line\"><\/div>\r\n\t\t\t\t\t\t<div class=\"timeline__item timeline__item--right\">\r\n\t\t\t\t\t<div class=\"timeline__marker timeline__marker--right\">\r\n\t\t\t\t\t\t\t\t\t\t\t<span class=\"timeline__marker-inner\"><\/span>\r\n\t\t\t\t\t\t\t\t\t\t<\/div>\r\n\t\t\t\t\t<div class=\"timeline__content\">\r\n\t\t\t\t\t\t<div class=\"timeline__title has-large-font-size\">2025<\/div>\r\n\t\t\t\t\t\t<div class=\"timeline__text\">Omprofilering: Ut\u00f6kning av produktsortimentet och positionering som leverant\u00f6r av kompletta inredningskoncept. En fr\u00e4sch, ny logotyp kompletterar KERMOS uppdaterade varum\u00e4rkesidentitet och understryker f\u00f6retagets moderna inriktning.<\/div>\r\n\t\t\t\t\t<\/div>\r\n\t\t\t\t<\/div>\r\n\t\t\t\t\t\t\t<div class=\"timeline__item timeline__item--left\">\r\n\t\t\t\t\t<div class=\"timeline__marker timeline__marker--left\">\r\n\t\t\t\t\t\t\t\t\t\t\t<span class=\"timeline__marker-inner\"><\/span>\r\n\t\t\t\t\t\t\t\t\t\t<\/div>\r\n\t\t\t\t\t<div class=\"timeline__content\">\r\n\t\t\t\t\t\t<div class=\"timeline__title has-large-font-size\">2024<\/div>\r\n\t\t\t\t\t\t<div class=\"timeline__text\">Lansering av d\u00f6rrar i Storbritannien<\/div>\r\n\t\t\t\t\t<\/div>\r\n\t\t\t\t<\/div>\r\n\t\t\t\t\t\t\t<div class=\"timeline__item timeline__item--right\">\r\n\t\t\t\t\t<div class=\"timeline__marker timeline__marker--right\">\r\n\t\t\t\t\t\t\t\t\t\t\t<span class=\"timeline__marker-inner\"><\/span>\r\n\t\t\t\t\t\t\t\t\t\t<\/div>\r\n\t\t\t\t\t<div class=\"timeline__content\">\r\n\t\t\t\t\t\t<div class=\"timeline__title has-large-font-size\">2023<\/div>\r\n\t\t\t\t\t\t<div class=\"timeline__text\">Introduktion av kakel och golvbel\u00e4ggning i Norden<\/div>\r\n\t\t\t\t\t<\/div>\r\n\t\t\t\t<\/div>\r\n\t\t\t\t\t\t\t<div class=\"timeline__item timeline__item--left\">\r\n\t\t\t\t\t<div class=\"timeline__marker timeline__marker--left\">\r\n\t\t\t\t\t\t\t\t\t\t\t<span class=\"timeline__marker-inner\"><\/span>\r\n\t\t\t\t\t\t\t\t\t\t<\/div>\r\n\t\t\t\t\t<div class=\"timeline__content\">\r\n\t\t\t\t\t\t<div class=\"timeline__title has-large-font-size\">2021<\/div>\r\n\t\t\t\t\t\t<div class=\"timeline__text\">Uppdatering av produktsortimentet genom att introducera tunna kakelplattor i stort format<\/div>\r\n\t\t\t\t\t<\/div>\r\n\t\t\t\t<\/div>\r\n\t\t\t\t\t\t\t<div class=\"timeline__item timeline__item--right\">\r\n\t\t\t\t\t<div class=\"timeline__marker timeline__marker--right\">\r\n\t\t\t\t\t\t\t\t\t\t\t<span class=\"timeline__marker-inner\"><\/span>\r\n\t\t\t\t\t\t\t\t\t\t<\/div>\r\n\t\t\t\t\t<div class=\"timeline__content\">\r\n\t\t\t\t\t\t<div class=\"timeline__title has-large-font-size\">1999<\/div>\r\n\t\t\t\t\t\t<div class=\"timeline__text\">Toppm\u00f6te i Garmisch-Partenkirchen vid Zugspitze: H\u00e4r presenterades hela v\u00e5rt produktsortiment f\u00f6r v\u00e5ra kunder f\u00f6r f\u00f6rsta g\u00e5ngen<\/div>\r\n\t\t\t\t\t<\/div>\r\n\t\t\t\t<\/div>\r\n\t\t\t\t\t\t\t<div class=\"timeline__item timeline__item--left\">\r\n\t\t\t\t\t<div class=\"timeline__marker timeline__marker--left\">\r\n\t\t\t\t\t\t\t\t\t\t\t<span class=\"timeline__marker-inner\"><\/span>\r\n\t\t\t\t\t\t\t\t\t\t<\/div>\r\n\t\t\t\t\t<div class=\"timeline__content\">\r\n\t\t\t\t\t\t<div class=\"timeline__title has-large-font-size\">1993<\/div>\r\n\t\t\t\t\t\t<div class=\"timeline__text\">Etablering av varum\u00e4rket i Tyskland<\/div>\r\n\t\t\t\t\t<\/div>\r\n\t\t\t\t<\/div>\r\n\t\t\t\t<\/div>\r\n<\/div><\/div><\/div>\n\n\n\n<div style=\"height:100px\" aria-hidden=\"true\" class=\"wp-block-spacer is-style-small\"><\/div>\n\n\n\n<p><\/p>\n","protected":false},"excerpt":{"rendered":"<p>KERMOS is a contemporary brand with a wide range of quality products, matching decision makers\u2019 individual preferences with available products.<\/p>\n","protected":false},"author":2,"featured_media":0,"parent":0,"menu_order":1,"comment_status":"closed","ping_status":"closed","template":"","meta":{"_acf_changed":false,"_seopress_robots_primary_cat":"","_seopress_titles_title":"","_seopress_titles_desc":"","_seopress_robots_index":"","footnotes":""},"class_list":["post-8156","page","type-page","status-publish","hentry"],"acf":[],"_links":{"self":[{"href":"https:\/\/kermos.com\/sv\/wp-json\/wp\/v2\/pages\/8156","targetHints":{"allow":["GET"]}}],"collection":[{"href":"https:\/\/kermos.com\/sv\/wp-json\/wp\/v2\/pages"}],"about":[{"href":"https:\/\/kermos.com\/sv\/wp-json\/wp\/v2\/types\/page"}],"author":[{"embeddable":true,"href":"https:\/\/kermos.com\/sv\/wp-json\/wp\/v2\/users\/2"}],"replies":[{"embeddable":true,"href":"https:\/\/kermos.com\/sv\/wp-json\/wp\/v2\/comments?post=8156"}],"version-history":[{"count":6,"href":"https:\/\/kermos.com\/sv\/wp-json\/wp\/v2\/pages\/8156\/revisions"}],"predecessor-version":[{"id":9512,"href":"https:\/\/kermos.com\/sv\/wp-json\/wp\/v2\/pages\/8156\/revisions\/9512"}],"wp:attachment":[{"href":"https:\/\/kermos.com\/sv\/wp-json\/wp\/v2\/media?parent=8156"}],"curies":[{"name":"wp","href":"https:\/\/api.w.org\/{rel}","templated":true}]}}