{"id":8158,"date":"2025-08-07T12:43:34","date_gmt":"2025-08-07T10:43:34","guid":{"rendered":"https:\/\/kermos.stark.aliaz.net\/?page_id=8158"},"modified":"2026-03-04T15:15:17","modified_gmt":"2026-03-04T14:15:17","slug":"dokumentation","status":"publish","type":"page","link":"https:\/\/kermos.com\/sv\/dokumentation\/","title":{"rendered":"Dokumentation"},"content":{"rendered":"\n<div style=\"height:100px\" aria-hidden=\"true\" class=\"wp-block-spacer is-style-tiny\"><\/div>\n\n\n\n<div class=\"wp-block-group is-style-width-60\"><div class=\"wp-block-group__inner-container is-layout-constrained wp-block-group-is-layout-constrained\">\n<h2 class=\"wp-block-heading\"><strong><strong><strong>CE-m\u00e4rkta&nbsp;produkter som&nbsp;s\u00e4ljs&nbsp;i EU&nbsp;och&nbsp;Nordirland<\/strong>&nbsp;<\/strong><\/strong><\/h2>\n\n\n\n<p>CE-m\u00e4rkningen&nbsp;som&nbsp;finns&nbsp;p\u00e5&nbsp;m\u00e5nga&nbsp;produkter som&nbsp;s\u00e4ljs&nbsp;i&nbsp;Europeiska&nbsp;unionen (EU)&nbsp;inneb\u00e4r&nbsp;att&nbsp;produkten&nbsp;uppfyller&nbsp;EU:s&nbsp;s\u00e4kerhets-,&nbsp;h\u00e4lso-&nbsp;och&nbsp;milj\u00f6standarder. Om en produkt&nbsp;\u00e4r&nbsp;CE-m\u00e4rkt&nbsp;finns&nbsp;det en&nbsp;prestandadeklaration&nbsp;(byggprodukter) eller en&nbsp;f\u00f6rs\u00e4kran&nbsp;om&nbsp;\u00f6verensst\u00e4mmelse&nbsp;f\u00f6r&nbsp;produkten.&nbsp;<\/p>\n\n\n\n<p>Dessa&nbsp;dokument kan&nbsp;hittas&nbsp;genom&nbsp;att&nbsp;s\u00f6ka&nbsp;p\u00e5 produktnumret eller&nbsp;produktnamnet&nbsp;p\u00e5 din&nbsp;lokala&nbsp;\u00e5terf\u00f6rs\u00e4ljares&nbsp;webbplats&nbsp;eller genom&nbsp;att&nbsp;kontakta&nbsp;\u00e5terf\u00f6rs\u00e4ljaren&nbsp;direkt.&nbsp;<\/p>\n\n\n\n<div class=\"wp-block-group hide-on-desktop hide-on-tablet\"><div class=\"wp-block-group__inner-container is-layout-constrained wp-block-group-is-layout-constrained\">\n<p><strong>Austria<\/strong>: <a href=\"https:\/\/www.schilowsky.at\" target=\"_blank\" rel=\"noreferrer noopener\">https:\/\/www.schilowsky.at<\/a><\/p>\n\n\n\n<p><strong>Denmark<\/strong>: <a href=\"https:\/\/www.stark.dk\" target=\"_blank\" rel=\"noreferrer noopener\">https:\/\/www.stark.dk<\/a><\/p>\n\n\n\n<p><strong>Finland<\/strong>: <a href=\"https:\/\/www.stark-suomi.fi\" target=\"_blank\" rel=\"noreferrer noopener\">https:\/\/www.stark-suomi.fi<\/a><\/p>\n\n\n\n<p><strong>Germany<\/strong>: <a href=\"https:\/\/shop.keramundo.de\/leistungserklaerungen\/a\/leistungserklaerungen\" target=\"_blank\" rel=\"noreferrer noopener\">https:\/\/shop.keramundo.de\/leistungserklaerungen<\/a><\/p>\n\n\n\n<p><strong>Greenland<\/strong>: <a href=\"https:\/\/www.stark.gl\" target=\"_blank\" rel=\"noreferrer noopener\">https:\/\/www.stark.gl<\/a><\/p>\n\n\n\n<p><strong>Norway<\/strong>: <a href=\"https:\/\/www.neumann.no\" target=\"_blank\" rel=\"noreferrer noopener\">https:\/\/www.neumann.no<\/a><\/p>\n\n\n\n<p><strong>Northern Ireland<\/strong>: <a href=\"https:\/\/www.jewson.co.uk\" target=\"_blank\" rel=\"noreferrer noopener\">https:\/\/www.jewson.co.uk<\/a><\/p>\n\n\n\n<p><strong>Sweden<\/strong>: <a href=\"https:\/\/www.beijerbygg.se\/priva\" target=\"_blank\" rel=\"noreferrer noopener\">https:\/\/www.beijerbygg.se\/priva<\/a><\/p>\n<\/div><\/div>\n\n\n\n<div class=\"wp-block-columns hide-on-phone is-layout-flex wp-container-core-columns-is-layout-9d6595d7 wp-block-columns-is-layout-flex\">\n<div class=\"wp-block-column is-layout-flow wp-block-column-is-layout-flow\" style=\"flex-basis:20%\">\n<p><strong>Austria<\/strong><\/p>\n\n\n\n<p><strong>Denmark<\/strong><\/p>\n\n\n\n<p><strong>Finland<\/strong><\/p>\n\n\n\n<p><strong>Germany<\/strong><\/p>\n\n\n\n<p><strong>Greenland<\/strong><\/p>\n\n\n\n<p><strong>Norway<\/strong><\/p>\n\n\n\n<p><strong>Northern Ireland<\/strong><\/p>\n\n\n\n<p><strong>Sweden<\/strong><\/p>\n<\/div>\n\n\n\n<div class=\"wp-block-column is-layout-flow wp-block-column-is-layout-flow\">\n<p><a href=\"https:\/\/www.schilowsky.at\/\" target=\"_blank\" rel=\"noreferrer noopener\">https:\/\/www.schilowsky.at<\/a><\/p>\n\n\n\n<p><a href=\"https:\/\/www.stark.dk\/\" target=\"_blank\" rel=\"noreferrer noopener\">https:\/\/www.stark.dk<\/a><\/p>\n\n\n\n<p><a href=\"https:\/\/www.stark-suomi.fi\/\" target=\"_blank\" rel=\"noreferrer noopener\">https:\/\/www.stark-suomi.fi<\/a><\/p>\n\n\n\n<p><a href=\"https:\/\/shop.keramundo.de\/leistungserklaerungen\/a\/leistungserklaerungen\" target=\"_blank\" rel=\"noreferrer noopener\">https:\/\/shop.keramundo.de\/leistungserklaerungen<\/a><\/p>\n\n\n\n<p><a href=\"https:\/\/www.stark.gl\/\" target=\"_blank\" rel=\"noreferrer noopener\">https:\/\/www.stark.gl<\/a><\/p>\n\n\n\n<p><a href=\"https:\/\/www.neumann.no\/\" target=\"_blank\" rel=\"noreferrer noopener\">https:\/\/www.neumann.no<\/a><\/p>\n\n\n\n<p><a href=\"https:\/\/www.jewson.co.uk\/\" target=\"_blank\" rel=\"noreferrer noopener\">https:\/\/www.jewson.co.uk<\/a><\/p>\n\n\n\n<p><a href=\"https:\/\/www.beijerbygg.se\/privat\" target=\"_blank\" rel=\"noreferrer noopener\">https:\/\/www.beijerbygg.se\/priva<\/a><\/p>\n<\/div>\n<\/div>\n\n\n\n<div style=\"height:100px\" aria-hidden=\"true\" class=\"wp-block-spacer is-style-tiny\"><\/div>\n\n\n\n<h2 class=\"wp-block-heading\"><strong>UKCA-m\u00e4rkta&nbsp;produkter&nbsp;som&nbsp;s\u00e4ljs&nbsp;i&nbsp;Storbritannien&nbsp;(England,&nbsp;Skottland&nbsp;och Wales)<\/strong>&nbsp;<\/h2>\n\n\n\n<p>UKCA-m\u00e4rket&nbsp;st\u00e5r&nbsp;f\u00f6r United Kingdom Conformity Assessed och&nbsp;\u00e4r&nbsp;nu den&nbsp;m\u00e4rkning&nbsp;som&nbsp;kr\u00e4vs&nbsp;f\u00f6r&nbsp;vissa&nbsp;varor&nbsp;som&nbsp;s\u00e4ljs&nbsp;i&nbsp;Storbritannien&nbsp;(England,&nbsp;Skottland&nbsp;och Wales).&nbsp;Det betyder&nbsp;att&nbsp;produkten&nbsp;uppfyller&nbsp;brittiska&nbsp;s\u00e4kerhets-,&nbsp;h\u00e4lso-&nbsp;och&nbsp;milj\u00f6standarder.&nbsp;<\/p>\n\n\n\n<div style=\"height:100px\" aria-hidden=\"true\" class=\"wp-block-spacer is-style-tiny\"><\/div>\n\n\n\n<h2 class=\"wp-block-heading\"><strong>CE-m\u00e4rkta&nbsp;produkter som&nbsp;s\u00e4ljs&nbsp;i Storbritannien (England,&nbsp;Skottland&nbsp;och&nbsp;Wales)<\/strong>&nbsp;<\/h2>\n\n\n\n<p>Storbritannien&nbsp;accepterar&nbsp;CE-m\u00e4rkning&nbsp;av&nbsp;vissa&nbsp;produkter&nbsp;och&nbsp;d\u00e4rf\u00f6r&nbsp;f\u00e5r&nbsp;dessa&nbsp;inte&nbsp;m\u00e4rkas&nbsp;med UKCA,&nbsp;utan&nbsp;endast&nbsp;CE.&nbsp;<\/p>\n\n\n\n<p>F\u00f6r&nbsp;att&nbsp;hitta&nbsp;produkten&nbsp;och&nbsp;tillh\u00f6rande&nbsp;dokument,&nbsp;bes\u00f6k&nbsp;jewson.co.uk och&nbsp;s\u00f6k&nbsp;med&nbsp;produktnumret&nbsp;eller&nbsp;namnet.&nbsp;<\/p>\n\n\n\n<div class=\"wp-block-group hide-on-desktop hide-on-tablet\"><div class=\"wp-block-group__inner-container is-layout-constrained wp-block-group-is-layout-constrained\">\n<p><strong><strong>England<\/strong><\/strong>: <a href=\"https:\/\/www.jewson.co.uk\" target=\"_blank\" rel=\"noreferrer noopener\">https:\/\/www.jewson.co.uk<\/a><\/p>\n\n\n\n<p><strong><strong>Scotland<\/strong><\/strong>: <a href=\"https:\/\/www.jewson.co.uk\" target=\"_blank\" rel=\"noreferrer noopener\">https:\/\/www.jewson.co.uk<\/a><\/p>\n\n\n\n<p><strong><strong>Wales<\/strong><\/strong>: <a href=\"https:\/\/www.jewson.co.uk\" target=\"_blank\" rel=\"noreferrer noopener\">https:\/\/www.jewson.co.uk<\/a><\/p>\n<\/div><\/div>\n\n\n\n<div class=\"wp-block-columns hide-on-phone is-layout-flex wp-container-core-columns-is-layout-9d6595d7 wp-block-columns-is-layout-flex\">\n<div class=\"wp-block-column is-layout-flow wp-block-column-is-layout-flow\" style=\"flex-basis:20%\">\n<p><strong>England<\/strong><\/p>\n\n\n\n<p><strong>Scotland<\/strong><\/p>\n\n\n\n<p><strong>Wales<\/strong><\/p>\n<\/div>\n\n\n\n<div class=\"wp-block-column is-layout-flow wp-block-column-is-layout-flow\">\n<p><a href=\"https:\/\/www.jewson.co.uk\/\" target=\"_blank\" rel=\"noreferrer noopener\">https:\/\/www.jewson.co.uk<\/a><\/p>\n\n\n\n<p><a href=\"https:\/\/www.jewson.co.uk\/\" target=\"_blank\" rel=\"noreferrer noopener\">https:\/\/www.jewson.co.uk<\/a><\/p>\n\n\n\n<p><a href=\"https:\/\/www.jewson.co.uk\/\" target=\"_blank\" rel=\"noreferrer noopener\">https:\/\/www.jewson.co.uk<\/a><\/p>\n<\/div>\n<\/div>\n<\/div><\/div>\n\n\n\n<div style=\"height:30px\" aria-hidden=\"true\" class=\"wp-block-spacer is-style-small\"><\/div>\n\n\n\n<p><\/p>\n","protected":false},"excerpt":{"rendered":"<p>S\u00e5 hittar du dokumentationen f\u00f6r din KERMOS-produkt <\/p>\n","protected":false},"author":2,"featured_media":0,"parent":0,"menu_order":218,"comment_status":"closed","ping_status":"closed","template":"","meta":{"_acf_changed":false,"_seopress_robots_primary_cat":"","_seopress_titles_title":"","_seopress_titles_desc":"","_seopress_robots_index":"","footnotes":""},"class_list":["post-8158","page","type-page","status-publish","hentry"],"acf":[],"_links":{"self":[{"href":"https:\/\/kermos.com\/sv\/wp-json\/wp\/v2\/pages\/8158","targetHints":{"allow":["GET"]}}],"collection":[{"href":"https:\/\/kermos.com\/sv\/wp-json\/wp\/v2\/pages"}],"about":[{"href":"https:\/\/kermos.com\/sv\/wp-json\/wp\/v2\/types\/page"}],"author":[{"embeddable":true,"href":"https:\/\/kermos.com\/sv\/wp-json\/wp\/v2\/users\/2"}],"replies":[{"embeddable":true,"href":"https:\/\/kermos.com\/sv\/wp-json\/wp\/v2\/comments?post=8158"}],"version-history":[{"count":8,"href":"https:\/\/kermos.com\/sv\/wp-json\/wp\/v2\/pages\/8158\/revisions"}],"predecessor-version":[{"id":9968,"href":"https:\/\/kermos.com\/sv\/wp-json\/wp\/v2\/pages\/8158\/revisions\/9968"}],"wp:attachment":[{"href":"https:\/\/kermos.com\/sv\/wp-json\/wp\/v2\/media?parent=8158"}],"curies":[{"name":"wp","href":"https:\/\/api.w.org\/{rel}","templated":true}]}}